{"id":3932,"date":"2020-01-06T16:13:52","date_gmt":"2020-01-06T15:13:52","guid":{"rendered":"https:\/\/www.pedagogie.ac-nice.fr\/eps\/?page_id=3932"},"modified":"2020-01-06T16:35:32","modified_gmt":"2020-01-06T15:35:32","slug":"speleologie","status":"publish","type":"page","link":"https:\/\/www.pedagogie.ac-nice.fr\/eps\/speleologie\/","title":{"rendered":"Sp\u00e9l\u00e9ologie"},"content":{"rendered":"<p>Depuis la parution de la circulaire n\u00b02017-075 du 19 avril 2017 \u00ab\u00a0 Exigence de la s\u00e9curit\u00e9 dans les activit\u00e9s physiques de pleine nature dans le second degr\u00e9 \u00bb , la direction technique nationale de sp\u00e9l\u00e9ologie a pilot\u00e9 un groupe de travail qui a permis de finaliser le document \u00ab <a href=\"https:\/\/www.pedagogie.ac-nice.fr\/eps\/wp-content\/uploads\/sites\/20\/2020\/01\/speleologie_scolaire-Regles_techniques_et_encadrement.pdf\" target=\"_blank\" rel=\"noopener noreferrer\">r\u00e8gles techniques et d\u2019encadrement de sp\u00e9l\u00e9ologie scolaire <\/a>\u00bb.<\/p>\n<p>Ce groupe de travail \u00e9tait compos\u00e9 de l\u2019ensemble des enseignants porteurs de projets, de la FFS, de la direction technique nationale et de l\u2019organisme de formations aux dipl\u00f4mes professionnels d\u2019encadrement en sp\u00e9l\u00e9ologie du Minist\u00e8re des sports. Ce document contient <strong>les r\u00e9f\u00e9rences aux r\u00e9glementations existantes, un protocole de s\u00e9curit\u00e9 de<span style=\"text-decoration: underline;\"> sp\u00e9l\u00e9ologie scolaire<\/span> et des recommandations en termes de s\u00e9curit\u00e9, particuli\u00e8rement sur la gestion des taux d\u2019encadrement et des niveaux d\u2019engagement, pour l\u2019enseignement du premier et du second degr\u00e9s.\u00a0<\/strong><\/p>\n<p><a href=\"https:\/\/www.pedagogie.ac-nice.fr\/eps\/wp-content\/uploads\/sites\/20\/2020\/01\/speleologie_scolaire-Regles_techniques_et_encadrement.pdf\" target=\"_blank\" rel=\"noopener noreferrer\">En t\u00e9l\u00e9chargement ici\u00a0\u00a0 <img loading=\"lazy\" decoding=\"async\" class=\"alignnone wp-image-2383\" src=\"https:\/\/www.pedagogie.ac-nice.fr\/eps\/wp-content\/uploads\/sites\/20\/2017\/09\/symbole-de-telechargement-1-300x300.jpg\" alt=\"\" width=\"31\" height=\"31\" srcset=\"https:\/\/www.pedagogie.ac-nice.fr\/eps\/wp-content\/uploads\/sites\/20\/2017\/09\/symbole-de-telechargement-1-300x300.jpg 300w, https:\/\/www.pedagogie.ac-nice.fr\/eps\/wp-content\/uploads\/sites\/20\/2017\/09\/symbole-de-telechargement-1-150x150.jpg 150w, https:\/\/www.pedagogie.ac-nice.fr\/eps\/wp-content\/uploads\/sites\/20\/2017\/09\/symbole-de-telechargement-1-100x100.jpg 100w, https:\/\/www.pedagogie.ac-nice.fr\/eps\/wp-content\/uploads\/sites\/20\/2017\/09\/symbole-de-telechargement-1.jpg 626w\" sizes=\"auto, (max-width: 31px) 100vw, 31px\" \/><\/a><\/p>\n<p>&nbsp;<\/p>\n<p>Par ailleurs, la F\u00e9d\u00e9ration fran\u00e7aise de sp\u00e9l\u00e9ologie (FFS) et sa direction technique nationale, constitu\u00e9e de conseillers techniques sportifs du Minist\u00e8re des Sports plac\u00e9s aupr\u00e8s de la FFS, se sont fortement engag\u00e9es ces derni\u00e8res ann\u00e9es aupr\u00e8s de structures de l\u2019\u00c9ducation nationale, au travers de diff\u00e9rents partenariats contribuant au <a href=\"https:\/\/ffspeleo.fr\/espace-scolaire-label-scolaire-.html-276.html\">d\u00e9veloppement de\u00a0dispositifs \u00e9ducatifs<\/a>\u00a0sp\u00e9cifiques utilisant les APPN sp\u00e9l\u00e9ologie ou canyonisme.<\/p>\n<p>Ce dispositif \u00e9ducatif de r\u00e9gion acad\u00e9mique est pilot\u00e9 au sein de l&rsquo;acad\u00e9mie de Nice par la DAAC et la F.F.Sp\u00e9l\u00e9ologie .<\/p>\n<p>Les dispositifs \u00e9ducatifs sont les suivants :<\/p>\n<ul>\n<li>Dispositif \u00e9ducatif de r\u00e9gion acad\u00e9mique Eaux souterraines (DAAC) \/\/ 14 \u00e9tablissements scolaires des acad\u00e9mies\u00a0d\u2019Aix-marseille et Nice\u00a0\/\/ Sp\u00e9l\u00e9ologie\u00a0\/\/ Disciplines scolaires associ\u00e9es :\u00a0<strong>EPS &#8211; SVT &#8211; Culture\u00a0scientifique\u00a0<\/strong><strong>et technique<\/strong><\/li>\n<li>EPI scientifique \/\/\u00a0Coll\u00e8ge Pierre de Coubertin \/\/ \u00a0Eaux souterraines \/\/ Le Luc-en-Provence (Var) \/\/ Sp\u00e9l\u00e9ologie \/ Disciplines scolaires associ\u00e9es:\u00a0<strong>EPS &#8211; SVT &#8211; Culture\u00a0scientifique\u00a0<\/strong><strong>et technique<\/strong><\/li>\n<\/ul>\n","protected":false},"excerpt":{"rendered":"<p>Depuis la parution de la circulaire n\u00b02017-075 du 19 avril 2017 \u00ab\u00a0 Exigence de la s\u00e9curit\u00e9 dans les activit\u00e9s physiques de pleine nature dans le second degr\u00e9 \u00bb , la direction technique nationale de sp\u00e9l\u00e9ologie a pilot\u00e9 un groupe de travail qui a permis de finaliser le document \u00ab r\u00e8gles techniques et d\u2019encadrement de sp\u00e9l\u00e9ologie &hellip; <a href=\"https:\/\/www.pedagogie.ac-nice.fr\/eps\/speleologie\/\" class=\"more-link\">Continuer la lecture de <span class=\"screen-reader-text\">Sp\u00e9l\u00e9ologie<\/span> <span class=\"meta-nav\">&rarr;<\/span><\/a><\/p>\n","protected":false},"author":133,"featured_media":0,"parent":0,"menu_order":0,"comment_status":"closed","ping_status":"closed","template":"","meta":{"footnotes":""},"class_list":["post-3932","page","type-page","status-publish","hentry"],"rttpg_featured_image_url":null,"rttpg_author":{"display_name":"Karine Logeart","author_link":"https:\/\/www.pedagogie.ac-nice.fr\/eps\/author\/k-logeart\/"},"rttpg_comment":0,"rttpg_category":null,"rttpg_excerpt":"Depuis la parution de la circulaire n\u00b02017-075 du 19 avril 2017 \u00ab\u00a0 Exigence de la s\u00e9curit\u00e9 dans les activit\u00e9s physiques de pleine nature dans le second degr\u00e9 \u00bb , la direction technique nationale de sp\u00e9l\u00e9ologie a pilot\u00e9 un groupe de travail qui a permis de finaliser le document \u00ab r\u00e8gles techniques et d\u2019encadrement de sp\u00e9l\u00e9ologie\u2026","post_mailing_queue_ids":[],"_links":{"self":[{"href":"https:\/\/www.pedagogie.ac-nice.fr\/eps\/wp-json\/wp\/v2\/pages\/3932","targetHints":{"allow":["GET"]}}],"collection":[{"href":"https:\/\/www.pedagogie.ac-nice.fr\/eps\/wp-json\/wp\/v2\/pages"}],"about":[{"href":"https:\/\/www.pedagogie.ac-nice.fr\/eps\/wp-json\/wp\/v2\/types\/page"}],"author":[{"embeddable":true,"href":"https:\/\/www.pedagogie.ac-nice.fr\/eps\/wp-json\/wp\/v2\/users\/133"}],"replies":[{"embeddable":true,"href":"https:\/\/www.pedagogie.ac-nice.fr\/eps\/wp-json\/wp\/v2\/comments?post=3932"}],"version-history":[{"count":7,"href":"https:\/\/www.pedagogie.ac-nice.fr\/eps\/wp-json\/wp\/v2\/pages\/3932\/revisions"}],"predecessor-version":[{"id":3942,"href":"https:\/\/www.pedagogie.ac-nice.fr\/eps\/wp-json\/wp\/v2\/pages\/3932\/revisions\/3942"}],"wp:attachment":[{"href":"https:\/\/www.pedagogie.ac-nice.fr\/eps\/wp-json\/wp\/v2\/media?parent=3932"}],"curies":[{"name":"wp","href":"https:\/\/api.w.org\/{rel}","templated":true}]}}