{"id":4010,"date":"2020-01-29T14:34:15","date_gmt":"2020-01-29T13:34:15","guid":{"rendered":"https:\/\/www.pedagogie.ac-nice.fr\/eps\/?page_id=4010"},"modified":"2021-12-14T15:38:57","modified_gmt":"2021-12-14T14:38:57","slug":"pix","status":"publish","type":"page","link":"https:\/\/www.pedagogie.ac-nice.fr\/eps\/pix\/","title":{"rendered":"PIX"},"content":{"rendered":"<p><a href=\"https:\/\/www.pedagogie.ac-nice.fr\/eps\/pix-2\/233281d3-2286-49be-8d9b-8f4183c20030_logo-pix_250x250\/\" rel=\"attachment wp-att-4009\"><br \/>\n<img loading=\"lazy\" decoding=\"async\" class=\"aligncenter size-full wp-image-4009\" src=\"https:\/\/www.pedagogie.ac-nice.fr\/eps\/wp-content\/uploads\/sites\/20\/2020\/01\/233281d3-2286-49be-8d9b-8f4183c20030_logo-pix_250x250.png\" alt=\"\" width=\"300\" height=\"300\" srcset=\"https:\/\/www.pedagogie.ac-nice.fr\/eps\/wp-content\/uploads\/sites\/20\/2020\/01\/233281d3-2286-49be-8d9b-8f4183c20030_logo-pix_250x250.png 300w, https:\/\/www.pedagogie.ac-nice.fr\/eps\/wp-content\/uploads\/sites\/20\/2020\/01\/233281d3-2286-49be-8d9b-8f4183c20030_logo-pix_250x250-150x150.png 150w\" sizes=\"auto, (max-width: 300px) 100vw, 300px\" \/><\/a><\/p>\n<p>Cette page est d\u00e9di\u00e9e \u00e0 la mise en place de la nouvelle certification des comp\u00e9tences num\u00e9riques par PIX (vous y trouverez les diff\u00e9rents documents pour vous y aider), de plus, des ressources seront propos\u00e9es sur la page du site de la DANE =&gt;&nbsp;<a href=\"https:\/\/www.pedagogie.ac-nice.fr\/dane\/pix\" target=\"_blank\" rel=\"noopener noreferrer\">La DANE de Nice PIX<\/a><\/p>\n<p>La nouvelle certification PIX =&gt;<\/p>\n<a href=\"https:\/\/www.pedagogie.ac-nice.fr\/eps\/wp-content\/uploads\/sites\/20\/2020\/03\/Dossier-de-pr\u00e9sentation-PIX.pdf\" class=\"pdfemb-viewer\" style=\"\" data-width=\"max\" data-height=\"max\" data-toolbar=\"bottom\" data-toolbar-fixed=\"off\">Dossier de pr\u00e9sentation PIX<\/a>\n<p>Ci-dessous, PIX en bref =&gt;<\/p>\n<a href=\"https:\/\/www.pedagogie.ac-nice.fr\/eps\/wp-content\/uploads\/sites\/20\/2020\/03\/4.-D\u00e9pliant-Pix-Grand-public-\u00e0-plier-en-3.pdf\" class=\"pdfemb-viewer\" style=\"\" data-width=\"max\" data-height=\"max\" data-toolbar=\"bottom\" data-toolbar-fixed=\"off\">4. D\u00e9pliant Pix - Grand public (\u00e0 plier en 3)<\/a>\n<p>Le guide d&rsquo;activation de Pix Orga =&gt;<\/p>\n<a href=\"https:\/\/www.pedagogie.ac-nice.fr\/eps\/wp-content\/uploads\/sites\/20\/2020\/03\/Activation-de-lespace-Pix-Orga-V3-GAR-_-Non-pionniers.pdf\" class=\"pdfemb-viewer\" style=\"\" data-width=\"max\" data-height=\"max\" data-toolbar=\"bottom\" data-toolbar-fixed=\"off\">Activation de l&#039;espace Pix Orga V3 (GAR _ Non pionniers)<\/a>\n<p>Deux vid\u00e9os de prise en main =&gt;<\/p>\n<div class=\"wp-playlist wp-video-playlist wp-playlist-light\">\n\t\t<video controls=\"controls\" preload=\"none\" width=\"582\"\n\t\t height=\"339\"\t><\/video>\n\t<div class=\"wp-playlist-next\"><\/div>\n\t<div class=\"wp-playlist-prev\"><\/div>\n\t<noscript>\n\t<ol>\n\t\t<li><a href='https:\/\/www.pedagogie.ac-nice.fr\/eps\/wp-content\/uploads\/sites\/20\/2020\/03\/La-certification-Pix-ce-qu-il-faut-savoir.mp4'>La certification Pix ce qu il faut savoir<\/a><\/li><li><a href='https:\/\/www.pedagogie.ac-nice.fr\/eps\/wp-content\/uploads\/sites\/20\/2020\/03\/La-certification-Pix-en-pratique.mp4'>La certification Pix en pratique<\/a><\/li>\t<\/ol>\n\t<\/noscript>\n\t<script type=\"application\/json\" class=\"wp-playlist-script\">{\"type\":\"video\",\"tracklist\":true,\"tracknumbers\":true,\"images\":true,\"artists\":true,\"tracks\":[{\"src\":\"https:\/\/www.pedagogie.ac-nice.fr\/eps\/wp-content\/uploads\/sites\/20\/2020\/03\/La-certification-Pix-ce-qu-il-faut-savoir.mp4\",\"type\":\"video\/mp4\",\"title\":\"La certification Pix ce qu il faut savoir\",\"caption\":\"\",\"description\":\"\",\"meta\":{\"length_formatted\":\"2:47\"},\"dimensions\":{\"original\":{\"width\":1264,\"height\":736},\"resized\":{\"width\":582,\"height\":339}},\"image\":{\"src\":\"https:\/\/www.pedagogie.ac-nice.fr\/eps\/wp-includes\/images\/media\/video.svg\",\"width\":48,\"height\":64},\"thumb\":{\"src\":\"https:\/\/www.pedagogie.ac-nice.fr\/eps\/wp-includes\/images\/media\/video.svg\",\"width\":48,\"height\":64}},{\"src\":\"https:\/\/www.pedagogie.ac-nice.fr\/eps\/wp-content\/uploads\/sites\/20\/2020\/03\/La-certification-Pix-en-pratique.mp4\",\"type\":\"video\/mp4\",\"title\":\"La certification Pix en pratique\",\"caption\":\"\",\"description\":\"\",\"meta\":{\"length_formatted\":\"2:04\"},\"dimensions\":{\"original\":{\"width\":1264,\"height\":736},\"resized\":{\"width\":582,\"height\":339}},\"image\":{\"src\":\"https:\/\/www.pedagogie.ac-nice.fr\/eps\/wp-includes\/images\/media\/video.svg\",\"width\":48,\"height\":64},\"thumb\":{\"src\":\"https:\/\/www.pedagogie.ac-nice.fr\/eps\/wp-includes\/images\/media\/video.svg\",\"width\":48,\"height\":64}}]}<\/script>\n<\/div>\n\t\n<p>Enfin, vous pouvez suivre une formation sur m@gist\u00e8re en auto-inscription =&gt;&nbsp;<a href=\"https:\/\/magistere.education.fr\/ac-orleans-tours\/course\/view.php?id=6153&amp;section=1\" target=\"_blank\" rel=\"noopener noreferrer\">m@gist\u00e8re en auto-inscription<\/a><\/p>\n","protected":false},"excerpt":{"rendered":"<p>Cette page est d\u00e9di\u00e9e \u00e0 la mise en place de la nouvelle certification des comp\u00e9tences num\u00e9riques par PIX (vous y trouverez les diff\u00e9rents documents pour vous y aider), de plus, des ressources seront propos\u00e9es sur la page du site de la DANE =&gt;&nbsp;La DANE de Nice PIX La nouvelle certification PIX =&gt; Ci-dessous, PIX en &hellip; <a href=\"https:\/\/www.pedagogie.ac-nice.fr\/eps\/pix\/\" class=\"more-link\">Continuer la lecture de <span class=\"screen-reader-text\">PIX<\/span> <span class=\"meta-nav\">&rarr;<\/span><\/a><\/p>\n","protected":false},"author":131,"featured_media":0,"parent":0,"menu_order":0,"comment_status":"closed","ping_status":"closed","template":"","meta":{"footnotes":""},"class_list":["post-4010","page","type-page","status-publish","hentry"],"rttpg_featured_image_url":null,"rttpg_author":{"display_name":"France Pissot","author_link":"https:\/\/www.pedagogie.ac-nice.fr\/eps\/author\/fpissot\/"},"rttpg_comment":0,"rttpg_category":null,"rttpg_excerpt":"Cette page est d\u00e9di\u00e9e \u00e0 la mise en place de la nouvelle certification des comp\u00e9tences num\u00e9riques par PIX (vous y trouverez les diff\u00e9rents documents pour vous y aider), de plus, des ressources seront propos\u00e9es sur la page du site de la DANE =&gt;&nbsp;La DANE de Nice PIX La nouvelle certification PIX =&gt; Ci-dessous, PIX en\u2026","post_mailing_queue_ids":[],"_links":{"self":[{"href":"https:\/\/www.pedagogie.ac-nice.fr\/eps\/wp-json\/wp\/v2\/pages\/4010","targetHints":{"allow":["GET"]}}],"collection":[{"href":"https:\/\/www.pedagogie.ac-nice.fr\/eps\/wp-json\/wp\/v2\/pages"}],"about":[{"href":"https:\/\/www.pedagogie.ac-nice.fr\/eps\/wp-json\/wp\/v2\/types\/page"}],"author":[{"embeddable":true,"href":"https:\/\/www.pedagogie.ac-nice.fr\/eps\/wp-json\/wp\/v2\/users\/131"}],"replies":[{"embeddable":true,"href":"https:\/\/www.pedagogie.ac-nice.fr\/eps\/wp-json\/wp\/v2\/comments?post=4010"}],"version-history":[{"count":6,"href":"https:\/\/www.pedagogie.ac-nice.fr\/eps\/wp-json\/wp\/v2\/pages\/4010\/revisions"}],"predecessor-version":[{"id":6165,"href":"https:\/\/www.pedagogie.ac-nice.fr\/eps\/wp-json\/wp\/v2\/pages\/4010\/revisions\/6165"}],"wp:attachment":[{"href":"https:\/\/www.pedagogie.ac-nice.fr\/eps\/wp-json\/wp\/v2\/media?parent=4010"}],"curies":[{"name":"wp","href":"https:\/\/api.w.org\/{rel}","templated":true}]}}