{"id":4207,"date":"2020-04-07T14:43:29","date_gmt":"2020-04-07T12:43:29","guid":{"rendered":"https:\/\/www.pedagogie.ac-nice.fr\/eps\/?page_id=4207"},"modified":"2023-02-13T15:20:45","modified_gmt":"2023-02-13T14:20:45","slug":"eps-adaptee-yoga","status":"publish","type":"page","link":"https:\/\/www.pedagogie.ac-nice.fr\/eps\/eps-adaptee-yoga\/","title":{"rendered":"EPS adapt\u00e9e Yoga"},"content":{"rendered":"<p style=\"text-align: center;\"><strong><span style=\"font-size: 24pt;\">PR\u00c9CONISATIONS PROFESSIONNELLES<\/span><\/strong><\/p>\n<p><a href=\"https:\/\/www.pedagogie.ac-nice.fr\/eps\/wp-content\/uploads\/sites\/20\/2020\/04\/EPS-adapt\u00e9e-marguerite-yoga.pdf\" target=\"_blank\" rel=\"noopener noreferrer\"><img loading=\"lazy\" decoding=\"async\" class=\"wp-image-2383 aligncenter\" src=\"https:\/\/www.pedagogie.ac-nice.fr\/eps\/wp-content\/uploads\/sites\/20\/2017\/09\/symbole-de-telechargement-1-300x300.jpg\" alt=\"\" width=\"81\" height=\"81\" srcset=\"https:\/\/www.pedagogie.ac-nice.fr\/eps\/wp-content\/uploads\/sites\/20\/2017\/09\/symbole-de-telechargement-1-300x300.jpg 300w, https:\/\/www.pedagogie.ac-nice.fr\/eps\/wp-content\/uploads\/sites\/20\/2017\/09\/symbole-de-telechargement-1-150x150.jpg 150w, https:\/\/www.pedagogie.ac-nice.fr\/eps\/wp-content\/uploads\/sites\/20\/2017\/09\/symbole-de-telechargement-1-100x100.jpg 100w, https:\/\/www.pedagogie.ac-nice.fr\/eps\/wp-content\/uploads\/sites\/20\/2017\/09\/symbole-de-telechargement-1.jpg 626w\" sizes=\"auto, (max-width: 81px) 100vw, 81px\" \/><\/a><a href=\"https:\/\/www.pedagogie.ac-nice.fr\/eps\/wp-content\/uploads\/sites\/20\/2020\/04\/EPS-adapt\u00e9e-marguerite-yoga.pdf\" target=\"_blank\" rel=\"noopener noreferrer\"><img loading=\"lazy\" decoding=\"async\" class=\"wp-image-4022 aligncenter\" src=\"https:\/\/www.pedagogie.ac-nice.fr\/eps\/wp-content\/uploads\/sites\/20\/2020\/01\/eps-adapt\u00e9e-image-marguerite-g\u00e9n\u00e9rale-300x214.png\" alt=\"\" width=\"112\" height=\"80\" \/><\/a><\/p>\n<p>&nbsp;<\/p>\n<p style=\"text-align: center;\"><strong><span style=\"font-size: 24pt;\">CRIT\u00c8RES DE R\u00c9ALISATION ET DE R\u00c9USSITE DES POSTURES<br \/>\n<\/span><\/strong><\/p>\n<table style=\"border-collapse: collapse; width: 100%;\">\n<tbody>\n<tr>\n<td style=\"width: 30.9675%; text-align: right;\"><a href=\"https:\/\/www.pedagogie.ac-nice.fr\/eps\/wp-content\/uploads\/sites\/20\/2020\/04\/EPS-adapt\u00e9e-YOGA-Crit\u00e8res-Ex\u00e9cution-salutations.pdf\" target=\"_blank\" rel=\"noopener noreferrer\">DYNAMIQUES ( Salutations)<\/a><\/td>\n<td style=\"width: 19.0326%;\"><a href=\"https:\/\/www.pedagogie.ac-nice.fr\/eps\/wp-content\/uploads\/sites\/20\/2020\/04\/EPS-adapt\u00e9e-YOGA-Crit\u00e8res-Ex\u00e9cution-salutations.pdf\" target=\"_blank\" rel=\"noopener noreferrer\"><img loading=\"lazy\" decoding=\"async\" class=\"wp-image-2383 alignleft\" src=\"https:\/\/www.pedagogie.ac-nice.fr\/eps\/wp-content\/uploads\/sites\/20\/2017\/09\/symbole-de-telechargement-1-300x300.jpg\" alt=\"\" width=\"50\" height=\"50\" srcset=\"https:\/\/www.pedagogie.ac-nice.fr\/eps\/wp-content\/uploads\/sites\/20\/2017\/09\/symbole-de-telechargement-1-300x300.jpg 300w, https:\/\/www.pedagogie.ac-nice.fr\/eps\/wp-content\/uploads\/sites\/20\/2017\/09\/symbole-de-telechargement-1-150x150.jpg 150w, https:\/\/www.pedagogie.ac-nice.fr\/eps\/wp-content\/uploads\/sites\/20\/2017\/09\/symbole-de-telechargement-1-100x100.jpg 100w, https:\/\/www.pedagogie.ac-nice.fr\/eps\/wp-content\/uploads\/sites\/20\/2017\/09\/symbole-de-telechargement-1.jpg 626w\" sizes=\"auto, (max-width: 50px) 100vw, 50px\" \/><\/a><\/td>\n<td style=\"width: 25%; text-align: right;\">\u00a0 <a href=\"https:\/\/www.pedagogie.ac-nice.fr\/eps\/wp-content\/uploads\/sites\/20\/2020\/04\/EPS-adapt\u00e9e-YOGA-Crit\u00e8res-d-E-R-postures-statiques.pdf\" target=\"_blank\" rel=\"noopener noreferrer\">STATIQUES<\/a><\/td>\n<td style=\"width: 25%;\"><a href=\"https:\/\/www.pedagogie.ac-nice.fr\/eps\/wp-content\/uploads\/sites\/20\/2020\/04\/EPS-adapt\u00e9e-YOGA-Crit\u00e8res-d-E-R-postures-statiques.pdf\" target=\"_blank\" rel=\"noopener noreferrer\"><img loading=\"lazy\" decoding=\"async\" class=\"wp-image-2383 alignleft\" src=\"https:\/\/www.pedagogie.ac-nice.fr\/eps\/wp-content\/uploads\/sites\/20\/2017\/09\/symbole-de-telechargement-1-300x300.jpg\" alt=\"\" width=\"52\" height=\"52\" srcset=\"https:\/\/www.pedagogie.ac-nice.fr\/eps\/wp-content\/uploads\/sites\/20\/2017\/09\/symbole-de-telechargement-1-300x300.jpg 300w, https:\/\/www.pedagogie.ac-nice.fr\/eps\/wp-content\/uploads\/sites\/20\/2017\/09\/symbole-de-telechargement-1-150x150.jpg 150w, https:\/\/www.pedagogie.ac-nice.fr\/eps\/wp-content\/uploads\/sites\/20\/2017\/09\/symbole-de-telechargement-1-100x100.jpg 100w, https:\/\/www.pedagogie.ac-nice.fr\/eps\/wp-content\/uploads\/sites\/20\/2017\/09\/symbole-de-telechargement-1.jpg 626w\" sizes=\"auto, (max-width: 52px) 100vw, 52px\" \/><\/a><\/td>\n<\/tr>\n<\/tbody>\n<\/table>\n<p>&nbsp;<\/p>\n<p style=\"text-align: center;\"><span style=\"font-size: 24pt;\"><strong>POSTURES Niveau A et B<br \/>\n<\/strong><\/span><\/p>\n<table style=\"width: 100%;\">\n<tbody>\n<tr>\n<td style=\"text-align: right; width: 30.0181%;\"><span style=\"color: #000000;\"><a style=\"color: #000000;\" href=\"https:\/\/www.pedagogie.ac-nice.fr\/eps\/wp-content\/uploads\/sites\/20\/2020\/04\/eps-adapt\u00e9e-Yoga-planche-1.jpg\" target=\"_blank\" rel=\"noopener noreferrer\">PLANCHE 1<\/a><\/span><\/td>\n<td style=\"width: 18.6257%;\"><a href=\"https:\/\/www.pedagogie.ac-nice.fr\/eps\/wp-content\/uploads\/sites\/20\/2020\/04\/eps-adapt\u00e9e-Yoga-planche-1.jpg\" target=\"_blank\" rel=\"noopener noreferrer\"><span style=\"color: #000000;\"><img loading=\"lazy\" decoding=\"async\" class=\"wp-image-2383 alignleft\" src=\"https:\/\/www.pedagogie.ac-nice.fr\/eps\/wp-content\/uploads\/sites\/20\/2017\/09\/symbole-de-telechargement-1-300x300.jpg\" alt=\"\" width=\"50\" height=\"50\" srcset=\"https:\/\/www.pedagogie.ac-nice.fr\/eps\/wp-content\/uploads\/sites\/20\/2017\/09\/symbole-de-telechargement-1-300x300.jpg 300w, https:\/\/www.pedagogie.ac-nice.fr\/eps\/wp-content\/uploads\/sites\/20\/2017\/09\/symbole-de-telechargement-1-150x150.jpg 150w, https:\/\/www.pedagogie.ac-nice.fr\/eps\/wp-content\/uploads\/sites\/20\/2017\/09\/symbole-de-telechargement-1-100x100.jpg 100w, https:\/\/www.pedagogie.ac-nice.fr\/eps\/wp-content\/uploads\/sites\/20\/2017\/09\/symbole-de-telechargement-1.jpg 626w\" sizes=\"auto, (max-width: 50px) 100vw, 50px\" \/><\/span><\/a><\/td>\n<td style=\"text-align: right; width: 25.4973%;\"><span style=\"color: #000000;\"><a style=\"color: #000000;\" href=\"https:\/\/www.pedagogie.ac-nice.fr\/eps\/wp-content\/uploads\/sites\/20\/2020\/04\/eps-adapt\u00e9e-Yoga-planche-2.jpg\" target=\"_blank\" rel=\"noopener noreferrer\">\u00a0 PLANCHE 2<\/a><\/span><\/td>\n<td style=\"width: 25.6781%;\"><a href=\"https:\/\/www.pedagogie.ac-nice.fr\/eps\/wp-content\/uploads\/sites\/20\/2020\/04\/eps-adapt\u00e9e-Yoga-planche-2.jpg\" target=\"_blank\" rel=\"noopener noreferrer\"><img loading=\"lazy\" decoding=\"async\" class=\"wp-image-2383 alignleft\" src=\"https:\/\/www.pedagogie.ac-nice.fr\/eps\/wp-content\/uploads\/sites\/20\/2017\/09\/symbole-de-telechargement-1-300x300.jpg\" alt=\"\" width=\"52\" height=\"52\" srcset=\"https:\/\/www.pedagogie.ac-nice.fr\/eps\/wp-content\/uploads\/sites\/20\/2017\/09\/symbole-de-telechargement-1-300x300.jpg 300w, https:\/\/www.pedagogie.ac-nice.fr\/eps\/wp-content\/uploads\/sites\/20\/2017\/09\/symbole-de-telechargement-1-150x150.jpg 150w, https:\/\/www.pedagogie.ac-nice.fr\/eps\/wp-content\/uploads\/sites\/20\/2017\/09\/symbole-de-telechargement-1-100x100.jpg 100w, https:\/\/www.pedagogie.ac-nice.fr\/eps\/wp-content\/uploads\/sites\/20\/2017\/09\/symbole-de-telechargement-1.jpg 626w\" sizes=\"auto, (max-width: 52px) 100vw, 52px\" \/><\/a><\/td>\n<\/tr>\n<\/tbody>\n<\/table>\n","protected":false},"excerpt":{"rendered":"<p>PR\u00c9CONISATIONS PROFESSIONNELLES &nbsp; CRIT\u00c8RES DE R\u00c9ALISATION ET DE R\u00c9USSITE DES POSTURES DYNAMIQUES ( Salutations) \u00a0 STATIQUES &nbsp; POSTURES Niveau A et B PLANCHE 1 \u00a0 PLANCHE 2<\/p>\n","protected":false},"author":133,"featured_media":0,"parent":0,"menu_order":0,"comment_status":"closed","ping_status":"closed","template":"","meta":{"footnotes":""},"class_list":["post-4207","page","type-page","status-publish","hentry"],"rttpg_featured_image_url":null,"rttpg_author":{"display_name":"Karine Logeart","author_link":"https:\/\/www.pedagogie.ac-nice.fr\/eps\/author\/k-logeart\/"},"rttpg_comment":0,"rttpg_category":null,"rttpg_excerpt":"PR\u00c9CONISATIONS PROFESSIONNELLES &nbsp; CRIT\u00c8RES DE R\u00c9ALISATION ET DE R\u00c9USSITE DES POSTURES DYNAMIQUES ( Salutations) \u00a0 STATIQUES &nbsp; POSTURES Niveau A et B PLANCHE 1 \u00a0 PLANCHE 2","post_mailing_queue_ids":[],"_links":{"self":[{"href":"https:\/\/www.pedagogie.ac-nice.fr\/eps\/wp-json\/wp\/v2\/pages\/4207","targetHints":{"allow":["GET"]}}],"collection":[{"href":"https:\/\/www.pedagogie.ac-nice.fr\/eps\/wp-json\/wp\/v2\/pages"}],"about":[{"href":"https:\/\/www.pedagogie.ac-nice.fr\/eps\/wp-json\/wp\/v2\/types\/page"}],"author":[{"embeddable":true,"href":"https:\/\/www.pedagogie.ac-nice.fr\/eps\/wp-json\/wp\/v2\/users\/133"}],"replies":[{"embeddable":true,"href":"https:\/\/www.pedagogie.ac-nice.fr\/eps\/wp-json\/wp\/v2\/comments?post=4207"}],"version-history":[{"count":12,"href":"https:\/\/www.pedagogie.ac-nice.fr\/eps\/wp-json\/wp\/v2\/pages\/4207\/revisions"}],"predecessor-version":[{"id":6788,"href":"https:\/\/www.pedagogie.ac-nice.fr\/eps\/wp-json\/wp\/v2\/pages\/4207\/revisions\/6788"}],"wp:attachment":[{"href":"https:\/\/www.pedagogie.ac-nice.fr\/eps\/wp-json\/wp\/v2\/media?parent=4207"}],"curies":[{"name":"wp","href":"https:\/\/api.w.org\/{rel}","templated":true}]}}