{"id":4452,"date":"2020-12-07T21:18:20","date_gmt":"2020-12-07T20:18:20","guid":{"rendered":"https:\/\/www.pedagogie.ac-nice.fr\/eps\/?page_id=4452"},"modified":"2024-05-28T11:01:52","modified_gmt":"2024-05-28T09:01:52","slug":"ca-1","status":"publish","type":"page","link":"https:\/\/www.pedagogie.ac-nice.fr\/eps\/ressources-eps-academie-nice\/ressources-college\/ca-1\/","title":{"rendered":"CA 1"},"content":{"rendered":"<table style=\"width: 100%; border-collapse: collapse; border-color: #000000; background-color: #96e8f2;\">\n<tbody>\n<tr>\n<td style=\"width: 50%; border-color: #000000;\"><img loading=\"lazy\" decoding=\"async\" class=\"size-medium wp-image-4778 aligncenter\" src=\"https:\/\/www.pedagogie.ac-nice.fr\/eps\/wp-content\/uploads\/sites\/20\/2021\/02\/CA-1-300x169.jpg\" alt=\"\" width=\"300\" height=\"169\" srcset=\"https:\/\/www.pedagogie.ac-nice.fr\/eps\/wp-content\/uploads\/sites\/20\/2021\/02\/CA-1-300x169.jpg 300w, https:\/\/www.pedagogie.ac-nice.fr\/eps\/wp-content\/uploads\/sites\/20\/2021\/02\/CA-1-1024x576.jpg 1024w, https:\/\/www.pedagogie.ac-nice.fr\/eps\/wp-content\/uploads\/sites\/20\/2021\/02\/CA-1-768x432.jpg 768w, https:\/\/www.pedagogie.ac-nice.fr\/eps\/wp-content\/uploads\/sites\/20\/2021\/02\/CA-1-1536x864.jpg 1536w, https:\/\/www.pedagogie.ac-nice.fr\/eps\/wp-content\/uploads\/sites\/20\/2021\/02\/CA-1-2048x1152.jpg 2048w\" sizes=\"auto, (max-width: 300px) 100vw, 300px\" \/><\/td>\n<td style=\"width: 50%; border-color: #000000; border-style: inset;\">\n<p style=\"text-align: center;\"><a href=\"https:\/\/www.pedagogie.ac-nice.fr\/eps\/wp-content\/uploads\/sites\/20\/2021\/01\/CA1-Invariants.pdf\" target=\"_blank\" rel=\"noopener\"><a href=\"https:\/\/www.pedagogie.ac-nice.fr\/eps\/wp-content\/uploads\/sites\/20\/2021\/01\/CA1-Invariants.pdf\" class=\"pdfemb-viewer\" style=\"\" data-width=\"max\" data-height=\"max\" data-toolbar=\"bottom\" data-toolbar-fixed=\"off\">CA1 Invariants<\/a><\/a><\/p>\n<p style=\"text-align: center;\"><a href=\"https:\/\/www.pedagogie.ac-nice.fr\/eps\/wp-content\/uploads\/sites\/20\/2021\/01\/CA1-Invariants.pdf\" target=\"_blank\" rel=\"noopener\">T\u00e9l\u00e9charger le PDF.<\/a><\/p>\n<\/td>\n<\/tr>\n<\/tbody>\n<\/table>\n<h1 style=\"text-align: center;\"><span style=\"font-family: 'comic sans ms', sans-serif;\">#Demi-fond<\/span><\/h1>\n<table style=\"height: 112px; width: 100%; border-collapse: collapse; border-color: #000000; background-color: #d8e5e8;\">\n<tbody>\n<tr style=\"height: 187px;\">\n<td style=\"width: 35.4305%; border-color: #000000; height: 112px; text-align: center;\"><span style=\"font-family: 'comic sans ms', sans-serif; font-size: 18pt;\"><strong>MARATHON<\/strong><\/span><\/td>\n<td style=\"width: 64.5695%; border-color: #000000; border-style: inset; height: 112px;\">\n<ul>\n<li><span style=\"text-decoration: underline; color: #ff0000;\"><strong><span style=\"font-size: 14pt; font-family: tahoma, arial, helvetica, sans-serif;\"><span style=\"color: #339966; text-decoration: underline;\"><a href=\"https:\/\/www.pedagogie.ac-nice.fr\/eps\/wp-content\/uploads\/sites\/20\/2021\/02\/Defi-Marathon.pdf\" target=\"_blank\" rel=\"noopener\"><span style=\"color: #ff0000;\">D\u00e9fi marathon &#8211; Fiche explicative<\/span><\/a><\/span><\/span><\/strong><\/span><\/li>\n<\/ul>\n<p style=\"text-align: center;\"><span style=\"font-size: 12pt; font-family: tahoma, arial, helvetica, sans-serif;\">L&rsquo;\u00e9quipe EPS du coll\u00e8ge E.Pailleron (Paris) vous propose un d\u00e9fi pour nos \u00e9l\u00e8ves : <strong>Parcourir en 20&prime; les 42 km 195<\/strong> ! D\u00e9couvrez ce d\u00e9fi \u00e0 plusieurs niveaux valorisant le go\u00fbt de l&rsquo;effort, la coop\u00e9ration et le d\u00e9passement de soi au service du collectif.\u00a0<\/span><\/p>\n<\/td>\n<\/tr>\n<\/tbody>\n<\/table>\n","protected":false},"excerpt":{"rendered":"<p>T\u00e9l\u00e9charger le PDF. #Demi-fond MARATHON D\u00e9fi marathon &#8211; Fiche explicative L&rsquo;\u00e9quipe EPS du coll\u00e8ge E.Pailleron (Paris) vous propose un d\u00e9fi pour nos \u00e9l\u00e8ves : Parcourir en 20&prime; les 42 km 195 ! D\u00e9couvrez ce d\u00e9fi \u00e0 plusieurs niveaux valorisant le go\u00fbt de l&rsquo;effort, la coop\u00e9ration et le d\u00e9passement de soi au service du collectif.\u00a0<\/p>\n","protected":false},"author":131,"featured_media":0,"parent":2132,"menu_order":0,"comment_status":"closed","ping_status":"closed","template":"","meta":{"footnotes":""},"class_list":["post-4452","page","type-page","status-publish","hentry"],"rttpg_featured_image_url":null,"rttpg_author":{"display_name":"France Pissot","author_link":"https:\/\/www.pedagogie.ac-nice.fr\/eps\/author\/fpissot\/"},"rttpg_comment":0,"rttpg_category":null,"rttpg_excerpt":"T\u00e9l\u00e9charger le PDF. #Demi-fond MARATHON D\u00e9fi marathon &#8211; Fiche explicative L&rsquo;\u00e9quipe EPS du coll\u00e8ge E.Pailleron (Paris) vous propose un d\u00e9fi pour nos \u00e9l\u00e8ves : Parcourir en 20&prime; les 42 km 195 ! D\u00e9couvrez ce d\u00e9fi \u00e0 plusieurs niveaux valorisant le go\u00fbt de l&rsquo;effort, la coop\u00e9ration et le d\u00e9passement de soi au service du collectif.\u00a0","post_mailing_queue_ids":[],"_links":{"self":[{"href":"https:\/\/www.pedagogie.ac-nice.fr\/eps\/wp-json\/wp\/v2\/pages\/4452","targetHints":{"allow":["GET"]}}],"collection":[{"href":"https:\/\/www.pedagogie.ac-nice.fr\/eps\/wp-json\/wp\/v2\/pages"}],"about":[{"href":"https:\/\/www.pedagogie.ac-nice.fr\/eps\/wp-json\/wp\/v2\/types\/page"}],"author":[{"embeddable":true,"href":"https:\/\/www.pedagogie.ac-nice.fr\/eps\/wp-json\/wp\/v2\/users\/131"}],"replies":[{"embeddable":true,"href":"https:\/\/www.pedagogie.ac-nice.fr\/eps\/wp-json\/wp\/v2\/comments?post=4452"}],"version-history":[{"count":18,"href":"https:\/\/www.pedagogie.ac-nice.fr\/eps\/wp-json\/wp\/v2\/pages\/4452\/revisions"}],"predecessor-version":[{"id":7347,"href":"https:\/\/www.pedagogie.ac-nice.fr\/eps\/wp-json\/wp\/v2\/pages\/4452\/revisions\/7347"}],"up":[{"embeddable":true,"href":"https:\/\/www.pedagogie.ac-nice.fr\/eps\/wp-json\/wp\/v2\/pages\/2132"}],"wp:attachment":[{"href":"https:\/\/www.pedagogie.ac-nice.fr\/eps\/wp-json\/wp\/v2\/media?parent=4452"}],"curies":[{"name":"wp","href":"https:\/\/api.w.org\/{rel}","templated":true}]}}