{"id":4455,"date":"2020-12-07T21:19:04","date_gmt":"2020-12-07T20:19:04","guid":{"rendered":"https:\/\/www.pedagogie.ac-nice.fr\/eps\/?page_id=4455"},"modified":"2024-05-28T11:10:22","modified_gmt":"2024-05-28T09:10:22","slug":"ca-2","status":"publish","type":"page","link":"https:\/\/www.pedagogie.ac-nice.fr\/eps\/ressources-eps-academie-nice\/ressources-college\/ca-2\/","title":{"rendered":"CA 2"},"content":{"rendered":"<table style=\"width: 100%; border-collapse: collapse; border-color: #000000; background-color: #9aedb6;\">\n<tbody>\n<tr>\n<td style=\"width: 50%; border-color: #000000;\"><img loading=\"lazy\" decoding=\"async\" class=\"size-medium wp-image-4779 aligncenter\" src=\"https:\/\/www.pedagogie.ac-nice.fr\/eps\/wp-content\/uploads\/sites\/20\/2021\/02\/CA-2-300x169.png\" alt=\"\" width=\"300\" height=\"169\" srcset=\"https:\/\/www.pedagogie.ac-nice.fr\/eps\/wp-content\/uploads\/sites\/20\/2021\/02\/CA-2-300x169.png 300w, https:\/\/www.pedagogie.ac-nice.fr\/eps\/wp-content\/uploads\/sites\/20\/2021\/02\/CA-2-1024x576.png 1024w, https:\/\/www.pedagogie.ac-nice.fr\/eps\/wp-content\/uploads\/sites\/20\/2021\/02\/CA-2-768x432.png 768w, https:\/\/www.pedagogie.ac-nice.fr\/eps\/wp-content\/uploads\/sites\/20\/2021\/02\/CA-2-1536x864.png 1536w, https:\/\/www.pedagogie.ac-nice.fr\/eps\/wp-content\/uploads\/sites\/20\/2021\/02\/CA-2-2048x1152.png 2048w\" sizes=\"auto, (max-width: 300px) 100vw, 300px\" \/><\/td>\n<td style=\"width: 50%; border-color: #000000; border-style: inset;\"><a href=\"https:\/\/www.pedagogie.ac-nice.fr\/eps\/wp-content\/uploads\/sites\/20\/2021\/01\/Invariants-CA2.pdf\" class=\"pdfemb-viewer\" style=\"\" data-width=\"max\" data-height=\"max\" data-toolbar=\"bottom\" data-toolbar-fixed=\"off\">Invariants CA2<\/a><\/p>\n<p style=\"text-align: center;\"><a href=\"https:\/\/www.pedagogie.ac-nice.fr\/eps\/wp-content\/uploads\/sites\/20\/2021\/01\/Invariants-CA2.pdf\" target=\"_blank\" rel=\"noopener\">T\u00e9l\u00e9charger le PDF.<\/a><\/p>\n<\/td>\n<\/tr>\n<\/tbody>\n<\/table>\n<p style=\"text-align: center;\"><span style=\"font-size: 14pt;\"><strong><span style=\"font-family: 'comic sans ms', sans-serif;\">#Savoir Nager<\/span><\/strong><\/span><\/p>\n<table style=\"height: 112px; width: 100%; border-collapse: collapse; border-color: #000000; background-color: #d8e5e8;\">\n<tbody>\n<tr style=\"height: 187px;\">\n<td style=\"width: 35.4305%; border-color: #000000; height: 112px;\"><img loading=\"lazy\" decoding=\"async\" class=\"aligncenter wp-image-5693\" src=\"https:\/\/www.pedagogie.ac-nice.fr\/eps\/wp-content\/uploads\/sites\/20\/2021\/09\/Capture-de\u0301cran-2021-09-23-a\u0300-22.46.43.png\" alt=\"\" width=\"198\" height=\"133\" srcset=\"https:\/\/www.pedagogie.ac-nice.fr\/eps\/wp-content\/uploads\/sites\/20\/2021\/09\/Capture-de\u0301cran-2021-09-23-a\u0300-22.46.43.png 507w, https:\/\/www.pedagogie.ac-nice.fr\/eps\/wp-content\/uploads\/sites\/20\/2021\/09\/Capture-de\u0301cran-2021-09-23-a\u0300-22.46.43-300x201.png 300w\" sizes=\"auto, (max-width: 198px) 100vw, 198px\" \/><\/td>\n<td style=\"width: 64.5695%; border-color: #000000; border-style: inset; height: 112px;\">\n<ul>\n<li><a href=\"https:\/\/www.youtube.com\/watch?v=kHvLf6b4bmc&amp;feature=youtu.be\" target=\"_blank\" rel=\"noopener\"><strong><span style=\"font-family: tahoma, arial, helvetica, sans-serif; font-size: 14pt;\">Le Savoir-Nager<\/span><\/strong><\/a><\/li>\n<\/ul>\n<p style=\"text-align: center;\"><span style=\"font-size: 12pt; font-family: tahoma, arial, helvetica, sans-serif;\">Pour nous permettre de d\u00e9livrer l\u2019attestation scolaire \u201csavoir-nager\u201d \u00e0 nos \u00e9l\u00e8ves, Charl\u00e8ne DENOJEAN, R\u00e9mi BELLIER, Philippe SENDRA (coll\u00e8ge J. VERNIER de Nice), R\u00e9gis FAYAUBOST ainsi que S\u00e9bastien MAIRE (Coll\u00e8ge P. PICASSO de Vallauris), nous proposent des situations d\u2019apprentissage pour les diff\u00e9rentes composantes du test : \u201cEntr\u00e9e\u201d, \u201cImmersion\u201d, \u201cnage ventrale\u201d et \u201cnage dorsale\u201d.<\/span><\/p>\n<\/td>\n<\/tr>\n<\/tbody>\n<\/table>\n<p style=\"text-align: left;\">Cette premi\u00e8re capsule vous pr\u00e9sente les situations pour les composantes \u201centr\u00e9e\u201d et \u201cimmersion\u201d<\/p>\n<p><iframe loading=\"lazy\" title=\"Savoir nager Picasso vallauris\" width=\"604\" height=\"340\" src=\"https:\/\/www.youtube.com\/embed\/kHvLf6b4bmc?feature=oembed\" frameborder=\"0\" allow=\"accelerometer; autoplay; clipboard-write; encrypted-media; gyroscope; picture-in-picture; web-share\" referrerpolicy=\"strict-origin-when-cross-origin\" allowfullscreen><\/iframe><\/p>\n<p style=\"text-align: left;\">Cette seconde capsule pr\u00e9sente des situations pour les nages \u201cventrale\u201d et \u201cdorsale\u201d<\/p>\n<p><iframe loading=\"lazy\" title=\"Vernier savoir nager termine\u0301 maj\" width=\"604\" height=\"340\" src=\"https:\/\/www.youtube.com\/embed\/RNLnkyXVOEA?feature=oembed\" frameborder=\"0\" allow=\"accelerometer; autoplay; clipboard-write; encrypted-media; gyroscope; picture-in-picture; web-share\" referrerpolicy=\"strict-origin-when-cross-origin\" allowfullscreen><\/iframe><\/p>\n<p>&nbsp;<\/p>\n","protected":false},"excerpt":{"rendered":"<p>T\u00e9l\u00e9charger le PDF. #Savoir Nager Le Savoir-Nager Pour nous permettre de d\u00e9livrer l\u2019attestation scolaire \u201csavoir-nager\u201d \u00e0 nos \u00e9l\u00e8ves, Charl\u00e8ne DENOJEAN, R\u00e9mi BELLIER, Philippe SENDRA (coll\u00e8ge J. VERNIER de Nice), R\u00e9gis FAYAUBOST ainsi que S\u00e9bastien MAIRE (Coll\u00e8ge P. PICASSO de Vallauris), nous proposent des situations d\u2019apprentissage pour les diff\u00e9rentes composantes du test : \u201cEntr\u00e9e\u201d, \u201cImmersion\u201d, \u201cnage &hellip; <a href=\"https:\/\/www.pedagogie.ac-nice.fr\/eps\/ressources-eps-academie-nice\/ressources-college\/ca-2\/\" class=\"more-link\">Continuer la lecture de <span class=\"screen-reader-text\">CA 2<\/span> <span class=\"meta-nav\">&rarr;<\/span><\/a><\/p>\n","protected":false},"author":131,"featured_media":0,"parent":2132,"menu_order":0,"comment_status":"closed","ping_status":"closed","template":"","meta":{"footnotes":""},"class_list":["post-4455","page","type-page","status-publish","hentry"],"rttpg_featured_image_url":null,"rttpg_author":{"display_name":"France Pissot","author_link":"https:\/\/www.pedagogie.ac-nice.fr\/eps\/author\/fpissot\/"},"rttpg_comment":0,"rttpg_category":null,"rttpg_excerpt":"T\u00e9l\u00e9charger le PDF. #Savoir Nager Le Savoir-Nager Pour nous permettre de d\u00e9livrer l\u2019attestation scolaire \u201csavoir-nager\u201d \u00e0 nos \u00e9l\u00e8ves, Charl\u00e8ne DENOJEAN, R\u00e9mi BELLIER, Philippe SENDRA (coll\u00e8ge J. VERNIER de Nice), R\u00e9gis FAYAUBOST ainsi que S\u00e9bastien MAIRE (Coll\u00e8ge P. PICASSO de Vallauris), nous proposent des situations d\u2019apprentissage pour les diff\u00e9rentes composantes du test : \u201cEntr\u00e9e\u201d, \u201cImmersion\u201d, \u201cnage\u2026","post_mailing_queue_ids":[],"_links":{"self":[{"href":"https:\/\/www.pedagogie.ac-nice.fr\/eps\/wp-json\/wp\/v2\/pages\/4455","targetHints":{"allow":["GET"]}}],"collection":[{"href":"https:\/\/www.pedagogie.ac-nice.fr\/eps\/wp-json\/wp\/v2\/pages"}],"about":[{"href":"https:\/\/www.pedagogie.ac-nice.fr\/eps\/wp-json\/wp\/v2\/types\/page"}],"author":[{"embeddable":true,"href":"https:\/\/www.pedagogie.ac-nice.fr\/eps\/wp-json\/wp\/v2\/users\/131"}],"replies":[{"embeddable":true,"href":"https:\/\/www.pedagogie.ac-nice.fr\/eps\/wp-json\/wp\/v2\/comments?post=4455"}],"version-history":[{"count":13,"href":"https:\/\/www.pedagogie.ac-nice.fr\/eps\/wp-json\/wp\/v2\/pages\/4455\/revisions"}],"predecessor-version":[{"id":7352,"href":"https:\/\/www.pedagogie.ac-nice.fr\/eps\/wp-json\/wp\/v2\/pages\/4455\/revisions\/7352"}],"up":[{"embeddable":true,"href":"https:\/\/www.pedagogie.ac-nice.fr\/eps\/wp-json\/wp\/v2\/pages\/2132"}],"wp:attachment":[{"href":"https:\/\/www.pedagogie.ac-nice.fr\/eps\/wp-json\/wp\/v2\/media?parent=4455"}],"curies":[{"name":"wp","href":"https:\/\/api.w.org\/{rel}","templated":true}]}}