{"id":4458,"date":"2020-12-07T21:20:29","date_gmt":"2020-12-07T20:20:29","guid":{"rendered":"https:\/\/www.pedagogie.ac-nice.fr\/eps\/?page_id=4458"},"modified":"2021-09-20T12:55:50","modified_gmt":"2021-09-20T10:55:50","slug":"ca-3","status":"publish","type":"page","link":"https:\/\/www.pedagogie.ac-nice.fr\/eps\/ressources-eps-academie-nice\/ressources-college\/ca-3\/","title":{"rendered":"CA 3"},"content":{"rendered":"<table style=\"width: 100%; border-collapse: collapse; border-color: #000000; background-color: #f0b690; height: 187px;\">\n<tbody>\n<tr style=\"height: 187px;\">\n<td style=\"width: 50%; border-color: #000000; height: 187px;\"><img loading=\"lazy\" decoding=\"async\" class=\"size-medium wp-image-4780 aligncenter\" src=\"https:\/\/www.pedagogie.ac-nice.fr\/eps\/wp-content\/uploads\/sites\/20\/2021\/02\/CA-3-300x169.png\" alt=\"\" width=\"300\" height=\"169\" srcset=\"https:\/\/www.pedagogie.ac-nice.fr\/eps\/wp-content\/uploads\/sites\/20\/2021\/02\/CA-3-300x169.png 300w, https:\/\/www.pedagogie.ac-nice.fr\/eps\/wp-content\/uploads\/sites\/20\/2021\/02\/CA-3-1024x576.png 1024w, https:\/\/www.pedagogie.ac-nice.fr\/eps\/wp-content\/uploads\/sites\/20\/2021\/02\/CA-3-768x432.png 768w, https:\/\/www.pedagogie.ac-nice.fr\/eps\/wp-content\/uploads\/sites\/20\/2021\/02\/CA-3-1536x864.png 1536w, https:\/\/www.pedagogie.ac-nice.fr\/eps\/wp-content\/uploads\/sites\/20\/2021\/02\/CA-3-2048x1152.png 2048w\" sizes=\"auto, (max-width: 300px) 100vw, 300px\" \/><\/td>\n<td style=\"width: 50%; border-color: #000000; border-style: inset; height: 187px;\"><a href=\"https:\/\/www.pedagogie.ac-nice.fr\/eps\/wp-content\/uploads\/sites\/20\/2021\/01\/Invariants-CA3.pdf\" class=\"pdfemb-viewer\" style=\"\" data-width=\"max\" data-height=\"max\" data-toolbar=\"bottom\" data-toolbar-fixed=\"off\">Invariants CA3<\/a><\/p>\n<p style=\"text-align: center;\"><a href=\"https:\/\/www.pedagogie.ac-nice.fr\/eps\/wp-content\/uploads\/sites\/20\/2021\/01\/Invariants-CA3.pdf\" target=\"_blank\" rel=\"noopener\">T\u00e9l\u00e9charger le PDF.<\/a><\/p>\n<\/td>\n<\/tr>\n<\/tbody>\n<\/table>\n<table style=\"width: 100%; border-collapse: collapse; border-color: #000000; background-color: #8de3d9;\">\n<tbody>\n<tr>\n<td style=\"width: 50%; border-color: #000000; text-align: center;\"><span style=\"font-family: tahoma, arial, helvetica, sans-serif; font-size: 12pt;\"><img loading=\"lazy\" decoding=\"async\" class=\"aligncenter size-medium wp-image-2636\" src=\"https:\/\/www.pedagogie.ac-nice.fr\/eps\/wp-content\/uploads\/sites\/20\/2018\/04\/sport-1201014_1920-1-300x169.jpg\" alt=\"\" width=\"300\" height=\"169\" srcset=\"https:\/\/www.pedagogie.ac-nice.fr\/eps\/wp-content\/uploads\/sites\/20\/2018\/04\/sport-1201014_1920-1-300x169.jpg 300w, https:\/\/www.pedagogie.ac-nice.fr\/eps\/wp-content\/uploads\/sites\/20\/2018\/04\/sport-1201014_1920-1-768x432.jpg 768w, https:\/\/www.pedagogie.ac-nice.fr\/eps\/wp-content\/uploads\/sites\/20\/2018\/04\/sport-1201014_1920-1-1024x575.jpg 1024w, https:\/\/www.pedagogie.ac-nice.fr\/eps\/wp-content\/uploads\/sites\/20\/2018\/04\/sport-1201014_1920-1.jpg 1920w\" sizes=\"auto, (max-width: 300px) 100vw, 300px\" \/><\/span><\/td>\n<td style=\"width: 50%; border-style: inset; border-color: #000000;\">\n<p style=\"text-align: center;\"><span style=\"font-family: tahoma, arial, helvetica, sans-serif; font-size: 12pt;\">La notion d&rsquo;invariants par champ d&rsquo;apprentissage.<\/span><\/p>\n<p style=\"text-align: center;\"><span style=\"font-family: tahoma, arial, helvetica, sans-serif; font-size: 12pt;\">Consulter la production du groupe ressource coll\u00e8ge =&gt; <\/span><span style=\"font-family: tahoma, arial, helvetica, sans-serif; font-size: 12pt;\"><a href=\"https:\/\/www.pedagogie.ac-nice.fr\/eps\/wp-content\/uploads\/sites\/20\/2019\/10\/Document-ressource-du-groupe-coll\u00e8ge.-octobre-2019-2.pdf\" target=\"_blank\" rel=\"noopener\">Document ressource du groupe coll\u00e8ge. octobre 2019-2<\/a><\/span><\/p>\n<p style=\"text-align: center;\"><span style=\"font-family: tahoma, arial, helvetica, sans-serif; font-size: 12pt;\">Gen\u00e8se de la r\u00e9flexion men\u00e9e par le groupe =&gt; <\/span><span style=\"font-family: tahoma, arial, helvetica, sans-serif; font-size: 12pt;\"><a href=\"https:\/\/www.pedagogie.ac-nice.fr\/eps\/wp-content\/uploads\/sites\/20\/2019\/10\/Entrons-ensemble-dans-la-d\u00e9marche.pdf\" target=\"_blank\" rel=\"noopener\">Entrons ensemble dans la d\u00e9marche<\/a><\/span><\/p>\n<\/td>\n<\/tr>\n<\/tbody>\n<\/table>\n<table style=\"width: 100%; border-collapse: collapse; border-color: #000000; background-color: #8de3d9;\">\n<tbody>\n<tr>\n<td style=\"width: 50%; border-color: #000000;\"><img loading=\"lazy\" decoding=\"async\" class=\"aligncenter size-full wp-image-4691\" src=\"https:\/\/www.pedagogie.ac-nice.fr\/eps\/wp-content\/uploads\/sites\/20\/2021\/01\/epi-eps.jpg\" alt=\"\" width=\"271\" height=\"186\"><\/td>\n<td style=\"width: 50%; border-color: #000000; border-style: inset;\">\n<p style=\"text-align: center;\"><span style=\"font-family: tahoma, arial, helvetica, sans-serif; font-size: 12pt;\">&nbsp;Proposition de m\u00e9thodologie de construction des Enseignements Pratiques Interdisciplinaires.<\/span><\/p>\n<p style=\"text-align: center;\"><span style=\"font-family: tahoma, arial, helvetica, sans-serif; font-size: 12pt;\"><a href=\"https:\/\/www.pedagogie.ac-nice.fr\/eps\/wp-content\/uploads\/sites\/20\/2016\/11\/m\u00e9thodologie-epi-1.pdf\" target=\"_blank\" rel=\"noopener\">Cliquez ici pour y acc\u00e9der !<\/a><\/span><\/p>\n<\/td>\n<\/tr>\n<\/tbody>\n<\/table>\n<h1 style=\"text-align: center;\"><span style=\"font-family: 'comic sans ms', sans-serif;\"><span style=\"font-family: impact, sans-serif;\">#Danse<\/span><\/span><\/h1>\n<table style=\"height: 112px; width: 100%; border-collapse: collapse; border-color: #000000; background-color: #d8e5e8;\">\n<tbody>\n<tr style=\"height: 187px;\">\n<td style=\"width: 35.4305%; border-color: #000000; height: 112px;\"><img loading=\"lazy\" decoding=\"async\" class=\"wp-image-4714 size-full aligncenter\" src=\"https:\/\/www.pedagogie.ac-nice.fr\/eps\/wp-content\/uploads\/sites\/20\/2021\/02\/Danse.jpg\" alt=\"\" width=\"300\" height=\"201\"><\/td>\n<td style=\"width: 64.5695%; border-color: #000000; border-style: inset; height: 112px;\">\n<ul>\n<li><span style=\"text-decoration: underline; color: #ff0000;\"><strong><span style=\"font-size: 14pt; font-family: tahoma, arial, helvetica, sans-serif;\"><a href=\"https:\/\/www.pedagogie.ac-nice.fr\/eps\/wp-content\/uploads\/sites\/20\/2021\/02\/Inducteurs.pdf\" target=\"_blank\" rel=\"noopener\">Les inducteurs<\/a> <span style=\"color: #000000;\">&#8211;<\/span> <a href=\"https:\/\/www.pedagogie.ac-nice.fr\/eps\/wp-content\/uploads\/sites\/20\/2021\/02\/Fiche-repere-Danse.pdf\" target=\"_blank\" rel=\"noopener\"><span style=\"color: #339966;\">Fiche rep\u00e8re Danse<\/span><\/a><\/span><\/strong><\/span><\/li>\n<\/ul>\n<p style=\"text-align: center;\"><span style=\"font-family: tahoma, arial, helvetica, sans-serif; font-size: 12pt;\">Alexis VADROT de l&rsquo;acad\u00e9mie de Nice nous propose la cr\u00e9ation de tableaux \u00e0 travers les notions de verbes d&rsquo;action, \u00e9nergie, temps et d\u00e9placement. Une entr\u00e9e simple dans l&rsquo;activit\u00e9 afin de s&rsquo;exprimer devant les autres par une prestation artistique.<\/span><\/p>\n<\/td>\n<\/tr>\n<\/tbody>\n<\/table>\n<p>&nbsp;<\/p>\n","protected":false},"excerpt":{"rendered":"<p>T\u00e9l\u00e9charger le PDF. La notion d&rsquo;invariants par champ d&rsquo;apprentissage. Consulter la production du groupe ressource coll\u00e8ge =&gt; Document ressource du groupe coll\u00e8ge. octobre 2019-2 Gen\u00e8se de la r\u00e9flexion men\u00e9e par le groupe =&gt; Entrons ensemble dans la d\u00e9marche &nbsp;Proposition de m\u00e9thodologie de construction des Enseignements Pratiques Interdisciplinaires. Cliquez ici pour y acc\u00e9der ! #Danse Les &hellip; <a href=\"https:\/\/www.pedagogie.ac-nice.fr\/eps\/ressources-eps-academie-nice\/ressources-college\/ca-3\/\" class=\"more-link\">Continuer la lecture de <span class=\"screen-reader-text\">CA 3<\/span> <span class=\"meta-nav\">&rarr;<\/span><\/a><\/p>\n","protected":false},"author":131,"featured_media":0,"parent":2132,"menu_order":0,"comment_status":"closed","ping_status":"closed","template":"","meta":{"footnotes":""},"class_list":["post-4458","page","type-page","status-publish","hentry"],"rttpg_featured_image_url":null,"rttpg_author":{"display_name":"France Pissot","author_link":"https:\/\/www.pedagogie.ac-nice.fr\/eps\/author\/fpissot\/"},"rttpg_comment":0,"rttpg_category":null,"rttpg_excerpt":"T\u00e9l\u00e9charger le PDF. La notion d&rsquo;invariants par champ d&rsquo;apprentissage. Consulter la production du groupe ressource coll\u00e8ge =&gt; Document ressource du groupe coll\u00e8ge. octobre 2019-2 Gen\u00e8se de la r\u00e9flexion men\u00e9e par le groupe =&gt; Entrons ensemble dans la d\u00e9marche &nbsp;Proposition de m\u00e9thodologie de construction des Enseignements Pratiques Interdisciplinaires. Cliquez ici pour y acc\u00e9der ! #Danse Les\u2026","post_mailing_queue_ids":[],"_links":{"self":[{"href":"https:\/\/www.pedagogie.ac-nice.fr\/eps\/wp-json\/wp\/v2\/pages\/4458","targetHints":{"allow":["GET"]}}],"collection":[{"href":"https:\/\/www.pedagogie.ac-nice.fr\/eps\/wp-json\/wp\/v2\/pages"}],"about":[{"href":"https:\/\/www.pedagogie.ac-nice.fr\/eps\/wp-json\/wp\/v2\/types\/page"}],"author":[{"embeddable":true,"href":"https:\/\/www.pedagogie.ac-nice.fr\/eps\/wp-json\/wp\/v2\/users\/131"}],"replies":[{"embeddable":true,"href":"https:\/\/www.pedagogie.ac-nice.fr\/eps\/wp-json\/wp\/v2\/comments?post=4458"}],"version-history":[{"count":14,"href":"https:\/\/www.pedagogie.ac-nice.fr\/eps\/wp-json\/wp\/v2\/pages\/4458\/revisions"}],"predecessor-version":[{"id":7353,"href":"https:\/\/www.pedagogie.ac-nice.fr\/eps\/wp-json\/wp\/v2\/pages\/4458\/revisions\/7353"}],"up":[{"embeddable":true,"href":"https:\/\/www.pedagogie.ac-nice.fr\/eps\/wp-json\/wp\/v2\/pages\/2132"}],"wp:attachment":[{"href":"https:\/\/www.pedagogie.ac-nice.fr\/eps\/wp-json\/wp\/v2\/media?parent=4458"}],"curies":[{"name":"wp","href":"https:\/\/api.w.org\/{rel}","templated":true}]}}