{"id":446,"date":"2014-02-01T17:09:53","date_gmt":"2014-02-01T16:09:53","guid":{"rendered":"http:\/\/www.ac-nice.fr\/eps\/?page_id=446"},"modified":"2021-02-04T20:45:31","modified_gmt":"2021-02-04T19:45:31","slug":"applications","status":"publish","type":"page","link":"https:\/\/www.pedagogie.ac-nice.fr\/eps\/applications\/","title":{"rendered":"Applications"},"content":{"rendered":"<p>Voici des applications utilisables sur diff\u00e9rents supports<\/p>\n<h2>\nVous souhaitez voir comment utiliser une application avec vos \u00e9l\u00e8ves tout en b\u00e9n\u00e9ficiant d&rsquo;un tutoriel de prise en main de l&rsquo;application en question, rendez-vous <a href=\"https:\/\/www.pedagogie.ac-nice.fr\/eps\/ressources-numeriques\/tutoriel\/\" target=\"_blank\" rel=\"noopener\">ici<\/a> !<\/h2>\n<h2>Recueil d&rsquo;applications utiles en EPS.<\/h2>\n<p>Fran\u00e7oise RAVERA (IAN EPS Acad\u00e9mie de Corse) a mis \u00e0 jour un recueil d&rsquo;applications utiles pour nos cours d&rsquo;EPS. Vous les trouverez en cliquant sur le fichier \u00ab\u00a0cartable Num\u00e9rique\u00a0\u00bb.<br \/>\n<a href=\"https:\/\/www.pedagogie.ac-nice.fr\/eps\/wp-content\/uploads\/sites\/20\/2015\/11\/CARTABLE-NUMERIQUE-1.pdf\">CARTABLE NUMERIQUE<\/a><\/p>\n<p>&nbsp;<\/p>\n<h2>Des applications utiles en EPS (Andro\u00efd, Apple, Windows) :<\/h2>\n<p><a href=\"https:\/\/www.pedagogie.ac-nice.fr\/eps\/wp-content\/uploads\/sites\/20\/2014\/04\/DES-APPLICATIONS-UTILES-POUR-L\u2019EPS-2014-1.ppsx\">DES APPLICATIONS UTILES POUR L\u2019EPS 2014<\/a><\/p>\n<p>&nbsp;<\/p>\n<p>&nbsp;<\/p>\n<div id=\"div1\" class=\"dynamicDiv\" style=\"margin: 0px auto;\" align=\"center\"><img decoding=\"async\" class=\"xfmvzwzwgrfhtoefvnmd\" src=\"http:\/\/whos.amung.us\/widget\/francageral.pnh\" alt=\"\" height=\"0\" border=\"0\"><\/div>\n","protected":false},"excerpt":{"rendered":"<p>Voici des applications utilisables sur diff\u00e9rents supports Vous souhaitez voir comment utiliser une application avec vos \u00e9l\u00e8ves tout en b\u00e9n\u00e9ficiant d&rsquo;un tutoriel de prise en main de l&rsquo;application en question, rendez-vous ici ! Recueil d&rsquo;applications utiles en EPS. Fran\u00e7oise RAVERA (IAN EPS Acad\u00e9mie de Corse) a mis \u00e0 jour un recueil d&rsquo;applications utiles pour nos &hellip; <a href=\"https:\/\/www.pedagogie.ac-nice.fr\/eps\/applications\/\" class=\"more-link\">Continuer la lecture de <span class=\"screen-reader-text\">Applications<\/span> <span class=\"meta-nav\">&rarr;<\/span><\/a><\/p>\n","protected":false},"author":129,"featured_media":0,"parent":0,"menu_order":0,"comment_status":"closed","ping_status":"closed","template":"","meta":{"footnotes":""},"class_list":["post-446","page","type-page","status-publish","hentry"],"rttpg_featured_image_url":null,"rttpg_author":{"display_name":"Fran\u00e7ois Meignaud","author_link":"https:\/\/www.pedagogie.ac-nice.fr\/eps\/author\/meignaud\/"},"rttpg_comment":0,"rttpg_category":null,"rttpg_excerpt":"Voici des applications utilisables sur diff\u00e9rents supports Vous souhaitez voir comment utiliser une application avec vos \u00e9l\u00e8ves tout en b\u00e9n\u00e9ficiant d&rsquo;un tutoriel de prise en main de l&rsquo;application en question, rendez-vous ici ! Recueil d&rsquo;applications utiles en EPS. Fran\u00e7oise RAVERA (IAN EPS Acad\u00e9mie de Corse) a mis \u00e0 jour un recueil d&rsquo;applications utiles pour nos\u2026","post_mailing_queue_ids":[],"_links":{"self":[{"href":"https:\/\/www.pedagogie.ac-nice.fr\/eps\/wp-json\/wp\/v2\/pages\/446","targetHints":{"allow":["GET"]}}],"collection":[{"href":"https:\/\/www.pedagogie.ac-nice.fr\/eps\/wp-json\/wp\/v2\/pages"}],"about":[{"href":"https:\/\/www.pedagogie.ac-nice.fr\/eps\/wp-json\/wp\/v2\/types\/page"}],"author":[{"embeddable":true,"href":"https:\/\/www.pedagogie.ac-nice.fr\/eps\/wp-json\/wp\/v2\/users\/129"}],"replies":[{"embeddable":true,"href":"https:\/\/www.pedagogie.ac-nice.fr\/eps\/wp-json\/wp\/v2\/comments?post=446"}],"version-history":[{"count":7,"href":"https:\/\/www.pedagogie.ac-nice.fr\/eps\/wp-json\/wp\/v2\/pages\/446\/revisions"}],"predecessor-version":[{"id":4815,"href":"https:\/\/www.pedagogie.ac-nice.fr\/eps\/wp-json\/wp\/v2\/pages\/446\/revisions\/4815"}],"wp:attachment":[{"href":"https:\/\/www.pedagogie.ac-nice.fr\/eps\/wp-json\/wp\/v2\/media?parent=446"}],"curies":[{"name":"wp","href":"https:\/\/api.w.org\/{rel}","templated":true}]}}