{"id":4552,"date":"2021-01-13T10:36:36","date_gmt":"2021-01-13T09:36:36","guid":{"rendered":"https:\/\/www.pedagogie.ac-nice.fr\/eps\/?page_id=4552"},"modified":"2021-01-13T10:36:36","modified_gmt":"2021-01-13T09:36:36","slug":"politique-de-confidentalite","status":"publish","type":"page","link":"https:\/\/www.pedagogie.ac-nice.fr\/eps\/politique-de-confidentalite\/","title":{"rendered":"Politique de confidentialit\u00e9"},"content":{"rendered":"<div id=\"chapo\">\n<p><a href=\"https:\/\/www.pedagogie.ac-nice.fr\/eps\/\">https:\/\/www.pedagogie.ac-nice.fr\/eps\/<\/a>&nbsp;s&rsquo;engage \u00e0 ce que la collecte et le traitement de vos donn\u00e9es, effectu\u00e9s \u00e0 partir de ce site, soient conformes \u00e0 loi n\u00b0 78-17 du 6 janvier 1978 modifi\u00e9e, relative \u00e0 l&rsquo;informatique, aux fichiers et aux libert\u00e9s et au \u00ab\u00a0R\u00e8glement g\u00e9n\u00e9ral sur la protection des donn\u00e9es\u00a0\u00bb (RGPD).<\/p>\n<\/div>\n<div id=\"principal\">\n<p>L&rsquo;acad\u00e9mie de Nice est tr\u00e8s attentive \u00e0 la protection des donn\u00e9es \u00e0 caract\u00e8re personnel.&nbsp;<a href=\"https:\/\/www.pedagogie.ac-nice.fr\/eps\/\">https:\/\/www.pedagogie.ac-nice.fr\/eps\/&nbsp;<\/a>s&rsquo;engage \u00e0 ce que la collecte et le traitement de vos donn\u00e9es, effectu\u00e9s \u00e0 partir de ce site, soient conformes&nbsp;:<\/p>\n<ul>\n<li>\u00e0 la&nbsp;<a title=\"Loi n\u00b0 78-17 du 6 janvier 1978 modifi\u00e9e, relative \u00e0 l'informatique, aux fichiers et aux libert\u00e9s (nouvelle fen\u00eatre vers L\u00e9gifrance)\" href=\"https:\/\/www.cnil.fr\/fr\/loi-78-17-du-6-janvier-1978-modifiee\" target=\"_blank\" rel=\"noopener\">loi n\u00b0 78-17 du 6 janvier 1978 modifi\u00e9e, relative \u00e0 l&rsquo;informatique, aux fichiers et aux libert\u00e9s<\/a><\/li>\n<li>au \u00ab\u00a0<a title=\"R\u00e8glement (UE) 2016\/679 du Parlement europ\u00e9en et du Conseil du 27 avril 2016 \" href=\"https:\/\/www.cnil.fr\/fr\/reglement-europeen-protection-donnees\" target=\"_blank\" rel=\"noopener\">R\u00e8glement g\u00e9n\u00e9ral sur la protection des donn\u00e9es<\/a>\u00a0\u00bb (RGPD)<\/li>\n<\/ul>\n<p>Les donn\u00e9es statistiques recueillies sont utilis\u00e9es pour nous permettre d&rsquo;enrichir le parcours des internautes, fournir une meilleure information et ainsi participer \u00e0 l&rsquo;am\u00e9lioration de notre mission de service public.<\/p>\n<h3>A propos des cookies<\/h3>\n<p>Un cookie (ou \u00ab\u00a0traceur\u00a0\u00bb) est un fichier texte d\u00e9pos\u00e9 sur votre ordinateur lors de la visite d&rsquo;un site ou de la consultation d&rsquo;une campagne de communication. Il permet de conserver des donn\u00e9es utilisateur afin de faciliter votre navigation et de vous offrir certaines fonctionnalit\u00e9s. Sur&nbsp;<a href=\"https:\/\/www.pedagogie.ac-nice.fr\/eps\/\">https:\/\/www.pedagogie.ac-nice.fr\/eps\/<\/a>, nous utilisons des cookies afin de mesurer la fr\u00e9quentation du site ainsi que vous pour proposer des vid\u00e9os, des boutons de partage des contenus, des remont\u00e9es de contenus issus de plateformes sociales et des contenus interactifs.<\/p>\n<p>Il convient de distinguer les cookies que nous \u00e9mettons sur&nbsp;<a href=\"https:\/\/www.pedagogie.ac-nice.fr\/eps\/\">https:\/\/www.pedagogie.ac-nice.fr\/eps\/<\/a>&nbsp;pour le bon fonctionnement du site de ceux \u00e9mis par des tiers. En cas de refus des cookies n\u00e9cessaire au bon fonctionnement du site, ou de l&rsquo;effacement de ceux-ci, nous vous informons que vous ne pourrez plus b\u00e9n\u00e9ficier d&rsquo;un certain nombre de fonctionnalit\u00e9s qui sont n\u00e9anmoins n\u00e9cessaires pour naviguer dans certains espaces de ce site web. Nous d\u00e9clinerons toute responsabilit\u00e9 quant \u00e0 ce fonctionnement d\u00e9grad\u00e9.<\/p>\n<p>Il est \u00e0 noter que les donn\u00e9es recueillies afin de mesurer la fr\u00e9quentation du site sont analys\u00e9es par l&rsquo;acad\u00e9mie via les outils de mesure d&rsquo;audience piwik. Ce type de cookie ne permet pas de vous identifier en tant qu&rsquo;individu&nbsp;; il sert uniquement \u00e0 enregistrer vos informations de navigation.<\/p>\n<p>Des cookies peuvent \u00e9galement \u00eatre \u00e9mis sur le site&nbsp;<a href=\"https:\/\/www.pedagogie.ac-nice.fr\/eps\/\">https:\/\/www.pedagogie.ac-nice.fr\/eps\/<\/a>&nbsp;via des applications de tiers. C&rsquo;est le cas par exemple pour les cookies de r\u00e9seaux sociaux. En effet, certaines fonctionnalit\u00e9s propos\u00e9es sur le site (lecteurs vid\u00e9os, contenus interactifs, affichage de contenus issus de plateformes sociales, etc.) font appel \u00e0 des services de tiers. Ces fonctionnalit\u00e9s d\u00e9posent des cookies permettant aux tiers d&rsquo;identifier les sites que vous consultez et les contenus auxquels vous vous int\u00e9ressez. Nous vous informons que nous n&rsquo;exer\u00e7ons pas de contr\u00f4le sur l&rsquo;utilisation par les tiers des informations recueillies mais vous invitons \u00e0 consulter les politiques de protection de la vie priv\u00e9e de ces tiers.<\/p>\n<p>Prendre connaissance des finalit\u00e9s et modalit\u00e9s de traitement de vos donn\u00e9es par les tiers, vos droits et les modalit\u00e9s d&rsquo;exercice de ces derniers&nbsp;:<\/p>\n<ul>\n<li><strong>Mesure d&rsquo;audience<\/strong>&nbsp;:&nbsp;<a href=\"https:\/\/policies.google.com\/privacy?hl=fr\" target=\"_blank\" rel=\"noopener\">Google Analytics<\/a><\/li>\n<li><strong>Contenus interactifs<\/strong>&nbsp;:&nbsp;<a href=\"https:\/\/www.google.fr\/intl\/fr\/policies\/privacy\/\" target=\"_blank\" rel=\"noopener\">YouTube<\/a>,&nbsp;<a href=\"http:\/\/www.dailymotion.com\/legal\/privacy\" target=\"_blank\" rel=\"noopener\">Dailymotion<\/a>,&nbsp;<a href=\"https:\/\/policies.google.com\/privacy?hl=fr\" target=\"_blank\" rel=\"noopener\">Google Maps<\/a>,&nbsp;<a href=\"https:\/\/wiki.osmfoundation.org\/wiki\/Privacy_Policy\" target=\"_blank\" rel=\"noopener\">OpenStreetMap<\/a><\/li>\n<li><strong>R\u00e9seaux sociaux<\/strong>&nbsp;:&nbsp;<a href=\"https:\/\/www.facebook.com\/help\/cookies\/\" target=\"_blank\" rel=\"noopener\">Facebook<\/a>,&nbsp;<a href=\"https:\/\/support.twitter.com\/articles\/20170514\" target=\"_blank\" rel=\"noopener\">Twitter<\/a><\/li>\n<\/ul>\n<p>Vous avez la possibilit\u00e9 de choisir \u00e0 tout moment de d\u00e9sactiver les cookies g\u00e9n\u00e9r\u00e9s lors de votre consultation du site&nbsp;<a href=\"https:\/\/www.pedagogie.ac-nice.fr\/eps\/\">https:\/\/www.pedagogie.ac-nice.fr\/eps\/<\/a>, vous ne pourrez alors plus disposer de toutes le fonctionnalit\u00e9s du site. Les cookies peuvent \u00eatre g\u00e9r\u00e9s au niveau de votre navigateur internet. Voici les proc\u00e9dures \u00e0 suivre pour g\u00e9rer les cookies au niveau de votre navigateur&nbsp;:<\/p>\n<p><a title=\"Activer et d\u00e9sactiver les cookies que les sites internet utilisent pour conna\u00eetre vos pr\u00e9f\u00e9rences (nouvelle fen\u00eatre vers Firefox)\" href=\"https:\/\/support.mozilla.org\/fr\/kb\/activer-desactiver-cookies-preferences?redirectlocale=fr&amp;redirectslug=activer-desactiver-cookies\" target=\"_blank\" rel=\"noopener\">Firefox<\/a><br \/>\n<a title=\"Supprimer, autoriser et g\u00e9rer les cookies dans Chrome (nouvelle fen\u00eatre vers Google)\" href=\"https:\/\/support.google.com\/chrome\/answer\/95647?hl=fr\" target=\"_blank\" rel=\"noopener\">Chrome<\/a><br \/>\n<a title=\"Organiser et supprimer les cookies (nouvelle fen\u00eatre vers Microsoft)\" href=\"https:\/\/support.microsoft.com\/en-us\/help\/17442\/windows-internet-explorer-delete-manage-cookies#ie=ie-9\" target=\"_blank\" rel=\"noopener\">Explorer<\/a><br \/>\n<a title=\"G\u00e9rer les cookies et autres donn\u00e9es de sites web (nouvelle fen\u00eatre vers Safari)\" href=\"https:\/\/support.apple.com\/kb\/PH17191?locale=en_US&amp;viewlocale=fr_FR\" target=\"_blank\" rel=\"noopener\">Safari<\/a><br \/>\n<a title=\"S\u00e9curit\u00e9 et vie priv\u00e9e avec Op\u00e9ra (nouvelle fen\u00eatre vers Op\u00e9ra)\" href=\"https:\/\/www.opera.com\/help\/tutorials\/security\/privacy\/\" target=\"_blank\" rel=\"noopener\">Opera<\/a><\/p>\n<h3>A propos des lettres d&rsquo;information et des alertes parutions<\/h3>\n<p>Le site&nbsp;<a href=\"https:\/\/www.pedagogie.ac-nice.fr\/eps\/\">https:\/\/www.pedagogie.ac-nice.fr\/eps\/<\/a>&nbsp;ne propose pas d&rsquo;abonnement en ligne \u00e0 des lettres d&rsquo;information.<\/p>\n<h3>A propos des formulaires de contact<\/h3>\n<p>L&rsquo;acad\u00e9mie de Nice s&rsquo;engage \u00e0 prendre toutes pr\u00e9cautions utiles pour pr\u00e9server la s\u00e9curit\u00e9 des donn\u00e9es collect\u00e9es aupr\u00e8s de l&rsquo;usager, et notamment emp\u00eacher qu&rsquo;elles soient d\u00e9form\u00e9es, endommag\u00e9es ou que des tiers non autoris\u00e9s y aient acc\u00e8s.<\/p>\n<p>Le minist\u00e8re s&rsquo;engage \u00e0 n&rsquo;op\u00e9rer aucune commercialisation des informations et documents transmis par l&rsquo;usager au moyen du service, et \u00e0 ne pas les communiquer \u00e0 des tiers, en dehors des cas pr\u00e9vus par la loi.<\/p>\n<h3>A propos des photographies et des vid\u00e9os<\/h3>\n<p>Conform\u00e9ment \u00e0 la loi informatique et libert\u00e9s du 6 janvier 1978 modifi\u00e9e relative \u00e0 l&rsquo;informatique, aux fichiers et aux libert\u00e9s, vous disposez d&rsquo;un droit d\u2018acc\u00e8s, de rectification, de modification et de suppression des donn\u00e9es relatives aux photos et vid\u00e9os qui vous concernent. L&rsquo;application de ce droit est accord\u00e9 sans aucune exception.<\/p>\n<p>Pour toute r\u00e9clamation, vous pouvez adresser une lettre recommand\u00e9e avec accus\u00e9 de r\u00e9ception contenant les copies des photographies concern\u00e9es (ou de la copie d&rsquo;\u00e9cran pour une vid\u00e9o) \u00e0 l&rsquo;adresse suivante&nbsp;:<\/p>\n<p>Rectorat de l&rsquo;acad\u00e9mie de Nice<br \/>\n\u00c0 l&rsquo;attention du d\u00e9l\u00e9gu\u00e9 \u00e0 la protection des donn\u00e9es (DPD)<br \/>\n53 avenue Cap. de Croix<br \/>\n06181 Nice Cedex 2<\/p>\n<p>Votre demande doit \u00eatre accompagn\u00e9e de la photocopie d&rsquo;un titre d&rsquo;identit\u00e9 comportant votre signature.<\/p>\n<h3>Exercer vos droits<\/h3>\n<p>Le site&nbsp;<a href=\"https:\/\/www.pedagogie.ac-nice.fr\/eps\/\">https:\/\/www.pedagogie.ac-nice.fr\/eps\/<\/a>&nbsp;ne collecte pas de mani\u00e8re indirecte des donn\u00e9es \u00e0 caract\u00e8re personnel selon les dispositions de l&rsquo;<a title=\"Article 14 du RGPD (nouvelle fen\u00eatre vers le site de la CNIL)\" href=\"https:\/\/www.cnil.fr\/fr\/reglement-europeen-protection-donnees\/chapitre3#Article14\" target=\"_blank\" rel=\"noopener\">article 14 du RGPD<\/a>. Lorsque le site&nbsp;<a href=\"https:\/\/www.pedagogie.ac-nice.fr\/eps\/\">https:\/\/www.pedagogie.ac-nice.fr\/eps\/&nbsp;<\/a>collecte directement des donn\u00e9es \u00e0 caract\u00e8re personnel, telles que les adresses \u00e9lectroniques, nous nous engageons \u00e0 fournir, les informations souhait\u00e9es selon les dispositions de l&rsquo;<a title=\"Article 13 du RGPD (nouvelle fen\u00eatre vers le site de la CNIL)\" href=\"https:\/\/www.cnil.fr\/fr\/reglement-europeen-protection-donnees\/chapitre3#Article13\" target=\"_blank\" rel=\"noopener\">article 13 du RGPD<\/a>.<\/p>\n<p>Pour toute information ou exercice de vos droits (droit d&rsquo;acc\u00e8s, de rectification ou d&rsquo;effacement, droit \u00e0 la limitation du traitement, droit \u00e0 la portabilit\u00e9 des donn\u00e9es et droit d&rsquo;opposition) sur les traitements de donn\u00e9es personnelles g\u00e9r\u00e9s par le site&nbsp;<a href=\"https:\/\/www.pedagogie.ac-nice.fr\/eps\/\">https:\/\/www.pedagogie.ac-nice.fr\/eps\/<\/a>&nbsp;et les services de l&rsquo;acad\u00e9mie de Nice, vous pouvez contacter notre d\u00e9l\u00e9gu\u00e9, etc. \u00e0 la protection des donn\u00e9es (DPD) via le&nbsp;<a href=\"http:\/\/www2.ac-nice.fr\/pid33443\/page.html#RGPD\" target=\"_blank\" rel=\"noopener\">formulaire \u00ab\u00a0Contacter le d\u00e9l\u00e9gu\u00e9 \u00e0 la protection des donn\u00e9es (DPD)\u00a0\u00bb<\/a>&nbsp;ou par courrier&nbsp;:<\/p>\n<p>Rectorat de l&rsquo;acad\u00e9mie de Nice<br \/>\n\u00c0 l&rsquo;attention du d\u00e9l\u00e9gu\u00e9 \u00e0 la protection des donn\u00e9es (DPD)<br \/>\n53 avenue Cap. de Croix<br \/>\n06181 Nice Cedex 2<\/p>\n<p>Vous disposez \u00e9galement du droit d&rsquo;introduire une r\u00e9clamation aupr\u00e8s de l&rsquo;autorit\u00e9 de contr\u00f4le comp\u00e9tente (<a title=\"Nouvevelle fen\u00eatre vers le site de la CNIL\" href=\"https:\/\/www.cnil.fr\/\" target=\"_blank\" rel=\"noopener\">CNIL<\/a>) si vous consid\u00e9rez que le site&nbsp;<a href=\"https:\/\/www.pedagogie.ac-nice.fr\/eps\/\">https:\/\/www.pedagogie.ac-nice.fr\/eps\/<\/a>&nbsp;n&rsquo;a pas respect\u00e9 vos droits.<\/p>\n<p>En savoir plus sur vos droits&nbsp;:&nbsp;&nbsp;<a title=\"Droits de la personne (nouvelle fen\u00eatre vers le site de la CNIL)\" href=\"https:\/\/www.cnil.fr\/fr\/reglement-europeen-protection-donnees\/chapitre3\" target=\"_blank\" rel=\"noopener\">CNIL &#8211; Droits de la personne<\/a><\/p>\n<\/div>\n","protected":false},"excerpt":{"rendered":"<p>https:\/\/www.pedagogie.ac-nice.fr\/eps\/&nbsp;s&rsquo;engage \u00e0 ce que la collecte et le traitement de vos donn\u00e9es, effectu\u00e9s \u00e0 partir de ce site, soient conformes \u00e0 loi n\u00b0 78-17 du 6 janvier 1978 modifi\u00e9e, relative \u00e0 l&rsquo;informatique, aux fichiers et aux libert\u00e9s et au \u00ab\u00a0R\u00e8glement g\u00e9n\u00e9ral sur la protection des donn\u00e9es\u00a0\u00bb (RGPD). L&rsquo;acad\u00e9mie de Nice est tr\u00e8s attentive \u00e0 la &hellip; <a href=\"https:\/\/www.pedagogie.ac-nice.fr\/eps\/politique-de-confidentalite\/\" class=\"more-link\">Continuer la lecture de <span class=\"screen-reader-text\">Politique de confidentialit\u00e9<\/span> <span class=\"meta-nav\">&rarr;<\/span><\/a><\/p>\n","protected":false},"author":267,"featured_media":0,"parent":0,"menu_order":0,"comment_status":"closed","ping_status":"closed","template":"","meta":{"footnotes":""},"class_list":["post-4552","page","type-page","status-publish","hentry"],"rttpg_featured_image_url":null,"rttpg_author":{"display_name":"cedricjourdan","author_link":"https:\/\/www.pedagogie.ac-nice.fr\/eps\/author\/cedricjourdan\/"},"rttpg_comment":0,"rttpg_category":null,"rttpg_excerpt":"https:\/\/www.pedagogie.ac-nice.fr\/eps\/&nbsp;s&rsquo;engage \u00e0 ce que la collecte et le traitement de vos donn\u00e9es, effectu\u00e9s \u00e0 partir de ce site, soient conformes \u00e0 loi n\u00b0 78-17 du 6 janvier 1978 modifi\u00e9e, relative \u00e0 l&rsquo;informatique, aux fichiers et aux libert\u00e9s et au \u00ab\u00a0R\u00e8glement g\u00e9n\u00e9ral sur la protection des donn\u00e9es\u00a0\u00bb (RGPD). L&rsquo;acad\u00e9mie de Nice est tr\u00e8s attentive \u00e0 la\u2026","post_mailing_queue_ids":[],"_links":{"self":[{"href":"https:\/\/www.pedagogie.ac-nice.fr\/eps\/wp-json\/wp\/v2\/pages\/4552","targetHints":{"allow":["GET"]}}],"collection":[{"href":"https:\/\/www.pedagogie.ac-nice.fr\/eps\/wp-json\/wp\/v2\/pages"}],"about":[{"href":"https:\/\/www.pedagogie.ac-nice.fr\/eps\/wp-json\/wp\/v2\/types\/page"}],"author":[{"embeddable":true,"href":"https:\/\/www.pedagogie.ac-nice.fr\/eps\/wp-json\/wp\/v2\/users\/267"}],"replies":[{"embeddable":true,"href":"https:\/\/www.pedagogie.ac-nice.fr\/eps\/wp-json\/wp\/v2\/comments?post=4552"}],"version-history":[{"count":1,"href":"https:\/\/www.pedagogie.ac-nice.fr\/eps\/wp-json\/wp\/v2\/pages\/4552\/revisions"}],"predecessor-version":[{"id":4554,"href":"https:\/\/www.pedagogie.ac-nice.fr\/eps\/wp-json\/wp\/v2\/pages\/4552\/revisions\/4554"}],"wp:attachment":[{"href":"https:\/\/www.pedagogie.ac-nice.fr\/eps\/wp-json\/wp\/v2\/media?parent=4552"}],"curies":[{"name":"wp","href":"https:\/\/api.w.org\/{rel}","templated":true}]}}