{"id":4576,"date":"2021-01-27T10:44:13","date_gmt":"2021-01-27T09:44:13","guid":{"rendered":"https:\/\/www.pedagogie.ac-nice.fr\/eps\/?page_id=4576"},"modified":"2026-03-30T10:16:13","modified_gmt":"2026-03-30T08:16:13","slug":"vademecum-eleves-a-besoins-educatifs-particuliers","status":"publish","type":"page","link":"https:\/\/www.pedagogie.ac-nice.fr\/eps\/ressources-eps-adaptee\/vademecum-eleves-a-besoins-educatifs-particuliers\/","title":{"rendered":"VADEMECUMS"},"content":{"rendered":"<h2>VAD\u00c9-M\u00c9CUM EPS ADAPT\u00c9E<\/h2>\n<p><a href=\"https:\/\/www.pedagogie.ac-nice.fr\/eps\/wp-content\/uploads\/sites\/20\/2023\/09\/Vademecum-EPS-ADAPTEE-31-08-2023.pdf\" target=\"_blank\" rel=\"noopener\"><img loading=\"lazy\" decoding=\"async\" class=\"alignleft wp-image-5116\" src=\"https:\/\/www.pedagogie.ac-nice.fr\/eps\/wp-content\/uploads\/sites\/20\/2021\/07\/image-vademecum-215x300.png\" alt=\"\" width=\"166\" height=\"231\" srcset=\"https:\/\/www.pedagogie.ac-nice.fr\/eps\/wp-content\/uploads\/sites\/20\/2021\/07\/image-vademecum-215x300.png 215w, https:\/\/www.pedagogie.ac-nice.fr\/eps\/wp-content\/uploads\/sites\/20\/2021\/07\/image-vademecum.png 402w\" sizes=\"auto, (max-width: 166px) 100vw, 166px\" \/><\/a><\/p>\n<p><strong>Diff\u00e9rentes th\u00e9matiques sont d\u00e9taill\u00e9es afin d&rsquo;aider \u00e0 la mise en place d&rsquo;une EPS pour tous:<\/strong><\/p>\n<p><strong>&#8211; Les textes officiels<\/strong><\/p>\n<p><strong>&#8211; Pr\u00e9conisations professionnelles<\/strong><\/p>\n<p>&nbsp;<\/p>\n<p><a href=\"https:\/\/www.pedagogie.ac-nice.fr\/eps\/wp-content\/uploads\/sites\/20\/2023\/09\/Vademecum-EPS-ADAPTEE-31-08-2023.pdf\" target=\"_blank\" rel=\"noopener\">En t\u00e9l\u00e9chargement ICI<\/a><\/p>\n<p>&nbsp;<\/p>\n<h2>VAD\u00c9-M\u00c9CUM \u00e9l\u00e8ves \u00e0 besoins \u00e9ducatifs particuliers<\/h2>\n<p><a href=\"https:\/\/www.pedagogie.ac-aix-marseille.fr\/jcms\/c_11218303\/fr\/scolariser-les-eleves-a-besoins-educatifs-particuliers\" target=\"_blank\" rel=\"noopener\"><img loading=\"lazy\" decoding=\"async\" class=\"alignleft wp-image-4003\" src=\"https:\/\/www.pedagogie.ac-nice.fr\/eps\/wp-content\/uploads\/sites\/20\/2020\/01\/Vademecum-besoin-educatif-particulier-300x243.png\" alt=\"\" width=\"264\" height=\"214\" srcset=\"https:\/\/www.pedagogie.ac-nice.fr\/eps\/wp-content\/uploads\/sites\/20\/2020\/01\/Vademecum-besoin-educatif-particulier-300x243.png 300w, https:\/\/www.pedagogie.ac-nice.fr\/eps\/wp-content\/uploads\/sites\/20\/2020\/01\/Vademecum-besoin-educatif-particulier.png 400w\" sizes=\"auto, (max-width: 264px) 100vw, 264px\" \/><\/a><\/p>\n<p>&nbsp;<\/p>\n<p><strong><b>Perm<\/b><b>ettre \u00e0 l\u2019\u00c9cole d\u2019assurer une scolarisation de qualit\u00e9 pour tous les \u00e9l\u00e8ves est une ambition forte du Pr\u00e9sident de la R\u00e9publique qui a fait de la scolarisation des \u00e9l\u00e8ves en situation de handicap une priorit\u00e9 du quinquennat.<\/b><\/strong><\/p>\n<p>&nbsp;<\/p>\n<p>&nbsp;<\/p>\n<p>&nbsp;<\/p>\n<p>Penser l\u2019\u00c9cole inclusive, c\u2019est construire des conditions de scolarisation qui b\u00e9n\u00e9ficieront \u00e0 tous les \u00e9l\u00e8ves. R\u00e9ussir le d\u00e9veloppement de l\u2019\u00c9cole inclusive, c\u2019est porter un regard nouveau sur la diversit\u00e9 de nos publics et d\u00e9velopper des gestes professionnels que l\u2019on soit pilotes, enseignants, personnels d\u2019\u00e9ducation, accompagnants des \u00e9l\u00e8ves en situation de handicap ou tout autre membre de la communaut\u00e9 \u00e9ducative.<\/p>\n<p>Les acad\u00e9mies d\u2019Aix-Marseille et de Nice se mobilisent pour contribuer \u00e0 cet enjeu majeur et accompagner tous les personnels dans la construction des parcours personnalis\u00e9s et des dispositifs de scolarisation et d\u2019accompagnement.<\/p>\n<p><strong>Le vademecum pour l&rsquo;\u00c9cole inclusive, \u00e9dition 2025, guide pour tous les personnels de l\u2019\u00c9ducation nationale des acad\u00e9mies d\u2019Aix-Marseille et de Nice est aujourd&rsquo;hui mis \u00e0 disposition<\/strong><\/p>\n<p><a href=\"https:\/\/www.pedagogie.ac-aix-marseille.fr\/jcms\/c_11218303\/fr\/scolariser-les-eleves-a-besoins-educatifs-particuliers\" target=\"_blank\" rel=\"noopener\">https:\/\/www.pedagogie.ac-aix-marseille.fr\/jcms\/c_11218303\/fr\/scolariser-les-eleves-a-besoins-educatifs-particuliers<\/a><\/p>\n<p><strong>6 th\u00e9<\/strong><strong>matiques<\/strong> sont d\u00e9velopp\u00e9es sous forme de fiches :<\/p>\n<p>&#8211; Construire l&rsquo;\u00c9cole inclusive<\/p>\n<p>&#8211; Construire des \u00e9tablissements inclusifs<\/p>\n<p>&#8211; Construire des parcours inclusifs<\/p>\n<p>&#8211; Construire des projets d&rsquo;orientation inclusifs<\/p>\n<p>&#8211; Construire des pratiques inclusives<\/p>\n<p>&#8211; Construire des \u00e9valuations inclusives<\/p>\n<p>&nbsp;<\/p>\n<h2><span style=\"font-family: 'arial black', sans-serif; font-size: 12pt;\">Rapport sur l&rsquo;activit\u00e9 physique, s\u00e9dentarit\u00e9 et sant\u00e9 des enfants et adolescents r\u00e9alis\u00e9 par l&rsquo;Observatoire national de l&rsquo;activit\u00e9 physique et de la s\u00e9dentarit\u00e9 (ONAPS)<\/span><\/h2>\n<p><a href=\"https:\/\/www.pedagogie.ac-nice.fr\/eps\/wp-content\/uploads\/sites\/20\/2021\/02\/Activite\u0301-Physique-et-se\u0301dentarite\u0301-de-lenfant-et-ladolescent-2020.pdf\" target=\"_blank\" rel=\"noopener\"><img loading=\"lazy\" decoding=\"async\" class=\"aligncenter wp-image-4835 size-medium\" src=\"https:\/\/www.pedagogie.ac-nice.fr\/eps\/wp-content\/uploads\/sites\/20\/2021\/02\/Capture-de\u0301cran-2021-02-09-a\u0300-08.18.26-300x234.png\" alt=\"\" width=\"300\" height=\"234\" srcset=\"https:\/\/www.pedagogie.ac-nice.fr\/eps\/wp-content\/uploads\/sites\/20\/2021\/02\/Capture-de\u0301cran-2021-02-09-a\u0300-08.18.26-300x234.png 300w, https:\/\/www.pedagogie.ac-nice.fr\/eps\/wp-content\/uploads\/sites\/20\/2021\/02\/Capture-de\u0301cran-2021-02-09-a\u0300-08.18.26-768x598.png 768w, https:\/\/www.pedagogie.ac-nice.fr\/eps\/wp-content\/uploads\/sites\/20\/2021\/02\/Capture-de\u0301cran-2021-02-09-a\u0300-08.18.26.png 794w\" sizes=\"auto, (max-width: 300px) 100vw, 300px\" \/><\/a><\/p>\n<p>Dans le contexte sanitaire et social actuel, les mesures prises de confinement ont profond\u00e9ment modifi\u00e9 nos styles de vie et nos activit\u00e9s quotidiennes. L\u2019observatoire propose un \u00e9tat des lieux de l\u2019impact du premier confinement sur l\u2019activit\u00e9 physique et la s\u00e9dentarit\u00e9 des enfants et adolescents. Des recommandations relatives \u00e0 cette situation sont propos\u00e9es\u2026 \u00c0 lire\u2026<\/p>\n","protected":false},"excerpt":{"rendered":"<p>VAD\u00c9-M\u00c9CUM EPS ADAPT\u00c9E Diff\u00e9rentes th\u00e9matiques sont d\u00e9taill\u00e9es afin d&rsquo;aider \u00e0 la mise en place d&rsquo;une EPS pour tous: &#8211; Les textes officiels &#8211; Pr\u00e9conisations professionnelles &nbsp; En t\u00e9l\u00e9chargement ICI &nbsp; VAD\u00c9-M\u00c9CUM \u00e9l\u00e8ves \u00e0 besoins \u00e9ducatifs particuliers &nbsp; Permettre \u00e0 l\u2019\u00c9cole d\u2019assurer une scolarisation de qualit\u00e9 pour tous les \u00e9l\u00e8ves est une ambition forte du Pr\u00e9sident &hellip; <a href=\"https:\/\/www.pedagogie.ac-nice.fr\/eps\/ressources-eps-adaptee\/vademecum-eleves-a-besoins-educatifs-particuliers\/\" class=\"more-link\">Continuer la lecture de <span class=\"screen-reader-text\">VADEMECUMS<\/span> <span class=\"meta-nav\">&rarr;<\/span><\/a><\/p>\n","protected":false},"author":133,"featured_media":0,"parent":2812,"menu_order":0,"comment_status":"closed","ping_status":"closed","template":"","meta":{"footnotes":""},"class_list":["post-4576","page","type-page","status-publish","hentry"],"rttpg_featured_image_url":null,"rttpg_author":{"display_name":"Karine Logeart","author_link":"https:\/\/www.pedagogie.ac-nice.fr\/eps\/author\/k-logeart\/"},"rttpg_comment":0,"rttpg_category":null,"rttpg_excerpt":"VAD\u00c9-M\u00c9CUM EPS ADAPT\u00c9E Diff\u00e9rentes th\u00e9matiques sont d\u00e9taill\u00e9es afin d&rsquo;aider \u00e0 la mise en place d&rsquo;une EPS pour tous: &#8211; Les textes officiels &#8211; Pr\u00e9conisations professionnelles &nbsp; En t\u00e9l\u00e9chargement ICI &nbsp; VAD\u00c9-M\u00c9CUM \u00e9l\u00e8ves \u00e0 besoins \u00e9ducatifs particuliers &nbsp; Permettre \u00e0 l\u2019\u00c9cole d\u2019assurer une scolarisation de qualit\u00e9 pour tous les \u00e9l\u00e8ves est une ambition forte du Pr\u00e9sident\u2026","post_mailing_queue_ids":[],"_links":{"self":[{"href":"https:\/\/www.pedagogie.ac-nice.fr\/eps\/wp-json\/wp\/v2\/pages\/4576","targetHints":{"allow":["GET"]}}],"collection":[{"href":"https:\/\/www.pedagogie.ac-nice.fr\/eps\/wp-json\/wp\/v2\/pages"}],"about":[{"href":"https:\/\/www.pedagogie.ac-nice.fr\/eps\/wp-json\/wp\/v2\/types\/page"}],"author":[{"embeddable":true,"href":"https:\/\/www.pedagogie.ac-nice.fr\/eps\/wp-json\/wp\/v2\/users\/133"}],"replies":[{"embeddable":true,"href":"https:\/\/www.pedagogie.ac-nice.fr\/eps\/wp-json\/wp\/v2\/comments?post=4576"}],"version-history":[{"count":20,"href":"https:\/\/www.pedagogie.ac-nice.fr\/eps\/wp-json\/wp\/v2\/pages\/4576\/revisions"}],"predecessor-version":[{"id":8017,"href":"https:\/\/www.pedagogie.ac-nice.fr\/eps\/wp-json\/wp\/v2\/pages\/4576\/revisions\/8017"}],"up":[{"embeddable":true,"href":"https:\/\/www.pedagogie.ac-nice.fr\/eps\/wp-json\/wp\/v2\/pages\/2812"}],"wp:attachment":[{"href":"https:\/\/www.pedagogie.ac-nice.fr\/eps\/wp-json\/wp\/v2\/media?parent=4576"}],"curies":[{"name":"wp","href":"https:\/\/api.w.org\/{rel}","templated":true}]}}