{"id":48,"date":"2014-01-09T10:07:14","date_gmt":"2014-01-09T09:07:14","guid":{"rendered":"http:\/\/www.ac-nice.fr\/eps\/?page_id=48"},"modified":"2025-08-29T10:19:09","modified_gmt":"2025-08-29T08:19:09","slug":"lettre-rentree-2015","status":"publish","type":"page","link":"https:\/\/www.pedagogie.ac-nice.fr\/eps\/ia-ipr-eps\/lettre-rentree-2015\/","title":{"rendered":"Lettre de rentr\u00e9e IA-IPR EPS"},"content":{"rendered":"<h1 style=\"text-align: center;\">La lettre de rentr\u00e9e des IA-IPR EPS s&rsquo;adresse aux<\/h1>\n<h1 style=\"text-align: center;\">chefs d&rsquo;\u00e9tablissement<\/h1>\n<h1 style=\"text-align: center;\">et \u00e0 tous les enseignants EPS.<\/h1>\n<div>\n<p><a href=\"https:\/\/www.pedagogie.ac-nice.fr\/eps\/wp-content\/uploads\/sites\/20\/2025\/08\/Lettre-de-rentre\u0301e-EPS-2025.pdf\" target=\"_blank\" rel=\"noopener\"><img loading=\"lazy\" decoding=\"async\" class=\"aligncenter wp-image-6568\" src=\"https:\/\/www.pedagogie.ac-nice.fr\/eps\/wp-content\/uploads\/sites\/20\/2022\/10\/Lettre-de-rentree-300x169.jpg\" alt=\"\" width=\"462\" height=\"260\" srcset=\"https:\/\/www.pedagogie.ac-nice.fr\/eps\/wp-content\/uploads\/sites\/20\/2022\/10\/Lettre-de-rentree-300x169.jpg 300w, https:\/\/www.pedagogie.ac-nice.fr\/eps\/wp-content\/uploads\/sites\/20\/2022\/10\/Lettre-de-rentree-1024x576.jpg 1024w, https:\/\/www.pedagogie.ac-nice.fr\/eps\/wp-content\/uploads\/sites\/20\/2022\/10\/Lettre-de-rentree-768x432.jpg 768w, https:\/\/www.pedagogie.ac-nice.fr\/eps\/wp-content\/uploads\/sites\/20\/2022\/10\/Lettre-de-rentree-1536x864.jpg 1536w, https:\/\/www.pedagogie.ac-nice.fr\/eps\/wp-content\/uploads\/sites\/20\/2022\/10\/Lettre-de-rentree.jpg 1920w\" sizes=\"auto, (max-width: 462px) 100vw, 462px\" \/><\/a><\/p>\n<\/div>\n","protected":false},"excerpt":{"rendered":"<p>La lettre de rentr\u00e9e des IA-IPR EPS s&rsquo;adresse aux chefs d&rsquo;\u00e9tablissement et \u00e0 tous les enseignants EPS.<\/p>\n","protected":false},"author":129,"featured_media":0,"parent":5782,"menu_order":0,"comment_status":"closed","ping_status":"closed","template":"","meta":{"footnotes":""},"class_list":["post-48","page","type-page","status-publish","hentry"],"rttpg_featured_image_url":null,"rttpg_author":{"display_name":"Fran\u00e7ois Meignaud","author_link":"https:\/\/www.pedagogie.ac-nice.fr\/eps\/author\/meignaud\/"},"rttpg_comment":0,"rttpg_category":null,"rttpg_excerpt":"La lettre de rentr\u00e9e des IA-IPR EPS s&rsquo;adresse aux chefs d&rsquo;\u00e9tablissement et \u00e0 tous les enseignants EPS.","post_mailing_queue_ids":[],"_links":{"self":[{"href":"https:\/\/www.pedagogie.ac-nice.fr\/eps\/wp-json\/wp\/v2\/pages\/48","targetHints":{"allow":["GET"]}}],"collection":[{"href":"https:\/\/www.pedagogie.ac-nice.fr\/eps\/wp-json\/wp\/v2\/pages"}],"about":[{"href":"https:\/\/www.pedagogie.ac-nice.fr\/eps\/wp-json\/wp\/v2\/types\/page"}],"author":[{"embeddable":true,"href":"https:\/\/www.pedagogie.ac-nice.fr\/eps\/wp-json\/wp\/v2\/users\/129"}],"replies":[{"embeddable":true,"href":"https:\/\/www.pedagogie.ac-nice.fr\/eps\/wp-json\/wp\/v2\/comments?post=48"}],"version-history":[{"count":20,"href":"https:\/\/www.pedagogie.ac-nice.fr\/eps\/wp-json\/wp\/v2\/pages\/48\/revisions"}],"predecessor-version":[{"id":7682,"href":"https:\/\/www.pedagogie.ac-nice.fr\/eps\/wp-json\/wp\/v2\/pages\/48\/revisions\/7682"}],"up":[{"embeddable":true,"href":"https:\/\/www.pedagogie.ac-nice.fr\/eps\/wp-json\/wp\/v2\/pages\/5782"}],"wp:attachment":[{"href":"https:\/\/www.pedagogie.ac-nice.fr\/eps\/wp-json\/wp\/v2\/media?parent=48"}],"curies":[{"name":"wp","href":"https:\/\/api.w.org\/{rel}","templated":true}]}}