{"id":5124,"date":"2021-07-05T10:09:52","date_gmt":"2021-07-05T08:09:52","guid":{"rendered":"https:\/\/www.pedagogie.ac-nice.fr\/eps\/?page_id=5124"},"modified":"2024-01-16T16:21:29","modified_gmt":"2024-01-16T15:21:29","slug":"referentiels-eps-adaptee","status":"publish","type":"page","link":"https:\/\/www.pedagogie.ac-nice.fr\/eps\/referentiels-eps-adaptee\/","title":{"rendered":"R\u00e9f\u00e9rentiels EPS adapt\u00e9e"},"content":{"rendered":"<h2>Exemples de r\u00e9f\u00e9rentiels r\u00e9glementaires d\u2019\u00e9valuation, adapt\u00e9s au coll\u00e8ge et aux lyc\u00e9es<\/h2>\n<ul>\n<li><strong>\u00a0Entr\u00e9e par une APSA :<\/strong><br \/>\nAu LGT : Escalade et Yoga.<br \/>\nAu CAP : Tennis de Table.<\/li>\n<\/ul>\n<table style=\"border-collapse: collapse; width: 100%;\">\n<tbody>\n<tr>\n<td style=\"width: 33.3333%;\"><a href=\"https:\/\/www.pedagogie.ac-nice.fr\/eps\/wp-content\/uploads\/sites\/20\/2021\/07\/Referentiels-adapte-Lycee-CA-2-Escalade-Surcharge-ponderale-Pb-dos-Osgood-rotule.pdf\" target=\"_blank\" rel=\"noopener\"><img loading=\"lazy\" decoding=\"async\" class=\"alignnone size-medium wp-image-3989\" src=\"https:\/\/www.pedagogie.ac-nice.fr\/eps\/wp-content\/uploads\/sites\/20\/2020\/01\/eps-adapt\u00e9e-escalade-300x169.jpg\" alt=\"\" width=\"300\" height=\"169\" srcset=\"https:\/\/www.pedagogie.ac-nice.fr\/eps\/wp-content\/uploads\/sites\/20\/2020\/01\/eps-adapt\u00e9e-escalade-300x169.jpg 300w, https:\/\/www.pedagogie.ac-nice.fr\/eps\/wp-content\/uploads\/sites\/20\/2020\/01\/eps-adapt\u00e9e-escalade.jpg 712w\" sizes=\"auto, (max-width: 300px) 100vw, 300px\" \/><\/a><\/td>\n<td style=\"width: 33.3333%;\"><a href=\"https:\/\/www.pedagogie.ac-nice.fr\/eps\/wp-content\/uploads\/sites\/20\/2021\/07\/Referentiel-adapte-LGT-CA5-yoga.pdf\" target=\"_blank\" rel=\"noopener\"><img loading=\"lazy\" decoding=\"async\" class=\"alignnone size-medium wp-image-4205\" src=\"https:\/\/www.pedagogie.ac-nice.fr\/eps\/wp-content\/uploads\/sites\/20\/2020\/04\/eps-adapt\u00e9e-marguerite-yoga-300x169.jpg\" alt=\"\" width=\"300\" height=\"169\" srcset=\"https:\/\/www.pedagogie.ac-nice.fr\/eps\/wp-content\/uploads\/sites\/20\/2020\/04\/eps-adapt\u00e9e-marguerite-yoga-300x169.jpg 300w, https:\/\/www.pedagogie.ac-nice.fr\/eps\/wp-content\/uploads\/sites\/20\/2020\/04\/eps-adapt\u00e9e-marguerite-yoga.jpg 712w\" sizes=\"auto, (max-width: 300px) 100vw, 300px\" \/><\/a><\/td>\n<td style=\"width: 33.3333%;\"><a href=\"https:\/\/www.pedagogie.ac-nice.fr\/eps\/referentiels-epreuves-ponctuelles-adaptees-tennis-de-table\/\" target=\"_blank\" rel=\"noopener\"><img loading=\"lazy\" decoding=\"async\" class=\"alignnone size-medium wp-image-3990\" src=\"https:\/\/www.pedagogie.ac-nice.fr\/eps\/wp-content\/uploads\/sites\/20\/2020\/01\/eps-adapt\u00e9e-TT-300x169.jpg\" alt=\"\" width=\"300\" height=\"169\" srcset=\"https:\/\/www.pedagogie.ac-nice.fr\/eps\/wp-content\/uploads\/sites\/20\/2020\/01\/eps-adapt\u00e9e-TT-300x169.jpg 300w, https:\/\/www.pedagogie.ac-nice.fr\/eps\/wp-content\/uploads\/sites\/20\/2020\/01\/eps-adapt\u00e9e-TT.jpg 712w\" sizes=\"auto, (max-width: 300px) 100vw, 300px\" \/><\/a><\/td>\n<\/tr>\n<\/tbody>\n<\/table>\n<ul>\n<li>\u00a0<strong>Entr\u00e9e par les besoins \u00e9ducatifs particuliers :<\/strong><br \/>\nAu CAP, en CFA et LP : El\u00e8ves en surpoids en Voile ; El\u00e8ves avec des troubles de la fonction cognitive, mentale et du spectre autistique en Course d\u2019Orientation.<br \/>\nAu coll\u00e8ge (cycle 3 et cycle 4) : El\u00e8ves en fauteuil, avec atteinte d\u2019un membre inf\u00e9rieur, des maladies invalidantes, des Troubles Envahissants du D\u00e9veloppement en acrosport.<\/li>\n<\/ul>\n<table style=\"border-collapse: collapse; width: 100%; height: 103px;\">\n<tbody>\n<tr style=\"height: 103px;\">\n<td style=\"width: 25%; height: 103px;\"><a href=\"https:\/\/www.pedagogie.ac-nice.fr\/eps\/wp-content\/uploads\/sites\/20\/2021\/07\/Referentiel-adaptee-CAP-CA2-Course-dOientation-.pdf\" target=\"_blank\" rel=\"noopener\"><img loading=\"lazy\" decoding=\"async\" class=\"alignnone size-medium wp-image-5110\" src=\"https:\/\/www.pedagogie.ac-nice.fr\/eps\/wp-content\/uploads\/sites\/20\/2021\/07\/eps-adaptee-CO-300x169.jpg\" alt=\"\" width=\"300\" height=\"169\" srcset=\"https:\/\/www.pedagogie.ac-nice.fr\/eps\/wp-content\/uploads\/sites\/20\/2021\/07\/eps-adaptee-CO-300x169.jpg 300w, https:\/\/www.pedagogie.ac-nice.fr\/eps\/wp-content\/uploads\/sites\/20\/2021\/07\/eps-adaptee-CO.jpg 712w\" sizes=\"auto, (max-width: 300px) 100vw, 300px\" \/><\/a><\/td>\n<td style=\"width: 25%; height: 103px;\"><a href=\"https:\/\/www.pedagogie.ac-nice.fr\/eps\/wp-content\/uploads\/sites\/20\/2021\/07\/Referentiel-adapte-CAP-CA-2-Voile-.pdf\" target=\"_blank\" rel=\"noopener\"><img loading=\"lazy\" decoding=\"async\" class=\"alignnone size-medium wp-image-5108\" src=\"https:\/\/www.pedagogie.ac-nice.fr\/eps\/wp-content\/uploads\/sites\/20\/2021\/07\/eps-adaptee-voile-300x169.jpg\" alt=\"\" width=\"300\" height=\"169\" srcset=\"https:\/\/www.pedagogie.ac-nice.fr\/eps\/wp-content\/uploads\/sites\/20\/2021\/07\/eps-adaptee-voile-300x169.jpg 300w, https:\/\/www.pedagogie.ac-nice.fr\/eps\/wp-content\/uploads\/sites\/20\/2021\/07\/eps-adaptee-voile.jpg 712w\" sizes=\"auto, (max-width: 300px) 100vw, 300px\" \/><\/a><\/td>\n<td style=\"width: 25%; height: 103px;\"><a href=\"https:\/\/www.pedagogie.ac-nice.fr\/eps\/wp-content\/uploads\/sites\/20\/2021\/07\/Referentiel-adapte-CLG-CA3-acrosport-TED.pdf\" target=\"_blank\" rel=\"noopener\"><img loading=\"lazy\" decoding=\"async\" class=\"alignnone wp-image-5103 size-medium\" src=\"https:\/\/www.pedagogie.ac-nice.fr\/eps\/wp-content\/uploads\/sites\/20\/2021\/07\/eps-adaptee-acrosport-300x169.jpg\" alt=\"\" width=\"300\" height=\"169\" srcset=\"https:\/\/www.pedagogie.ac-nice.fr\/eps\/wp-content\/uploads\/sites\/20\/2021\/07\/eps-adaptee-acrosport-300x169.jpg 300w, https:\/\/www.pedagogie.ac-nice.fr\/eps\/wp-content\/uploads\/sites\/20\/2021\/07\/eps-adaptee-acrosport.jpg 712w\" sizes=\"auto, (max-width: 300px) 100vw, 300px\" \/><\/a><\/td>\n<\/tr>\n<\/tbody>\n<\/table>\n<ul style=\"list-style-type: square;\">\n<li>\u00a0<strong>Entr\u00e9e par les \u00e9preuves ponctuelles obligatoire :<\/strong>Vous pouvez t\u00e9l\u00e9charger le r\u00e9f\u00e9rentiel d\u2019\u00e9valuation qui correspond au type d\u2019examen (baccalaur\u00e9at g\u00e9n\u00e9ral et technologique, le baccalaur\u00e9at professionnel, CAP)<\/li>\n<\/ul>\n<table>\n<tbody>\n<tr>\n<td><a href=\"https:\/\/www.pedagogie.ac-nice.fr\/eps\/referentiels-epreuves-ponctuelles-adaptees\/\" target=\"_blank\" rel=\"noopener\"><img loading=\"lazy\" decoding=\"async\" class=\"size-medium wp-image-5111 aligncenter\" src=\"https:\/\/www.pedagogie.ac-nice.fr\/eps\/wp-content\/uploads\/sites\/20\/2021\/07\/eps-adaptee-danse-300x169.jpg\" alt=\"\" width=\"300\" height=\"169\" srcset=\"https:\/\/www.pedagogie.ac-nice.fr\/eps\/wp-content\/uploads\/sites\/20\/2021\/07\/eps-adaptee-danse-300x169.jpg 300w, https:\/\/www.pedagogie.ac-nice.fr\/eps\/wp-content\/uploads\/sites\/20\/2021\/07\/eps-adaptee-danse.jpg 712w\" sizes=\"auto, (max-width: 300px) 100vw, 300px\" \/><\/a><\/td>\n<td><a href=\"https:\/\/www.pedagogie.ac-nice.fr\/eps\/referntiels\/\" target=\"_blank\" rel=\"noopener\"><img loading=\"lazy\" decoding=\"async\" class=\"size-medium wp-image-4127 aligncenter\" src=\"https:\/\/www.pedagogie.ac-nice.fr\/eps\/wp-content\/uploads\/sites\/20\/2020\/03\/eps-adapt\u00e9e-marche-300x169.jpg\" alt=\"\" width=\"300\" height=\"169\" srcset=\"https:\/\/www.pedagogie.ac-nice.fr\/eps\/wp-content\/uploads\/sites\/20\/2020\/03\/eps-adapt\u00e9e-marche-300x169.jpg 300w, https:\/\/www.pedagogie.ac-nice.fr\/eps\/wp-content\/uploads\/sites\/20\/2020\/03\/eps-adapt\u00e9e-marche.jpg 712w\" sizes=\"auto, (max-width: 300px) 100vw, 300px\" \/><\/a><\/td>\n<td><a href=\"https:\/\/www.pedagogie.ac-nice.fr\/eps\/referentiels-epreuves-ponctuelles-adaptees-tennis-de-table\/\" target=\"_blank\" rel=\"noopener\"><img loading=\"lazy\" decoding=\"async\" class=\"size-medium wp-image-3990 aligncenter\" src=\"https:\/\/www.pedagogie.ac-nice.fr\/eps\/wp-content\/uploads\/sites\/20\/2020\/01\/eps-adapt\u00e9e-TT-300x169.jpg\" alt=\"\" width=\"300\" height=\"169\" srcset=\"https:\/\/www.pedagogie.ac-nice.fr\/eps\/wp-content\/uploads\/sites\/20\/2020\/01\/eps-adapt\u00e9e-TT-300x169.jpg 300w, https:\/\/www.pedagogie.ac-nice.fr\/eps\/wp-content\/uploads\/sites\/20\/2020\/01\/eps-adapt\u00e9e-TT.jpg 712w\" sizes=\"auto, (max-width: 300px) 100vw, 300px\" \/><\/a><\/td>\n<\/tr>\n<\/tbody>\n<\/table>\n<p>&nbsp;<\/p>\n<p>&nbsp;<\/p>\n<p>&nbsp;<\/p>\n<p>&nbsp;<\/p>\n<p><strong>Le livret candidat des \u00e9preuves ponctuelles adapt\u00e9es pour le Baccalaur\u00e9at G\u00e9n\u00e9ral et technologique:<\/strong><\/p>\n<p>Document en t\u00e9l\u00e9chargement ici<a href=\"https:\/\/www.pedagogie.ac-nice.fr\/eps\/wp-content\/uploads\/sites\/20\/2023\/07\/LIVRET-candidat-Epreuves-ponctuelles-obligatoires-adaptees-session-2023.pdf\" target=\"_blank\" rel=\"noopener\"><img loading=\"lazy\" decoding=\"async\" class=\"alignnone wp-image-2383\" src=\"https:\/\/www.pedagogie.ac-nice.fr\/eps\/wp-content\/uploads\/sites\/20\/2017\/09\/symbole-de-telechargement-1-300x300.jpg\" alt=\"\" width=\"47\" height=\"47\" srcset=\"https:\/\/www.pedagogie.ac-nice.fr\/eps\/wp-content\/uploads\/sites\/20\/2017\/09\/symbole-de-telechargement-1-300x300.jpg 300w, https:\/\/www.pedagogie.ac-nice.fr\/eps\/wp-content\/uploads\/sites\/20\/2017\/09\/symbole-de-telechargement-1-150x150.jpg 150w, https:\/\/www.pedagogie.ac-nice.fr\/eps\/wp-content\/uploads\/sites\/20\/2017\/09\/symbole-de-telechargement-1-100x100.jpg 100w, https:\/\/www.pedagogie.ac-nice.fr\/eps\/wp-content\/uploads\/sites\/20\/2017\/09\/symbole-de-telechargement-1.jpg 626w\" sizes=\"auto, (max-width: 47px) 100vw, 47px\" \/><\/a><\/p>\n","protected":false},"excerpt":{"rendered":"<p>Exemples de r\u00e9f\u00e9rentiels r\u00e9glementaires d\u2019\u00e9valuation, adapt\u00e9s au coll\u00e8ge et aux lyc\u00e9es \u00a0Entr\u00e9e par une APSA : Au LGT : Escalade et Yoga. Au CAP : Tennis de Table. \u00a0Entr\u00e9e par les besoins \u00e9ducatifs particuliers : Au CAP, en CFA et LP : El\u00e8ves en surpoids en Voile ; El\u00e8ves avec des troubles de la fonction &hellip; <a href=\"https:\/\/www.pedagogie.ac-nice.fr\/eps\/referentiels-eps-adaptee\/\" class=\"more-link\">Continuer la lecture de <span class=\"screen-reader-text\">R\u00e9f\u00e9rentiels EPS adapt\u00e9e<\/span> <span class=\"meta-nav\">&rarr;<\/span><\/a><\/p>\n","protected":false},"author":133,"featured_media":0,"parent":0,"menu_order":0,"comment_status":"closed","ping_status":"closed","template":"","meta":{"footnotes":""},"class_list":["post-5124","page","type-page","status-publish","hentry"],"rttpg_featured_image_url":null,"rttpg_author":{"display_name":"Karine Logeart","author_link":"https:\/\/www.pedagogie.ac-nice.fr\/eps\/author\/k-logeart\/"},"rttpg_comment":0,"rttpg_category":null,"rttpg_excerpt":"Exemples de r\u00e9f\u00e9rentiels r\u00e9glementaires d\u2019\u00e9valuation, adapt\u00e9s au coll\u00e8ge et aux lyc\u00e9es \u00a0Entr\u00e9e par une APSA : Au LGT : Escalade et Yoga. Au CAP : Tennis de Table. \u00a0Entr\u00e9e par les besoins \u00e9ducatifs particuliers : Au CAP, en CFA et LP : El\u00e8ves en surpoids en Voile ; El\u00e8ves avec des troubles de la fonction\u2026","post_mailing_queue_ids":[],"_links":{"self":[{"href":"https:\/\/www.pedagogie.ac-nice.fr\/eps\/wp-json\/wp\/v2\/pages\/5124","targetHints":{"allow":["GET"]}}],"collection":[{"href":"https:\/\/www.pedagogie.ac-nice.fr\/eps\/wp-json\/wp\/v2\/pages"}],"about":[{"href":"https:\/\/www.pedagogie.ac-nice.fr\/eps\/wp-json\/wp\/v2\/types\/page"}],"author":[{"embeddable":true,"href":"https:\/\/www.pedagogie.ac-nice.fr\/eps\/wp-json\/wp\/v2\/users\/133"}],"replies":[{"embeddable":true,"href":"https:\/\/www.pedagogie.ac-nice.fr\/eps\/wp-json\/wp\/v2\/comments?post=5124"}],"version-history":[{"count":19,"href":"https:\/\/www.pedagogie.ac-nice.fr\/eps\/wp-json\/wp\/v2\/pages\/5124\/revisions"}],"predecessor-version":[{"id":7205,"href":"https:\/\/www.pedagogie.ac-nice.fr\/eps\/wp-json\/wp\/v2\/pages\/5124\/revisions\/7205"}],"wp:attachment":[{"href":"https:\/\/www.pedagogie.ac-nice.fr\/eps\/wp-json\/wp\/v2\/media?parent=5124"}],"curies":[{"name":"wp","href":"https:\/\/api.w.org\/{rel}","templated":true}]}}