{"id":520,"date":"2014-02-04T21:31:21","date_gmt":"2014-02-04T20:31:21","guid":{"rendered":"http:\/\/www.ac-nice.fr\/eps\/?page_id=520"},"modified":"2024-12-02T15:27:30","modified_gmt":"2024-12-02T14:27:30","slug":"tutoriel","status":"publish","type":"page","link":"https:\/\/www.pedagogie.ac-nice.fr\/eps\/tutoriel\/","title":{"rendered":"Tutoriels"},"content":{"rendered":"<p style=\"text-align: center;\"><span style=\"font-family: 'comic sans ms', sans-serif; font-size: 18pt;\">Voici quelques tutoriels vid\u00e9os pour vous aider \u00e0 utiliser vos supports num\u00e9riques, fichiers, applications, logiciels, administration Web, &#8230;\u00a0<\/span><\/p>\n<table style=\"width: 100%; border-collapse: collapse; border-color: #000000; background-color: #9adbbf;\">\n<tbody>\n<tr>\n<td style=\"width: 27.1524%; border-color: #000000;\"><img loading=\"lazy\" decoding=\"async\" class=\"aligncenter size-full wp-image-4839\" src=\"https:\/\/www.pedagogie.ac-nice.fr\/eps\/wp-content\/uploads\/sites\/20\/2021\/02\/Capture-de\u0301cran-2021-02-10-a\u0300-08.46.11.png\" alt=\"\" width=\"218\" height=\"106\" \/><\/td>\n<td style=\"width: 72.8476%; border-style: inset; border-color: #000000;\">\n<p style=\"text-align: center;\"><span style=\"color: #ff0000;\"><a style=\"color: #ff0000;\" href=\"https:\/\/www.pedagogie.ac-nice.fr\/eps\/wp-content\/uploads\/sites\/20\/2021\/02\/Tutoriel-BaM-Video-delay-et-Hudl-technique.pptx\" target=\"_blank\" rel=\"noopener\"><span style=\"text-decoration: underline; font-size: 14pt;\"><strong><span style=\"font-family: tahoma, arial, helvetica, sans-serif;\">BaM Video Delay \/ Hudl Technique<\/span><\/strong><\/span><\/a><\/span><\/p>\n<p><span style=\"font-family: tahoma, arial, helvetica, sans-serif; font-size: 12pt;\">Ce Tutoriel de Tiphaine DELOS pr\u00e9sente deux applications iOS pour tablette, utiles pour :<br \/>\n<strong>&#8211; Un retour vid\u00e9o imm\u00e9diat et diff\u00e9r\u00e9<\/strong><\/span><br \/>\n<strong><span style=\"font-size: 12pt; font-family: tahoma, arial, helvetica, sans-serif;\">&#8211; Une analyse vid\u00e9o plus affin\u00e9e et enregistr\u00e9e<\/span><\/strong><\/p>\n<p style=\"text-align: center;\">\u27a1\ufe0f\u00a0<span style=\"font-size: 14pt;\"> <span style=\"font-family: tahoma, arial, helvetica, sans-serif;\"><a href=\"https:\/\/www.pedagogie.ac-nice.fr\/eps\/wp-content\/uploads\/sites\/20\/2021\/02\/Tutoriel-BaM-Video-delay-et-Hudl-technique.pptx\" target=\"_blank\" rel=\"noopener\">D\u00e9couvrir ce tutoriel !<\/a><\/span><\/span><\/p>\n<\/td>\n<\/tr>\n<\/tbody>\n<\/table>\n<table style=\"width: 100%; border-collapse: collapse; border-color: #000000; background-color: #83b6d4;\">\n<tbody>\n<tr>\n<td style=\"width: 50%; border-color: #000000;\"><img loading=\"lazy\" decoding=\"async\" class=\"aligncenter size-full wp-image-3246\" src=\"https:\/\/www.pedagogie.ac-nice.fr\/eps\/wp-content\/uploads\/sites\/20\/2018\/10\/Unknown.jpg\" alt=\"\" width=\"225\" height=\"225\" \/><\/td>\n<td style=\"width: 50%; border-style: inset; border-color: #000000; text-align: center;\"><strong><span style=\"text-decoration: underline; font-size: 14pt; color: #333399;\"><span style=\"font-family: tahoma, arial, helvetica, sans-serif;\">Le Couteau Suisse !<\/span><\/span><\/strong><\/p>\n<ul style=\"list-style-type: square;\">\n<li><span style=\"font-family: tahoma, arial, helvetica, sans-serif; font-size: 12pt;\"><a href=\"https:\/\/www.pedagogie.ac-nice.fr\/eps\/wp-content\/uploads\/sites\/20\/2021\/01\/Tutoriel-IDOCEO-bis-floute.pdf\" target=\"_blank\" rel=\"noopener\">Tutoriel (pdf) pour une prise en main rapide d&rsquo;IDOCEO.<\/a><\/span><\/li>\n<li><span style=\"font-family: tahoma, arial, helvetica, sans-serif; font-size: 12pt;\">Vid\u00e9o de prise en main rapide \u2935\ufe0f<\/span><\/li>\n<\/ul>\n<div style=\"width: 568px;\" class=\"wp-video\"><video class=\"wp-video-shortcode\" id=\"video-520-1\" width=\"568\" height=\"320\" preload=\"metadata\" controls=\"controls\"><source type=\"video\/mp4\" src=\"https:\/\/www.pedagogie.ac-nice.fr\/eps\/wp-content\/uploads\/sites\/20\/2017\/01\/Copie-de-Idoceo-1-1-1.mp4?_=1\" \/><a href=\"https:\/\/www.pedagogie.ac-nice.fr\/eps\/wp-content\/uploads\/sites\/20\/2017\/01\/Copie-de-Idoceo-1-1-1.mp4\">https:\/\/www.pedagogie.ac-nice.fr\/eps\/wp-content\/uploads\/sites\/20\/2017\/01\/Copie-de-Idoceo-1-1-1.mp4<\/a><\/video><\/div>\n<ul style=\"list-style-type: square;\">\n<li><span style=\"font-size: 12pt; font-family: tahoma, arial, helvetica, sans-serif;\">Pour aller plus loin, Laetitia VERGER vous guide dans son tutoriel pour utiliser IDOCEO CONNECT\u00a0<\/span>\u2935\ufe0f\u00a0(mettre sur pause si n\u00e9cessaire).<\/li>\n<\/ul>\n<p><iframe loading=\"lazy\" src=\"https:\/\/www.youtube.com\/embed\/zutSv7IIC40\" width=\"560\" height=\"315\" frameborder=\"0\" allowfullscreen=\"allowfullscreen\"><\/iframe><\/p>\n<p>&nbsp;<\/td>\n<\/tr>\n<\/tbody>\n<\/table>\n<div>\n<table style=\"width: 100%; border-collapse: collapse; border-color: #000000; background-color: #9adbbf;\">\n<tbody>\n<tr>\n<td style=\"width: 50%; border-color: #000000;\"><img loading=\"lazy\" decoding=\"async\" class=\"aligncenter size-medium wp-image-3245\" src=\"https:\/\/www.pedagogie.ac-nice.fr\/eps\/wp-content\/uploads\/sites\/20\/2018\/10\/INDEX-EDUCATION___Logiciels_pour_les_\u00e9tablissements_scolaires__Emplois_du_temps__vie_scolaire__notes__absences-300x151.jpg\" alt=\"\" width=\"300\" height=\"151\" \/><\/td>\n<td style=\"width: 50%; border-style: inset; border-color: #000000;\">\n<p style=\"text-align: center;\"><span style=\"text-decoration: underline; font-size: 14pt; color: #339966;\"><strong><span style=\"font-family: tahoma, arial, helvetica, sans-serif;\">PRONOTE<\/span><\/strong><\/span><\/p>\n<ul style=\"list-style-type: square;\">\n<li><a href=\"https:\/\/www.pedagogie.ac-nice.fr\/eps\/wp-content\/uploads\/sites\/20\/2021\/01\/Deposer-et-recuperer-les-travaux-sur-pronote.pdf\" target=\"_blank\" rel=\"noopener\">Tutoriel \u27a1\ufe0f\u00a0D\u00e9poser du travail et le r\u00e9cup\u00e9rer sur Pronote.<\/a><\/li>\n<li><a href=\"https:\/\/www.pedagogie.ac-nice.fr\/eps\/wp-content\/uploads\/sites\/20\/2021\/01\/Pronote-_-Creer-un-Quizz.pdf\" target=\"_blank\" rel=\"noopener\">Tutoriel \u27a1\ufe0f Cr\u00e9er un Quizz sur Pronote.<\/a><\/li>\n<\/ul>\n<p>&nbsp;<\/td>\n<\/tr>\n<\/tbody>\n<\/table>\n<table style=\"width: 100%; border-collapse: collapse; border-color: #000000; background-color: #9adbbf;\">\n<tbody>\n<tr>\n<td style=\"width: 50%; border-color: #000000; background-color: #83b6d4;\">\n<p style=\"text-align: center;\"><img loading=\"lazy\" decoding=\"async\" class=\"aligncenter size-full wp-image-3246\" src=\"https:\/\/www.pedagogie.ac-nice.fr\/eps\/wp-content\/uploads\/sites\/20\/2018\/10\/Unknown.jpg\" alt=\"\" width=\"225\" height=\"225\" \/><\/p>\n<p style=\"text-align: center;\"><span style=\"font-size: 12pt; font-family: tahoma, arial, helvetica, sans-serif;\"><img loading=\"lazy\" decoding=\"async\" class=\"aligncenter size-medium wp-image-3245\" src=\"https:\/\/www.pedagogie.ac-nice.fr\/eps\/wp-content\/uploads\/sites\/20\/2018\/10\/INDEX-EDUCATION___Logiciels_pour_les_\u00e9tablissements_scolaires__Emplois_du_temps__vie_scolaire__notes__absences-300x151.jpg\" alt=\"\" width=\"300\" height=\"151\" \/><\/span><\/p>\n<\/td>\n<td style=\"width: 50%; background-color: #9adbbf; border-color: #000000; border-style: inset;\">\n<p style=\"text-align: center;\"><span style=\"font-size: 14pt; font-family: tahoma, arial, helvetica, sans-serif;\"><span style=\"text-decoration: underline;\"><span style=\"color: #339966; text-decoration: underline;\"><strong>IDOCEO<\/strong> <a style=\"color: #339966; text-decoration: underline;\" href=\"https:\/\/www.pedagogie.ac-nice.fr\/eps\/wp-content\/uploads\/sites\/20\/2021\/01\/Pronote-_-Creer-un-Quizz.pdf\" target=\"_blank\" rel=\"noopener\">\u27a1\ufe0f\u00a0<\/a><strong>PRONOTE<\/strong><\/span><\/span>\u00a0<\/span><\/p>\n<p><span style=\"font-size: 12pt; font-family: tahoma, arial, helvetica, sans-serif;\">5 tutoriels pour une \u00e9valuation chiffr\u00e9e et socl\u00e9e sur Idoceo et import\u00e9e sur Pronote\u00a0\u2935\ufe0f<\/span><\/p>\n<p><span style=\"font-size: 12pt; font-family: tahoma, arial, helvetica, sans-serif;\"><a href=\"https:\/\/www.pedagogie.ac-nice.fr\/eps\/?p=3247&amp;preview=true\" target=\"_blank\" rel=\"noopener\">LIEN vers les 5 tutoriels.<\/a><\/span><\/td>\n<\/tr>\n<\/tbody>\n<\/table>\n<table style=\"width: 100%; border-collapse: collapse; border-color: #000000; background-color: #e6af57;\">\n<tbody>\n<tr>\n<td style=\"width: 50%; border-color: #000000;\"><img loading=\"lazy\" decoding=\"async\" class=\"aligncenter size-medium wp-image-4694\" src=\"https:\/\/www.pedagogie.ac-nice.fr\/eps\/wp-content\/uploads\/sites\/20\/2021\/01\/tactileo-158x300.png\" alt=\"\" width=\"158\" height=\"300\" srcset=\"https:\/\/www.pedagogie.ac-nice.fr\/eps\/wp-content\/uploads\/sites\/20\/2021\/01\/tactileo-158x300.png 158w, https:\/\/www.pedagogie.ac-nice.fr\/eps\/wp-content\/uploads\/sites\/20\/2021\/01\/tactileo.png 163w\" sizes=\"auto, (max-width: 158px) 100vw, 158px\" \/><\/td>\n<td style=\"width: 50%; border-style: inset; border-color: #000000; text-align: center;\"><span style=\"text-decoration: underline; color: #ff6600;\"><strong><span style=\"font-family: tahoma, arial, helvetica, sans-serif; font-size: 12pt;\">TACTILEO<\/span><\/strong><\/span><\/p>\n<p><span style=\"font-family: tahoma, arial, helvetica, sans-serif; font-size: 12pt;\">Pour une d\u00e9marche en \u00ab\u00a0classe invers\u00e9e\u00a0\u00bb.<\/span><\/p>\n<p><a href=\"https:\/\/www.pedagogie.ac-nice.fr\/eps\/wp-content\/uploads\/sites\/20\/2021\/01\/Pronote-_-Creer-un-Quizz.pdf\" target=\"_blank\" rel=\"noopener\">\u27a1\ufe0f<\/a> <span style=\"font-family: tahoma, arial, helvetica, sans-serif; font-size: 12pt;\"><a href=\"https:\/\/www.youtube.com\/watch?v=3w8QTjyAW2I\" target=\"_blank\" rel=\"noopener\">S&rsquo;inscrire sur Tactil\u00e9o.<\/a><\/span><\/p>\n<p><span style=\"font-family: tahoma, arial, helvetica, sans-serif; font-size: 12pt;\"><a href=\"https:\/\/www.pedagogie.ac-nice.fr\/eps\/wp-content\/uploads\/sites\/20\/2021\/01\/Pronote-_-Creer-un-Quizz.pdf\" target=\"_blank\" rel=\"noopener\">\u27a1\ufe0f<\/a> <a href=\"https:\/\/www.youtube.com\/watch?v=80ICCQDjgDQ\" target=\"_blank\" rel=\"noopener\">Cr\u00e9er et partager des modules Tactil\u00e9o.<\/a><\/span><\/td>\n<\/tr>\n<\/tbody>\n<\/table>\n<\/div>\n<div><\/div>\n<hr style=\"width: 900px; color: black; background-color: black; height: 5px;\" \/>\n<div>\n<table style=\"width: 100%; border-collapse: collapse; border-color: #000000; background-color: #dea350;\">\n<tbody>\n<tr>\n<td style=\"width: 50%; border-color: #000000;\"><a href=\"https:\/\/www.pedagogie.ac-nice.fr\/eps\/wp-content\/uploads\/sites\/20\/2018\/06\/videoplayback.mp4\" target=\"_blank\" rel=\"noopener noreferrer\"><img loading=\"lazy\" decoding=\"async\" class=\"aligncenter wp-image-2100 size-medium\" src=\"https:\/\/www.pedagogie.ac-nice.fr\/eps\/wp-content\/uploads\/sites\/20\/2014\/02\/logo-book-creator-1-300x300.png\" alt=\"logo-book-creator\" width=\"300\" height=\"300\" srcset=\"https:\/\/www.pedagogie.ac-nice.fr\/eps\/wp-content\/uploads\/sites\/20\/2014\/02\/logo-book-creator-1-300x300.png 300w, https:\/\/www.pedagogie.ac-nice.fr\/eps\/wp-content\/uploads\/sites\/20\/2014\/02\/logo-book-creator-1-150x150.png 150w, https:\/\/www.pedagogie.ac-nice.fr\/eps\/wp-content\/uploads\/sites\/20\/2014\/02\/logo-book-creator-1-768x768.png 768w, https:\/\/www.pedagogie.ac-nice.fr\/eps\/wp-content\/uploads\/sites\/20\/2014\/02\/logo-book-creator-1-1024x1024.png 1024w, https:\/\/www.pedagogie.ac-nice.fr\/eps\/wp-content\/uploads\/sites\/20\/2014\/02\/logo-book-creator-1.png 1200w, https:\/\/www.pedagogie.ac-nice.fr\/eps\/wp-content\/uploads\/sites\/20\/2014\/02\/logo-book-creator-1-100x100.png 100w\" sizes=\"auto, (max-width: 300px) 100vw, 300px\" \/><\/a><\/td>\n<td style=\"width: 50%; border-style: inset; border-color: #000000; text-align: center;\"><span style=\"text-decoration: underline; font-size: 14pt; font-family: tahoma, arial, helvetica, sans-serif;\"><strong><span style=\"color: #ff6600; text-decoration: underline;\">BOOK CREATOR<\/span><\/strong><\/span><\/p>\n<p><span style=\"font-size: 12pt;\"><a href=\"https:\/\/www.pedagogie.ac-nice.fr\/eps\/wp-content\/uploads\/sites\/20\/2021\/01\/Pronote-_-Creer-un-Quizz.pdf\" target=\"_blank\" rel=\"noopener\">\u27a1\ufe0f<\/a><span style=\"font-family: tahoma, arial, helvetica, sans-serif;\">\u00a0<a href=\"https:\/\/www.pedagogie.ac-nice.fr\/eps\/wp-content\/uploads\/sites\/20\/2018\/06\/videoplayback.mp4\" target=\"_blank\" rel=\"noopener\">Vid\u00e9o de sc\u00e9nario p\u00e9dagogique.<\/a><\/span><\/span><\/p>\n<p><span style=\"font-size: 12pt; font-family: tahoma, arial, helvetica, sans-serif;\"><a href=\"https:\/\/www.pedagogie.ac-nice.fr\/eps\/wp-content\/uploads\/sites\/20\/2021\/01\/Pronote-_-Creer-un-Quizz.pdf\" target=\"_blank\" rel=\"noopener\">\u27a1\ufe0f<\/a><a href=\"https:\/\/www.pedagogie.ac-nice.fr\/eps\/wp-content\/uploads\/sites\/20\/2016\/11\/Tutoriel-Book-Cr%C3%A9ator-ilovepdf-compressed-1.pdf\" target=\"_blank\" rel=\"noopener\"> Tutoriel de prise en main de Book Creator.<\/a><\/span><\/td>\n<\/tr>\n<\/tbody>\n<\/table>\n<\/div>\n<div><\/div>\n<hr style=\"width: 900px; color: black; background-color: black; height: 5px;\" \/>\n<div><\/div>\n<div>\n<table style=\"width: 100%; border-collapse: collapse; border-color: #000000; background-color: #f08d8d;\">\n<tbody>\n<tr>\n<td style=\"width: 50%; border-color: #000000;\"><a href=\"https:\/\/www.pedagogie.ac-nice.fr\/eps\/wp-content\/uploads\/sites\/20\/2018\/06\/La-classe-invers\u00e9e-avec-Edpuzzle.mp4\" target=\"_blank\" rel=\"noopener noreferrer\"><img loading=\"lazy\" decoding=\"async\" class=\"aligncenter wp-image-2152 size-thumbnail\" src=\"https:\/\/www.pedagogie.ac-nice.fr\/eps\/wp-content\/uploads\/sites\/20\/2016\/12\/edpuzzle-1-150x150.png\" alt=\"edpuzzle\" width=\"150\" height=\"150\" srcset=\"https:\/\/www.pedagogie.ac-nice.fr\/eps\/wp-content\/uploads\/sites\/20\/2016\/12\/edpuzzle-1-150x150.png 150w, https:\/\/www.pedagogie.ac-nice.fr\/eps\/wp-content\/uploads\/sites\/20\/2016\/12\/edpuzzle-1-300x300.png 300w, https:\/\/www.pedagogie.ac-nice.fr\/eps\/wp-content\/uploads\/sites\/20\/2016\/12\/edpuzzle-1-100x100.png 100w, https:\/\/www.pedagogie.ac-nice.fr\/eps\/wp-content\/uploads\/sites\/20\/2016\/12\/edpuzzle-1.png 500w\" sizes=\"auto, (max-width: 150px) 100vw, 150px\" \/><\/a><\/td>\n<td style=\"width: 50%; border-style: inset; border-color: #000000; text-align: center;\"><span style=\"text-decoration: underline; color: #c45454;\"><span style=\"font-size: 14pt; font-family: tahoma, arial, helvetica, sans-serif;\"><strong>EDPUZZLE<\/strong><\/span><\/span><\/p>\n<p><span style=\"font-size: 12pt;\"><a href=\"https:\/\/www.pedagogie.ac-nice.fr\/eps\/wp-content\/uploads\/sites\/20\/2021\/01\/Pronote-_-Creer-un-Quizz.pdf\" target=\"_blank\" rel=\"noopener\">\u27a1\ufe0f<\/a>\u00a0<a href=\"https:\/\/www.pedagogie.ac-nice.fr\/eps\/wp-content\/uploads\/sites\/20\/2018\/06\/La-classe-invers\u00e9e-avec-Edpuzzle.mp4\" target=\"_blank\" rel=\"noopener\">Sc\u00e9nario p\u00e9dagogique en vid\u00e9o.<\/a><\/span><\/p>\n<p><span style=\"font-size: 12pt; font-family: tahoma, arial, helvetica, sans-serif;\"><a href=\"https:\/\/www.youtube.com\/watch?v=DYO2Z1njne4\" target=\"_blank\" rel=\"noopener\">\u27a1\ufe0f Tutoriel d&rsquo;aide \u00e0 la prise en main d&rsquo; EDpuzzle.<\/a><\/span><\/p>\n<p>&nbsp;<\/td>\n<\/tr>\n<\/tbody>\n<\/table>\n<\/div>\n<hr style=\"width: 900px; color: black; background-color: black; height: 5px;\" \/>\n<h2><\/h2>\n","protected":false},"excerpt":{"rendered":"<p>Voici quelques tutoriels vid\u00e9os pour vous aider \u00e0 utiliser vos supports num\u00e9riques, fichiers, applications, logiciels, administration Web, &#8230;\u00a0 BaM Video Delay \/ Hudl Technique Ce Tutoriel de Tiphaine DELOS pr\u00e9sente deux applications iOS pour tablette, utiles pour : &#8211; Un retour vid\u00e9o imm\u00e9diat et diff\u00e9r\u00e9 &#8211; Une analyse vid\u00e9o plus affin\u00e9e et enregistr\u00e9e \u27a1\ufe0f\u00a0 D\u00e9couvrir &hellip; <a href=\"https:\/\/www.pedagogie.ac-nice.fr\/eps\/tutoriel\/\" class=\"more-link\">Continuer la lecture de <span class=\"screen-reader-text\">Tutoriels<\/span> <span class=\"meta-nav\">&rarr;<\/span><\/a><\/p>\n","protected":false},"author":129,"featured_media":0,"parent":0,"menu_order":0,"comment_status":"closed","ping_status":"closed","template":"","meta":{"footnotes":""},"class_list":["post-520","page","type-page","status-publish","hentry"],"rttpg_featured_image_url":null,"rttpg_author":{"display_name":"Fran\u00e7ois Meignaud","author_link":"https:\/\/www.pedagogie.ac-nice.fr\/eps\/author\/meignaud\/"},"rttpg_comment":0,"rttpg_category":null,"rttpg_excerpt":"Voici quelques tutoriels vid\u00e9os pour vous aider \u00e0 utiliser vos supports num\u00e9riques, fichiers, applications, logiciels, administration Web, &#8230;\u00a0 BaM Video Delay \/ Hudl Technique Ce Tutoriel de Tiphaine DELOS pr\u00e9sente deux applications iOS pour tablette, utiles pour : &#8211; Un retour vid\u00e9o imm\u00e9diat et diff\u00e9r\u00e9 &#8211; Une analyse vid\u00e9o plus affin\u00e9e et enregistr\u00e9e \u27a1\ufe0f\u00a0 D\u00e9couvrir\u2026","post_mailing_queue_ids":[],"_links":{"self":[{"href":"https:\/\/www.pedagogie.ac-nice.fr\/eps\/wp-json\/wp\/v2\/pages\/520","targetHints":{"allow":["GET"]}}],"collection":[{"href":"https:\/\/www.pedagogie.ac-nice.fr\/eps\/wp-json\/wp\/v2\/pages"}],"about":[{"href":"https:\/\/www.pedagogie.ac-nice.fr\/eps\/wp-json\/wp\/v2\/types\/page"}],"author":[{"embeddable":true,"href":"https:\/\/www.pedagogie.ac-nice.fr\/eps\/wp-json\/wp\/v2\/users\/129"}],"replies":[{"embeddable":true,"href":"https:\/\/www.pedagogie.ac-nice.fr\/eps\/wp-json\/wp\/v2\/comments?post=520"}],"version-history":[{"count":42,"href":"https:\/\/www.pedagogie.ac-nice.fr\/eps\/wp-json\/wp\/v2\/pages\/520\/revisions"}],"predecessor-version":[{"id":7569,"href":"https:\/\/www.pedagogie.ac-nice.fr\/eps\/wp-json\/wp\/v2\/pages\/520\/revisions\/7569"}],"wp:attachment":[{"href":"https:\/\/www.pedagogie.ac-nice.fr\/eps\/wp-json\/wp\/v2\/media?parent=520"}],"curies":[{"name":"wp","href":"https:\/\/api.w.org\/{rel}","templated":true}]}}