{"id":54,"date":"2014-01-09T11:35:39","date_gmt":"2014-01-09T10:35:39","guid":{"rendered":"http:\/\/www.ac-nice.fr\/eps\/?page_id=54"},"modified":"2024-09-16T12:47:56","modified_gmt":"2024-09-16T10:47:56","slug":"repartition-bassins","status":"publish","type":"page","link":"https:\/\/www.pedagogie.ac-nice.fr\/eps\/repartition-bassins\/","title":{"rendered":"Tableau r\u00e9partition des territoires et des dossiers en responsabilit\u00e9"},"content":{"rendered":"<table style=\"border-collapse: collapse; width: 100%;\">\n<tbody>\n<tr>\n<td style=\"width: 50%; border-style: ridge; border-color: #0f0830; background-color: #a69f9f; text-align: center; vertical-align: middle;\">Q<em><strong>ui contacter en fonction de votre questionnement?<\/strong><\/em><\/p>\n<p><a href=\"https:\/\/www.pedagogie.ac-nice.fr\/eps\/wp-content\/uploads\/sites\/20\/2024\/09\/Repartition-des-missions-Discipline-EPS-MENARD-C-RIGOTTARD-D-MARIN-L.pdf\" target=\"_blank\" rel=\"noopener\"><img loading=\"lazy\" decoding=\"async\" class=\"wp-image-2383 aligncenter\" src=\"https:\/\/www.pedagogie.ac-nice.fr\/eps\/wp-content\/uploads\/sites\/20\/2017\/09\/symbole-de-telechargement-1-300x300.jpg\" alt=\"\" width=\"58\" height=\"58\" srcset=\"https:\/\/www.pedagogie.ac-nice.fr\/eps\/wp-content\/uploads\/sites\/20\/2017\/09\/symbole-de-telechargement-1-300x300.jpg 300w, https:\/\/www.pedagogie.ac-nice.fr\/eps\/wp-content\/uploads\/sites\/20\/2017\/09\/symbole-de-telechargement-1-150x150.jpg 150w, https:\/\/www.pedagogie.ac-nice.fr\/eps\/wp-content\/uploads\/sites\/20\/2017\/09\/symbole-de-telechargement-1-100x100.jpg 100w, https:\/\/www.pedagogie.ac-nice.fr\/eps\/wp-content\/uploads\/sites\/20\/2017\/09\/symbole-de-telechargement-1.jpg 626w\" sizes=\"auto, (max-width: 58px) 100vw, 58px\" \/><\/a><\/td>\n<td style=\"width: 50%; border-style: ridge; border-color: #0f0830; background-color: #a69f9f; text-align: center; vertical-align: middle;\">Q<em><strong>ui contacter en fonction de votre \u00e9tablissement et son secteur<br \/>\n<\/strong><\/em><a href=\"https:\/\/www.pedagogie.ac-nice.fr\/eps\/wp-content\/uploads\/sites\/20\/2024\/09\/Repartition-IA-IPR-EPS-par-etablissement-01-09-2024.pdf\" target=\"_blank\" rel=\"noopener\"><img loading=\"lazy\" decoding=\"async\" class=\"wp-image-2383 aligncenter\" src=\"https:\/\/www.pedagogie.ac-nice.fr\/eps\/wp-content\/uploads\/sites\/20\/2017\/09\/symbole-de-telechargement-1-300x300.jpg\" alt=\"\" width=\"58\" height=\"58\" srcset=\"https:\/\/www.pedagogie.ac-nice.fr\/eps\/wp-content\/uploads\/sites\/20\/2017\/09\/symbole-de-telechargement-1-300x300.jpg 300w, https:\/\/www.pedagogie.ac-nice.fr\/eps\/wp-content\/uploads\/sites\/20\/2017\/09\/symbole-de-telechargement-1-150x150.jpg 150w, https:\/\/www.pedagogie.ac-nice.fr\/eps\/wp-content\/uploads\/sites\/20\/2017\/09\/symbole-de-telechargement-1-100x100.jpg 100w, https:\/\/www.pedagogie.ac-nice.fr\/eps\/wp-content\/uploads\/sites\/20\/2017\/09\/symbole-de-telechargement-1.jpg 626w\" sizes=\"auto, (max-width: 58px) 100vw, 58px\" \/><\/a><\/p>\n<p style=\"text-align: center;\">\n<\/td>\n<\/tr>\n<\/tbody>\n<\/table>\n<h2>R\u00e9partition des bassins pour le suivi des \u00e9tablissements publics et priv\u00e9s pour chacun des IA IPR EPS<\/h2>\n<p><strong> Lionel MARIN:<\/strong><\/p>\n<ul>\n<li>Bassin Brignoles<\/li>\n<li>Bassin Draguignan<\/li>\n<li>Bassin Hy\u00e8res<\/li>\n<li>Bassin menton- Roya<\/li>\n<li>Bassin Nice-Cagnes<\/li>\n<\/ul>\n<p><strong>Christine MENARD:<\/strong><\/p>\n<ul>\n<li>Bassin Nice-Est<\/li>\n<li>Bassin Toulon<\/li>\n<li>Bassin La Seyne Sur Mer<\/li>\n<\/ul>\n<p><strong>Didier RIGOTTARD :<\/strong><\/p>\n<ul>\n<li>Bassin Antibes Valbonne<\/li>\n<li>Bassin Nice 3 Vall\u00e9es<\/li>\n<li>Bassin Cannes- Grasse<\/li>\n<li>Bassin Fr\u00e9jus-Saint Rapha\u00ebl<\/li>\n<\/ul>\n","protected":false},"excerpt":{"rendered":"<p>Qui contacter en fonction de votre questionnement? Qui contacter en fonction de votre \u00e9tablissement et son secteur R\u00e9partition des bassins pour le suivi des \u00e9tablissements publics et priv\u00e9s pour chacun des IA IPR EPS Lionel MARIN: Bassin Brignoles Bassin Draguignan Bassin Hy\u00e8res Bassin menton- Roya Bassin Nice-Cagnes Christine MENARD: Bassin Nice-Est Bassin Toulon Bassin La &hellip; <a href=\"https:\/\/www.pedagogie.ac-nice.fr\/eps\/repartition-bassins\/\" class=\"more-link\">Continuer la lecture de <span class=\"screen-reader-text\">Tableau r\u00e9partition des territoires et des dossiers en responsabilit\u00e9<\/span> <span class=\"meta-nav\">&rarr;<\/span><\/a><\/p>\n","protected":false},"author":129,"featured_media":0,"parent":0,"menu_order":0,"comment_status":"closed","ping_status":"closed","template":"","meta":{"footnotes":""},"class_list":["post-54","page","type-page","status-publish","hentry"],"rttpg_featured_image_url":null,"rttpg_author":{"display_name":"Fran\u00e7ois Meignaud","author_link":"https:\/\/www.pedagogie.ac-nice.fr\/eps\/author\/meignaud\/"},"rttpg_comment":0,"rttpg_category":null,"rttpg_excerpt":"Qui contacter en fonction de votre questionnement? Qui contacter en fonction de votre \u00e9tablissement et son secteur R\u00e9partition des bassins pour le suivi des \u00e9tablissements publics et priv\u00e9s pour chacun des IA IPR EPS Lionel MARIN: Bassin Brignoles Bassin Draguignan Bassin Hy\u00e8res Bassin menton- Roya Bassin Nice-Cagnes Christine MENARD: Bassin Nice-Est Bassin Toulon Bassin La\u2026","post_mailing_queue_ids":[],"_links":{"self":[{"href":"https:\/\/www.pedagogie.ac-nice.fr\/eps\/wp-json\/wp\/v2\/pages\/54","targetHints":{"allow":["GET"]}}],"collection":[{"href":"https:\/\/www.pedagogie.ac-nice.fr\/eps\/wp-json\/wp\/v2\/pages"}],"about":[{"href":"https:\/\/www.pedagogie.ac-nice.fr\/eps\/wp-json\/wp\/v2\/types\/page"}],"author":[{"embeddable":true,"href":"https:\/\/www.pedagogie.ac-nice.fr\/eps\/wp-json\/wp\/v2\/users\/129"}],"replies":[{"embeddable":true,"href":"https:\/\/www.pedagogie.ac-nice.fr\/eps\/wp-json\/wp\/v2\/comments?post=54"}],"version-history":[{"count":22,"href":"https:\/\/www.pedagogie.ac-nice.fr\/eps\/wp-json\/wp\/v2\/pages\/54\/revisions"}],"predecessor-version":[{"id":7442,"href":"https:\/\/www.pedagogie.ac-nice.fr\/eps\/wp-json\/wp\/v2\/pages\/54\/revisions\/7442"}],"wp:attachment":[{"href":"https:\/\/www.pedagogie.ac-nice.fr\/eps\/wp-json\/wp\/v2\/media?parent=54"}],"curies":[{"name":"wp","href":"https:\/\/api.w.org\/{rel}","templated":true}]}}