{"id":5575,"date":"2021-09-16T18:57:25","date_gmt":"2021-09-16T16:57:25","guid":{"rendered":"https:\/\/www.pedagogie.ac-nice.fr\/eps\/?page_id=5575"},"modified":"2021-10-15T16:53:34","modified_gmt":"2021-10-15T14:53:34","slug":"socle-commun","status":"publish","type":"page","link":"https:\/\/www.pedagogie.ac-nice.fr\/eps\/institutionnel\/socle-commun\/","title":{"rendered":"Socle Commun"},"content":{"rendered":"<p><strong>Socle commun de connaissances, de comp\u00e9tences et de culture<\/strong><\/p>\n<p>L&rsquo;Education physique et sportive (EPS) \u00e0 tous les niveaux de la scolarit\u00e9, <strong>vise la r\u00e9ussite de tous les \u00e9l\u00e8ves<\/strong> et contribue, avec les autres disciplines, <strong>\u00e0 l&rsquo;instruction, la formation et l&rsquo;\u00e9ducation<\/strong> de chacun. Elle participe \u00e0 l&rsquo;<strong>acquisition et \u00e0 la ma\u00eetrise du socle commun,de connaissances, de comp\u00e9tences et de culture,<\/strong> et permet de faire partager aux \u00e9l\u00e8ves les <strong>valeurs de la r\u00e9publique<\/strong>\u2026<\/p>\n<p>D\u00e9cret n\u00b0 2015-372 du 31-3-2015 &#8211; J.O. du 2-4-2015<\/p>\n<p style=\"text-align: center;\">&#8230;&#8230;&#8230;&#8230;&#8230;&#8230;&#8230;&#8230;&#8230;&#8230;&#8230;&#8230;&#8230;&#8230;&#8230;&#8230;&#8230;&#8230;&#8230;&#8230;&#8230;&#8230;&#8230;&#8230;&#8230;&#8230;&#8230;&#8230;&#8230;&#8230;&#8230;&#8230;&#8230;&#8230;&#8230;&#8230;&#8230;&#8230;&#8230;&#8230;&#8230;&#8230;&#8230;&#8230;&#8230;<\/p>\n<div>\n<h2 class=\"moz-text-html\">Diaporama pr\u00e9sent\u00e9 aux coordonnateurs coll\u00e8ge en avril 2018<\/h2>\n<\/div>\n<p><a href=\"https:\/\/www.pedagogie.ac-nice.fr\/eps\/wp-content\/uploads\/sites\/20\/2018\/07\/Re\u0301union-coordonnateurs-Avril-2018-.pdf\" target=\"_blank\" rel=\"noopener noreferrer\"><img loading=\"lazy\" decoding=\"async\" class=\"wp-image-2679 aligncenter\" src=\"https:\/\/www.pedagogie.ac-nice.fr\/eps\/wp-content\/uploads\/sites\/20\/2018\/06\/R\u00e9union-coordo-300x220.png\" alt=\"\" width=\"182\" height=\"133\" srcset=\"https:\/\/www.pedagogie.ac-nice.fr\/eps\/wp-content\/uploads\/sites\/20\/2018\/06\/R\u00e9union-coordo-300x220.png 300w, https:\/\/www.pedagogie.ac-nice.fr\/eps\/wp-content\/uploads\/sites\/20\/2018\/06\/R\u00e9union-coordo-768x562.png 768w, https:\/\/www.pedagogie.ac-nice.fr\/eps\/wp-content\/uploads\/sites\/20\/2018\/06\/R\u00e9union-coordo.png 1007w\" sizes=\"auto, (max-width: 182px) 100vw, 182px\" \/><\/a><\/p>\n<div>&nbsp;<\/div>\n<div>&nbsp;<\/div>\n<div>Pour atteindre les vis\u00e9es \u00e9ducatives, la ma\u00eetrise du socle commun et garantir une formation compl\u00e8te et \u00e9quilibr\u00e9e, les contenus de l&rsquo;enseignement de l&rsquo;EPS, s&rsquo;organisent autour de cinq domaines de formation qui d\u00e9finissent les grands enjeux de formation durant la scolarit\u00e9 obligatoire.<\/div>\n<div>\n<p>La loi du 8 juillet 2013 d&rsquo;orientation et de programmation pour la refondation de &nbsp;l&rsquo;\u00e9cole de la r\u00e9publique annonce dans son article 13 un nouveau socle commun de connaissances, de comp\u00e9tences et de culture (S4C).La scolarit\u00e9 obligatoire doit garantir \u00e0 chaque \u00e9l\u00e8ve les moyens n\u00e9cessaires \u00e0 l&rsquo;acquisition d&rsquo;un&nbsp;<b>socle commun de connaissances, de comp\u00e9tences et de culture<\/b>,<a href=\"http:\/\/www.education.gouv.fr\/pid285\/bulletin_officiel.html?cid_bo=87834\" target=\"_blank\" rel=\"noopener noreferrer\"> Bulletin officiel n\u00b0 17 du 23 avril 2015, <\/a>auquel contribue l&rsquo;ensemble des enseignements dispens\u00e9s au cours de la scolarit\u00e9. Le socle doit permettre la poursuite d&rsquo;\u00e9tudes, la construction d&rsquo;un avenir personnel et professionnel et pr\u00e9parer \u00e0 l&rsquo;exercice de la citoyennet\u00e9. Les \u00e9l\u00e9ments de ce socle commun et les modalit\u00e9s de son acquisition progressive sont fix\u00e9s par d\u00e9cret, apr\u00e8s avis du Conseil sup\u00e9rieur des programmes. (article L. 122-1-1 du code de l&rsquo;\u00e9ducation).<\/p>\n<\/div>\n","protected":false},"excerpt":{"rendered":"<p>Socle commun de connaissances, de comp\u00e9tences et de culture L&rsquo;Education physique et sportive (EPS) \u00e0 tous les niveaux de la scolarit\u00e9, vise la r\u00e9ussite de tous les \u00e9l\u00e8ves et contribue, avec les autres disciplines, \u00e0 l&rsquo;instruction, la formation et l&rsquo;\u00e9ducation de chacun. Elle participe \u00e0 l&rsquo;acquisition et \u00e0 la ma\u00eetrise du socle commun,de connaissances, de &hellip; <a href=\"https:\/\/www.pedagogie.ac-nice.fr\/eps\/institutionnel\/socle-commun\/\" class=\"more-link\">Continuer la lecture de <span class=\"screen-reader-text\">Socle Commun<\/span> <span class=\"meta-nav\">&rarr;<\/span><\/a><\/p>\n","protected":false},"author":133,"featured_media":0,"parent":5702,"menu_order":0,"comment_status":"closed","ping_status":"closed","template":"","meta":{"footnotes":""},"class_list":["post-5575","page","type-page","status-publish","hentry"],"rttpg_featured_image_url":null,"rttpg_author":{"display_name":"Karine Logeart","author_link":"https:\/\/www.pedagogie.ac-nice.fr\/eps\/author\/k-logeart\/"},"rttpg_comment":0,"rttpg_category":null,"rttpg_excerpt":"Socle commun de connaissances, de comp\u00e9tences et de culture L&rsquo;Education physique et sportive (EPS) \u00e0 tous les niveaux de la scolarit\u00e9, vise la r\u00e9ussite de tous les \u00e9l\u00e8ves et contribue, avec les autres disciplines, \u00e0 l&rsquo;instruction, la formation et l&rsquo;\u00e9ducation de chacun. Elle participe \u00e0 l&rsquo;acquisition et \u00e0 la ma\u00eetrise du socle commun,de connaissances, de\u2026","post_mailing_queue_ids":[],"_links":{"self":[{"href":"https:\/\/www.pedagogie.ac-nice.fr\/eps\/wp-json\/wp\/v2\/pages\/5575","targetHints":{"allow":["GET"]}}],"collection":[{"href":"https:\/\/www.pedagogie.ac-nice.fr\/eps\/wp-json\/wp\/v2\/pages"}],"about":[{"href":"https:\/\/www.pedagogie.ac-nice.fr\/eps\/wp-json\/wp\/v2\/types\/page"}],"author":[{"embeddable":true,"href":"https:\/\/www.pedagogie.ac-nice.fr\/eps\/wp-json\/wp\/v2\/users\/133"}],"replies":[{"embeddable":true,"href":"https:\/\/www.pedagogie.ac-nice.fr\/eps\/wp-json\/wp\/v2\/comments?post=5575"}],"version-history":[{"count":5,"href":"https:\/\/www.pedagogie.ac-nice.fr\/eps\/wp-json\/wp\/v2\/pages\/5575\/revisions"}],"predecessor-version":[{"id":5892,"href":"https:\/\/www.pedagogie.ac-nice.fr\/eps\/wp-json\/wp\/v2\/pages\/5575\/revisions\/5892"}],"up":[{"embeddable":true,"href":"https:\/\/www.pedagogie.ac-nice.fr\/eps\/wp-json\/wp\/v2\/pages\/5702"}],"wp:attachment":[{"href":"https:\/\/www.pedagogie.ac-nice.fr\/eps\/wp-json\/wp\/v2\/media?parent=5575"}],"curies":[{"name":"wp","href":"https:\/\/api.w.org\/{rel}","templated":true}]}}