{"id":56,"date":"2014-01-09T11:38:23","date_gmt":"2014-01-09T10:38:23","guid":{"rendered":"http:\/\/www.ac-nice.fr\/eps\/?page_id=56"},"modified":"2018-09-06T11:47:47","modified_gmt":"2018-09-06T09:47:47","slug":"rendez-vous-carriere","status":"publish","type":"page","link":"https:\/\/www.pedagogie.ac-nice.fr\/eps\/rendez-vous-carriere\/","title":{"rendered":"Accompagnement des enseignants"},"content":{"rendered":"<h2>RENDEZ VOUS DE CARRI\u00c8RE<\/h2>\n<p>La r\u00e9forme de l&rsquo;\u00e9valuation mise en \u0153uvre \u00e0 la rentr\u00e9e 2017 comprend un accompagnement tout au long du parcours professionnel et des rendez-vous de carri\u00e8re, moments privil\u00e9gi\u00e9s d&rsquo;\u00e9change sur les comp\u00e9tences acquises et sur les perspectives d&rsquo;\u00e9volution professionnelle. Elle concerne les personnels enseignants et d&rsquo;\u00e9ducation, ainsi que les psychologues de l&rsquo;\u00c9ducation nationale.<\/p>\n<p><a href=\"http:\/\/www.education.gouv.fr\/cid118572\/rendez-vous-de-carriere-mode-d-emploi.html\" target=\"_blank\" rel=\"noopener noreferrer\"><img loading=\"lazy\" decoding=\"async\" class=\"alignnone wp-image-2380\" src=\"https:\/\/www.pedagogie.ac-nice.fr\/eps\/wp-content\/uploads\/sites\/20\/2017\/09\/image-rendez-vous-de-carri\u00e8re-1.png\" alt=\"\" width=\"137\" height=\"91\" \/><\/a><\/p>\n<p><strong>Documents personnels pouvant \u00eatre pr\u00e9sent\u00e9s:<\/strong><\/p>\n<ul>\n<li>Documents de suivi de l&rsquo;enseignement et du suivi de l&rsquo;association sportive.<\/li>\n<li>Documents concernant le cycle ou la s\u00e9quence en cours (le\u00e7ons, bilans, modalit\u00e9s d&rsquo;\u00e9valuation)<\/li>\n<li>Acc\u00e8s \u00e0 l&rsquo;ENT et au cahier de \u00a0texte de l&rsquo;int\u00e9ress\u00e9<\/li>\n<li>Fiche d&rsquo;auto-postionnement individuel (ci-joint)<\/li>\n<\/ul>\n<p><a href=\"https:\/\/www.pedagogie.ac-nice.fr\/eps\/wp-content\/uploads\/sites\/20\/2014\/02\/fiche-inspection-individuelle-1.doc\">Fiche-individuelle<\/a><\/p>\n<h2>R\u00c9UNION D\u2019\u00c9QUIPE<\/h2>\n<p>Vous trouverez ci-dessous les documents \u00e0 renvoyer aux \u00a0IA- IPR \u00a0avant\u00a0 la r\u00e9union de travail.<\/p>\n<p>Les documents d&rsquo;\u00e9quipes:<\/p>\n<ul>\n<li>Le projet d&rsquo;\u00e9tablissement et\/ou le contrat d&rsquo;objectif<\/li>\n<li>Le projet p\u00e9dagogique d&rsquo; EPS, d&rsquo; AS et son cahier de suivi<\/li>\n<li>La fiche d&rsquo;auto-positionnement collectif de l&rsquo;\u00e9quipe (ci-joint et \u00e0 renvoyer si possible sous format word, elle sera compl\u00e9t\u00e9e au cours de la r\u00e9union de travail avec l&rsquo;\u00e9quipe EPS)<\/li>\n<\/ul>\n<p><a href=\"https:\/\/www.pedagogie.ac-nice.fr\/eps\/wp-content\/uploads\/sites\/20\/2016\/10\/fiche-dialogue-\u00e9quipe-1.pdf\">Fiche-dialogue-equipe<\/a><\/p>\n<p>&nbsp;<\/p>\n","protected":false},"excerpt":{"rendered":"<p>RENDEZ VOUS DE CARRI\u00c8RE La r\u00e9forme de l&rsquo;\u00e9valuation mise en \u0153uvre \u00e0 la rentr\u00e9e 2017 comprend un accompagnement tout au long du parcours professionnel et des rendez-vous de carri\u00e8re, moments privil\u00e9gi\u00e9s d&rsquo;\u00e9change sur les comp\u00e9tences acquises et sur les perspectives d&rsquo;\u00e9volution professionnelle. Elle concerne les personnels enseignants et d&rsquo;\u00e9ducation, ainsi que les psychologues de l&rsquo;\u00c9ducation &hellip; <a href=\"https:\/\/www.pedagogie.ac-nice.fr\/eps\/rendez-vous-carriere\/\" class=\"more-link\">Continuer la lecture de <span class=\"screen-reader-text\">Accompagnement des enseignants<\/span> <span class=\"meta-nav\">&rarr;<\/span><\/a><\/p>\n","protected":false},"author":129,"featured_media":0,"parent":0,"menu_order":0,"comment_status":"closed","ping_status":"closed","template":"","meta":{"footnotes":""},"class_list":["post-56","page","type-page","status-publish","hentry"],"rttpg_featured_image_url":null,"rttpg_author":{"display_name":"Fran\u00e7ois Meignaud","author_link":"https:\/\/www.pedagogie.ac-nice.fr\/eps\/author\/meignaud\/"},"rttpg_comment":0,"rttpg_category":null,"rttpg_excerpt":"RENDEZ VOUS DE CARRI\u00c8RE La r\u00e9forme de l&rsquo;\u00e9valuation mise en \u0153uvre \u00e0 la rentr\u00e9e 2017 comprend un accompagnement tout au long du parcours professionnel et des rendez-vous de carri\u00e8re, moments privil\u00e9gi\u00e9s d&rsquo;\u00e9change sur les comp\u00e9tences acquises et sur les perspectives d&rsquo;\u00e9volution professionnelle. Elle concerne les personnels enseignants et d&rsquo;\u00e9ducation, ainsi que les psychologues de l&rsquo;\u00c9ducation\u2026","post_mailing_queue_ids":[],"_links":{"self":[{"href":"https:\/\/www.pedagogie.ac-nice.fr\/eps\/wp-json\/wp\/v2\/pages\/56","targetHints":{"allow":["GET"]}}],"collection":[{"href":"https:\/\/www.pedagogie.ac-nice.fr\/eps\/wp-json\/wp\/v2\/pages"}],"about":[{"href":"https:\/\/www.pedagogie.ac-nice.fr\/eps\/wp-json\/wp\/v2\/types\/page"}],"author":[{"embeddable":true,"href":"https:\/\/www.pedagogie.ac-nice.fr\/eps\/wp-json\/wp\/v2\/users\/129"}],"replies":[{"embeddable":true,"href":"https:\/\/www.pedagogie.ac-nice.fr\/eps\/wp-json\/wp\/v2\/comments?post=56"}],"version-history":[{"count":4,"href":"https:\/\/www.pedagogie.ac-nice.fr\/eps\/wp-json\/wp\/v2\/pages\/56\/revisions"}],"predecessor-version":[{"id":2867,"href":"https:\/\/www.pedagogie.ac-nice.fr\/eps\/wp-json\/wp\/v2\/pages\/56\/revisions\/2867"}],"wp:attachment":[{"href":"https:\/\/www.pedagogie.ac-nice.fr\/eps\/wp-json\/wp\/v2\/media?parent=56"}],"curies":[{"name":"wp","href":"https:\/\/api.w.org\/{rel}","templated":true}]}}