{"id":5673,"date":"2021-09-23T18:59:38","date_gmt":"2021-09-23T16:59:38","guid":{"rendered":"https:\/\/www.pedagogie.ac-nice.fr\/eps\/?page_id=5673"},"modified":"2023-10-23T18:27:06","modified_gmt":"2023-10-23T16:27:06","slug":"enseignement-de-specialite-education-physique-pratiques-et-culture-sportives","status":"publish","type":"page","link":"https:\/\/www.pedagogie.ac-nice.fr\/eps\/institutionnel\/enseignement-de-specialite-education-physique-pratiques-et-culture-sportives\/","title":{"rendered":"Programmes enseignement de sp\u00e9cialit\u00e9 \u00c9ducation Physique, Pratiques et Culture Sportives\u00a0\u00bb"},"content":{"rendered":"<h2>Cr\u00e9ation de la Sp\u00e9cialit\u00e9 EPPCS:\u00a0 <a href=\"https:\/\/www.pedagogie.ac-nice.fr\/eps\/wp-content\/uploads\/sites\/20\/2021\/09\/SPECIALITE_arrete_01-02-2021_creation-de-lenseignement-de-specialite-et-de-lepreuve-terminale-de-leducation-physique-pratiques-et-culture-sportive.pdf\" target=\"_blank\" rel=\"noopener\">Arr\u00eat\u00e9 du 17 f\u00e9vrier 2021<\/a><\/h2>\n<p>&nbsp;<\/p>\n<h2>Pr\u00e9sentation en quelques clics<\/h2>\n<p>Durant deux ans, les \u00e9l\u00e8ves font beaucoup de pratique en testant plusieurs activit\u00e9s physiques, sportives et artistiques, selon les propositions de l\u2019\u00e9tablissement. Mais aussi, les lyc\u00e9ennes et lyc\u00e9ens auront des cours th\u00e9oriques, en salle de classe, ou lors des s\u00e9ances pratiques, sur plusieurs th\u00e8mes : les m\u00e9tiers du sport et du corps humain, les effets physiologiques et psychosociaux de l\u2019activit\u00e9 physique, les principes de l\u2019entra\u00eenement, le sport adapt\u00e9, la place des femmes dans le sport\u2026 Enfin, chaque ann\u00e9e, les lyc\u00e9ennes et lyc\u00e9ens r\u00e9aliseront un projet .<\/p>\n<p>La sp\u00e9cialit\u00e9 EPPCS s\u2019adresse \u00e0 tous ces \u00e9l\u00e8ves qui aiment le sport et ont des perspectives de parcours dans les domaines vari\u00e9s du sport.\u00a0Le niveau de l\u2019\u00e9l\u00e8ve ainsi que le fait qu\u2019il ait suivi l\u2019option sport en Seconde n\u2019ont pas d\u2019importance.<\/p>\n<p>Cet enseignement est une \u00ab source d\u2019\u00e9panouissement \u00bb puisque la pratique d\u2019activit\u00e9s physiques et artistiques est un vecteur de r\u00e9ussite et de progr\u00e8s.\u00a0 Les \u00e9l\u00e8ves pourront y d\u00e9velopper \u00e9galement leur esprit critique, leur sens de l\u2019engagement et surtout leur confiance en eux.<\/p>\n<p>Pour aller plus loin, nous vous proposons la pr\u00e9sentation suivante\u00a0:<\/p>\n<p style=\"text-align: center;\"><a href=\"https:\/\/prezi.com\/view\/d0tSPWlby79dKR9PaeoO\/\" target=\"_blank\" rel=\"noopener\"><img loading=\"lazy\" decoding=\"async\" class=\"size-medium wp-image-6735 aligncenter\" src=\"https:\/\/www.pedagogie.ac-nice.fr\/eps\/wp-content\/uploads\/sites\/20\/2023\/02\/Visuel-prezi-EPPCS--300x168.png\" alt=\"\" width=\"300\" height=\"168\" srcset=\"https:\/\/www.pedagogie.ac-nice.fr\/eps\/wp-content\/uploads\/sites\/20\/2023\/02\/Visuel-prezi-EPPCS--300x168.png 300w, https:\/\/www.pedagogie.ac-nice.fr\/eps\/wp-content\/uploads\/sites\/20\/2023\/02\/Visuel-prezi-EPPCS--1024x572.png 1024w, https:\/\/www.pedagogie.ac-nice.fr\/eps\/wp-content\/uploads\/sites\/20\/2023\/02\/Visuel-prezi-EPPCS--768x429.png 768w, https:\/\/www.pedagogie.ac-nice.fr\/eps\/wp-content\/uploads\/sites\/20\/2023\/02\/Visuel-prezi-EPPCS-.png 1267w\" sizes=\"auto, (max-width: 300px) 100vw, 300px\" \/><\/a><\/p>\n<p style=\"text-align: center;\"><a href=\"https:\/\/www.pedagogie.ac-nice.fr\/eps\/wp-content\/uploads\/sites\/20\/2023\/03\/Enseignement-de-specialite-EPPCS.pdf\" target=\"_blank\" rel=\"noopener\"><strong>Version en t\u00e9l\u00e9chargement ici<\/strong><\/a><\/p>\n<p>&nbsp;<\/p>\n<h2>\u00c9tablissements proposant un enseignement sp\u00e9cialit\u00e9 EPPCS<\/h2>\n<div><strong>Dans le Var:<\/strong><\/div>\n<div>Lyc\u00e9e Dumont d&rsquo;Urville &#8211; TOULON<\/div>\n<div>Lyc\u00e9e Thomas Edisson &#8211; LORGUES<\/div>\n<div>Lyc\u00e9e Costebelle &#8211; HYERES<\/div>\n<div>Lyc\u00e9e Sainte Marie &#8211; LA SEYNE SUR MER<\/div>\n<div><\/div>\n<div><\/div>\n<div><strong>Dans les Alpes Maritimes:<\/strong><\/div>\n<div>Lyc\u00e9e Alexis de Tocqueville &#8211; GRASSE<br \/>\nLyc\u00e9e Renoir &#8211; CAGNES SUR MER<\/div>\n<div><\/div>\n<div><strong>Monaco:<\/strong><\/div>\n<div>Lyc\u00e9e Albert 1er &#8211; MONACO<\/div>\n<div><\/div>\n<div>\n<h3>Fiche de candidature \u00c9tablissements:<\/h3>\n<p>Fiche de candidature EDS EPPCS 2023 \u00e0 <strong><a href=\"https:\/\/www.pedagogie.ac-nice.fr\/eps\/wp-content\/uploads\/sites\/20\/2022\/10\/FICHE-DE-CANDIDATURE-EDS-EPPCS-RENTREE-2023.docx\" target=\"_blank\" rel=\"noopener\">TELECHARGER ICI<\/a><\/strong><\/p>\n<\/div>\n","protected":false},"excerpt":{"rendered":"<p>Cr\u00e9ation de la Sp\u00e9cialit\u00e9 EPPCS:\u00a0 Arr\u00eat\u00e9 du 17 f\u00e9vrier 2021 &nbsp; Pr\u00e9sentation en quelques clics Durant deux ans, les \u00e9l\u00e8ves font beaucoup de pratique en testant plusieurs activit\u00e9s physiques, sportives et artistiques, selon les propositions de l\u2019\u00e9tablissement. Mais aussi, les lyc\u00e9ennes et lyc\u00e9ens auront des cours th\u00e9oriques, en salle de classe, ou lors des s\u00e9ances &hellip; <a href=\"https:\/\/www.pedagogie.ac-nice.fr\/eps\/institutionnel\/enseignement-de-specialite-education-physique-pratiques-et-culture-sportives\/\" class=\"more-link\">Continuer la lecture de <span class=\"screen-reader-text\">Programmes enseignement de sp\u00e9cialit\u00e9 \u00c9ducation Physique, Pratiques et Culture Sportives\u00a0\u00bb<\/span> <span class=\"meta-nav\">&rarr;<\/span><\/a><\/p>\n","protected":false},"author":133,"featured_media":0,"parent":5702,"menu_order":0,"comment_status":"closed","ping_status":"closed","template":"","meta":{"footnotes":""},"class_list":["post-5673","page","type-page","status-publish","hentry"],"rttpg_featured_image_url":null,"rttpg_author":{"display_name":"Karine Logeart","author_link":"https:\/\/www.pedagogie.ac-nice.fr\/eps\/author\/k-logeart\/"},"rttpg_comment":0,"rttpg_category":null,"rttpg_excerpt":"Cr\u00e9ation de la Sp\u00e9cialit\u00e9 EPPCS:\u00a0 Arr\u00eat\u00e9 du 17 f\u00e9vrier 2021 &nbsp; Pr\u00e9sentation en quelques clics Durant deux ans, les \u00e9l\u00e8ves font beaucoup de pratique en testant plusieurs activit\u00e9s physiques, sportives et artistiques, selon les propositions de l\u2019\u00e9tablissement. Mais aussi, les lyc\u00e9ennes et lyc\u00e9ens auront des cours th\u00e9oriques, en salle de classe, ou lors des s\u00e9ances\u2026","post_mailing_queue_ids":[],"_links":{"self":[{"href":"https:\/\/www.pedagogie.ac-nice.fr\/eps\/wp-json\/wp\/v2\/pages\/5673","targetHints":{"allow":["GET"]}}],"collection":[{"href":"https:\/\/www.pedagogie.ac-nice.fr\/eps\/wp-json\/wp\/v2\/pages"}],"about":[{"href":"https:\/\/www.pedagogie.ac-nice.fr\/eps\/wp-json\/wp\/v2\/types\/page"}],"author":[{"embeddable":true,"href":"https:\/\/www.pedagogie.ac-nice.fr\/eps\/wp-json\/wp\/v2\/users\/133"}],"replies":[{"embeddable":true,"href":"https:\/\/www.pedagogie.ac-nice.fr\/eps\/wp-json\/wp\/v2\/comments?post=5673"}],"version-history":[{"count":19,"href":"https:\/\/www.pedagogie.ac-nice.fr\/eps\/wp-json\/wp\/v2\/pages\/5673\/revisions"}],"predecessor-version":[{"id":7064,"href":"https:\/\/www.pedagogie.ac-nice.fr\/eps\/wp-json\/wp\/v2\/pages\/5673\/revisions\/7064"}],"up":[{"embeddable":true,"href":"https:\/\/www.pedagogie.ac-nice.fr\/eps\/wp-json\/wp\/v2\/pages\/5702"}],"wp:attachment":[{"href":"https:\/\/www.pedagogie.ac-nice.fr\/eps\/wp-json\/wp\/v2\/media?parent=5673"}],"curies":[{"name":"wp","href":"https:\/\/api.w.org\/{rel}","templated":true}]}}