{"id":5679,"date":"2021-09-23T19:01:51","date_gmt":"2021-09-23T17:01:51","guid":{"rendered":"https:\/\/www.pedagogie.ac-nice.fr\/eps\/?page_id=5679"},"modified":"2024-02-15T13:38:28","modified_gmt":"2024-02-15T12:38:28","slug":"enseignement-de-specialite-arts-danse","status":"publish","type":"page","link":"https:\/\/www.pedagogie.ac-nice.fr\/eps\/institutionnel\/lycee\/enseignement-de-specialite-arts-danse\/","title":{"rendered":"Programme enseignement de Sp\u00e9cialit\u00e9 ARTS DANSE"},"content":{"rendered":"<p><img loading=\"lazy\" decoding=\"async\" class=\"alignnone wp-image-1684\" src=\"https:\/\/www.pedagogie.ac-nice.fr\/eps\/wp-content\/uploads\/sites\/20\/2015\/12\/bo-1.jpg\" alt=\"Le Bulletin officiel de l'Education Nationale\" width=\"94\" height=\"62\" \/><\/p>\n<h3>Pour les classes de premi\u00e8re et terminale:<\/h3>\n<p>Le Programme d&rsquo;enseignement\u00a0 de sp\u00e9cialit\u00e9\u00a0 Arts d\u00e9fini par l&rsquo;<a href=\"https:\/\/www.pedagogie.ac-nice.fr\/eps\/wp-content\/uploads\/sites\/20\/2022\/01\/spe-danse_arrete_17-1-2019_BO-n\u00b01-du-22-01-2019_Programme-enseignement-specialite-art.pdf\" target=\"_blank\" rel=\"noopener\">Arr\u00eat\u00e9 du 17 janvier 2019 publi\u00e9 au BO sp\u00e9cial n\u00b01 du 22 janvier 2019 .<\/a><\/p>\n<h3>Pour la classe de terminale:<\/h3>\n<p>L&rsquo;annexe du pr\u00e9sent arr\u00eat\u00e9 du 17 janvier 2019 susvis\u00e9 est compl\u00e9t\u00e9e par l&rsquo;annexe 2 de l&rsquo;Arr\u00eat\u00e9 du 19 juillet 2019 publi\u00e9 au BO sp\u00e9cial n\u00b0 8 du 25 juillet 2019, fixant le programme de l&rsquo;enseignement de sp\u00e9cialit\u00e9 d&rsquo;arts pour la classe de terminale g\u00e9n\u00e9rale .<\/p>\n<ul>\n<li><a href=\"https:\/\/www.pedagogie.ac-nice.fr\/eps\/wp-content\/uploads\/sites\/20\/2022\/01\/spe-danse_arrete_17-1-2019_BO-n\u00b01-du-22-01-2019_Annexe_Programme-de-specialite-arts-premiere-et-terminale-generales.pdf\" target=\"_blank\" rel=\"noopener\">Programme enseignement de sp\u00e9cialit\u00e9 Arts danse au cycle terminal .<\/a><\/li>\n<li><a href=\"https:\/\/www.pedagogie.ac-nice.fr\/eps\/wp-content\/uploads\/sites\/20\/2022\/01\/spe-danse_arrete_19-7-2019_BO-n\u00b0-8-du-25-07-2019_-Annexe-2_-Programme-de-specialite-darts-de-terminale-generale.pdf\" target=\"_blank\" rel=\"noopener\">Programme enseignement de sp\u00e9cialit\u00e9 Arts pour la classe de terminale<\/a><\/li>\n<li>RENTR\u00c9E 2022: <a href=\"https:\/\/www.pedagogie.ac-nice.fr\/eps\/wp-content\/uploads\/sites\/20\/2022\/07\/programme-specialite-danse_nds-10-06-2022_-1e-et-term-rentree-2022.pdf\" target=\"_blank\" rel=\"noopener\">Programme limitatif de l&rsquo;enseignement de sp\u00e9cialit\u00e9 Arts en premi\u00e8re et terminale.<\/a><\/li>\n<\/ul>\n<div><\/div>\n<h2>Offre de formation Acad\u00e9mique:<\/h2>\n<div>Un \u00e9tablissement propose un enseignement de sp\u00e9cialit\u00e9\u00a0 Arts DANSE sur l&rsquo;Acad\u00e9mie de Nice:<\/div>\n<div>Lyc\u00e9e Guillaume Apollinaire &#8211; 06 NICE<\/div>\n<div>\n<p>&nbsp;<\/p>\n<\/div>\n<h2>PR\u00c9SENTATION de la SP\u00c9CIALIT\u00c9 ARTS DANSE en classe de PREMI\u00c8RE<\/h2>\n<p><a href=\"https:\/\/prezi.com\/view\/wqbxr59p2oays0EXo4oG\/\" target=\"_blank\" rel=\"noopener\"><img loading=\"lazy\" decoding=\"async\" class=\"aligncenter\" src=\"https:\/\/www.pedagogie.ac-nice.fr\/eps\/wp-content\/uploads\/sites\/20\/2023\/02\/Visuel-prezi-arts-danse-premiere.png\" width=\"407\" height=\"233\" \/><\/a><\/p>\n<p style=\"text-align: center;\"><a href=\"https:\/\/www.pedagogie.ac-nice.fr\/eps\/wp-content\/uploads\/sites\/20\/2023\/03\/Enseignement-de-specialite-DANSE-premiere.pdf\" target=\"_blank\" rel=\"noopener\"><span style=\"font-size: 14pt;\"><strong><span style=\"font-size: 12pt;\">Version pour t\u00e9l\u00e9chargement ici<\/span><\/strong><\/span><\/a><\/p>\n<h2>PR\u00c9SENTATION de la SP\u00c9CIALIT\u00c9 ARTS DANSE en classe de TERMINALE<\/h2>\n<p style=\"text-align: center;\"><a href=\"https:\/\/prezi.com\/view\/YknjNqoEhUm3LnEsGKtZ\/\" target=\"_blank\" rel=\"noopener\"><img loading=\"lazy\" decoding=\"async\" class=\"wp-image-6752 aligncenter\" src=\"https:\/\/www.pedagogie.ac-nice.fr\/eps\/wp-content\/uploads\/sites\/20\/2023\/02\/Visuel-prezi-arts-danse-terminale-300x173.png\" alt=\"\" width=\"415\" height=\"239\" srcset=\"https:\/\/www.pedagogie.ac-nice.fr\/eps\/wp-content\/uploads\/sites\/20\/2023\/02\/Visuel-prezi-arts-danse-terminale-300x173.png 300w, https:\/\/www.pedagogie.ac-nice.fr\/eps\/wp-content\/uploads\/sites\/20\/2023\/02\/Visuel-prezi-arts-danse-terminale-1024x591.png 1024w, https:\/\/www.pedagogie.ac-nice.fr\/eps\/wp-content\/uploads\/sites\/20\/2023\/02\/Visuel-prezi-arts-danse-terminale-768x443.png 768w, https:\/\/www.pedagogie.ac-nice.fr\/eps\/wp-content\/uploads\/sites\/20\/2023\/02\/Visuel-prezi-arts-danse-terminale.png 1279w\" sizes=\"auto, (max-width: 415px) 100vw, 415px\" \/><\/a><\/p>\n<p style=\"text-align: center;\"><a href=\"https:\/\/www.pedagogie.ac-nice.fr\/eps\/wp-content\/uploads\/sites\/20\/2023\/03\/Enseignement-de-specialite-DANSE-Terminale.pdf\" target=\"_blank\" rel=\"noopener\"><strong>Version pour t\u00e9l\u00e9chargement ici<\/strong><\/a><\/p>\n<h2>PR\u00c9SENTATION de la SP\u00c9CIALIT\u00c9 de la S\u00e9rie S2TMD<\/h2>\n<p style=\"text-align: center;\"><a href=\"https:\/\/prezi.com\/view\/MbKWlBScC4kN2hSPHvjb\/\" target=\"_blank\" rel=\"noopener\"><img loading=\"lazy\" decoding=\"async\" class=\"aligncenter\" src=\"https:\/\/www.pedagogie.ac-nice.fr\/eps\/wp-content\/uploads\/sites\/20\/2023\/02\/visuel-prezi-danse-S2TMD.png\" width=\"404\" height=\"226\" \/><\/a><\/p>\n<p style=\"text-align: center;\"><a href=\"https:\/\/www.pedagogie.ac-nice.fr\/eps\/wp-content\/uploads\/sites\/20\/2023\/03\/Enseignements-de-specialite-de-la-serie-S2TMD.pdf\" target=\"_blank\" rel=\"noopener\"><strong>Version pour t\u00e9l\u00e9chargement ici<\/strong><\/a><\/p>\n<div>\n<p>&nbsp;<\/p>\n<h2><span style=\"color: #000000;\"><a style=\"color: #000000;\" href=\"https:\/\/eduscol.education.fr\/1699\/programmes-et-ressources-en-danse-voie-gt\" target=\"_blank\" rel=\"noopener\">Ressources EDUSCOL<\/a><\/span><\/h2>\n<h1><a href=\"https:\/\/eduscol.education.fr\/1699\/programmes-et-ressources-en-danse-voie-gt\" target=\"_blank\" rel=\"noopener\"><img loading=\"lazy\" decoding=\"async\" class=\"wp-image-2383 alignleft\" src=\"https:\/\/www.pedagogie.ac-nice.fr\/eps\/wp-content\/uploads\/sites\/20\/2017\/09\/symbole-de-telechargement-1-300x300.jpg\" alt=\"\" width=\"66\" height=\"66\" srcset=\"https:\/\/www.pedagogie.ac-nice.fr\/eps\/wp-content\/uploads\/sites\/20\/2017\/09\/symbole-de-telechargement-1-300x300.jpg 300w, https:\/\/www.pedagogie.ac-nice.fr\/eps\/wp-content\/uploads\/sites\/20\/2017\/09\/symbole-de-telechargement-1-150x150.jpg 150w, https:\/\/www.pedagogie.ac-nice.fr\/eps\/wp-content\/uploads\/sites\/20\/2017\/09\/symbole-de-telechargement-1-100x100.jpg 100w, https:\/\/www.pedagogie.ac-nice.fr\/eps\/wp-content\/uploads\/sites\/20\/2017\/09\/symbole-de-telechargement-1.jpg 626w\" sizes=\"auto, (max-width: 66px) 100vw, 66px\" \/><\/a><\/h1>\n<\/div>\n","protected":false},"excerpt":{"rendered":"<p>Pour les classes de premi\u00e8re et terminale: Le Programme d&rsquo;enseignement\u00a0 de sp\u00e9cialit\u00e9\u00a0 Arts d\u00e9fini par l&rsquo;Arr\u00eat\u00e9 du 17 janvier 2019 publi\u00e9 au BO sp\u00e9cial n\u00b01 du 22 janvier 2019 . Pour la classe de terminale: L&rsquo;annexe du pr\u00e9sent arr\u00eat\u00e9 du 17 janvier 2019 susvis\u00e9 est compl\u00e9t\u00e9e par l&rsquo;annexe 2 de l&rsquo;Arr\u00eat\u00e9 du 19 juillet 2019 &hellip; <a href=\"https:\/\/www.pedagogie.ac-nice.fr\/eps\/institutionnel\/lycee\/enseignement-de-specialite-arts-danse\/\" class=\"more-link\">Continuer la lecture de <span class=\"screen-reader-text\">Programme enseignement de Sp\u00e9cialit\u00e9 ARTS DANSE<\/span> <span class=\"meta-nav\">&rarr;<\/span><\/a><\/p>\n","protected":false},"author":133,"featured_media":0,"parent":116,"menu_order":0,"comment_status":"closed","ping_status":"closed","template":"","meta":{"footnotes":""},"class_list":["post-5679","page","type-page","status-publish","hentry"],"rttpg_featured_image_url":null,"rttpg_author":{"display_name":"Karine Logeart","author_link":"https:\/\/www.pedagogie.ac-nice.fr\/eps\/author\/k-logeart\/"},"rttpg_comment":0,"rttpg_category":null,"rttpg_excerpt":"Pour les classes de premi\u00e8re et terminale: Le Programme d&rsquo;enseignement\u00a0 de sp\u00e9cialit\u00e9\u00a0 Arts d\u00e9fini par l&rsquo;Arr\u00eat\u00e9 du 17 janvier 2019 publi\u00e9 au BO sp\u00e9cial n\u00b01 du 22 janvier 2019 . Pour la classe de terminale: L&rsquo;annexe du pr\u00e9sent arr\u00eat\u00e9 du 17 janvier 2019 susvis\u00e9 est compl\u00e9t\u00e9e par l&rsquo;annexe 2 de l&rsquo;Arr\u00eat\u00e9 du 19 juillet 2019\u2026","post_mailing_queue_ids":[],"_links":{"self":[{"href":"https:\/\/www.pedagogie.ac-nice.fr\/eps\/wp-json\/wp\/v2\/pages\/5679","targetHints":{"allow":["GET"]}}],"collection":[{"href":"https:\/\/www.pedagogie.ac-nice.fr\/eps\/wp-json\/wp\/v2\/pages"}],"about":[{"href":"https:\/\/www.pedagogie.ac-nice.fr\/eps\/wp-json\/wp\/v2\/types\/page"}],"author":[{"embeddable":true,"href":"https:\/\/www.pedagogie.ac-nice.fr\/eps\/wp-json\/wp\/v2\/users\/133"}],"replies":[{"embeddable":true,"href":"https:\/\/www.pedagogie.ac-nice.fr\/eps\/wp-json\/wp\/v2\/comments?post=5679"}],"version-history":[{"count":22,"href":"https:\/\/www.pedagogie.ac-nice.fr\/eps\/wp-json\/wp\/v2\/pages\/5679\/revisions"}],"predecessor-version":[{"id":7263,"href":"https:\/\/www.pedagogie.ac-nice.fr\/eps\/wp-json\/wp\/v2\/pages\/5679\/revisions\/7263"}],"up":[{"embeddable":true,"href":"https:\/\/www.pedagogie.ac-nice.fr\/eps\/wp-json\/wp\/v2\/pages\/116"}],"wp:attachment":[{"href":"https:\/\/www.pedagogie.ac-nice.fr\/eps\/wp-json\/wp\/v2\/media?parent=5679"}],"curies":[{"name":"wp","href":"https:\/\/api.w.org\/{rel}","templated":true}]}}