{"id":5769,"date":"2021-09-27T22:36:25","date_gmt":"2021-09-27T20:36:25","guid":{"rendered":"https:\/\/www.pedagogie.ac-nice.fr\/eps\/?page_id=5769"},"modified":"2024-09-02T20:27:14","modified_gmt":"2024-09-02T18:27:14","slug":"tableau-repartition-des-differentes-missions-de-nos-collaborateurs","status":"publish","type":"page","link":"https:\/\/www.pedagogie.ac-nice.fr\/eps\/tableau-repartition-des-differentes-missions-de-nos-collaborateurs\/","title":{"rendered":"Tableau r\u00e9partition des diff\u00e9rentes missions de nos collaborateurs"},"content":{"rendered":"<h2>Collaborateurs en appui des IA-IPR EPS<\/h2>\n<table style=\"height: 992px; width: 100%; border-collapse: collapse; border-style: dashed; border-color: #000000;\">\n<tbody>\n<tr style=\"border-style: ridge;\">\n<td style=\"width: 49.8344%; height: 192px;\">\n<p style=\"text-align: left;\"><strong>Sandrine BROSSARD<br \/>\n<\/strong><br \/>\ncteps06@ac-nice.fr, 04 93 72 64 10<\/p>\n<\/td>\n<td style=\"width: 50.1656%; height: 192px;\">\n<p style=\"text-align: left;\"><em>Conseill\u00e8re technique EPS (Alpes Maritimes)<\/em><br \/>\n&#8211; Coordination des examens ponctuels, des remont\u00e9es de notes en CCF et de leur harmonisation<br \/>\n&#8211; EDS \u00ab\u00a0EPPCS\u00a0\u00bb<br \/>\n&#8211; Gestion des installations sportives<br \/>\n&#8211; Participation au \u00ab savoir nager \u00bb et au \u00ab savoir rouler \u00bb<br \/>\n&#8211; EPS adapt\u00e9e<br \/>\n&#8211; Enseignement optionnel EPS<\/p>\n<p>&#8211; Instruction dans la famille, motif 2.<\/td>\n<\/tr>\n<tr style=\"border-style: ridge;\">\n<td style=\"width: 49.8344%; height: 84px;\"><strong>Karine LOGEART<\/strong><\/p>\n<p>karine.logeart@ac-nice.fr, 04 94 09 62 88.<\/td>\n<td style=\"width: 50.1656%; height: 84px;\"><em>Conseill\u00e8re technique EPS (Var)<\/em><br \/>\n&#8211; Coordination des examens ponctuels, des remont\u00e9es de notes en CCF et de leur harmonisation<br \/>\n&#8211; EDS \u00ab\u00a0EPPCS\u00a0\u00bb<br \/>\n&#8211; Gestion des installations sportives<br \/>\n&#8211; Participation au \u00ab savoir nager \u00bb et au \u00ab savoir rouler \u00bb<br \/>\n&#8211; EPS adapt\u00e9e<br \/>\n&#8211; Enseignement optionnel EPS- Instruction dans la famille motif 2.<br \/>\n&#8211; Co webmaster site acad\u00e9mique EPS<\/td>\n<\/tr>\n<tr style=\"border-style: ridge;\">\n<td style=\"width: 49.8344%; height: 28px;\"><strong>Florence LOPEZ<\/strong><br \/>\nProfesseure agr\u00e9g\u00e9e d\u2019EPS au coll\u00e8ge du Pr\u00e9 des Roures au Rouret<br \/>\nFlorence.lopez@ac-nice.fr<\/td>\n<td style=\"width: 50.1656%; height: 28px;\"><em>Charg\u00e9e de Mission<\/em> :<br \/>\n&#8211; Visites conseil individuelles et collectives (06)<\/td>\n<\/tr>\n<tr style=\"border-style: ridge;\">\n<td style=\"width: 49.8344%; height: 28px;\"><strong>Virginie LE VAILLANT<\/strong><br \/>\nProfesseure agr\u00e9g\u00e9e stagiaire d\u2019EPS au coll\u00e8ge Villeneuve \u00e0 Fr\u00e9jus<br \/>\nvirginie.le-vaillant@ac-nice.fr<\/td>\n<td style=\"width: 50.1656%; height: 28px;\"><em>Charg\u00e9e de Mission :<br \/>\n&#8211; Visites conseil individuelles et collectives (83)<\/em><\/td>\n<\/tr>\n<tr style=\"border-style: ridge;\">\n<td style=\"width: 49.8344%; height: 28px;\"><strong>\u00c9ric CHAMARD<\/strong><br \/>\nProfesseur certifi\u00e9 d\u2019EPS au lyc\u00e9e L\u00e9onard de Vinci \u00e0 Antibes<br \/>\nEric.chamard@ac-nice.fr<\/td>\n<td style=\"width: 50.1656%; height: 28px;\"><em>Charg\u00e9 de Mission<\/em> :<br \/>\n&#8211; G\u00e9n\u00e9ration 2024<br \/>\n&#8211; Visites conseil individuelles (06)<\/td>\n<\/tr>\n<tr style=\"border-style: ridge;\">\n<td style=\"width: 49.8344%; height: 112px;\"><strong>Simon GODORECCI<\/strong><br \/>\nProfesseur agr\u00e9g\u00e9 d&rsquo;EPS au coll\u00e8ge Henry Matisse \u00e0 Saint Maximin<br \/>\nsimon.godorecci@ac-nice.fr<\/td>\n<td style=\"width: 50.1656%; height: 112px;\"><em>Charg\u00e9 de Mission<\/em> :<br \/>\n&#8211; Visites conseil individuelles et collectives (83)<\/td>\n<\/tr>\n<tr style=\"border-style: ridge;\">\n<td style=\"width: 49.8344%; height: 132px;\"><strong>Val\u00e9rie SENERS<\/strong>Professeure agr\u00e9g\u00e9e HCL au Coll\u00e8ge Eganaude Biot<\/p>\n<p><a href=\"mailto:Valerie.Seners@ac-nice.fr\"><span style=\"color: #000000;\">Valerie.Seners@ac-nice.fr<\/span><\/a><\/td>\n<td style=\"width: 50.1656%; height: 132px;\"><em>Charg\u00e9e de Mission<\/em> :<br \/>\n&#8211; Visites conseil individuelles et collectives (06)<\/td>\n<\/tr>\n<tr style=\"border-style: ridge;\">\n<td style=\"width: 49.8344%; height: 84px;\"><strong>Bruno RODIER<br \/>\n<\/strong>Professeur agr\u00e9g\u00e9 EPS CLN au LP Golf H\u00f4tel HYERES<span style=\"color: #000000;\"><a style=\"color: #000000;\" href=\"mailto:Bruno.Rodier@ac-nice.fr%20%20%20%20%20%20%20%20%20%20%20%20%20%20%20%20%20%20%20%20%20%20%20%20%20%20%20?subject=Professeur%20RODIER%20BRUNO&amp;body=M.%20RODIER%20BRUNO\">Bruno.Rodier@ac-nice.fr<\/a><\/span><\/td>\n<td style=\"width: 50.1656%; height: 84px;\"><em>Charg\u00e9 de Mission<\/em> :<br \/>\n&#8211; Visites conseil individuelles et collectives (83)<\/td>\n<\/tr>\n<tr style=\"border-style: ridge;\">\n<td style=\"width: 49.8344%; height: 136px;\"><strong>Emilie WALZACK<br \/>\n<\/strong>Professeur agr\u00e9g\u00e9e EPS CLN au Coll\u00e8ge Pierre Puget \u00e0 Toulon<a href=\"mailto:Emilie.Walczak@ac-nice.fr%20%20%20%20%20%20%20%20%20%20%20%20%20%20%20%20%20%20%20%20%20%20%20%20%20?subject=Professeur%20WALCZAK%20EMILIE&amp;body=MM%20WALCZAK%20EMILIE\"><span style=\"color: #000000;\">Emilie.Walczak@ac-nice.fr<\/span> <\/a><\/td>\n<td style=\"width: 50.1656%; height: 136px;\"><em>Charg\u00e9e de Mission<\/em> :<br \/>\n&#8211; Visites conseil individuelles et collectives (83)<\/td>\n<\/tr>\n<tr style=\"border-style: ridge;\">\n<td style=\"width: 49.8344%; height: 28px;\"><strong>Guilhem HULLO<br \/>\n<\/strong><strong>P<\/strong>rofesseur certifi\u00e9 au coll\u00e8ge Andr\u00e9 Capron CANNES<a href=\"mailto:Guilhem.Hullo@ac-nice.fr ?subject=Professeur%20HULLO%20GUILHEM&amp;body=M.%20HULLO%20GUILHEM\"><span style=\"color: #000000;\">Guilhem.Hullo@ac-nice.fr<\/span><\/a><\/td>\n<td style=\"width: 50.1656%; height: 28px;\">IAN (Interlocuteur acad\u00e9mique charg\u00e9 du Num\u00e9rique en EPS)<\/td>\n<\/tr>\n<tr style=\"border-style: ridge;\">\n<td style=\"width: 49.8344%; height: 28px;\"><span style=\"color: #000000;\"><strong>C\u00e9line JEGOU<\/strong><\/span><span style=\"color: #000000;\"> Professeure agr\u00e9g\u00e9e EPS CLN au Coll\u00e8ge La Guicharde \u00e0 Sanary <\/span><span style=\"color: #000000;\"><a style=\"color: #000000;\" href=\"mailto:Vincent.Laplane@ac-nice.fr\">Celine.Jegou@ac-nice.fr<\/a><br \/>\n<\/span><\/td>\n<td style=\"width: 50.1656%; height: 28px;\"><span style=\"color: #000000;\"><em>Charg\u00e9e de mission<\/em><\/span><\/p>\n<p><span style=\"color: #000000;\">&#8211; Visites conseil individuelles et collectives (83)<\/span><\/td>\n<\/tr>\n<tr style=\"border-style: ridge;\">\n<td style=\"width: 49.8344%; height: 28px;\"><strong>Benoit MONTEGUT <\/strong>Professeur agr\u00e9g\u00e9 EPS CLN au Lyc\u00e9e Alexis de Tocqueville GRASSE<a href=\"mailto:Benoit.Montegut@ac-nice.fr%20%20%20%20%20%20%20%20%20%20%20%20%20%20%20%20%20%20%20%20%20%20%20%20?subject=Professeur%20MONTEGUT%20BENOIT&amp;body=M.%20MONTEGUT%20BENOIT\">Benoit.Montegut@ac-nice.fr <\/a>&#8211;<\/td>\n<td style=\"width: 50.1656%; height: 28px;\"><em>Charg\u00e9e de mission<\/em><br \/>\n&#8211; Visites conseil individuelles et collectives (06)<\/td>\n<\/tr>\n<tr style=\"border-style: ridge;\">\n<td style=\"width: 49.8344%; height: 28px;\"><strong>Adrien PESCETTO <\/strong>Professeur agr\u00e9g\u00e9 EPS CLN au Coll\u00e8ge Ludovic Br\u00e9a SAINT MARTIN DU VAR<a href=\"mailto:Adrien.Pescetto@ac-nice.fr%20%20%20%20%20%20%20%20%20%20%20%20%20%20%20%20%20%20%20%20%20%20%20%20?subject=Professeur%20PESCETTO%20ADRIEN&amp;body=M.%20PESCETTO%20ADRIEN\">Adrien.Pescetto@ac-nice.fr\u00a0<\/a><\/td>\n<td style=\"width: 50.1656%; height: 28px;\"><em>Charg\u00e9e de mission<\/em><br \/>\n&#8211; Visites conseil individuelles et collectives (06)<\/td>\n<\/tr>\n<tr style=\"border-style: ridge;\">\n<td style=\"width: 49.8344%; height: 28px;\"><strong><em>Claire JAOUEN<\/em><\/strong>Professeur agr\u00e9g\u00e9e au coll\u00e8ge Maurice Genevoix \u00e0 Toulon claire.jaouen@ac-nice.fr<\/td>\n<td style=\"width: 50.1656%; height: 28px;\"><em>Charg\u00e9e de mission<\/em><br \/>\n&#8211; Coordination de la formation au CAPEPS interne<\/td>\n<\/tr>\n<tr style=\"border-style: ridge;\">\n<td style=\"width: 49.8344%; height: 28px;\"><strong><em>Jean Philippe RUSSIER<\/em> <\/strong>Professeur agr\u00e9g\u00e9 au coll\u00e8ge La Since \u00e0 VENCE <a href=\"mailto:Jean-Philippe.Russier@ac-nice.fr\">Jean-Philippe.Russier@ac-nice.fr<\/a><\/td>\n<td style=\"width: 50.1656%; height: 28px;\"><em>&#8211;<\/em> Professeur Formateur Acad\u00e9mique<br \/>\n&#8211; Coordination de la formation \u00e0 l&rsquo;agr\u00e9gation interne<\/td>\n<\/tr>\n<\/tbody>\n<\/table>\n","protected":false},"excerpt":{"rendered":"<p>Collaborateurs en appui des IA-IPR EPS Sandrine BROSSARD cteps06@ac-nice.fr, 04 93 72 64 10 Conseill\u00e8re technique EPS (Alpes Maritimes) &#8211; Coordination des examens ponctuels, des remont\u00e9es de notes en CCF et de leur harmonisation &#8211; EDS \u00ab\u00a0EPPCS\u00a0\u00bb &#8211; Gestion des installations sportives &#8211; Participation au \u00ab savoir nager \u00bb et au \u00ab savoir rouler \u00bb &hellip; <a href=\"https:\/\/www.pedagogie.ac-nice.fr\/eps\/tableau-repartition-des-differentes-missions-de-nos-collaborateurs\/\" class=\"more-link\">Continuer la lecture de <span class=\"screen-reader-text\">Tableau r\u00e9partition des diff\u00e9rentes missions de nos collaborateurs<\/span> <span class=\"meta-nav\">&rarr;<\/span><\/a><\/p>\n","protected":false},"author":267,"featured_media":0,"parent":0,"menu_order":0,"comment_status":"closed","ping_status":"closed","template":"","meta":{"footnotes":""},"class_list":["post-5769","page","type-page","status-publish","hentry"],"rttpg_featured_image_url":null,"rttpg_author":{"display_name":"cedricjourdan","author_link":"https:\/\/www.pedagogie.ac-nice.fr\/eps\/author\/cedricjourdan\/"},"rttpg_comment":0,"rttpg_category":null,"rttpg_excerpt":"Collaborateurs en appui des IA-IPR EPS Sandrine BROSSARD cteps06@ac-nice.fr, 04 93 72 64 10 Conseill\u00e8re technique EPS (Alpes Maritimes) &#8211; Coordination des examens ponctuels, des remont\u00e9es de notes en CCF et de leur harmonisation &#8211; EDS \u00ab\u00a0EPPCS\u00a0\u00bb &#8211; Gestion des installations sportives &#8211; Participation au \u00ab savoir nager \u00bb et au \u00ab savoir rouler \u00bb\u2026","post_mailing_queue_ids":[],"_links":{"self":[{"href":"https:\/\/www.pedagogie.ac-nice.fr\/eps\/wp-json\/wp\/v2\/pages\/5769","targetHints":{"allow":["GET"]}}],"collection":[{"href":"https:\/\/www.pedagogie.ac-nice.fr\/eps\/wp-json\/wp\/v2\/pages"}],"about":[{"href":"https:\/\/www.pedagogie.ac-nice.fr\/eps\/wp-json\/wp\/v2\/types\/page"}],"author":[{"embeddable":true,"href":"https:\/\/www.pedagogie.ac-nice.fr\/eps\/wp-json\/wp\/v2\/users\/267"}],"replies":[{"embeddable":true,"href":"https:\/\/www.pedagogie.ac-nice.fr\/eps\/wp-json\/wp\/v2\/comments?post=5769"}],"version-history":[{"count":23,"href":"https:\/\/www.pedagogie.ac-nice.fr\/eps\/wp-json\/wp\/v2\/pages\/5769\/revisions"}],"predecessor-version":[{"id":7390,"href":"https:\/\/www.pedagogie.ac-nice.fr\/eps\/wp-json\/wp\/v2\/pages\/5769\/revisions\/7390"}],"wp:attachment":[{"href":"https:\/\/www.pedagogie.ac-nice.fr\/eps\/wp-json\/wp\/v2\/media?parent=5769"}],"curies":[{"name":"wp","href":"https:\/\/api.w.org\/{rel}","templated":true}]}}