{"id":58,"date":"2014-01-09T11:49:17","date_gmt":"2014-01-09T10:49:17","guid":{"rendered":"http:\/\/www.ac-nice.fr\/eps\/?page_id=58"},"modified":"2022-11-24T21:46:31","modified_gmt":"2022-11-24T20:46:31","slug":"projet-traam","status":"publish","type":"page","link":"https:\/\/www.pedagogie.ac-nice.fr\/eps\/projet-traam\/","title":{"rendered":"Projet TRAAM"},"content":{"rendered":"<h2>Bilan TraAm 2021-2022<\/h2>\n<p>Le bilan national des TraAm est \u00e0 <a href=\"https:\/\/eduscol.education.fr\/document\/43279\/download\" target=\"_blank\" rel=\"noopener\"><strong>CONSULTER\/TELECHARGER ICI<\/strong><\/a><\/p>\n<p>Acad\u00e9mie d&rsquo;Aix-Marseille : <strong>Utilisation d\u2019un environnement immersif pour aborder les connaissances, concepts et m\u00e9thodologie en course<\/strong><\/p>\n<p>Acad\u00e9mie de Dijon : <strong>Etude de la relation entre la qualit\u00e9 du recueil d\u2019information et l\u2019implication de l\u2019\u00e9l\u00e8ve dans son apprentissage<\/strong><\/p>\n<p>Acad\u00e9mie de la R\u00e9union : <strong>Exploration de diff\u00e9rents sc\u00e9narios pour assurer une continuit\u00e9 p\u00e9dagogique<\/strong><\/p>\n<p>Acad\u00e9mie de Paris : <strong>Apprentissage en EPS et traitement du nombre (travaux crois\u00e9s EPS &amp; Math\u00e9matiques)<\/strong><\/p>\n<p>Acad\u00e9mie de Rennes : <strong>D\u00e9ploiement de formation autour des outils cr\u00e9\u00e9s en ann\u00e9e 1 permettant aux \u00e9l\u00e8ves de se situer, analyser et obtenir des informations pour progresser au travers du num\u00e9rique.<\/strong><\/p>\n<p>Acad\u00e9mie de Strasbourg : <strong>Cr\u00e9ation et adaptation des contenus pour assurer la continuit\u00e9 p\u00e9dagogique de fa\u00e7on hybride<\/strong><\/p>\n<p><a href=\"https:\/\/eduscol.education.fr\/document\/43279\/download\" target=\"_blank\" rel=\"noopener\"><img loading=\"lazy\" decoding=\"async\" class=\"aligncenter wp-image-6612\" src=\"https:\/\/www.pedagogie.ac-nice.fr\/eps\/wp-content\/uploads\/sites\/20\/2022\/11\/Capture-decran-2022-11-24-a-21.39.09-300x184.png\" alt=\"\" width=\"406\" height=\"249\" srcset=\"https:\/\/www.pedagogie.ac-nice.fr\/eps\/wp-content\/uploads\/sites\/20\/2022\/11\/Capture-decran-2022-11-24-a-21.39.09-300x184.png 300w, https:\/\/www.pedagogie.ac-nice.fr\/eps\/wp-content\/uploads\/sites\/20\/2022\/11\/Capture-decran-2022-11-24-a-21.39.09-768x472.png 768w, https:\/\/www.pedagogie.ac-nice.fr\/eps\/wp-content\/uploads\/sites\/20\/2022\/11\/Capture-decran-2022-11-24-a-21.39.09.png 963w\" sizes=\"auto, (max-width: 406px) 100vw, 406px\" \/><\/a><\/p>\n<h2>Bilan TraAM 2019-2020<\/h2>\n<div style=\"width: 100%;\">\n<div style=\"position: relative; padding-bottom: 56.25%; padding-top: 0; height: 0;\"><iframe loading=\"lazy\" style=\"position: absolute; top: 0; left: 0; width: 100%; height: 100%;\" src=\"https:\/\/view.genial.ly\/5ebe53f18e243b0d5a32bdff\" width=\"1200px\" height=\"675px\" frameborder=\"0\" scrolling=\"yes\" allowfullscreen=\"allowfullscreen\"><\/iframe><\/div>\n<\/div>\n<p>&nbsp;<\/p>\n<p>Retrouvez \u00e9galement le <a href=\"https:\/\/www.pedagogie.ac-nice.fr\/eps\/wp-content\/uploads\/sites\/20\/2020\/11\/Bilan-national-des-TraAM-2019-2020_EPS_vdef-2.pdf\" class=\"pdfemb-viewer\" style=\"\" data-width=\"max\" data-height=\"max\" data-toolbar=\"bottom\" data-toolbar-fixed=\"off\">Bilan national des TraAM<\/a><br \/>\n&#8211; Cr\u00e9ation d&rsquo;applications pour le suivi des \u00e9l\u00e8ves en Course d&rsquo;Orientation<br \/>\n&#8211; Dispositif hybride en classe invers\u00e9e en Musculation<br \/>\n&#8211;\u00a0 Parcours de formation autour des objets connect\u00e9s<br \/>\n&#8211; Jeu de l&rsquo;oie-pprentissage : parcours num\u00e9rique pour l&rsquo;engagement moteur<\/p>\n<h2>Les Travaux acad\u00e9miques mutualit\u00e9s (TraAM)<\/h2>\n<p>Les TraAM ont pour objectif d&rsquo;aider et d&rsquo;accompagner le d\u00e9veloppement des Tice en mutualisant les exp\u00e9riences.<\/p>\n<p>\u2705\u00a0Nous nous sommes engag\u00e9s dans les TraAM pour l&rsquo;ann\u00e9e 2020 dont le th\u00e8me \u00ab\u00a0Diff\u00e9renciation et optimisation de l&rsquo;apprentissage\u00a0\u00bb au travers des classes invers\u00e9es, s\u00e9quences renvers\u00e9es et collaboratives pour d\u00e9velopper l&rsquo;autonomie et la diff\u00e9renciation p\u00e9dagogique.<\/p>\n<p>\u27a1\ufe0fPour retrouver nos travaux =&gt;<\/p>\n<p><a href=\"https:\/\/www.pedagogie.ac-nice.fr\/eps\/ma-publication-2\/\"><img loading=\"lazy\" decoding=\"async\" class=\"size-medium wp-image-4257 alignleft\" src=\"https:\/\/www.pedagogie.ac-nice.fr\/eps\/wp-content\/uploads\/sites\/20\/2020\/05\/Ma-publication-300x225.jpg\" alt=\"\" width=\"300\" height=\"225\" srcset=\"https:\/\/www.pedagogie.ac-nice.fr\/eps\/wp-content\/uploads\/sites\/20\/2020\/05\/Ma-publication-300x225.jpg 300w, https:\/\/www.pedagogie.ac-nice.fr\/eps\/wp-content\/uploads\/sites\/20\/2020\/05\/Ma-publication-1024x768.jpg 1024w, https:\/\/www.pedagogie.ac-nice.fr\/eps\/wp-content\/uploads\/sites\/20\/2020\/05\/Ma-publication-768x576.jpg 768w, https:\/\/www.pedagogie.ac-nice.fr\/eps\/wp-content\/uploads\/sites\/20\/2020\/05\/Ma-publication-1536x1152.jpg 1536w, https:\/\/www.pedagogie.ac-nice.fr\/eps\/wp-content\/uploads\/sites\/20\/2020\/05\/Ma-publication-2048x1536.jpg 2048w\" sizes=\"auto, (max-width: 300px) 100vw, 300px\" \/><\/a><\/p>\n<p><a href=\"https:\/\/projettraamepsnice2020-39.webself.net\/accueil\" target=\"_blank\" rel=\"noopener noreferrer\">Classe invers\u00e9e et collaborative, France PISSOT<\/a><\/p>\n<p><a href=\"https:\/\/www.pedagogie.ac-nice.fr\/eps\/wp-content\/uploads\/sites\/20\/2020\/05\/TraAM-site-acad\u00e9mique-C\u00e9dric-JOURDAN.pdf\" target=\"_blank\" rel=\"noopener noreferrer\">Classe invers\u00e9e, C\u00e9dric JOURDAN<\/a><\/p>\n<p>&nbsp;<\/p>\n<p>&nbsp;<\/p>\n<p>&nbsp;<\/p>\n<p>&nbsp;<\/p>\n<p>En 2012-2013, 117 groupes r\u00e9partis sur 27 acad\u00e9mies ont particip\u00e9. Pour l&rsquo;ann\u00e9e 2013-2014 les acad\u00e9mies sont appel\u00e9es \u00e0 travailler sur plusieurs th\u00e8mes comme la mobilit\u00e9, les usages p\u00e9dagogiques au coll\u00e8ge, lyc\u00e9e et lyc\u00e9e professionnel ou encore sur l&rsquo;utilisation de ressources num\u00e9riques sp\u00e9cifiques.<\/p>\n<p>Les comptes rendus de ces travaux sont accessibles \u00e0 partir des sites disciplinaires sur <a href=\"http:\/\/eduscol.education.fr\/eps\/animation\/traam-eps\">Eduscol<\/a>.<\/p>\n<p><a href=\"https:\/\/www.pedagogie.ac-nice.fr\/eps\/wp-content\/uploads\/sites\/20\/2014\/05\/Projet-TraAM-2013-2014-Nice-EPS-Site-EPS-1.ppsx\">Projet TraAM 2013 2014 Nice EPS Site EPS<\/a><\/p>\n","protected":false},"excerpt":{"rendered":"<p>Bilan TraAm 2021-2022 Le bilan national des TraAm est \u00e0 CONSULTER\/TELECHARGER ICI Acad\u00e9mie d&rsquo;Aix-Marseille : Utilisation d\u2019un environnement immersif pour aborder les connaissances, concepts et m\u00e9thodologie en course Acad\u00e9mie de Dijon : Etude de la relation entre la qualit\u00e9 du recueil d\u2019information et l\u2019implication de l\u2019\u00e9l\u00e8ve dans son apprentissage Acad\u00e9mie de la R\u00e9union : Exploration &hellip; <a href=\"https:\/\/www.pedagogie.ac-nice.fr\/eps\/projet-traam\/\" class=\"more-link\">Continuer la lecture de <span class=\"screen-reader-text\">Projet TRAAM<\/span> <span class=\"meta-nav\">&rarr;<\/span><\/a><\/p>\n","protected":false},"author":129,"featured_media":0,"parent":0,"menu_order":0,"comment_status":"closed","ping_status":"closed","template":"","meta":{"footnotes":""},"class_list":["post-58","page","type-page","status-publish","hentry"],"rttpg_featured_image_url":null,"rttpg_author":{"display_name":"Fran\u00e7ois Meignaud","author_link":"https:\/\/www.pedagogie.ac-nice.fr\/eps\/author\/meignaud\/"},"rttpg_comment":0,"rttpg_category":null,"rttpg_excerpt":"Bilan TraAm 2021-2022 Le bilan national des TraAm est \u00e0 CONSULTER\/TELECHARGER ICI Acad\u00e9mie d&rsquo;Aix-Marseille : Utilisation d\u2019un environnement immersif pour aborder les connaissances, concepts et m\u00e9thodologie en course Acad\u00e9mie de Dijon : Etude de la relation entre la qualit\u00e9 du recueil d\u2019information et l\u2019implication de l\u2019\u00e9l\u00e8ve dans son apprentissage Acad\u00e9mie de la R\u00e9union : Exploration\u2026","post_mailing_queue_ids":[],"_links":{"self":[{"href":"https:\/\/www.pedagogie.ac-nice.fr\/eps\/wp-json\/wp\/v2\/pages\/58","targetHints":{"allow":["GET"]}}],"collection":[{"href":"https:\/\/www.pedagogie.ac-nice.fr\/eps\/wp-json\/wp\/v2\/pages"}],"about":[{"href":"https:\/\/www.pedagogie.ac-nice.fr\/eps\/wp-json\/wp\/v2\/types\/page"}],"author":[{"embeddable":true,"href":"https:\/\/www.pedagogie.ac-nice.fr\/eps\/wp-json\/wp\/v2\/users\/129"}],"replies":[{"embeddable":true,"href":"https:\/\/www.pedagogie.ac-nice.fr\/eps\/wp-json\/wp\/v2\/comments?post=58"}],"version-history":[{"count":10,"href":"https:\/\/www.pedagogie.ac-nice.fr\/eps\/wp-json\/wp\/v2\/pages\/58\/revisions"}],"predecessor-version":[{"id":4427,"href":"https:\/\/www.pedagogie.ac-nice.fr\/eps\/wp-json\/wp\/v2\/pages\/58\/revisions\/4427"}],"wp:attachment":[{"href":"https:\/\/www.pedagogie.ac-nice.fr\/eps\/wp-json\/wp\/v2\/media?parent=58"}],"curies":[{"name":"wp","href":"https:\/\/api.w.org\/{rel}","templated":true}]}}