{"id":5894,"date":"2021-10-15T17:15:31","date_gmt":"2021-10-15T15:15:31","guid":{"rendered":"https:\/\/www.pedagogie.ac-nice.fr\/eps\/?page_id=5894"},"modified":"2021-10-22T14:25:17","modified_gmt":"2021-10-22T12:25:17","slug":"programmes-college","status":"publish","type":"page","link":"https:\/\/www.pedagogie.ac-nice.fr\/eps\/institutionnel\/college\/programmes-college\/","title":{"rendered":"Programmes Coll\u00e8ge"},"content":{"rendered":"<p><a href=\"https:\/\/www.pedagogie.ac-nice.fr\/eps\/wp-content\/uploads\/sites\/20\/2015\/12\/college-mieux-apprendre-1.jpg\"><img loading=\"lazy\" decoding=\"async\" class=\"wp-image-1685 aligncenter\" src=\"https:\/\/www.pedagogie.ac-nice.fr\/eps\/wp-content\/uploads\/sites\/20\/2015\/12\/college-mieux-apprendre-1.jpg\" alt=\"Mieux apprendre pour mieux r\u00e9ussir au Coll\u00e8ge\" width=\"240\" height=\"99\" srcset=\"https:\/\/www.pedagogie.ac-nice.fr\/eps\/wp-content\/uploads\/sites\/20\/2015\/12\/college-mieux-apprendre-1.jpg 420w, https:\/\/www.pedagogie.ac-nice.fr\/eps\/wp-content\/uploads\/sites\/20\/2015\/12\/college-mieux-apprendre-1-300x124.jpg 300w\" sizes=\"auto, (max-width: 240px) 100vw, 240px\" \/><\/a>Les nouveaux programmes de l\u2019enseignement de l\u2019\u00e9cole \u00e9l\u00e9mentaire et du coll\u00e8ge sont parus au<\/p>\n<p><a href=\"http:\/\/www.education.gouv.fr\/pid285\/bulletin_officiel.html?pid_bo=33400\" target=\"_blank\" rel=\"noopener noreferrer\"><img loading=\"lazy\" decoding=\"async\" class=\"alignnone wp-image-1684\" src=\"https:\/\/www.pedagogie.ac-nice.fr\/eps\/wp-content\/uploads\/sites\/20\/2015\/12\/bo-1.jpg\" alt=\"Le Bulletin officiel de l'Education Nationale\" width=\"119\" height=\"79\">&nbsp;&nbsp;&nbsp;&nbsp;&nbsp;&nbsp;&nbsp; B.O. sp\u00e9cial N\u00b011 du 26 novembre 2015<\/a>.<\/p>\n<p>Ces programmes entrent en vigueur \u00e0 la rentr\u00e9e 2016<\/p>\n<p><a href=\"https:\/\/www.pedagogie.ac-nice.fr\/eps\/wp-content\/uploads\/sites\/20\/2016\/09\/BO-sp\u00e9cial-n\u00b011-du-26-nov-2015-programmes-cycle-3-1.pdf\">Annexe 2: Le programme d&rsquo;enseignement du cycle de consolidation &#8211; cycle 3<\/a><\/p>\n<p><a href=\"https:\/\/www.pedagogie.ac-nice.fr\/eps\/wp-content\/uploads\/sites\/20\/2016\/09\/BO-sp\u00e9cial-n\u00b011-du-26-nov-2015-programmes-cycle-4-1.pdf\">Annexe 3: Le programme d&rsquo;enseignement du cycle des approfondissements &#8211; cycle 4<\/a><\/p>\n<p style=\"text-align: center;\">&#8230;&#8230;&#8230;&#8230;&#8230;&#8230;&#8230;&#8230;&#8230;&#8230;&#8230;&#8230;&#8230;&#8230;&#8230;&#8230;&#8230;&#8230;&#8230;&#8230;&#8230;&#8230;&#8230;&#8230;&#8230;&#8230;&#8230;&#8230;&#8230;&#8230;&#8230;&#8230;&#8230;&#8230;&#8230;&#8230;<\/p>\n<p>L&rsquo;inspection p\u00e9dagogique r\u00e9gionale met \u00e0 la disposition des enseignants les documents utilis\u00e9s lors des journ\u00e9es de formation disciplinaire<\/p>\n<p><strong>Journ\u00e9e 1:<\/strong><\/p>\n<p><a href=\"https:\/\/www.pedagogie.ac-nice.fr\/eps\/wp-content\/uploads\/sites\/20\/2016\/05\/presentation-des-IA-IPR-1.pdf\" target=\"_blank\" rel=\"noopener noreferrer\">presentation-des-IA-IPR<\/a><\/p>\n<p><a href=\"https:\/\/www.pedagogie.ac-nice.fr\/eps\/wp-content\/uploads\/sites\/20\/2016\/05\/document-1-aide-au-diagnostic-des-besoins-des-\u00e9l\u00e8ves-1.pdf\" target=\"_blank\" rel=\"noopener noreferrer\">document-1-aide-au-diagnostic-des-besoins-des-\u00e9l\u00e8ves<\/a><\/p>\n<p><a href=\"https:\/\/www.pedagogie.ac-nice.fr\/eps\/wp-content\/uploads\/sites\/20\/2016\/05\/document-2-articulation-socle-CG-1.pdf\" target=\"_blank\" rel=\"noopener noreferrer\">document-2-articulation-socle-CG<\/a><\/p>\n<p><a href=\"https:\/\/www.pedagogie.ac-nice.fr\/eps\/wp-content\/uploads\/sites\/20\/2016\/05\/document-3-illustrations-par-champs-d-apprentissage-1.pdf\" target=\"_blank\" rel=\"noopener noreferrer\">document-3-illustrations-par-champ-d-apprentissage<\/a><\/p>\n<p><strong>Journ\u00e9e 2:<\/strong><\/p>\n<p><a href=\"https:\/\/www.pedagogie.ac-nice.fr\/eps\/wp-content\/uploads\/sites\/20\/2016\/06\/presentation-des-IA-IPR-2-1.pdf\">presentation-des-IA-IPR-2<\/a><\/p>\n","protected":false},"excerpt":{"rendered":"<p>Les nouveaux programmes de l\u2019enseignement de l\u2019\u00e9cole \u00e9l\u00e9mentaire et du coll\u00e8ge sont parus au &nbsp;&nbsp;&nbsp;&nbsp;&nbsp;&nbsp;&nbsp; B.O. sp\u00e9cial N\u00b011 du 26 novembre 2015. Ces programmes entrent en vigueur \u00e0 la rentr\u00e9e 2016 Annexe 2: Le programme d&rsquo;enseignement du cycle de consolidation &#8211; cycle 3 Annexe 3: Le programme d&rsquo;enseignement du cycle des approfondissements &#8211; cycle 4 &hellip; <a href=\"https:\/\/www.pedagogie.ac-nice.fr\/eps\/institutionnel\/college\/programmes-college\/\" class=\"more-link\">Continuer la lecture de <span class=\"screen-reader-text\">Programmes Coll\u00e8ge<\/span> <span class=\"meta-nav\">&rarr;<\/span><\/a><\/p>\n","protected":false},"author":133,"featured_media":0,"parent":114,"menu_order":0,"comment_status":"closed","ping_status":"closed","template":"","meta":{"footnotes":""},"class_list":["post-5894","page","type-page","status-publish","hentry"],"rttpg_featured_image_url":null,"rttpg_author":{"display_name":"Karine Logeart","author_link":"https:\/\/www.pedagogie.ac-nice.fr\/eps\/author\/k-logeart\/"},"rttpg_comment":0,"rttpg_category":null,"rttpg_excerpt":"Les nouveaux programmes de l\u2019enseignement de l\u2019\u00e9cole \u00e9l\u00e9mentaire et du coll\u00e8ge sont parus au &nbsp;&nbsp;&nbsp;&nbsp;&nbsp;&nbsp;&nbsp; B.O. sp\u00e9cial N\u00b011 du 26 novembre 2015. Ces programmes entrent en vigueur \u00e0 la rentr\u00e9e 2016 Annexe 2: Le programme d&rsquo;enseignement du cycle de consolidation &#8211; cycle 3 Annexe 3: Le programme d&rsquo;enseignement du cycle des approfondissements &#8211; cycle 4\u2026","post_mailing_queue_ids":[],"_links":{"self":[{"href":"https:\/\/www.pedagogie.ac-nice.fr\/eps\/wp-json\/wp\/v2\/pages\/5894","targetHints":{"allow":["GET"]}}],"collection":[{"href":"https:\/\/www.pedagogie.ac-nice.fr\/eps\/wp-json\/wp\/v2\/pages"}],"about":[{"href":"https:\/\/www.pedagogie.ac-nice.fr\/eps\/wp-json\/wp\/v2\/types\/page"}],"author":[{"embeddable":true,"href":"https:\/\/www.pedagogie.ac-nice.fr\/eps\/wp-json\/wp\/v2\/users\/133"}],"replies":[{"embeddable":true,"href":"https:\/\/www.pedagogie.ac-nice.fr\/eps\/wp-json\/wp\/v2\/comments?post=5894"}],"version-history":[{"count":3,"href":"https:\/\/www.pedagogie.ac-nice.fr\/eps\/wp-json\/wp\/v2\/pages\/5894\/revisions"}],"predecessor-version":[{"id":6001,"href":"https:\/\/www.pedagogie.ac-nice.fr\/eps\/wp-json\/wp\/v2\/pages\/5894\/revisions\/6001"}],"up":[{"embeddable":true,"href":"https:\/\/www.pedagogie.ac-nice.fr\/eps\/wp-json\/wp\/v2\/pages\/114"}],"wp:attachment":[{"href":"https:\/\/www.pedagogie.ac-nice.fr\/eps\/wp-json\/wp\/v2\/media?parent=5894"}],"curies":[{"name":"wp","href":"https:\/\/api.w.org\/{rel}","templated":true}]}}