{"id":6036,"date":"2021-11-14T23:12:49","date_gmt":"2021-11-14T22:12:49","guid":{"rendered":"https:\/\/www.pedagogie.ac-nice.fr\/eps\/?page_id=6036"},"modified":"2025-09-30T14:39:06","modified_gmt":"2025-09-30T12:39:06","slug":"sauvetage-aquatique","status":"publish","type":"page","link":"https:\/\/www.pedagogie.ac-nice.fr\/eps\/sauvetage-aquatique\/","title":{"rendered":"Sauvetage aquatique"},"content":{"rendered":"<div class=\"page\" title=\"Page 1\">\n<div class=\"layoutArea\">\n<div class=\"column\">\n<h1><img loading=\"lazy\" decoding=\"async\" class=\"size-medium wp-image-6606 aligncenter\" src=\"https:\/\/www.pedagogie.ac-nice.fr\/eps\/wp-content\/uploads\/sites\/20\/2022\/11\/Lepreuve-de-sauvetage-aquatique-se-deroulera-le-mardi-25-janvier-2022-a-la-piscine-Jean-Medecin-178-rue-de-France-06-000-Nice.-Elle-debutera-probablement-a-partir-de-8h00-e1695396472590-300x179.png\" alt=\"\" width=\"300\" height=\"179\" \/><\/h1>\n<h1 style=\"text-align: center;\">L&rsquo;unique \u00e9preuve annuelle de sauvetage aquatique organis\u00e9e par le Rectorat se d\u00e9roulera<\/h1>\n<h1 style=\"text-align: center;\"><strong>Le lundi 26 janvier 2026<\/strong><\/h1>\n<p style=\"text-align: center;\">\u00e0 partir de 7h45<\/p>\n<h1 style=\"text-align: center;\"><b>PISCINE JEAN MEDECIN<\/b><\/h1>\n<p style=\"text-align: center;\">178 Rue de France<\/p>\n<p style=\"text-align: center;\">06 000 Nice.<\/p>\n<p style=\"text-align: center;\"><b>Les candidats doivent renvoyer par courrier \u00e9lectronique en respectant le d\u00e9lai <\/b>de rigueur aupr\u00e8s du<b> Service des concours Mme Virginie OUABA &#8211; T\u00e9l : 04 93 53 70 89<br \/>\n<\/b><\/p>\n<p style=\"text-align: center;\"><b>\u00a0 \u00a0 M\u00e9l : <a class=\"moz-txt-link-abbreviated moz-txt-link-freetext\" href=\"mailto:ce2@ac-nice.fr\" target=\"_blank\" rel=\"noopener\">ce2@ac-nice.fr<\/a> <\/b><\/p>\n<p>&nbsp;<\/p>\n<h1>TEST D\u2019APTITUDE AU SAUVETAGE AQUATIQUE<\/h1>\n<a href=\"https:\/\/www.pedagogie.ac-nice.fr\/eps\/wp-content\/uploads\/sites\/20\/2025\/09\/COURRIER-Test-Aptitude-au-Sauvetage-Aquatique-lundi-26-janvier-2026-Piscine-Jean-Medecin-Nice.pdf\" class=\"pdfemb-viewer\" style=\"\" data-width=\"max\" data-height=\"max\" data-toolbar=\"bottom\" data-toolbar-fixed=\"off\">COURRIER Test Aptitude au Sauvetage Aquatique lundi 26 janvier 2026 Piscine Jean M\u00e9decin Nice<\/a>\n<p><a href=\"https:\/\/www.pedagogie.ac-nice.fr\/eps\/wp-content\/uploads\/sites\/20\/2025\/09\/COURRIER-Test-Aptitude-au-Sauvetage-Aquatique-lundi-26-janvier-2026-Piscine-Jean-Medecin-Nice.pdf\" target=\"_blank\" rel=\"noopener\">A TELECHARGER AU FORMAT PDF<\/a><\/p>\n<\/div>\n<\/div>\n<\/div>\n<h1>Modalit\u00e9s d&rsquo;organisation du test de sauvetage aquatique<\/h1>\n<h2>Circulaire n\u00b02019-100 du 1-7-2019 modalit\u00e9s d&rsquo;organisation du test sauvetage aquatique<\/h2>\n<a href=\"https:\/\/www.pedagogie.ac-nice.fr\/eps\/wp-content\/uploads\/sites\/20\/2021\/11\/Circulaire-n\u00b0-2019-100-du-1-7-2019-modalite\u0301s-dorganisation-du-test-sauvetage-aquatique.pdf\" class=\"pdfemb-viewer\" style=\"\" data-width=\"max\" data-height=\"max\" data-toolbar=\"bottom\" data-toolbar-fixed=\"off\">Circulaire n\u00b0 2019-100 du 1-7-2019 modalite\u0301s d&#039;organisation du test sauvetage aquatique<\/a>\n<p><a href=\"https:\/\/www.pedagogie.ac-nice.fr\/eps\/wp-content\/uploads\/sites\/20\/2021\/11\/Circulaire-n\u00b0-2019-100-du-1-7-2019-modalite\u0301s-dorganisation-du-test-sauvetage-aquatique.pdf\" target=\"_blank\" rel=\"noopener\">A TELECHARGER AU FORMAT PDF<\/a><\/p>\n<p>&nbsp;<\/p>\n","protected":false},"excerpt":{"rendered":"<p>L&rsquo;unique \u00e9preuve annuelle de sauvetage aquatique organis\u00e9e par le Rectorat se d\u00e9roulera Le lundi 26 janvier 2026 \u00e0 partir de 7h45 PISCINE JEAN MEDECIN 178 Rue de France 06 000 Nice. Les candidats doivent renvoyer par courrier \u00e9lectronique en respectant le d\u00e9lai de rigueur aupr\u00e8s du Service des concours Mme Virginie OUABA &#8211; T\u00e9l : &hellip; <a href=\"https:\/\/www.pedagogie.ac-nice.fr\/eps\/sauvetage-aquatique\/\" class=\"more-link\">Continuer la lecture de <span class=\"screen-reader-text\">Sauvetage aquatique<\/span> <span class=\"meta-nav\">&rarr;<\/span><\/a><\/p>\n","protected":false},"author":267,"featured_media":0,"parent":0,"menu_order":0,"comment_status":"closed","ping_status":"closed","template":"","meta":{"footnotes":""},"class_list":["post-6036","page","type-page","status-publish","hentry"],"rttpg_featured_image_url":null,"rttpg_author":{"display_name":"cedricjourdan","author_link":"https:\/\/www.pedagogie.ac-nice.fr\/eps\/author\/cedricjourdan\/"},"rttpg_comment":0,"rttpg_category":null,"rttpg_excerpt":"L&rsquo;unique \u00e9preuve annuelle de sauvetage aquatique organis\u00e9e par le Rectorat se d\u00e9roulera Le lundi 26 janvier 2026 \u00e0 partir de 7h45 PISCINE JEAN MEDECIN 178 Rue de France 06 000 Nice. Les candidats doivent renvoyer par courrier \u00e9lectronique en respectant le d\u00e9lai de rigueur aupr\u00e8s du Service des concours Mme Virginie OUABA &#8211; T\u00e9l :\u2026","post_mailing_queue_ids":[],"_links":{"self":[{"href":"https:\/\/www.pedagogie.ac-nice.fr\/eps\/wp-json\/wp\/v2\/pages\/6036","targetHints":{"allow":["GET"]}}],"collection":[{"href":"https:\/\/www.pedagogie.ac-nice.fr\/eps\/wp-json\/wp\/v2\/pages"}],"about":[{"href":"https:\/\/www.pedagogie.ac-nice.fr\/eps\/wp-json\/wp\/v2\/types\/page"}],"author":[{"embeddable":true,"href":"https:\/\/www.pedagogie.ac-nice.fr\/eps\/wp-json\/wp\/v2\/users\/267"}],"replies":[{"embeddable":true,"href":"https:\/\/www.pedagogie.ac-nice.fr\/eps\/wp-json\/wp\/v2\/comments?post=6036"}],"version-history":[{"count":12,"href":"https:\/\/www.pedagogie.ac-nice.fr\/eps\/wp-json\/wp\/v2\/pages\/6036\/revisions"}],"predecessor-version":[{"id":7690,"href":"https:\/\/www.pedagogie.ac-nice.fr\/eps\/wp-json\/wp\/v2\/pages\/6036\/revisions\/7690"}],"wp:attachment":[{"href":"https:\/\/www.pedagogie.ac-nice.fr\/eps\/wp-json\/wp\/v2\/media?parent=6036"}],"curies":[{"name":"wp","href":"https:\/\/api.w.org\/{rel}","templated":true}]}}