{"id":6054,"date":"2021-11-18T11:07:41","date_gmt":"2021-11-18T10:07:41","guid":{"rendered":"https:\/\/www.pedagogie.ac-nice.fr\/eps\/?page_id=6054"},"modified":"2026-03-06T08:35:39","modified_gmt":"2026-03-06T07:35:39","slug":"sections-sportives-et-chad","status":"publish","type":"page","link":"https:\/\/www.pedagogie.ac-nice.fr\/eps\/sections-sportives-et-chad\/","title":{"rendered":"DANSE: Sections sportives et CHAD"},"content":{"rendered":"<h2>En college<\/h2>\n<h3>Les Sections Sportives Scolaires DANSE<\/h3>\n<ul>\n<li>Coll\u00e8ge La Guicharde\u00a0 &#8211; 83110 Sanary sur mer<\/li>\n<li>Coll\u00e8ge Lou Castellas &#8211; 83 210 Solli\u00e8s Pont<\/li>\n<li>Coll\u00e8ge Le Vigneret &#8211; 83330 Le Castellet (ouverture rentr\u00e9e 2026)<\/li>\n<li>Coll\u00e8ge La Bourgade &#8211; 06340 La Trinit\u00e9<\/li>\n<\/ul>\n<p><a href=\"https:\/\/www.pedagogie.ac-nice.fr\/eps\/wp-content\/uploads\/sites\/20\/2023\/12\/Sections-sportives-BO-n\u00b048-du-21-decembre-2023.pdf\" target=\"_blank\" rel=\"noopener\">Consulter la circulaire du 15 12 2023 paru au BO N\u00b048 du 21 12 2023<\/a>\u00a0 qui pr\u00e9cise le cahier des charges .<\/p>\n<h3>Les Classes \u00e0 Horaires Am\u00e9nag\u00e9s Danse &#8211; CHAD &#8211;<\/h3>\n<ul>\n<li>Coll\u00e8ge Maurice Genevoix &#8211; 83000 Toulon &#8211; Fermeture Rentr\u00e9e 2026-<\/li>\n<\/ul>\n<p><a href=\"http:\/\/www.education.gouv.fr\/cid53533\/mene1010856a.html\" target=\"_blank\" rel=\"noopener noreferrer\"><span class=\"nor_nature\">Bulletin officiel n\u00b037 du 14 octobre 2010<\/span><\/a><\/p>\n<h2>En Lyc\u00e9e<\/h2>\n<h3>Section Sportive Scolaire DANSE<\/h3>\n<ul>\n<li>Lyc\u00e9e Raynouard &#8211; 83 177 Brignoles<\/li>\n<\/ul>\n<p><a href=\"https:\/\/www.pedagogie.ac-nice.fr\/eps\/wp-content\/uploads\/sites\/20\/2023\/12\/Sections-sportives-BO-n\u00b048-du-21-decembre-2023.pdf\" target=\"_blank\" rel=\"noopener\">Consulter la circulaire du 15 12 2023 paru au BO N\u00b048 du 21 12 2023<\/a>\u00a0 qui pr\u00e9cise le cahier des charges .<\/p>\n","protected":false},"excerpt":{"rendered":"<p>En college Les Sections Sportives Scolaires DANSE Coll\u00e8ge La Guicharde\u00a0 &#8211; 83110 Sanary sur mer Coll\u00e8ge Lou Castellas &#8211; 83 210 Solli\u00e8s Pont Coll\u00e8ge Le Vigneret &#8211; 83330 Le Castellet (ouverture rentr\u00e9e 2026) Coll\u00e8ge La Bourgade &#8211; 06340 La Trinit\u00e9 Consulter la circulaire du 15 12 2023 paru au BO N\u00b048 du 21 12 2023\u00a0 &hellip; <a href=\"https:\/\/www.pedagogie.ac-nice.fr\/eps\/sections-sportives-et-chad\/\" class=\"more-link\">Continuer la lecture de <span class=\"screen-reader-text\">DANSE: Sections sportives et CHAD<\/span> <span class=\"meta-nav\">&rarr;<\/span><\/a><\/p>\n","protected":false},"author":133,"featured_media":0,"parent":0,"menu_order":0,"comment_status":"closed","ping_status":"closed","template":"","meta":{"footnotes":""},"class_list":["post-6054","page","type-page","status-publish","hentry"],"rttpg_featured_image_url":null,"rttpg_author":{"display_name":"Karine Logeart","author_link":"https:\/\/www.pedagogie.ac-nice.fr\/eps\/author\/k-logeart\/"},"rttpg_comment":0,"rttpg_category":null,"rttpg_excerpt":"En college Les Sections Sportives Scolaires DANSE Coll\u00e8ge La Guicharde\u00a0 &#8211; 83110 Sanary sur mer Coll\u00e8ge Lou Castellas &#8211; 83 210 Solli\u00e8s Pont Coll\u00e8ge Le Vigneret &#8211; 83330 Le Castellet (ouverture rentr\u00e9e 2026) Coll\u00e8ge La Bourgade &#8211; 06340 La Trinit\u00e9 Consulter la circulaire du 15 12 2023 paru au BO N\u00b048 du 21 12 2023\u00a0\u2026","post_mailing_queue_ids":[],"_links":{"self":[{"href":"https:\/\/www.pedagogie.ac-nice.fr\/eps\/wp-json\/wp\/v2\/pages\/6054","targetHints":{"allow":["GET"]}}],"collection":[{"href":"https:\/\/www.pedagogie.ac-nice.fr\/eps\/wp-json\/wp\/v2\/pages"}],"about":[{"href":"https:\/\/www.pedagogie.ac-nice.fr\/eps\/wp-json\/wp\/v2\/types\/page"}],"author":[{"embeddable":true,"href":"https:\/\/www.pedagogie.ac-nice.fr\/eps\/wp-json\/wp\/v2\/users\/133"}],"replies":[{"embeddable":true,"href":"https:\/\/www.pedagogie.ac-nice.fr\/eps\/wp-json\/wp\/v2\/comments?post=6054"}],"version-history":[{"count":5,"href":"https:\/\/www.pedagogie.ac-nice.fr\/eps\/wp-json\/wp\/v2\/pages\/6054\/revisions"}],"predecessor-version":[{"id":8006,"href":"https:\/\/www.pedagogie.ac-nice.fr\/eps\/wp-json\/wp\/v2\/pages\/6054\/revisions\/8006"}],"wp:attachment":[{"href":"https:\/\/www.pedagogie.ac-nice.fr\/eps\/wp-json\/wp\/v2\/media?parent=6054"}],"curies":[{"name":"wp","href":"https:\/\/api.w.org\/{rel}","templated":true}]}}