{"id":6061,"date":"2021-11-18T11:14:06","date_gmt":"2021-11-18T10:14:06","guid":{"rendered":"https:\/\/www.pedagogie.ac-nice.fr\/eps\/?page_id=6061"},"modified":"2021-11-22T16:21:56","modified_gmt":"2021-11-22T15:21:56","slug":"etat-des-lieux-de-la-danse","status":"publish","type":"page","link":"https:\/\/www.pedagogie.ac-nice.fr\/eps\/enseignement-artistique\/etat-des-lieux-de-la-danse\/","title":{"rendered":"Etat des lieux de la danse"},"content":{"rendered":"<h2>\u00c9tats des lieux de la danse en milieu scolaire &#8211; Mai 2021 &#8211;<\/h2>\n<table>\n<tbody>\n<tr>\n<td><a href=\"https:\/\/www.pedagogie.ac-nice.fr\/eps\/wp-content\/uploads\/sites\/20\/2021\/06\/2021-093-rapport-volet-danse.pdf\" class=\"pdfemb-viewer\" style=\"\" data-width=\"max\" data-height=\"max\" data-toolbar=\"bottom\" data-toolbar-fixed=\"off\">2021-093 rapport volet danse<\/a><\/td>\n<td>\n<div class=\"\">Ce rapport r\u00e9dig\u00e9 par l\u2019IG\u00c9RS (Carole S\u00e9ve et Roland BLANCHET) dresse un \u00e9tat des lieux int\u00e9ressant sur la pratique de la danse en milieu scolaire dans le premier et second degr\u00e9.&nbsp;<\/div>\n<div class=\"\">Au vu des constats r\u00e9alis\u00e9s, la mission estime que le d\u00e9veloppement de la pratique de la danse est un levier pertinent pour atteindre \u00ab&nbsp;100% EAC&nbsp;\u00bb.<\/div>\n<div>Pour t\u00e9l\u00e9charger le rapport =&gt;&nbsp;<a href=\"https:\/\/www.pedagogie.ac-nice.fr\/eps\/wp-content\/uploads\/sites\/20\/2021\/06\/2021-093-rapport-volet-danse.pdf\">https:\/\/www.pedagogie.ac-nice.fr\/eps\/wp-content\/uploads\/sites\/20\/2021\/06\/2021-093-rapport-volet-danse.pdf<\/a><\/div>\n<\/td>\n<\/tr>\n<\/tbody>\n<\/table>\n<p>T\u00e9l\u00e9chargement<\/p>\n","protected":false},"excerpt":{"rendered":"<p>\u00c9tats des lieux de la danse en milieu scolaire &#8211; Mai 2021 &#8211; Ce rapport r\u00e9dig\u00e9 par l\u2019IG\u00c9RS (Carole S\u00e9ve et Roland BLANCHET) dresse un \u00e9tat des lieux int\u00e9ressant sur la pratique de la danse en milieu scolaire dans le premier et second degr\u00e9.&nbsp; Au vu des constats r\u00e9alis\u00e9s, la mission estime que le d\u00e9veloppement &hellip; <a href=\"https:\/\/www.pedagogie.ac-nice.fr\/eps\/enseignement-artistique\/etat-des-lieux-de-la-danse\/\" class=\"more-link\">Continuer la lecture de <span class=\"screen-reader-text\">Etat des lieux de la danse<\/span> <span class=\"meta-nav\">&rarr;<\/span><\/a><\/p>\n","protected":false},"author":133,"featured_media":0,"parent":249,"menu_order":0,"comment_status":"closed","ping_status":"closed","template":"","meta":{"footnotes":""},"class_list":["post-6061","page","type-page","status-publish","hentry"],"rttpg_featured_image_url":null,"rttpg_author":{"display_name":"Karine Logeart","author_link":"https:\/\/www.pedagogie.ac-nice.fr\/eps\/author\/k-logeart\/"},"rttpg_comment":0,"rttpg_category":null,"rttpg_excerpt":"\u00c9tats des lieux de la danse en milieu scolaire &#8211; Mai 2021 &#8211; Ce rapport r\u00e9dig\u00e9 par l\u2019IG\u00c9RS (Carole S\u00e9ve et Roland BLANCHET) dresse un \u00e9tat des lieux int\u00e9ressant sur la pratique de la danse en milieu scolaire dans le premier et second degr\u00e9.&nbsp; Au vu des constats r\u00e9alis\u00e9s, la mission estime que le d\u00e9veloppement\u2026","post_mailing_queue_ids":[],"_links":{"self":[{"href":"https:\/\/www.pedagogie.ac-nice.fr\/eps\/wp-json\/wp\/v2\/pages\/6061","targetHints":{"allow":["GET"]}}],"collection":[{"href":"https:\/\/www.pedagogie.ac-nice.fr\/eps\/wp-json\/wp\/v2\/pages"}],"about":[{"href":"https:\/\/www.pedagogie.ac-nice.fr\/eps\/wp-json\/wp\/v2\/types\/page"}],"author":[{"embeddable":true,"href":"https:\/\/www.pedagogie.ac-nice.fr\/eps\/wp-json\/wp\/v2\/users\/133"}],"replies":[{"embeddable":true,"href":"https:\/\/www.pedagogie.ac-nice.fr\/eps\/wp-json\/wp\/v2\/comments?post=6061"}],"version-history":[{"count":1,"href":"https:\/\/www.pedagogie.ac-nice.fr\/eps\/wp-json\/wp\/v2\/pages\/6061\/revisions"}],"predecessor-version":[{"id":6063,"href":"https:\/\/www.pedagogie.ac-nice.fr\/eps\/wp-json\/wp\/v2\/pages\/6061\/revisions\/6063"}],"up":[{"embeddable":true,"href":"https:\/\/www.pedagogie.ac-nice.fr\/eps\/wp-json\/wp\/v2\/pages\/249"}],"wp:attachment":[{"href":"https:\/\/www.pedagogie.ac-nice.fr\/eps\/wp-json\/wp\/v2\/media?parent=6061"}],"curies":[{"name":"wp","href":"https:\/\/api.w.org\/{rel}","templated":true}]}}