{"id":6676,"date":"2022-12-07T11:43:56","date_gmt":"2022-12-07T10:43:56","guid":{"rendered":"https:\/\/www.pedagogie.ac-nice.fr\/eps\/?page_id=6676"},"modified":"2023-11-02T14:23:16","modified_gmt":"2023-11-02T13:23:16","slug":"referentiels-epreuves-ponctuelles-adaptees","status":"publish","type":"page","link":"https:\/\/www.pedagogie.ac-nice.fr\/eps\/referentiels-epreuves-ponctuelles-adaptees\/","title":{"rendered":"R\u00e9f\u00e9rentiels \u00e9preuves ponctuelles adapt\u00e9es Danse"},"content":{"rendered":"<p style=\"text-align: center;\"><span style=\"font-size: 24pt;\"><strong>\u00c9PREUVES PONCTUELLES ADAPT\u00c9ES <\/strong><\/span><\/p>\n<p style=\"text-align: center;\"><span style=\"font-size: 36pt; color: #0000ff;\"><strong>DANSE<\/strong><\/span><\/p>\n<p>&nbsp;<\/p>\n<ul style=\"list-style-type: square;\">\n<li>\n<h1><a href=\"https:\/\/www.pedagogie.ac-nice.fr\/eps\/wp-content\/uploads\/sites\/20\/2023\/11\/EPREUVE-PONCTUELLE-OBLIGATOIRE-CAP-DANSE-ADAPTEE.pdf\" target=\"_blank\" rel=\"noopener\">Au CAP<\/a><\/h1>\n<\/li>\n<li>\n<h1><a href=\"https:\/\/www.pedagogie.ac-nice.fr\/eps\/wp-content\/uploads\/sites\/20\/2023\/11\/EPREUVE-PONCTUELLE-OBLIGATOIRE-BAC-PRO-DANSE-ADAPTEE.pdf\" target=\"_blank\" rel=\"noopener\">Au Baccalaur\u00e9at Professionnel<\/a><\/h1>\n<\/li>\n<li>\n<h1><a href=\"https:\/\/www.pedagogie.ac-nice.fr\/eps\/wp-content\/uploads\/sites\/20\/2023\/11\/EPREUVE-PONCTUELLE-OBLIGATOIRE-BGT-DANSE.pdf\" target=\"_blank\" rel=\"noopener\">Au Baccalaur\u00e9at G\u00e9n\u00e9ral et Technologique<\/a><\/h1>\n<\/li>\n<\/ul>\n","protected":false},"excerpt":{"rendered":"<p>\u00c9PREUVES PONCTUELLES ADAPT\u00c9ES DANSE &nbsp; Au CAP Au Baccalaur\u00e9at Professionnel Au Baccalaur\u00e9at G\u00e9n\u00e9ral et Technologique<\/p>\n","protected":false},"author":133,"featured_media":0,"parent":0,"menu_order":0,"comment_status":"closed","ping_status":"closed","template":"","meta":{"footnotes":""},"class_list":["post-6676","page","type-page","status-publish","hentry"],"rttpg_featured_image_url":null,"rttpg_author":{"display_name":"Karine Logeart","author_link":"https:\/\/www.pedagogie.ac-nice.fr\/eps\/author\/k-logeart\/"},"rttpg_comment":0,"rttpg_category":null,"rttpg_excerpt":"\u00c9PREUVES PONCTUELLES ADAPT\u00c9ES DANSE &nbsp; Au CAP Au Baccalaur\u00e9at Professionnel Au Baccalaur\u00e9at G\u00e9n\u00e9ral et Technologique","post_mailing_queue_ids":[],"_links":{"self":[{"href":"https:\/\/www.pedagogie.ac-nice.fr\/eps\/wp-json\/wp\/v2\/pages\/6676","targetHints":{"allow":["GET"]}}],"collection":[{"href":"https:\/\/www.pedagogie.ac-nice.fr\/eps\/wp-json\/wp\/v2\/pages"}],"about":[{"href":"https:\/\/www.pedagogie.ac-nice.fr\/eps\/wp-json\/wp\/v2\/types\/page"}],"author":[{"embeddable":true,"href":"https:\/\/www.pedagogie.ac-nice.fr\/eps\/wp-json\/wp\/v2\/users\/133"}],"replies":[{"embeddable":true,"href":"https:\/\/www.pedagogie.ac-nice.fr\/eps\/wp-json\/wp\/v2\/comments?post=6676"}],"version-history":[{"count":10,"href":"https:\/\/www.pedagogie.ac-nice.fr\/eps\/wp-json\/wp\/v2\/pages\/6676\/revisions"}],"predecessor-version":[{"id":7096,"href":"https:\/\/www.pedagogie.ac-nice.fr\/eps\/wp-json\/wp\/v2\/pages\/6676\/revisions\/7096"}],"wp:attachment":[{"href":"https:\/\/www.pedagogie.ac-nice.fr\/eps\/wp-json\/wp\/v2\/media?parent=6676"}],"curies":[{"name":"wp","href":"https:\/\/api.w.org\/{rel}","templated":true}]}}