{"id":6691,"date":"2022-12-13T08:40:52","date_gmt":"2022-12-13T07:40:52","guid":{"rendered":"https:\/\/www.pedagogie.ac-nice.fr\/eps\/?page_id=6691"},"modified":"2024-01-16T16:22:33","modified_gmt":"2024-01-16T15:22:33","slug":"referentiels-epreuves-ponctuelles-adaptees-tennis-de-table","status":"publish","type":"page","link":"https:\/\/www.pedagogie.ac-nice.fr\/eps\/referentiels-epreuves-ponctuelles-adaptees-tennis-de-table\/","title":{"rendered":"R\u00e9f\u00e9rentiels \u00e9preuves ponctuelles adapt\u00e9es Tennis de table"},"content":{"rendered":"<p style=\"text-align: center;\"><strong><span style=\"font-size: 24pt;\">\u00c9PREUVES PONCTUELLES ADAPT\u00c9ES<\/span> <\/strong><\/p>\n<p style=\"text-align: center;\"><span style=\"font-size: 36pt; color: #0000ff;\"><strong>TENNIS DE TABLE<br \/>\n<\/strong><\/span><\/p>\n<p>&nbsp;<\/p>\n<ul>\n<li>\n<h1><a href=\"https:\/\/www.pedagogie.ac-nice.fr\/eps\/wp-content\/uploads\/sites\/20\/2023\/11\/EPREUVE-PONCTUELLE-OBLIGATOIRE-CAP-TENNIS-DE-TABLE-ADAPTE.pdf\" target=\"_blank\" rel=\"noopener\">Au CAP<\/a><\/h1>\n<\/li>\n<li>\n<h1><a href=\"https:\/\/www.pedagogie.ac-nice.fr\/eps\/wp-content\/uploads\/sites\/20\/2023\/11\/EPREUVE-PONCTUELLE-OBLIGATOIRE-BAC-PRO-TENNIS-DE-TABLE-ADAPTE.pdf\" target=\"_blank\" rel=\"noopener\">Au Baccalaur\u00e9at Professionnel<\/a><\/h1>\n<\/li>\n<li>\n<h1><a href=\"https:\/\/www.pedagogie.ac-nice.fr\/eps\/wp-content\/uploads\/sites\/20\/2023\/11\/EPREUVE-PONCTUELLE-OBLIGATOIRE-BGT-TENNIS-DE-TABLE.pdf\" target=\"_blank\" rel=\"noopener\">Au Baccalaur\u00e9at G\u00e9n\u00e9ral et Technologique<\/a><\/h1>\n<\/li>\n<\/ul>\n","protected":false},"excerpt":{"rendered":"<p>\u00c9PREUVES PONCTUELLES ADAPT\u00c9ES TENNIS DE TABLE &nbsp; Au CAP Au Baccalaur\u00e9at Professionnel Au Baccalaur\u00e9at G\u00e9n\u00e9ral et Technologique<\/p>\n","protected":false},"author":133,"featured_media":0,"parent":0,"menu_order":0,"comment_status":"closed","ping_status":"closed","template":"","meta":{"footnotes":""},"class_list":["post-6691","page","type-page","status-publish","hentry"],"rttpg_featured_image_url":null,"rttpg_author":{"display_name":"Karine Logeart","author_link":"https:\/\/www.pedagogie.ac-nice.fr\/eps\/author\/k-logeart\/"},"rttpg_comment":0,"rttpg_category":null,"rttpg_excerpt":"\u00c9PREUVES PONCTUELLES ADAPT\u00c9ES TENNIS DE TABLE &nbsp; Au CAP Au Baccalaur\u00e9at Professionnel Au Baccalaur\u00e9at G\u00e9n\u00e9ral et Technologique","post_mailing_queue_ids":[],"_links":{"self":[{"href":"https:\/\/www.pedagogie.ac-nice.fr\/eps\/wp-json\/wp\/v2\/pages\/6691","targetHints":{"allow":["GET"]}}],"collection":[{"href":"https:\/\/www.pedagogie.ac-nice.fr\/eps\/wp-json\/wp\/v2\/pages"}],"about":[{"href":"https:\/\/www.pedagogie.ac-nice.fr\/eps\/wp-json\/wp\/v2\/types\/page"}],"author":[{"embeddable":true,"href":"https:\/\/www.pedagogie.ac-nice.fr\/eps\/wp-json\/wp\/v2\/users\/133"}],"replies":[{"embeddable":true,"href":"https:\/\/www.pedagogie.ac-nice.fr\/eps\/wp-json\/wp\/v2\/comments?post=6691"}],"version-history":[{"count":6,"href":"https:\/\/www.pedagogie.ac-nice.fr\/eps\/wp-json\/wp\/v2\/pages\/6691\/revisions"}],"predecessor-version":[{"id":7097,"href":"https:\/\/www.pedagogie.ac-nice.fr\/eps\/wp-json\/wp\/v2\/pages\/6691\/revisions\/7097"}],"wp:attachment":[{"href":"https:\/\/www.pedagogie.ac-nice.fr\/eps\/wp-json\/wp\/v2\/media?parent=6691"}],"curies":[{"name":"wp","href":"https:\/\/api.w.org\/{rel}","templated":true}]}}