{"id":6988,"date":"2023-09-19T10:32:20","date_gmt":"2023-09-19T08:32:20","guid":{"rendered":"https:\/\/www.pedagogie.ac-nice.fr\/eps\/?page_id=6988"},"modified":"2024-09-20T16:10:03","modified_gmt":"2024-09-20T14:10:03","slug":"demarche-simplifiee","status":"publish","type":"page","link":"https:\/\/www.pedagogie.ac-nice.fr\/eps\/demarche-simplifiee\/","title":{"rendered":"DOSSIER DE RENTR\u00c9E et D\u00c9MARCHE SIMPLIFI\u00c9E"},"content":{"rendered":"<p style=\"text-align: center;\"><strong>DOSSIER DE RENTR\u00c9E: <\/strong>Une nouvelle d\u00e9marche pour l\u2019\u00e9tat de la discipline dans vos coll\u00e8ges et lyc\u00e9es qui se fera par le biais de<\/p>\n<p style=\"text-align: center;\"><strong> \u00ab d\u00e9marche simplifi\u00e9e \u00bb.<\/strong><\/p>\n<p>&nbsp;<\/p>\n<p>&nbsp;<\/p>\n<h2>Le tutoriel pas \u00e0 pas:<\/h2>\n<p><img loading=\"lazy\" decoding=\"async\" class=\"wp-image-927 aligncenter\" src=\"https:\/\/www.pedagogie.ac-nice.fr\/eps\/wp-content\/uploads\/sites\/20\/2014\/03\/Tablette-1-300x300.jpeg\" alt=\"\" width=\"151\" height=\"151\" srcset=\"https:\/\/www.pedagogie.ac-nice.fr\/eps\/wp-content\/uploads\/sites\/20\/2014\/03\/Tablette-1-300x300.jpeg 300w, https:\/\/www.pedagogie.ac-nice.fr\/eps\/wp-content\/uploads\/sites\/20\/2014\/03\/Tablette-1-150x150.jpeg 150w, https:\/\/www.pedagogie.ac-nice.fr\/eps\/wp-content\/uploads\/sites\/20\/2014\/03\/Tablette-1-100x100.jpeg 100w, https:\/\/www.pedagogie.ac-nice.fr\/eps\/wp-content\/uploads\/sites\/20\/2014\/03\/Tablette-1.jpeg 346w\" sizes=\"auto, (max-width: 151px) 100vw, 151px\" \/><\/p>\n<h1 style=\"text-align: center;\"><a href=\"https:\/\/www.pedagogie.ac-nice.fr\/eps\/wp-content\/uploads\/sites\/20\/2023\/09\/demarche-simplifiee-PAS-A-PAS-.pdf\" target=\"_blank\" rel=\"noopener\"><span style=\"color: #ff0000;\">En t\u00e9l\u00e9chargement ICI<\/span><\/a><\/h1>\n<p>&nbsp;<\/p>\n<h2>Les liens d&rsquo;acc\u00e8s:<\/h2>\n<ol>\n<li>Pour le <strong><em>dossier de rentr\u00e9e EPS des <u>coll\u00e8ges<\/u><\/em><\/strong> vous devez suivre le lien suivant\u00a0: <a href=\"https:\/\/www.demarches-simplifiees.fr\/commencer\/academie-de-nice-dossier-de-rentree-college-annee-\">https:\/\/www.demarches-simplifiees.fr\/commencer\/academie-de-nice-dossier-de-rentree-college-annee-<\/a><\/li>\n<\/ol>\n<p>&nbsp;<\/p>\n<ol start=\"2\">\n<li>Pour le <strong><em>dossier de rentr\u00e9e EPS des <u>lyc\u00e9es<\/u><\/em><\/strong>, ce sera celui-ci\u00a0: <a href=\"https:\/\/www.demarches-simplifiees.fr\/commencer\/academie-de-nice-dossier-de-rentree-lycee-et-cfa\">https:\/\/www.demarches-simplifiees.fr\/commencer\/academie-de-nice-dossier-de-rentree-lycee-et-cfa<\/a><\/li>\n<\/ol>\n<p>&nbsp;<\/p>\n","protected":false},"excerpt":{"rendered":"<p>DOSSIER DE RENTR\u00c9E: Une nouvelle d\u00e9marche pour l\u2019\u00e9tat de la discipline dans vos coll\u00e8ges et lyc\u00e9es qui se fera par le biais de \u00ab d\u00e9marche simplifi\u00e9e \u00bb. &nbsp; &nbsp; Le tutoriel pas \u00e0 pas: En t\u00e9l\u00e9chargement ICI &nbsp; Les liens d&rsquo;acc\u00e8s: Pour le dossier de rentr\u00e9e EPS des coll\u00e8ges vous devez suivre le lien suivant\u00a0: &hellip; <a href=\"https:\/\/www.pedagogie.ac-nice.fr\/eps\/demarche-simplifiee\/\" class=\"more-link\">Continuer la lecture de <span class=\"screen-reader-text\">DOSSIER DE RENTR\u00c9E et D\u00c9MARCHE SIMPLIFI\u00c9E<\/span> <span class=\"meta-nav\">&rarr;<\/span><\/a><\/p>\n","protected":false},"author":133,"featured_media":0,"parent":0,"menu_order":0,"comment_status":"closed","ping_status":"closed","template":"","meta":{"footnotes":""},"class_list":["post-6988","page","type-page","status-publish","hentry"],"rttpg_featured_image_url":null,"rttpg_author":{"display_name":"Karine Logeart","author_link":"https:\/\/www.pedagogie.ac-nice.fr\/eps\/author\/k-logeart\/"},"rttpg_comment":0,"rttpg_category":null,"rttpg_excerpt":"DOSSIER DE RENTR\u00c9E: Une nouvelle d\u00e9marche pour l\u2019\u00e9tat de la discipline dans vos coll\u00e8ges et lyc\u00e9es qui se fera par le biais de \u00ab d\u00e9marche simplifi\u00e9e \u00bb. &nbsp; &nbsp; Le tutoriel pas \u00e0 pas: En t\u00e9l\u00e9chargement ICI &nbsp; Les liens d&rsquo;acc\u00e8s: Pour le dossier de rentr\u00e9e EPS des coll\u00e8ges vous devez suivre le lien suivant\u00a0:\u2026","post_mailing_queue_ids":[],"_links":{"self":[{"href":"https:\/\/www.pedagogie.ac-nice.fr\/eps\/wp-json\/wp\/v2\/pages\/6988","targetHints":{"allow":["GET"]}}],"collection":[{"href":"https:\/\/www.pedagogie.ac-nice.fr\/eps\/wp-json\/wp\/v2\/pages"}],"about":[{"href":"https:\/\/www.pedagogie.ac-nice.fr\/eps\/wp-json\/wp\/v2\/types\/page"}],"author":[{"embeddable":true,"href":"https:\/\/www.pedagogie.ac-nice.fr\/eps\/wp-json\/wp\/v2\/users\/133"}],"replies":[{"embeddable":true,"href":"https:\/\/www.pedagogie.ac-nice.fr\/eps\/wp-json\/wp\/v2\/comments?post=6988"}],"version-history":[{"count":7,"href":"https:\/\/www.pedagogie.ac-nice.fr\/eps\/wp-json\/wp\/v2\/pages\/6988\/revisions"}],"predecessor-version":[{"id":7457,"href":"https:\/\/www.pedagogie.ac-nice.fr\/eps\/wp-json\/wp\/v2\/pages\/6988\/revisions\/7457"}],"wp:attachment":[{"href":"https:\/\/www.pedagogie.ac-nice.fr\/eps\/wp-json\/wp\/v2\/media?parent=6988"}],"curies":[{"name":"wp","href":"https:\/\/api.w.org\/{rel}","templated":true}]}}