{"id":83,"date":"2014-01-09T16:39:27","date_gmt":"2014-01-09T15:39:27","guid":{"rendered":"http:\/\/www.ac-nice.fr\/eps\/?page_id=83"},"modified":"2021-10-20T23:58:36","modified_gmt":"2021-10-20T21:58:36","slug":"a-s","status":"publish","type":"page","link":"https:\/\/www.pedagogie.ac-nice.fr\/eps\/a-s\/","title":{"rendered":"Association Sportive"},"content":{"rendered":"<p style=\"text-align: justify;\"><img loading=\"lazy\" decoding=\"async\" class=\"size-medium wp-image-4712 alignleft\" src=\"https:\/\/www.pedagogie.ac-nice.fr\/eps\/wp-content\/uploads\/sites\/20\/2021\/02\/logo-unss-nice-300x89.jpg\" alt=\"\" width=\"300\" height=\"89\" srcset=\"https:\/\/www.pedagogie.ac-nice.fr\/eps\/wp-content\/uploads\/sites\/20\/2021\/02\/logo-unss-nice-300x89.jpg 300w, https:\/\/www.pedagogie.ac-nice.fr\/eps\/wp-content\/uploads\/sites\/20\/2021\/02\/logo-unss-nice-1024x303.jpg 1024w, https:\/\/www.pedagogie.ac-nice.fr\/eps\/wp-content\/uploads\/sites\/20\/2021\/02\/logo-unss-nice-768x227.jpg 768w, https:\/\/www.pedagogie.ac-nice.fr\/eps\/wp-content\/uploads\/sites\/20\/2021\/02\/logo-unss-nice.jpg 1149w\" sizes=\"auto, (max-width: 300px) 100vw, 300px\" \/>\u00ab\u00a0Le sport scolaire est une des composantes de la politique \u00e9ducative de notre pays, au service de la r\u00e9ussite, de la responsabilisation, de la sant\u00e9 et du bien-\u00eatre des \u00e9l\u00e8ves. En compl\u00e9ment de l&rsquo;enseignement de &nbsp;l&rsquo;\u00e9ducation physique et sportive (EPS), il offre \u00e0 tous les \u00e9l\u00e8ves volontaires la possibilit\u00e9 de pratiquer des activit\u00e9s physiques et sportives dans le cadre de l&rsquo;association sportive scolaire.\u00a0\u00bb<\/p>\n<h2>Organigramme<\/h2>\n<h3><b>Directeur R\u00e9gional de l&rsquo;UNSS de l&rsquo;Acad\u00e9mie de Nice: <\/b><\/h3>\n<p style=\"text-align: left;\"><b><em>Pierre Le Noc<\/em> &#8211;&nbsp; <\/b>sr-nice@unss.org &#8211; &nbsp; 04 92 19 92 93<\/p>\n<h3><strong>Directeur R\u00e9gional Adjoint de l&rsquo;UNSS de l&rsquo;Acad\u00e9mie de Nice:<\/strong><\/h3>\n<p><strong><em> Eric Bernardini<\/em> &#8211; <\/strong>sr-nice@unss.org &#8211; 04 92 19 92 93<\/p>\n<h3><b>Conseiller technique d\u00e9partemental au sport scolaire <\/b><\/h3>\n<ul>\n<li>Dans le Var:&nbsp; <em><strong>Laurent Labeaune <\/strong><\/em>&#8211; sd083@unss.org &#8211; 04 94 09 55 81<\/li>\n<\/ul>\n<ul>\n<li>Dans les Alpes Maritimes: <em><b>Patrick Molineri <\/b><\/em>&#8211; sd006@unss.org &#8211; 04 93 72 64 14<\/li>\n<\/ul>\n<h2 style=\"text-align: left;\">Quelques textes utiles<\/h2>\n<ul style=\"list-style-type: disc;\">\n<li style=\"text-align: left;\"><strong>Mise en \u0153uvre du <a href=\"https:\/\/www.pedagogie.ac-nice.fr\/eps\/wp-content\/uploads\/sites\/20\/2014\/05\/D\u00e9cret-n\u00b0-2014-460-du-7-mai-2014-1-1.pdf\" target=\"_blank\" rel=\"noopener\">d\u00e9cret n\u00b0 2014-460<\/a><\/strong>&nbsp; relatif \u00e0 la participation des enseignants d&rsquo;\u00e9ducation physique et sportive aux activit\u00e9s sportives scolaires volontaires des \u00e9l\u00e8ves.<\/li>\n<\/ul>\n<p style=\"text-align: left;\"><a href=\"https:\/\/www.education.gouv.fr\/bo\/16\/Hebdo13\/MENE1608104N.htm\" target=\"_blank\" rel=\"noopener\"><span class=\"nor_nature\">Note de service n\u00b0 2016-043 du 21-3-2016<\/span><\/a><\/p>\n<ul style=\"list-style-type: disc;\">\n<li style=\"text-align: left;\"><strong>D\u00e9veloppement du sport scolaire:<\/strong><\/li>\n<\/ul>\n<p style=\"text-align: left;\"><a href=\"http:\/\/www.education.gouv.fr\/cid52971\/mene1020201c.html\" target=\"_blank\" rel=\"noopener noreferrer\"> Circulaire N\u00b02010 -125 du 18\/08\/2010<\/a><\/p>\n<ul style=\"list-style-type: disc;\">\n<li style=\"text-align: left;\"><strong>Utilisation des v\u00e9hicules personnels<\/strong> pour transporter les \u00e9l\u00e8ves:<br \/>\n<a href=\"https:\/\/www.pedagogie.ac-nice.fr\/eps\/wp-content\/uploads\/sites\/20\/2014\/04\/Note-de-service-no-86-101-du-5-mars-1986-1.pdf\" target=\"_blank\" rel=\"noopener noreferrer\">Note de service 86-101 du 05-03-1986<\/a><\/li>\n<\/ul>\n<ul style=\"list-style-type: disc;\">\n<li><strong>Certificat m\u00e9dical<\/strong><\/li>\n<\/ul>\n<p>La loi n\u00b0 2016-41 du 26\/01\/2016 rend caduque la n\u00e9cessit\u00e9 de pr\u00e9senter un certificat m\u00e9dical de non contre indication pour pratiquer les activit\u00e9s physiques et sportives volontaires dans le cadre d\u2019une association sportive scolaire.<br \/>\nL\u2019arr\u00eat\u00e9 du 9 juillet 2018 relatif aux examens m\u00e9dicaux conduisant \u00e0 la d\u00e9livrance des<br \/>\ncertificats m\u00e9dicaux pour la pratique des disciplines \u00e0 contraintes particuli\u00e8res modifie le<br \/>\npr\u00e9c\u00e9dent texte , <a href=\"https:\/\/www.legifrance.gouv.fr\/jorf\/id\/JORFTEXT000037193116\/\" target=\"_blank\" rel=\"noopener\">Cliquez Ici<\/a><br \/>\nPour ce qui concerne l\u2019UNSS :<br \/>\n<em>&#8211; En rugby \u00e0 XV et \u00e0 VII<\/em> : De 12 \u00e0 39 ans, en comp\u00e9tition ou hors comp\u00e9tition, une attention<br \/>\nparticuli\u00e8re est port\u00e9e sur : l&rsquo;examen cardio-vasculaire , l&rsquo;examen du rachis ,<br \/>\n<em>&#8211; Boxe Assaut et Savate boxe fran\u00e7aise: <\/em>L&rsquo;examen ophtalmologique est r\u00e9alis\u00e9 une fois par an pour les boxeurs professionnels et tous les deux ans pour les boxeurs amateurs ,une attention particuli\u00e8re est port\u00e9e sur l&rsquo;examen cardio-vasculaire .<br \/>\n<em>&#8211; Tir sportif<\/em><br \/>\n<em>&#8211; Parapente<\/em><\/p>\n<p><em>-Surclassement<\/em><\/p>\n<ul style=\"list-style-type: disc;\">\n<li><strong>Droit \u00e0 l&rsquo;image <\/strong>( Article 9 du code civil).<\/li>\n<\/ul>\n<p><a href=\"http:\/\/eduscol.education.fr\/internet-responsable\/communication-et-vie-privee\/sexprimer-et-communiquer-librement\/respecter-la-vie-privee-et-le-droit-a-limage.html\" target=\"_blank\" rel=\"noopener\">Respecter la vie priv\u00e9e et le droit \u00e0 l&rsquo;image.<\/a><\/p>\n<ul style=\"list-style-type: disc;\">\n<li><strong>Cr\u00e9ation de l\u2019Association Sportive: &nbsp; <\/strong><a href=\"https:\/\/www.pedagogie.ac-nice.fr\/eps\/wp-content\/uploads\/sites\/20\/2014\/04\/Circulaire-no-77-246-et-no-77-336-du-20-septembre-1977-1.pdf\" target=\"_blank\" rel=\"noopener noreferrer\">Circulaire 77-246 du 20-09-1977<\/a><\/li>\n<\/ul>\n<h2>Quelques liens utiles<\/h2>\n<p><strong>ePASS JEUNES<\/strong><a href=\"https:\/\/e-passjeunes.maregionsud.fr\/Maitre\/Accueil.aspx?ReturnUrl=%2fMaitre%2f#sectionWhatIsEPass\" target=\"_blank\" rel=\"noopener\"><img loading=\"lazy\" decoding=\"async\" class=\"alignnone wp-image-4928\" src=\"https:\/\/www.pedagogie.ac-nice.fr\/eps\/wp-content\/uploads\/sites\/20\/2021\/03\/EPASS-unss-300x204.jpg\" alt=\"\" width=\"200\" height=\"136\" srcset=\"https:\/\/www.pedagogie.ac-nice.fr\/eps\/wp-content\/uploads\/sites\/20\/2021\/03\/EPASS-unss-300x204.jpg 300w, https:\/\/www.pedagogie.ac-nice.fr\/eps\/wp-content\/uploads\/sites\/20\/2021\/03\/EPASS-unss-768x521.jpg 768w, https:\/\/www.pedagogie.ac-nice.fr\/eps\/wp-content\/uploads\/sites\/20\/2021\/03\/EPASS-unss.jpg 837w\" sizes=\"auto, (max-width: 200px) 100vw, 200px\" \/><\/a><\/p>\n<p>&nbsp;<\/p>\n<p><strong>Site UNSS consultable par tous<\/strong>&nbsp;:<\/p>\n<p><a href=\"https:\/\/www.unss.org\/\">https:\/\/www.unss.org\/<\/a><\/p>\n<p>&nbsp;<\/p>\n<p><strong>Plan National de d\u00e9veloppement du sport scolaire 2020\/2024<\/strong>&nbsp;:<\/p>\n<p><a href=\"https:\/\/www.unss.org\/pndss\">https:\/\/www.unss.org\/pndss<\/a><\/p>\n<p><strong>&nbsp;<\/strong><\/p>\n<p><strong>Site OPUSS avec la liste des articles et des comp\u00e9titions organis\u00e9es au niveau national et acad\u00e9mique.<\/strong><\/p>\n<p><a href=\"https:\/\/opuss.unss.org\/\">https:\/\/opuss.unss.org\/<\/a><\/p>\n<p><a href=\"https:\/\/www.pedagogie.ac-nice.fr\/eps\/a-s\/vie-as\/\" target=\"_blank\" rel=\"noopener\"><img loading=\"lazy\" decoding=\"async\" class=\"aligncenter  wp-image-5928\" src=\"https:\/\/www.pedagogie.ac-nice.fr\/eps\/wp-content\/uploads\/sites\/20\/2021\/10\/6.png\" alt=\"\" width=\"600\" height=\"338\" srcset=\"https:\/\/www.pedagogie.ac-nice.fr\/eps\/wp-content\/uploads\/sites\/20\/2021\/10\/6.png 1920w, https:\/\/www.pedagogie.ac-nice.fr\/eps\/wp-content\/uploads\/sites\/20\/2021\/10\/6-300x169.png 300w, https:\/\/www.pedagogie.ac-nice.fr\/eps\/wp-content\/uploads\/sites\/20\/2021\/10\/6-1024x576.png 1024w, https:\/\/www.pedagogie.ac-nice.fr\/eps\/wp-content\/uploads\/sites\/20\/2021\/10\/6-768x432.png 768w, https:\/\/www.pedagogie.ac-nice.fr\/eps\/wp-content\/uploads\/sites\/20\/2021\/10\/6-1536x864.png 1536w\" sizes=\"auto, (max-width: 600px) 100vw, 600px\" \/><\/a><\/p>\n","protected":false},"excerpt":{"rendered":"<p>\u00ab\u00a0Le sport scolaire est une des composantes de la politique \u00e9ducative de notre pays, au service de la r\u00e9ussite, de la responsabilisation, de la sant\u00e9 et du bien-\u00eatre des \u00e9l\u00e8ves. En compl\u00e9ment de l&rsquo;enseignement de &nbsp;l&rsquo;\u00e9ducation physique et sportive (EPS), il offre \u00e0 tous les \u00e9l\u00e8ves volontaires la possibilit\u00e9 de pratiquer des activit\u00e9s physiques et &hellip; <a href=\"https:\/\/www.pedagogie.ac-nice.fr\/eps\/a-s\/\" class=\"more-link\">Continuer la lecture de <span class=\"screen-reader-text\">Association Sportive<\/span> <span class=\"meta-nav\">&rarr;<\/span><\/a><\/p>\n","protected":false},"author":129,"featured_media":0,"parent":0,"menu_order":0,"comment_status":"closed","ping_status":"closed","template":"","meta":{"footnotes":""},"class_list":["post-83","page","type-page","status-publish","hentry"],"rttpg_featured_image_url":null,"rttpg_author":{"display_name":"Fran\u00e7ois Meignaud","author_link":"https:\/\/www.pedagogie.ac-nice.fr\/eps\/author\/meignaud\/"},"rttpg_comment":0,"rttpg_category":null,"rttpg_excerpt":"\u00ab\u00a0Le sport scolaire est une des composantes de la politique \u00e9ducative de notre pays, au service de la r\u00e9ussite, de la responsabilisation, de la sant\u00e9 et du bien-\u00eatre des \u00e9l\u00e8ves. En compl\u00e9ment de l&rsquo;enseignement de &nbsp;l&rsquo;\u00e9ducation physique et sportive (EPS), il offre \u00e0 tous les \u00e9l\u00e8ves volontaires la possibilit\u00e9 de pratiquer des activit\u00e9s physiques et\u2026","post_mailing_queue_ids":[],"_links":{"self":[{"href":"https:\/\/www.pedagogie.ac-nice.fr\/eps\/wp-json\/wp\/v2\/pages\/83","targetHints":{"allow":["GET"]}}],"collection":[{"href":"https:\/\/www.pedagogie.ac-nice.fr\/eps\/wp-json\/wp\/v2\/pages"}],"about":[{"href":"https:\/\/www.pedagogie.ac-nice.fr\/eps\/wp-json\/wp\/v2\/types\/page"}],"author":[{"embeddable":true,"href":"https:\/\/www.pedagogie.ac-nice.fr\/eps\/wp-json\/wp\/v2\/users\/129"}],"replies":[{"embeddable":true,"href":"https:\/\/www.pedagogie.ac-nice.fr\/eps\/wp-json\/wp\/v2\/comments?post=83"}],"version-history":[{"count":19,"href":"https:\/\/www.pedagogie.ac-nice.fr\/eps\/wp-json\/wp\/v2\/pages\/83\/revisions"}],"predecessor-version":[{"id":5929,"href":"https:\/\/www.pedagogie.ac-nice.fr\/eps\/wp-json\/wp\/v2\/pages\/83\/revisions\/5929"}],"wp:attachment":[{"href":"https:\/\/www.pedagogie.ac-nice.fr\/eps\/wp-json\/wp\/v2\/media?parent=83"}],"curies":[{"name":"wp","href":"https:\/\/api.w.org\/{rel}","templated":true}]}}