{"id":9,"date":"2014-01-08T15:52:02","date_gmt":"2014-01-08T14:52:02","guid":{"rendered":"http:\/\/www.ac-nice.fr\/eps\/?page_id=9"},"modified":"2014-01-08T15:52:02","modified_gmt":"2014-01-08T14:52:02","slug":"accueil","status":"publish","type":"page","link":"https:\/\/www.pedagogie.ac-nice.fr\/eps\/accueil\/","title":{"rendered":"V\u0153ux 2014"},"content":{"rendered":"<p>Les IA IPR: Bernard DUTARD, Christine MENARD et Agn\u00e9s RAYBAUD adressent \u00e0 tous les personnels, leurs meilleurs v\u0153ux pour l&rsquo;ann\u00e9e 2014 .<\/p>\n","protected":false},"excerpt":{"rendered":"<p>Les IA IPR: Bernard DUTARD, Christine MENARD et Agn\u00e9s RAYBAUD adressent \u00e0 tous les personnels, leurs meilleurs v\u0153ux pour l&rsquo;ann\u00e9e 2014 .<\/p>\n","protected":false},"author":129,"featured_media":0,"parent":0,"menu_order":0,"comment_status":"open","ping_status":"open","template":"tpl-home.php","meta":{"footnotes":""},"class_list":["post-9","page","type-page","status-publish","hentry"],"rttpg_featured_image_url":null,"rttpg_author":{"display_name":"Fran\u00e7ois Meignaud","author_link":"https:\/\/www.pedagogie.ac-nice.fr\/eps\/author\/meignaud\/"},"rttpg_comment":0,"rttpg_category":null,"rttpg_excerpt":"Les IA IPR: Bernard DUTARD, Christine MENARD et Agn\u00e9s RAYBAUD adressent \u00e0 tous les personnels, leurs meilleurs v\u0153ux pour l&rsquo;ann\u00e9e 2014 .","post_mailing_queue_ids":[],"_links":{"self":[{"href":"https:\/\/www.pedagogie.ac-nice.fr\/eps\/wp-json\/wp\/v2\/pages\/9","targetHints":{"allow":["GET"]}}],"collection":[{"href":"https:\/\/www.pedagogie.ac-nice.fr\/eps\/wp-json\/wp\/v2\/pages"}],"about":[{"href":"https:\/\/www.pedagogie.ac-nice.fr\/eps\/wp-json\/wp\/v2\/types\/page"}],"author":[{"embeddable":true,"href":"https:\/\/www.pedagogie.ac-nice.fr\/eps\/wp-json\/wp\/v2\/users\/129"}],"replies":[{"embeddable":true,"href":"https:\/\/www.pedagogie.ac-nice.fr\/eps\/wp-json\/wp\/v2\/comments?post=9"}],"version-history":[{"count":1,"href":"https:\/\/www.pedagogie.ac-nice.fr\/eps\/wp-json\/wp\/v2\/pages\/9\/revisions"}],"predecessor-version":[{"id":5781,"href":"https:\/\/www.pedagogie.ac-nice.fr\/eps\/wp-json\/wp\/v2\/pages\/9\/revisions\/5781"}],"wp:attachment":[{"href":"https:\/\/www.pedagogie.ac-nice.fr\/eps\/wp-json\/wp\/v2\/media?parent=9"}],"curies":[{"name":"wp","href":"https:\/\/api.w.org\/{rel}","templated":true}]}}