{"id":929,"date":"2014-03-22T17:29:07","date_gmt":"2014-03-22T16:29:07","guid":{"rendered":"http:\/\/www.ac-nice.fr\/eps\/?page_id=929"},"modified":"2021-10-15T14:34:01","modified_gmt":"2021-10-15T12:34:01","slug":"activites-etablissement","status":"publish","type":"page","link":"https:\/\/www.pedagogie.ac-nice.fr\/eps\/activites-etablissement\/","title":{"rendered":"Enseignement d&rsquo;une activit\u00e9 sp\u00e9cifique \u00e0 l&rsquo;\u00e9tablissement"},"content":{"rendered":"<p>Au sein de chaque \u00e9tablissement, une activit\u00e9 sp\u00e9cifique, en compl\u00e9ment des activit\u00e9s relevant des listes nationale et acad\u00e9mique, peut-\u00eatre int\u00e9gr\u00e9e au projet d&rsquo;EPS.\u2028<b> Cette activit\u00e9 doit r\u00e9pondre \u00e0 une sp\u00e9cificit\u00e9 forte de l&rsquo;\u00e9tablissement<\/b>. Son enseignement doit \u00eatre en coh\u00e9rence avec les objectifs du projet d&rsquo;EPS et s\u2019inscrire dans la politique du projet d&rsquo;\u00e9tablissement.\u2028\u2028La programmation d\u2019une activit\u00e9 sp\u00e9cifique constitue une ouverture pour enrichir l\u2019offre nationale et acad\u00e9mique en fonction des sp\u00e9cificit\u00e9s locales et des ressources de l\u2019\u00e9tablissement. Par principe, elle s\u2019adresse \u00e0 tous les \u00e9l\u00e8ves. Elle ne saurait avoir pour objet de contourner les exigences du programme ni d\u2019accentuer d\u2019\u00e9ventuels d\u00e9s\u00e9quilibres de l\u2019offre de formation.<\/p>\n<p>Si l&rsquo;\u00e9quipe p\u00e9dagogique souhaite proposer une activit\u00e9 d\u2019\u00e9tablissement <strong>elle doit en faire la demande par courrier aupr\u00e8s de l\u2019inspection p\u00e9dagogique d\u2019EPS<\/strong>, en justifiant son int\u00e9r\u00eat p\u00e9dagogique et en d\u00e9montrer la plus-value. L\u2019\u00e9tablissement devra transmettre un dossier, \u00e0 l&rsquo;inspection p\u00e9dagogique qui donnera ou non son accord.<\/p>\n<h2>Dossier \u00e0 transmettre \u00e0 l&rsquo;inspection p\u00e9dagogique :<\/h2>\n<p>Il a pour objet de permettre \u00e0 l\u2019inspection p\u00e9dagogique de mesurer la pertinence du choix de l\u2019activit\u00e9 au sein du projet d\u2019EPS dans le cadre plus large du programme qui s\u2019impose \u00e0 tous.<\/p>\n<p>Il comprend :<\/p>\n<ul>\n<li>Le projet d\u2019EPS et notamment la programmation pr\u00e9visionnelle des APSA sur les trois ann\u00e9es du lyc\u00e9e.<\/li>\n<li>La d\u00e9nomination de l\u2019APSA souhait\u00e9e, le champ d&rsquo;apprentissage auquel elle se r\u00e9f\u00e8re, les motivations de se choix.<\/li>\n<li>La d\u00e9finition des comp\u00e9tences vis\u00e9es et attendus de fin de cycle .<\/li>\n<li>Les modalit\u00e9s d\u2019\u00e9valuation.<\/li>\n<li>Le descriptif des conditions mat\u00e9rielles d\u2019enseignement.<\/li>\n<\/ul>\n<h3>Points examin\u00e9s pour la validation&nbsp;:<\/h3>\n<ul>\n<li>L\u2019activit\u00e9 doit concerner tous les \u00e9l\u00e8ves. Elle a vocation \u00e0 pouvoir \u00eatre enseign\u00e9e par chacun des professeurs d\u2019EPS de l\u2018\u00e9tablissement.<\/li>\n<li>Son choix devra renforcer l\u2019\u00e9quilibre de l\u2019offre de formation de l\u2019\u00e9tablissement<\/li>\n<li>Enfin, les Attendus de fin de cycle sont \u00e0 formaliser selon les niveaux en respectant \u00e0 la fois l\u2019esprit et le cadre d\u2019\u00e9criture de celles de la liste nationale et du programme.<\/li>\n<\/ul>\n<p><b>Au lyc\u00e9e,&nbsp;<\/b> si cette activit\u00e9 est support de la certification pour les \u00e9preuves du baccalaur\u00e9at en CCF, ou pr\u00e9vue dans le cadre de l&rsquo;enseignement optionnel ou de sp\u00e9cialit\u00e9, l&rsquo;\u00e9quipe p\u00e9dagogique devra \u00e9galement faire parvenir pour validation un r\u00e9f\u00e9rentiel sp\u00e9cifique \u00e0 la commission acad\u00e9mique d&rsquo;harmonisation des notes aux examens, CAHPN.<\/p>\n","protected":false},"excerpt":{"rendered":"<p>Au sein de chaque \u00e9tablissement, une activit\u00e9 sp\u00e9cifique, en compl\u00e9ment des activit\u00e9s relevant des listes nationale et acad\u00e9mique, peut-\u00eatre int\u00e9gr\u00e9e au projet d&rsquo;EPS.\u2028 Cette activit\u00e9 doit r\u00e9pondre \u00e0 une sp\u00e9cificit\u00e9 forte de l&rsquo;\u00e9tablissement. Son enseignement doit \u00eatre en coh\u00e9rence avec les objectifs du projet d&rsquo;EPS et s\u2019inscrire dans la politique du projet d&rsquo;\u00e9tablissement.\u2028\u2028La programmation d\u2019une &hellip; <a href=\"https:\/\/www.pedagogie.ac-nice.fr\/eps\/activites-etablissement\/\" class=\"more-link\">Continuer la lecture de <span class=\"screen-reader-text\">Enseignement d&rsquo;une activit\u00e9 sp\u00e9cifique \u00e0 l&rsquo;\u00e9tablissement<\/span> <span class=\"meta-nav\">&rarr;<\/span><\/a><\/p>\n","protected":false},"author":129,"featured_media":0,"parent":0,"menu_order":0,"comment_status":"closed","ping_status":"closed","template":"","meta":{"footnotes":""},"class_list":["post-929","page","type-page","status-publish","hentry"],"rttpg_featured_image_url":null,"rttpg_author":{"display_name":"Fran\u00e7ois Meignaud","author_link":"https:\/\/www.pedagogie.ac-nice.fr\/eps\/author\/meignaud\/"},"rttpg_comment":0,"rttpg_category":null,"rttpg_excerpt":"Au sein de chaque \u00e9tablissement, une activit\u00e9 sp\u00e9cifique, en compl\u00e9ment des activit\u00e9s relevant des listes nationale et acad\u00e9mique, peut-\u00eatre int\u00e9gr\u00e9e au projet d&rsquo;EPS.\u2028 Cette activit\u00e9 doit r\u00e9pondre \u00e0 une sp\u00e9cificit\u00e9 forte de l&rsquo;\u00e9tablissement. Son enseignement doit \u00eatre en coh\u00e9rence avec les objectifs du projet d&rsquo;EPS et s\u2019inscrire dans la politique du projet d&rsquo;\u00e9tablissement.\u2028\u2028La programmation d\u2019une\u2026","post_mailing_queue_ids":[],"_links":{"self":[{"href":"https:\/\/www.pedagogie.ac-nice.fr\/eps\/wp-json\/wp\/v2\/pages\/929","targetHints":{"allow":["GET"]}}],"collection":[{"href":"https:\/\/www.pedagogie.ac-nice.fr\/eps\/wp-json\/wp\/v2\/pages"}],"about":[{"href":"https:\/\/www.pedagogie.ac-nice.fr\/eps\/wp-json\/wp\/v2\/types\/page"}],"author":[{"embeddable":true,"href":"https:\/\/www.pedagogie.ac-nice.fr\/eps\/wp-json\/wp\/v2\/users\/129"}],"replies":[{"embeddable":true,"href":"https:\/\/www.pedagogie.ac-nice.fr\/eps\/wp-json\/wp\/v2\/comments?post=929"}],"version-history":[{"count":4,"href":"https:\/\/www.pedagogie.ac-nice.fr\/eps\/wp-json\/wp\/v2\/pages\/929\/revisions"}],"predecessor-version":[{"id":5886,"href":"https:\/\/www.pedagogie.ac-nice.fr\/eps\/wp-json\/wp\/v2\/pages\/929\/revisions\/5886"}],"wp:attachment":[{"href":"https:\/\/www.pedagogie.ac-nice.fr\/eps\/wp-json\/wp\/v2\/media?parent=929"}],"curies":[{"name":"wp","href":"https:\/\/api.w.org\/{rel}","templated":true}]}}