{"id":956,"date":"2014-03-24T23:22:05","date_gmt":"2014-03-24T22:22:05","guid":{"rendered":"http:\/\/www.ac-nice.fr\/eps\/?page_id=956"},"modified":"2024-09-02T13:49:30","modified_gmt":"2024-09-02T11:49:30","slug":"organisation-inspection","status":"publish","type":"page","link":"https:\/\/www.pedagogie.ac-nice.fr\/eps\/ia-ipr-eps\/organisation-inspection\/","title":{"rendered":"Organisation de l&rsquo;inspection p\u00e9dagogique"},"content":{"rendered":"<h2>IA IPR EPS<\/h2>\n<p><strong>MARIN Lionel<\/strong>\u00a0 <span style=\"color: #ff0000;\">lionel.marin@ac-nice.fr<\/span><\/p>\n<p><span class=\"Apple-style-span\" style=\"color: #000000;\"><strong>MENARD Christine<\/strong> \u00a0<span style=\"color: #ff0000;\">Christine.Menard@ac-nice.fr<\/span><\/span><\/p>\n<p><strong>RIGOTTARD Didier<\/strong>\u00a0 <span style=\"color: #ff0000;\">Didier.Rigottard@ac-nice.fr<\/span><\/p>\n<p>Secr\u00e9tariat des IA-IPR-EPS : Rectorat de NICE ; 53, avenue Cap de Croix. 06181 NICE CEDEX\u00a0\u00a0 <strong>04 93 53 71 51<\/strong><\/p>\n<h2>Conseiller(e) technique d\u00e9partemental(e) EPS<\/h2>\n<p><span style=\"color: #000000;\"><strong>LOGEART Karine<\/strong>\u00a0 <span style=\"color: #ff0000;\">Karine.Logeart@ac-nice.fr\u00a0<\/span> 04 94 09 62 88<\/span><\/p>\n<p><span style=\"color: #000000;\"><strong>BROSSARD Sandrine<\/strong>\u00a0 <span style=\"color: #ff0000;\">sandrine.brossard@ac-nice.fr\u00a0<\/span> 04 93 72 64 10<\/span><\/p>\n<p>Vous trouverez sur la <a href=\"https:\/\/www.pedagogie.ac-nice.fr\/eps\/wp-content\/uploads\/sites\/20\/2024\/09\/Lettre-de-rentree-EPS-2024.pdf\" target=\"_blank\" rel=\"noopener\">lettre de rentr\u00e9e<\/a> la r\u00e9partition du suivi des \u00e9tablissements et les diff\u00e9rents dossiers dont chaque IA IPR a la responsabilit\u00e9.<\/p>\n<p>Nous vous demandons de toujours communiquer avec les IA-IPR EPS sous couvert du chef d&rsquo;\u00e9tablissement en utilisant exclusivement votre adresse mail acad\u00e9mique.<\/p>\n<p>&nbsp;<\/p>\n<p><a href=\"https:\/\/www.pedagogie.ac-nice.fr\/eps\/repartition-bassins\/\" target=\"_blank\" rel=\"noopener\"><img loading=\"lazy\" decoding=\"async\" class=\"aligncenter wp-image-5795\" src=\"https:\/\/www.pedagogie.ac-nice.fr\/eps\/wp-content\/uploads\/sites\/20\/2021\/09\/3-3.png\" alt=\"\" width=\"540\" height=\"304\" srcset=\"https:\/\/www.pedagogie.ac-nice.fr\/eps\/wp-content\/uploads\/sites\/20\/2021\/09\/3-3.png 1920w, https:\/\/www.pedagogie.ac-nice.fr\/eps\/wp-content\/uploads\/sites\/20\/2021\/09\/3-3-300x169.png 300w, https:\/\/www.pedagogie.ac-nice.fr\/eps\/wp-content\/uploads\/sites\/20\/2021\/09\/3-3-1024x576.png 1024w, https:\/\/www.pedagogie.ac-nice.fr\/eps\/wp-content\/uploads\/sites\/20\/2021\/09\/3-3-768x432.png 768w, https:\/\/www.pedagogie.ac-nice.fr\/eps\/wp-content\/uploads\/sites\/20\/2021\/09\/3-3-1536x864.png 1536w\" sizes=\"auto, (max-width: 540px) 100vw, 540px\" \/><\/a><\/p>\n<p><a href=\"https:\/\/www.pedagogie.ac-nice.fr\/eps\/wp-content\/uploads\/sites\/20\/2024\/09\/Repartition-IA-IPR-EPS-par-etablissement-01-09-2024.pdf\" target=\"_blank\" rel=\"noopener\"> <img loading=\"lazy\" decoding=\"async\" class=\"aligncenter wp-image-5796\" src=\"https:\/\/www.pedagogie.ac-nice.fr\/eps\/wp-content\/uploads\/sites\/20\/2021\/09\/4.png\" alt=\"\" width=\"540\" height=\"304\" srcset=\"https:\/\/www.pedagogie.ac-nice.fr\/eps\/wp-content\/uploads\/sites\/20\/2021\/09\/4.png 1920w, https:\/\/www.pedagogie.ac-nice.fr\/eps\/wp-content\/uploads\/sites\/20\/2021\/09\/4-300x169.png 300w, https:\/\/www.pedagogie.ac-nice.fr\/eps\/wp-content\/uploads\/sites\/20\/2021\/09\/4-1024x576.png 1024w, https:\/\/www.pedagogie.ac-nice.fr\/eps\/wp-content\/uploads\/sites\/20\/2021\/09\/4-768x432.png 768w, https:\/\/www.pedagogie.ac-nice.fr\/eps\/wp-content\/uploads\/sites\/20\/2021\/09\/4-1536x864.png 1536w\" sizes=\"auto, (max-width: 540px) 100vw, 540px\" \/><\/a><\/p>\n","protected":false},"excerpt":{"rendered":"<p>IA IPR EPS MARIN Lionel\u00a0 lionel.marin@ac-nice.fr MENARD Christine \u00a0Christine.Menard@ac-nice.fr RIGOTTARD Didier\u00a0 Didier.Rigottard@ac-nice.fr Secr\u00e9tariat des IA-IPR-EPS : Rectorat de NICE ; 53, avenue Cap de Croix. 06181 NICE CEDEX\u00a0\u00a0 04 93 53 71 51 Conseiller(e) technique d\u00e9partemental(e) EPS LOGEART Karine\u00a0 Karine.Logeart@ac-nice.fr\u00a0 04 94 09 62 88 BROSSARD Sandrine\u00a0 sandrine.brossard@ac-nice.fr\u00a0 04 93 72 64 10 Vous trouverez &hellip; <a href=\"https:\/\/www.pedagogie.ac-nice.fr\/eps\/ia-ipr-eps\/organisation-inspection\/\" class=\"more-link\">Continuer la lecture de <span class=\"screen-reader-text\">Organisation de l&rsquo;inspection p\u00e9dagogique<\/span> <span class=\"meta-nav\">&rarr;<\/span><\/a><\/p>\n","protected":false},"author":130,"featured_media":0,"parent":5782,"menu_order":0,"comment_status":"closed","ping_status":"closed","template":"","meta":{"footnotes":""},"class_list":["post-956","page","type-page","status-publish","hentry"],"rttpg_featured_image_url":null,"rttpg_author":{"display_name":"Agn\u00e8s Raybaud","author_link":"https:\/\/www.pedagogie.ac-nice.fr\/eps\/author\/a-raybaud\/"},"rttpg_comment":0,"rttpg_category":null,"rttpg_excerpt":"IA IPR EPS MARIN Lionel\u00a0 lionel.marin@ac-nice.fr MENARD Christine \u00a0Christine.Menard@ac-nice.fr RIGOTTARD Didier\u00a0 Didier.Rigottard@ac-nice.fr Secr\u00e9tariat des IA-IPR-EPS : Rectorat de NICE ; 53, avenue Cap de Croix. 06181 NICE CEDEX\u00a0\u00a0 04 93 53 71 51 Conseiller(e) technique d\u00e9partemental(e) EPS LOGEART Karine\u00a0 Karine.Logeart@ac-nice.fr\u00a0 04 94 09 62 88 BROSSARD Sandrine\u00a0 sandrine.brossard@ac-nice.fr\u00a0 04 93 72 64 10 Vous trouverez\u2026","post_mailing_queue_ids":[],"_links":{"self":[{"href":"https:\/\/www.pedagogie.ac-nice.fr\/eps\/wp-json\/wp\/v2\/pages\/956","targetHints":{"allow":["GET"]}}],"collection":[{"href":"https:\/\/www.pedagogie.ac-nice.fr\/eps\/wp-json\/wp\/v2\/pages"}],"about":[{"href":"https:\/\/www.pedagogie.ac-nice.fr\/eps\/wp-json\/wp\/v2\/types\/page"}],"author":[{"embeddable":true,"href":"https:\/\/www.pedagogie.ac-nice.fr\/eps\/wp-json\/wp\/v2\/users\/130"}],"replies":[{"embeddable":true,"href":"https:\/\/www.pedagogie.ac-nice.fr\/eps\/wp-json\/wp\/v2\/comments?post=956"}],"version-history":[{"count":19,"href":"https:\/\/www.pedagogie.ac-nice.fr\/eps\/wp-json\/wp\/v2\/pages\/956\/revisions"}],"predecessor-version":[{"id":7375,"href":"https:\/\/www.pedagogie.ac-nice.fr\/eps\/wp-json\/wp\/v2\/pages\/956\/revisions\/7375"}],"up":[{"embeddable":true,"href":"https:\/\/www.pedagogie.ac-nice.fr\/eps\/wp-json\/wp\/v2\/pages\/5782"}],"wp:attachment":[{"href":"https:\/\/www.pedagogie.ac-nice.fr\/eps\/wp-json\/wp\/v2\/media?parent=956"}],"curies":[{"name":"wp","href":"https:\/\/api.w.org\/{rel}","templated":true}]}}