{"id":1035,"date":"2021-11-10T17:12:28","date_gmt":"2021-11-10T16:12:28","guid":{"rendered":"https:\/\/www.pedagogie.ac-nice.fr\/espagnol\/?page_id=1035"},"modified":"2025-02-04T15:34:38","modified_gmt":"2025-02-04T14:34:38","slug":"neurosciences","status":"publish","type":"page","link":"https:\/\/www.pedagogie.ac-nice.fr\/espagnol\/neurosciences\/","title":{"rendered":"Neurosciences"},"content":{"rendered":"<p><span style=\"font-family: verdana, geneva, sans-serif; font-size: 12pt; color: #000000;\"><img loading=\"lazy\" decoding=\"async\" class=\"alignnone wp-image-2283 size-full\" src=\"https:\/\/www.pedagogie.ac-nice.fr\/espagnol\/wp-content\/uploads\/sites\/43\/2025\/02\/Copie-de-Ensenar-deleitando-36.png\" alt=\"\" width=\"15840\" height=\"4752\" srcset=\"https:\/\/www.pedagogie.ac-nice.fr\/espagnol\/wp-content\/uploads\/sites\/43\/2025\/02\/Copie-de-Ensenar-deleitando-36.png 15840w, https:\/\/www.pedagogie.ac-nice.fr\/espagnol\/wp-content\/uploads\/sites\/43\/2025\/02\/Copie-de-Ensenar-deleitando-36-300x90.png 300w, https:\/\/www.pedagogie.ac-nice.fr\/espagnol\/wp-content\/uploads\/sites\/43\/2025\/02\/Copie-de-Ensenar-deleitando-36-1024x307.png 1024w, https:\/\/www.pedagogie.ac-nice.fr\/espagnol\/wp-content\/uploads\/sites\/43\/2025\/02\/Copie-de-Ensenar-deleitando-36-768x230.png 768w, https:\/\/www.pedagogie.ac-nice.fr\/espagnol\/wp-content\/uploads\/sites\/43\/2025\/02\/Copie-de-Ensenar-deleitando-36-1536x461.png 1536w, https:\/\/www.pedagogie.ac-nice.fr\/espagnol\/wp-content\/uploads\/sites\/43\/2025\/02\/Copie-de-Ensenar-deleitando-36-2048x614.png 2048w\" sizes=\"auto, (max-width: 15840px) 100vw, 15840px\" \/><br \/>\nVoici une nouvelle rubrique, qui se propose de faire un focus sur les neurosciences et leurs apports dans nos pratiques p\u00e9dagogiques. Nos coll\u00e8gues Marie-Pierre Magne et Aude Milon nous familiarisent avec les sciences cognitives et nous donnent de pr\u00e9cieux conseils pour une approche plus innovante de l&rsquo;enseignement des langues.<\/span><\/p>\n<p><span style=\"font-family: verdana, geneva, sans-serif; font-size: 10pt; color: #000000;\">&nbsp;<\/span><\/p>\n<ul>\n<li><strong><span style=\"font-family: verdana, geneva, sans-serif;\">Apprendre \u00e0 apprendre&nbsp; &nbsp;<span style=\"color: #ff0000;\">\u00a1nuevo!<\/span><\/span><\/strong><br \/>\n<span style=\"font-family: verdana, geneva, sans-serif;\">(par Aude Milon)<br \/>\n<strong><a href=\"https:\/\/www.pedagogie.ac-nice.fr\/espagnol\/wp-content\/uploads\/sites\/43\/2025\/01\/HISPANICE-Conseils-pour-memoriser.pdf\">cliquez ici<\/a><\/strong><\/span><\/li>\n<\/ul>\n<p style=\"padding-left: 40px;\"><a href=\"https:\/\/www.pedagogie.ac-nice.fr\/espagnol\/wp-content\/uploads\/sites\/43\/2025\/01\/HISPANICE-Conseils-pour-memoriser.pdf\"><img loading=\"lazy\" decoding=\"async\" class=\"alignnone wp-image-2135 size-large\" src=\"https:\/\/www.pedagogie.ac-nice.fr\/espagnol\/wp-content\/uploads\/sites\/43\/2025\/01\/Design-sans-titre-88-1024x724.png\" alt=\"\" width=\"800\" height=\"566\" srcset=\"https:\/\/www.pedagogie.ac-nice.fr\/espagnol\/wp-content\/uploads\/sites\/43\/2025\/01\/Design-sans-titre-88-1024x724.png 1024w, https:\/\/www.pedagogie.ac-nice.fr\/espagnol\/wp-content\/uploads\/sites\/43\/2025\/01\/Design-sans-titre-88-300x212.png 300w, https:\/\/www.pedagogie.ac-nice.fr\/espagnol\/wp-content\/uploads\/sites\/43\/2025\/01\/Design-sans-titre-88-768x543.png 768w, https:\/\/www.pedagogie.ac-nice.fr\/espagnol\/wp-content\/uploads\/sites\/43\/2025\/01\/Design-sans-titre-88-1536x1086.png 1536w, https:\/\/www.pedagogie.ac-nice.fr\/espagnol\/wp-content\/uploads\/sites\/43\/2025\/01\/Design-sans-titre-88.png 2000w\" sizes=\"auto, (max-width: 800px) 100vw, 800px\" \/><\/a><\/p>\n<ul>\n<li><strong><span style=\"font-family: verdana, geneva, sans-serif; color: #000000;\">La motivation<\/span><\/strong><br \/>\n<span style=\"font-family: verdana, geneva, sans-serif; color: #000000;\"><span style=\"font-family: verdana, geneva, sans-serif; color: #000000;\">(par Marie-Pierre Magne)<br \/>\n<a href=\"https:\/\/view.genial.ly\/5c66d84ab988ea46fc03e221\/interactive-content-motivation-marie-pierre\"><strong>cliquez ici<\/strong><\/a><br \/>\n<\/span><\/span>&nbsp;<\/li>\n<li><span style=\"font-family: verdana, geneva, sans-serif; color: #000000;\"><span style=\"font-family: verdana, geneva, sans-serif; color: #000000;\"><strong>Atelier \u00ab\u00a0M\u00e9morisation\u00a0\u00bb, apprendre \u00e0 apprendre<br \/>\n<\/strong>(par Aude Milon)<br \/>\n<strong><a href=\"https:\/\/view.genial.ly\/60d1aacbe8c94b0dc20b32dc\/dossier-mini-atelier-la-memorisation\">cliquez ici<\/a><\/strong><\/span><\/span><br \/>\n<a href=\"https:\/\/view.genial.ly\/60d1aacbe8c94b0dc20b32dc\/dossier-mini-atelier-la-memorisation\"><img loading=\"lazy\" decoding=\"async\" class=\"alignnone size-medium wp-image-1037\" src=\"https:\/\/www.pedagogie.ac-nice.fr\/espagnol\/wp-content\/uploads\/sites\/43\/2021\/11\/cerveau-300x152.jpg\" alt=\"\" width=\"300\" height=\"152\" srcset=\"https:\/\/www.pedagogie.ac-nice.fr\/espagnol\/wp-content\/uploads\/sites\/43\/2021\/11\/cerveau-300x152.jpg 300w, https:\/\/www.pedagogie.ac-nice.fr\/espagnol\/wp-content\/uploads\/sites\/43\/2021\/11\/cerveau-768x388.jpg 768w, https:\/\/www.pedagogie.ac-nice.fr\/espagnol\/wp-content\/uploads\/sites\/43\/2021\/11\/cerveau.jpg 772w\" sizes=\"auto, (max-width: 300px) 100vw, 300px\" \/><\/a><\/li>\n<li>\n<div id=\"genially-animated-e7a5e73f-1479-45ad-93fe-5cb9c180d643\" class=\"genially-animated-wrapper\" data-initial-left=\"36.87686057764881px\" data-initial-top=\"280.5px\">\n<div id=\"e7a5e73f-1479-45ad-93fe-5cb9c180d643\" class=\"genially-view-item genially-view-text text-align-center interparagraph_small genially-view-text-indent-list-v4 genially-view-text-indent-paragraph-v5\" data-cy=\"textItemView\" data-genially-id=\"618cef1fe396f30e04aa2ed9\">\n<div><strong><span style=\"font-family: verdana, geneva, sans-serif; color: #000000;\">Outils inspir\u00e9s des neurosciences pour la classe ELE<br \/>\n<\/span><\/strong><span style=\"font-family: verdana, geneva, sans-serif; color: #000000;\">(par Aude Milon)<\/span><strong><span style=\"font-family: verdana, geneva, sans-serif; color: #000000;\"><br \/>\n<a href=\"https:\/\/view.genial.ly\/618cef1fe396f30e04aa2ed9\">cliquez ici<\/a><\/span><\/strong><\/div>\n<div><img loading=\"lazy\" decoding=\"async\" class=\"alignnone size-medium wp-image-1070\" src=\"https:\/\/www.pedagogie.ac-nice.fr\/espagnol\/wp-content\/uploads\/sites\/43\/2021\/11\/neurosciences-300x158.jpg\" alt=\"\" width=\"300\" height=\"158\" srcset=\"https:\/\/www.pedagogie.ac-nice.fr\/espagnol\/wp-content\/uploads\/sites\/43\/2021\/11\/neurosciences-300x158.jpg 300w, https:\/\/www.pedagogie.ac-nice.fr\/espagnol\/wp-content\/uploads\/sites\/43\/2021\/11\/neurosciences-1024x540.jpg 1024w, https:\/\/www.pedagogie.ac-nice.fr\/espagnol\/wp-content\/uploads\/sites\/43\/2021\/11\/neurosciences-768x405.jpg 768w, https:\/\/www.pedagogie.ac-nice.fr\/espagnol\/wp-content\/uploads\/sites\/43\/2021\/11\/neurosciences-390x205.jpg 390w, https:\/\/www.pedagogie.ac-nice.fr\/espagnol\/wp-content\/uploads\/sites\/43\/2021\/11\/neurosciences.jpg 1064w\" sizes=\"auto, (max-width: 300px) 100vw, 300px\" \/><\/div>\n<\/div>\n<\/div>\n<div>&nbsp;<\/div>\n<\/li>\n<li><span style=\"color: #000000;\"><strong><span style=\"font-family: verdana, geneva, sans-serif;\">La motivation scolaire<\/span><\/strong><\/span><br \/>\n<span style=\"font-family: verdana, geneva, sans-serif; color: #000000;\">(par Marie-Pierre Magne)<\/span><br \/>\n<span style=\"font-family: verdana, geneva, sans-serif;\"><span style=\"font-family: verdana, geneva, sans-serif;\"><a href=\"https:\/\/view.genial.ly\/5c5741508805472c3453873a\/interactive-content-la-motivation-scolaire\"><strong>cliquez ici<\/strong><\/a><br \/>\n<img loading=\"lazy\" decoding=\"async\" class=\"alignnone size-medium wp-image-1072\" src=\"https:\/\/www.pedagogie.ac-nice.fr\/espagnol\/wp-content\/uploads\/sites\/43\/2021\/11\/motivation-scolaire-300x169.jpg\" alt=\"\" width=\"300\" height=\"169\" srcset=\"https:\/\/www.pedagogie.ac-nice.fr\/espagnol\/wp-content\/uploads\/sites\/43\/2021\/11\/motivation-scolaire-300x169.jpg 300w, https:\/\/www.pedagogie.ac-nice.fr\/espagnol\/wp-content\/uploads\/sites\/43\/2021\/11\/motivation-scolaire-768x432.jpg 768w, https:\/\/www.pedagogie.ac-nice.fr\/espagnol\/wp-content\/uploads\/sites\/43\/2021\/11\/motivation-scolaire.jpg 871w\" sizes=\"auto, (max-width: 300px) 100vw, 300px\" \/><\/span><\/span>&nbsp;<\/li>\n<li><strong><span style=\"color: #000000; font-family: verdana, geneva, sans-serif;\">La motivation \u00e0 apprendre selon Roland Viau<\/span><\/strong><br \/>\n<span style=\"color: #000000; font-family: verdana, geneva, sans-serif;\">(par Marie-Pierre Magne)<\/span><br \/>\n<span style=\"color: #000000; font-family: verdana, geneva, sans-serif;\"><span style=\"color: #000000; font-family: verdana, geneva, sans-serif;\"><a href=\"https:\/\/view.genial.ly\/5c83990a4f100145bf6b536b\/presentation-roland-viau\"><strong>cliquez ici<\/strong><\/a><br \/>\n<img loading=\"lazy\" decoding=\"async\" class=\"alignnone size-medium wp-image-1073\" src=\"https:\/\/www.pedagogie.ac-nice.fr\/espagnol\/wp-content\/uploads\/sites\/43\/2021\/11\/motivation2-300x168.jpg\" alt=\"\" width=\"300\" height=\"168\" srcset=\"https:\/\/www.pedagogie.ac-nice.fr\/espagnol\/wp-content\/uploads\/sites\/43\/2021\/11\/motivation2-300x168.jpg 300w, https:\/\/www.pedagogie.ac-nice.fr\/espagnol\/wp-content\/uploads\/sites\/43\/2021\/11\/motivation2-768x429.jpg 768w, https:\/\/www.pedagogie.ac-nice.fr\/espagnol\/wp-content\/uploads\/sites\/43\/2021\/11\/motivation2-800x445.jpg 800w, https:\/\/www.pedagogie.ac-nice.fr\/espagnol\/wp-content\/uploads\/sites\/43\/2021\/11\/motivation2.jpg 882w\" sizes=\"auto, (max-width: 300px) 100vw, 300px\" \/><\/span><\/span>&nbsp;<\/li>\n<\/ul>\n<p>&nbsp;<\/p>\n<ul>\n<li><span style=\"font-family: verdana, geneva, sans-serif; color: #000000;\"><strong>Pour aller plus loin : petite bibliographie<\/strong> <strong>non exhaustive&#8230;<\/strong><br \/>\n&#8211; <em>Mets-toi \u00e7a dans la t\u00eate!<\/em> Brown, Roediger et Mc Daniel.<br \/>\n&#8211; <em>Cessons de d\u00e9motiver les \u00e9l\u00e8ves<\/em>, Daniel Favre.<br \/>\n<\/span><span style=\"color: #000000;\">&#8211;&nbsp; <span style=\"font-family: verdana, geneva, sans-serif;\"><em>Les neurosciences cognitives dans la classe<\/em> (Berthier, Borst&#8230;)<br \/>\n&#8211; <span style=\"color: #000000;\"><em>Les petites bulles de l&rsquo;attention<\/em> (Lachaux)<br \/>\n&#8211; <em>Activer ses neurones<\/em> (Masson)<br \/>\n&#8211; <em>Apprendre \u00e0 mieux m\u00e9moriser<\/em> (Berthier Guilleray)<br \/>\n&#8211; <em>Innover avec les sciences cognitives<\/em> (Adeline Andr\u00e9, Berthier, Guilleray)<\/span><\/span><\/span><\/li>\n<\/ul>\n<p><img loading=\"lazy\" decoding=\"async\" class=\"alignnone wp-image-1078\" src=\"https:\/\/www.pedagogie.ac-nice.fr\/espagnol\/wp-content\/uploads\/sites\/43\/2021\/11\/Mets-toi-ca-dans-la-tete-300x300.jpg\" alt=\"\" width=\"214\" height=\"214\" srcset=\"https:\/\/www.pedagogie.ac-nice.fr\/espagnol\/wp-content\/uploads\/sites\/43\/2021\/11\/Mets-toi-ca-dans-la-tete-300x300.jpg 300w, https:\/\/www.pedagogie.ac-nice.fr\/espagnol\/wp-content\/uploads\/sites\/43\/2021\/11\/Mets-toi-ca-dans-la-tete-150x150.jpg 150w, https:\/\/www.pedagogie.ac-nice.fr\/espagnol\/wp-content\/uploads\/sites\/43\/2021\/11\/Mets-toi-ca-dans-la-tete.jpg 340w\" sizes=\"auto, (max-width: 214px) 100vw, 214px\" \/><img loading=\"lazy\" decoding=\"async\" class=\"alignnone wp-image-1079\" src=\"https:\/\/www.pedagogie.ac-nice.fr\/espagnol\/wp-content\/uploads\/sites\/43\/2021\/11\/51xmiEdTyOL._SX330_BO1204203200_-200x300.jpg\" alt=\"\" width=\"142\" height=\"213\" srcset=\"https:\/\/www.pedagogie.ac-nice.fr\/espagnol\/wp-content\/uploads\/sites\/43\/2021\/11\/51xmiEdTyOL._SX330_BO1204203200_-200x300.jpg 200w, https:\/\/www.pedagogie.ac-nice.fr\/espagnol\/wp-content\/uploads\/sites\/43\/2021\/11\/51xmiEdTyOL._SX330_BO1204203200_.jpg 332w\" sizes=\"auto, (max-width: 142px) 100vw, 142px\" \/><img loading=\"lazy\" decoding=\"async\" class=\"alignnone wp-image-1080\" src=\"https:\/\/www.pedagogie.ac-nice.fr\/espagnol\/wp-content\/uploads\/sites\/43\/2021\/11\/Apprendre-a-mieux-memoriser-Former-entrainer-optimiser-College-2020-300x300.jpg\" alt=\"\" width=\"213\" height=\"213\" srcset=\"https:\/\/www.pedagogie.ac-nice.fr\/espagnol\/wp-content\/uploads\/sites\/43\/2021\/11\/Apprendre-a-mieux-memoriser-Former-entrainer-optimiser-College-2020-300x300.jpg 300w, https:\/\/www.pedagogie.ac-nice.fr\/espagnol\/wp-content\/uploads\/sites\/43\/2021\/11\/Apprendre-a-mieux-memoriser-Former-entrainer-optimiser-College-2020-150x150.jpg 150w, https:\/\/www.pedagogie.ac-nice.fr\/espagnol\/wp-content\/uploads\/sites\/43\/2021\/11\/Apprendre-a-mieux-memoriser-Former-entrainer-optimiser-College-2020.jpg 340w\" sizes=\"auto, (max-width: 213px) 100vw, 213px\" \/><\/p>\n<ul>\n<li><span style=\"color: #000000;\"><strong><span style=\"font-family: verdana, geneva, sans-serif;\">R\u00e9seau Canop\u00e9 : de nombreuses ressources \u00e0 consulter \u00e9galement !<br \/>\n<a href=\"https:\/\/www.reseau-canope.fr\/resultats-de-recherche.html?L=0&amp;id=43&amp;tx_solr%5Bq%5D=neurosciences&amp;tx_solr%5Bfilter%5D%5B0%5D=type%3AnoticiaNotice\">Cliquez ici<\/a><\/span><\/strong><\/span><\/li>\n<\/ul>\n<p style=\"padding-left: 40px;\"><a href=\"https:\/\/www.reseau-canope.fr\/resultats-de-recherche.html?L=0&amp;id=43&amp;tx_solr%5Bq%5D=neurosciences&amp;tx_solr%5Bfilter%5D%5B0%5D=type%3AnoticiaNotice\"><img loading=\"lazy\" decoding=\"async\" class=\"alignnone size-full wp-image-1081\" src=\"https:\/\/www.pedagogie.ac-nice.fr\/espagnol\/wp-content\/uploads\/sites\/43\/2021\/11\/langfr-260px-Canope_reseau.svg_.png\" alt=\"\" width=\"260\" height=\"112\"><\/a><\/p>\n","protected":false},"excerpt":{"rendered":"<p>Voici une nouvelle rubrique, qui se propose de faire un focus sur les neurosciences et leurs apports dans nos pratiques<\/p>\n","protected":false},"author":278,"featured_media":0,"parent":0,"menu_order":0,"comment_status":"closed","ping_status":"closed","template":"","meta":{"colormag_page_container_layout":"default_layout","colormag_page_sidebar_layout":"default_layout","ngg_post_thumbnail":0,"footnotes":""},"class_list":["post-1035","page","type-page","status-publish","hentry"],"rttpg_featured_image_url":null,"rttpg_author":{"display_name":"jeromebesse","author_link":"https:\/\/www.pedagogie.ac-nice.fr\/espagnol\/author\/jeromebesse\/"},"rttpg_comment":0,"rttpg_category":null,"rttpg_excerpt":"Voici une nouvelle rubrique, qui se propose de faire un focus sur les neurosciences et leurs apports dans nos pratiques","post_mailing_queue_ids":[],"_links":{"self":[{"href":"https:\/\/www.pedagogie.ac-nice.fr\/espagnol\/wp-json\/wp\/v2\/pages\/1035","targetHints":{"allow":["GET"]}}],"collection":[{"href":"https:\/\/www.pedagogie.ac-nice.fr\/espagnol\/wp-json\/wp\/v2\/pages"}],"about":[{"href":"https:\/\/www.pedagogie.ac-nice.fr\/espagnol\/wp-json\/wp\/v2\/types\/page"}],"author":[{"embeddable":true,"href":"https:\/\/www.pedagogie.ac-nice.fr\/espagnol\/wp-json\/wp\/v2\/users\/278"}],"replies":[{"embeddable":true,"href":"https:\/\/www.pedagogie.ac-nice.fr\/espagnol\/wp-json\/wp\/v2\/comments?post=1035"}],"version-history":[{"count":16,"href":"https:\/\/www.pedagogie.ac-nice.fr\/espagnol\/wp-json\/wp\/v2\/pages\/1035\/revisions"}],"predecessor-version":[{"id":2286,"href":"https:\/\/www.pedagogie.ac-nice.fr\/espagnol\/wp-json\/wp\/v2\/pages\/1035\/revisions\/2286"}],"wp:attachment":[{"href":"https:\/\/www.pedagogie.ac-nice.fr\/espagnol\/wp-json\/wp\/v2\/media?parent=1035"}],"curies":[{"name":"wp","href":"https:\/\/api.w.org\/{rel}","templated":true}]}}