{"id":1120,"date":"2021-11-15T17:24:45","date_gmt":"2021-11-15T16:24:45","guid":{"rendered":"https:\/\/www.pedagogie.ac-nice.fr\/espagnol\/?page_id=1120"},"modified":"2025-02-03T19:37:23","modified_gmt":"2025-02-03T18:37:23","slug":"traam-lv-inter-langues-2021-2022","status":"publish","type":"page","link":"https:\/\/www.pedagogie.ac-nice.fr\/espagnol\/inter-langues\/traam-lv-inter-langues-2021-2022\/","title":{"rendered":"TraAM &#8211; LV inter-langues 2021-2022"},"content":{"rendered":"<p><img loading=\"lazy\" decoding=\"async\" class=\"alignnone wp-image-2227 size-full\" src=\"https:\/\/www.pedagogie.ac-nice.fr\/espagnol\/wp-content\/uploads\/sites\/43\/2025\/02\/Copie-de-Ensenar-deleitando-17.png\" alt=\"\" width=\"15840\" height=\"4752\" srcset=\"https:\/\/www.pedagogie.ac-nice.fr\/espagnol\/wp-content\/uploads\/sites\/43\/2025\/02\/Copie-de-Ensenar-deleitando-17.png 15840w, https:\/\/www.pedagogie.ac-nice.fr\/espagnol\/wp-content\/uploads\/sites\/43\/2025\/02\/Copie-de-Ensenar-deleitando-17-300x90.png 300w, https:\/\/www.pedagogie.ac-nice.fr\/espagnol\/wp-content\/uploads\/sites\/43\/2025\/02\/Copie-de-Ensenar-deleitando-17-1024x307.png 1024w, https:\/\/www.pedagogie.ac-nice.fr\/espagnol\/wp-content\/uploads\/sites\/43\/2025\/02\/Copie-de-Ensenar-deleitando-17-768x230.png 768w, https:\/\/www.pedagogie.ac-nice.fr\/espagnol\/wp-content\/uploads\/sites\/43\/2025\/02\/Copie-de-Ensenar-deleitando-17-1536x461.png 1536w, https:\/\/www.pedagogie.ac-nice.fr\/espagnol\/wp-content\/uploads\/sites\/43\/2025\/02\/Copie-de-Ensenar-deleitando-17-2048x614.png 2048w\" sizes=\"auto, (max-width: 15840px) 100vw, 15840px\" \/><\/p>\n<p style=\"padding-left: 40px;\"><img loading=\"lazy\" decoding=\"async\" class=\"alignnone wp-image-1378 size-full\" src=\"https:\/\/www.pedagogie.ac-nice.fr\/espagnol\/wp-content\/uploads\/sites\/43\/2022\/07\/IMG_9362.jpg\" alt=\"\" width=\"1600\" height=\"1131\" srcset=\"https:\/\/www.pedagogie.ac-nice.fr\/espagnol\/wp-content\/uploads\/sites\/43\/2022\/07\/IMG_9362.jpg 1600w, https:\/\/www.pedagogie.ac-nice.fr\/espagnol\/wp-content\/uploads\/sites\/43\/2022\/07\/IMG_9362-300x212.jpg 300w, https:\/\/www.pedagogie.ac-nice.fr\/espagnol\/wp-content\/uploads\/sites\/43\/2022\/07\/IMG_9362-1024x724.jpg 1024w, https:\/\/www.pedagogie.ac-nice.fr\/espagnol\/wp-content\/uploads\/sites\/43\/2022\/07\/IMG_9362-768x543.jpg 768w, https:\/\/www.pedagogie.ac-nice.fr\/espagnol\/wp-content\/uploads\/sites\/43\/2022\/07\/IMG_9362-1536x1086.jpg 1536w\" sizes=\"auto, (max-width: 1600px) 100vw, 1600px\" \/><\/p>\n<p style=\"padding-left: 40px;\"><strong><span style=\"color: #000000; font-family: verdana, geneva, sans-serif;\">TraAM &#8211; LV inter-langues : \u00ab\u00a0La Conf\u00e9rence europ\u00e9enne\u00a0\u00bb jou\u00e9e grandeur nature !<br \/>\n<\/span><\/strong><span style=\"font-family: verdana, geneva, sans-serif; color: #000000;\">C&rsquo;est avec beaucoup de joie et d&rsquo;\u00e9motion, et dans le cadre prestigieux de la Villa Aur\u00e9lienne, \u00e0 Fr\u00e9jus, que les participants au projet de <strong>Tra<\/strong>vaux <strong>A<\/strong>cad\u00e9miques <strong>M<\/strong>utualis\u00e9s ont pu concr\u00e9tiser l&rsquo;exp\u00e9rience de simulation globale pour laquelle ils se sont pr\u00e9par\u00e9s tout au long de l&rsquo;ann\u00e9e. Au total, plus de 150 \u00e9l\u00e8ves et \u00e9tudiants, de Menton \u00e0 Toulon, encadr\u00e9s par leur professeurs d&rsquo;anglais, d&rsquo;allemand, d&rsquo;espagnol et d&rsquo;italien, ont pu c\u00e9l\u00e9brer les valeurs de l&rsquo;Europe, de surcro\u00eet \u00e0 l&rsquo;occasion de la Pr\u00e9sidence Fran\u00e7aise de l&rsquo;Union Europ\u00e9enne (#PFUE2022). Apr\u00e8s un discours inaugural prononc\u00e9 par Mme Brigitte Carr\u00e8re, IA-IPR anglais et M. Olivier Halbout, IA-IPR italien, tous deux en charge de l&rsquo;inter-langues et du projet de TraAM LV, les coll\u00e9giens et lyc\u00e9ens encadr\u00e9s par les \u00e9tudiants de Mise \u00e0 Niveau du Lyc\u00e9e Paul Augier, se sont r\u00e9partis dans diff\u00e9rentes salles afin de d\u00e9battre de mani\u00e8re passionn\u00e9e et multilingue des enjeux li\u00e9s \u00e0 l&rsquo;avenir de l&rsquo;Europe : conf\u00e9renciers, journalistes et m\u00eame activistes, tous les personnages ont jou\u00e9 leur r\u00f4le afin de rendre cr\u00e9dibles et constructifs les riches \u00e9changes !<\/span><\/p>\n<p style=\"padding-left: 40px;\"><span style=\"font-family: verdana, geneva, sans-serif; color: #000000;\"><a href=\"https:\/\/capradio.ac-nice.fr\/conference-europeenne-simulation-globale\/\"><img loading=\"lazy\" decoding=\"async\" class=\"wp-image-1376 size-full aligncenter\" style=\"color: #333333; font-family: Georgia, 'Times New Roman', 'Bitstream Charter', Times, serif;\" src=\"https:\/\/www.pedagogie.ac-nice.fr\/espagnol\/wp-content\/uploads\/sites\/43\/2022\/07\/IMG_9364.jpg\" alt=\"\" width=\"1080\" height=\"1080\" srcset=\"https:\/\/www.pedagogie.ac-nice.fr\/espagnol\/wp-content\/uploads\/sites\/43\/2022\/07\/IMG_9364.jpg 1080w, https:\/\/www.pedagogie.ac-nice.fr\/espagnol\/wp-content\/uploads\/sites\/43\/2022\/07\/IMG_9364-300x300.jpg 300w, https:\/\/www.pedagogie.ac-nice.fr\/espagnol\/wp-content\/uploads\/sites\/43\/2022\/07\/IMG_9364-1024x1024.jpg 1024w, https:\/\/www.pedagogie.ac-nice.fr\/espagnol\/wp-content\/uploads\/sites\/43\/2022\/07\/IMG_9364-150x150.jpg 150w, https:\/\/www.pedagogie.ac-nice.fr\/espagnol\/wp-content\/uploads\/sites\/43\/2022\/07\/IMG_9364-768x768.jpg 768w\" sizes=\"auto, (max-width: 1080px) 100vw, 1080px\" \/><\/a><\/span><br \/>\n<span style=\"font-family: verdana, geneva, sans-serif; color: #000000;\">A l&rsquo;issue d&rsquo;une pause pique-nique dans les jardins de la villa, la journ\u00e9e a \u00e9t\u00e9 conclue par un jeu de piste et la distribution de quelques \u00ab\u00a0goodies\u00a0\u00bb. Ravis, tous les participants seraient pr\u00eats \u00e0 renouveler l&rsquo;exp\u00e9rience, convaincus de l&rsquo;importance de s&rsquo;ouvrir \u00e0 l&rsquo;alt\u00e9rit\u00e9 gr\u00e2ce \u00e0 la pratique des langues \u00e9trang\u00e8res de mani\u00e8re concr\u00e8te !<\/span><br \/>\n<span style=\"font-family: verdana, geneva, sans-serif; color: #000000;\">Notons que ce projet est pilot\u00e9 par M. Florent Demoulin, IAN italien, qui a pu pr\u00e9senter les d\u00e9tails de cette exp\u00e9rience unique aupr\u00e8s des \u00ab\u00a0expertes\u00a0\u00bb Eduscol LV. C&rsquo;est l&rsquo;un des 5 projets retenus au niveau national pour l&rsquo;ann\u00e9e 2021-2022, et le seul reconduit pour 2022-2023 !<\/span><br \/>\n<span style=\"font-family: verdana, geneva, sans-serif;\"><span style=\"font-family: verdana, geneva, sans-serif;\"><span style=\"color: #000000;\">Les conclusions de cette exp\u00e9rience pilote feront l&rsquo;objet de formations inter-langues, dans le cadre de l&rsquo;EAFC d\u00e8s la rentr\u00e9e prochaine. Affaire \u00e0 suivre !<\/span><br \/>\n<span style=\"color: #000000;\">Pour revivre cette journ\u00e9e, cliquez ici pour \u00e9couter le pod-cast du reportage de Cap&rsquo;Radio :<\/span><br \/>\n<a href=\"https:\/\/capradio.ac-nice.fr\/conference-europeenne-simulation-globale\/\">https:\/\/capradio.ac-nice.fr\/conference-europeenne-simulation-globale\/<\/a><a href=\"https:\/\/capradio.ac-nice.fr\/conference-europeenne-simulation-globale\/\"><img loading=\"lazy\" decoding=\"async\" class=\"wp-image-1377 size-full aligncenter\" style=\"color: #333333; font-family: Georgia, 'Times New Roman', 'Bitstream Charter', Times, serif;\" src=\"https:\/\/www.pedagogie.ac-nice.fr\/espagnol\/wp-content\/uploads\/sites\/43\/2022\/07\/IMG_9363.jpg\" alt=\"\" width=\"1080\" height=\"1080\" srcset=\"https:\/\/www.pedagogie.ac-nice.fr\/espagnol\/wp-content\/uploads\/sites\/43\/2022\/07\/IMG_9363.jpg 1080w, https:\/\/www.pedagogie.ac-nice.fr\/espagnol\/wp-content\/uploads\/sites\/43\/2022\/07\/IMG_9363-300x300.jpg 300w, https:\/\/www.pedagogie.ac-nice.fr\/espagnol\/wp-content\/uploads\/sites\/43\/2022\/07\/IMG_9363-1024x1024.jpg 1024w, https:\/\/www.pedagogie.ac-nice.fr\/espagnol\/wp-content\/uploads\/sites\/43\/2022\/07\/IMG_9363-150x150.jpg 150w, https:\/\/www.pedagogie.ac-nice.fr\/espagnol\/wp-content\/uploads\/sites\/43\/2022\/07\/IMG_9363-768x768.jpg 768w\" sizes=\"auto, (max-width: 1080px) 100vw, 1080px\" \/><\/a><\/span><\/span><\/p>\n<p>&nbsp;<\/p>\n<ul>\n<li><strong><span style=\"font-family: verdana, geneva, sans-serif; color: #000000;\">TraAM &#8211; LV inter-langues 2021-2022 :<\/span><\/strong><br \/>\n<span style=\"font-family: verdana, geneva, sans-serif;\"><strong><span style=\"color: #000000;\">La conf\u00e9rence europ\u00e9enne : la p\u00e9dagogie diff\u00e9renci\u00e9e et coop\u00e9rative au service de l\u2019autonomie \u00e0 l\u2019oral.&nbsp;<br \/>\n<\/span><\/strong><span style=\"color: #000000; font-size: 10pt;\">Une \u00e9quipe de travail de coll\u00e8gues de LV de l&rsquo;acad\u00e9mie de Nice a commenc\u00e9 \u00e0 r\u00e9fl\u00e9chir de mani\u00e8re concr\u00e8te. On vous en dit plus : <a href=\"https:\/\/www.pedagogie.ac-nice.fr\/italien\/2021\/11\/09\/traam-lv-2021-2022\/\"><strong>cliquez ici !<\/strong><\/a><br \/>\n<\/span><strong><img loading=\"lazy\" decoding=\"async\" class=\"alignnone wp-image-1028 size-full\" src=\"https:\/\/www.pedagogie.ac-nice.fr\/espagnol\/wp-content\/uploads\/sites\/43\/2021\/11\/logo_TraAM_LV_ac_Nice_definitif-300x295-1.png\" alt=\"\" width=\"300\" height=\"295\"><\/strong><\/span><\/li>\n<\/ul>\n<p>&nbsp;<\/p>\n","protected":false},"excerpt":{"rendered":"<p>TraAM &#8211; LV inter-langues : \u00ab\u00a0La Conf\u00e9rence europ\u00e9enne\u00a0\u00bb jou\u00e9e grandeur nature ! C&rsquo;est avec beaucoup de joie et d&rsquo;\u00e9motion, et<\/p>\n","protected":false},"author":278,"featured_media":0,"parent":692,"menu_order":0,"comment_status":"closed","ping_status":"closed","template":"","meta":{"colormag_page_container_layout":"default_layout","colormag_page_sidebar_layout":"default_layout","ngg_post_thumbnail":0,"footnotes":""},"class_list":["post-1120","page","type-page","status-publish","hentry"],"rttpg_featured_image_url":null,"rttpg_author":{"display_name":"jeromebesse","author_link":"https:\/\/www.pedagogie.ac-nice.fr\/espagnol\/author\/jeromebesse\/"},"rttpg_comment":0,"rttpg_category":null,"rttpg_excerpt":"TraAM &#8211; LV inter-langues : \u00ab\u00a0La Conf\u00e9rence europ\u00e9enne\u00a0\u00bb jou\u00e9e grandeur nature ! C&rsquo;est avec beaucoup de joie et d&rsquo;\u00e9motion, et","post_mailing_queue_ids":[],"_links":{"self":[{"href":"https:\/\/www.pedagogie.ac-nice.fr\/espagnol\/wp-json\/wp\/v2\/pages\/1120","targetHints":{"allow":["GET"]}}],"collection":[{"href":"https:\/\/www.pedagogie.ac-nice.fr\/espagnol\/wp-json\/wp\/v2\/pages"}],"about":[{"href":"https:\/\/www.pedagogie.ac-nice.fr\/espagnol\/wp-json\/wp\/v2\/types\/page"}],"author":[{"embeddable":true,"href":"https:\/\/www.pedagogie.ac-nice.fr\/espagnol\/wp-json\/wp\/v2\/users\/278"}],"replies":[{"embeddable":true,"href":"https:\/\/www.pedagogie.ac-nice.fr\/espagnol\/wp-json\/wp\/v2\/comments?post=1120"}],"version-history":[{"count":7,"href":"https:\/\/www.pedagogie.ac-nice.fr\/espagnol\/wp-json\/wp\/v2\/pages\/1120\/revisions"}],"predecessor-version":[{"id":2229,"href":"https:\/\/www.pedagogie.ac-nice.fr\/espagnol\/wp-json\/wp\/v2\/pages\/1120\/revisions\/2229"}],"up":[{"embeddable":true,"href":"https:\/\/www.pedagogie.ac-nice.fr\/espagnol\/wp-json\/wp\/v2\/pages\/692"}],"wp:attachment":[{"href":"https:\/\/www.pedagogie.ac-nice.fr\/espagnol\/wp-json\/wp\/v2\/media?parent=1120"}],"curies":[{"name":"wp","href":"https:\/\/api.w.org\/{rel}","templated":true}]}}