{"id":1217,"date":"2021-12-14T18:43:19","date_gmt":"2021-12-14T17:43:19","guid":{"rendered":"https:\/\/www.pedagogie.ac-nice.fr\/espagnol\/?page_id=1217"},"modified":"2025-07-01T20:27:54","modified_gmt":"2025-07-01T18:27:54","slug":"newsletters","status":"publish","type":"page","link":"https:\/\/www.pedagogie.ac-nice.fr\/espagnol\/newsletters\/","title":{"rendered":"Newsletters"},"content":{"rendered":"<p><img loading=\"lazy\" decoding=\"async\" class=\"alignnone wp-image-2287 size-full\" src=\"https:\/\/www.pedagogie.ac-nice.fr\/espagnol\/wp-content\/uploads\/sites\/43\/2025\/02\/Copie-de-Ensenar-deleitando-37.png\" alt=\"\" width=\"15840\" height=\"4752\" srcset=\"https:\/\/www.pedagogie.ac-nice.fr\/espagnol\/wp-content\/uploads\/sites\/43\/2025\/02\/Copie-de-Ensenar-deleitando-37.png 15840w, https:\/\/www.pedagogie.ac-nice.fr\/espagnol\/wp-content\/uploads\/sites\/43\/2025\/02\/Copie-de-Ensenar-deleitando-37-300x90.png 300w, https:\/\/www.pedagogie.ac-nice.fr\/espagnol\/wp-content\/uploads\/sites\/43\/2025\/02\/Copie-de-Ensenar-deleitando-37-1024x307.png 1024w, https:\/\/www.pedagogie.ac-nice.fr\/espagnol\/wp-content\/uploads\/sites\/43\/2025\/02\/Copie-de-Ensenar-deleitando-37-768x230.png 768w, https:\/\/www.pedagogie.ac-nice.fr\/espagnol\/wp-content\/uploads\/sites\/43\/2025\/02\/Copie-de-Ensenar-deleitando-37-1536x461.png 1536w, https:\/\/www.pedagogie.ac-nice.fr\/espagnol\/wp-content\/uploads\/sites\/43\/2025\/02\/Copie-de-Ensenar-deleitando-37-2048x614.png 2048w\" sizes=\"auto, (max-width: 15840px) 100vw, 15840px\" \/><\/p>\n<ul>\n<li><strong><span style=\"font-family: verdana, geneva, sans-serif;\">Newsletter de juillet 2025<\/span><\/strong><br \/>\n<span style=\"font-family: verdana, geneva, sans-serif;\">D\u00e9couvrez les derni\u00e8res informations utiles.<\/span><\/li>\n<\/ul>\n<a href=\"https:\/\/www.pedagogie.ac-nice.fr\/espagnol\/wp-content\/uploads\/sites\/43\/2025\/07\/Hisp@Nice-Lettre-dinformation-juillet-2025-6.pdf\" class=\"pdfemb-viewer\" style=\"\" data-width=\"max\" data-height=\"max\" data-toolbar=\"bottom\" data-toolbar-fixed=\"off\">Hisp@Nice Lettre d&#039;information - juillet 2025 (6)<\/a>\n<p style=\"padding-left: 40px;\"><span style=\"font-size: 10pt; font-family: verdana, geneva, sans-serif;\">Cliquez <a href=\"https:\/\/www.pedagogie.ac-nice.fr\/espagnol\/wp-content\/uploads\/sites\/43\/2025\/07\/Hisp@Nice-Lettre-dinformation-juillet-2025-6.pdf\"><strong>ici<\/strong><\/a> pour la t\u00e9l\u00e9charger en format PDF.<\/span><\/p>\n<p>&nbsp;<\/p>\n<ul>\n<li><strong><span style=\"font-family: verdana, geneva, sans-serif;\">Newletter de f\u00e9vrier 2025<\/span><\/strong><br \/>\n<span style=\"font-family: verdana, geneva, sans-serif;\">D\u00e9couvrez les derni\u00e8res informations utiles.<\/span><\/li>\n<\/ul>\n<a href=\"https:\/\/www.pedagogie.ac-nice.fr\/espagnol\/wp-content\/uploads\/sites\/43\/2025\/02\/Hisp@Nice-Lettre-dinformation-fevrier-20251.pdf\" class=\"pdfemb-viewer\" style=\"\" data-width=\"max\" data-height=\"max\" data-toolbar=\"bottom\" data-toolbar-fixed=\"off\">Hisp@Nice Lettre d&#039;information - f\u00e9vrier 2025(1)<\/a>\n<p style=\"padding-left: 40px;\"><span style=\"font-size: 10pt; font-family: verdana, geneva, sans-serif;\">Cliquez <a href=\"https:\/\/www.pedagogie.ac-nice.fr\/espagnol\/wp-content\/uploads\/sites\/43\/2025\/02\/Hisp@Nice-Lettre-dinformation-fevrier-20251.pdf\"><strong>ici<\/strong><\/a> pour t\u00e9l\u00e9charger le PDF.<\/span><\/p>\n<p>&nbsp;<\/p>\n<ul>\n<li><span style=\"color: #000000; font-family: verdana, geneva, sans-serif;\"><span style=\"color: #000000; font-family: verdana, geneva, sans-serif;\"><span style=\"color: #000000; font-family: verdana, geneva, sans-serif;\"><span style=\"color: #000000; font-family: verdana, geneva, sans-serif;\"><strong>Newsletter n\u00b02<br \/>\n<\/strong><br \/>\n<\/span><\/span><\/span><\/span><span style=\"color: #000000; font-family: verdana, geneva, sans-serif;\"><span style=\"color: #000000; font-family: verdana, geneva, sans-serif;\"><span style=\"color: #000000; font-family: verdana, geneva, sans-serif;\"><span style=\"color: #000000; font-family: verdana, geneva, sans-serif;\"><a href=\"https:\/\/www.pedagogie.ac-nice.fr\/espagnol\/wp-content\/uploads\/sites\/43\/2022\/02\/Newsletter-Espagnol-9.pdf\"><img loading=\"lazy\" decoding=\"async\" class=\"wp-image-1282 size-medium alignnone\" src=\"https:\/\/www.pedagogie.ac-nice.fr\/espagnol\/wp-content\/uploads\/sites\/43\/2022\/02\/Newsletter-Espagnol-1-212x300.png\" alt=\"\" width=\"212\" height=\"300\" srcset=\"https:\/\/www.pedagogie.ac-nice.fr\/espagnol\/wp-content\/uploads\/sites\/43\/2022\/02\/Newsletter-Espagnol-1-212x300.png 212w, https:\/\/www.pedagogie.ac-nice.fr\/espagnol\/wp-content\/uploads\/sites\/43\/2022\/02\/Newsletter-Espagnol-1-724x1024.png 724w, https:\/\/www.pedagogie.ac-nice.fr\/espagnol\/wp-content\/uploads\/sites\/43\/2022\/02\/Newsletter-Espagnol-1-768x1086.png 768w, https:\/\/www.pedagogie.ac-nice.fr\/espagnol\/wp-content\/uploads\/sites\/43\/2022\/02\/Newsletter-Espagnol-1-1086x1536.png 1086w, https:\/\/www.pedagogie.ac-nice.fr\/espagnol\/wp-content\/uploads\/sites\/43\/2022\/02\/Newsletter-Espagnol-1.png 1414w\" sizes=\"auto, (max-width: 212px) 100vw, 212px\" \/><\/a><br \/>\nD\u00e9couvrez l&rsquo;actualit\u00e9 p\u00e9dagogique, num\u00e9rique et culturelle de ce d\u00e9but d&rsquo;ann\u00e9e :<\/span><\/span><\/span><\/span> <span style=\"color: #000000; font-family: verdana, geneva, sans-serif;\"><span style=\"color: #000000; font-family: verdana, geneva, sans-serif;\"><a href=\"https:\/\/drive.google.com\/file\/d\/1gNr2f8mCn5TdI9RHZntvAP_KYfE38zGK\/view?usp=sharing\"><strong>Cliquez ici<\/strong><\/a>&nbsp;ou sur l&rsquo;image<\/span><\/span>&nbsp;<\/li>\n<\/ul>\n<p>&nbsp;<\/p>\n<ul>\n<li><span style=\"font-family: verdana, geneva, sans-serif;\"><span style=\"font-family: verdana, geneva, sans-serif;\"><strong>Newsletter N\u00b0 1<\/strong> &#8211; novembre 2021<br \/>\n<\/span><\/span><br \/>\n<a href=\"https:\/\/bit.ly\/NewsletterHispaNice1\"><img loading=\"lazy\" decoding=\"async\" class=\"alignnone size-medium wp-image-1145\" src=\"https:\/\/www.pedagogie.ac-nice.fr\/espagnol\/wp-content\/uploads\/sites\/43\/2021\/11\/Newsletter-n\u00b0-1-212x300.png\" alt=\"\" width=\"212\" height=\"300\" srcset=\"https:\/\/www.pedagogie.ac-nice.fr\/espagnol\/wp-content\/uploads\/sites\/43\/2021\/11\/Newsletter-n\u00b0-1-212x300.png 212w, https:\/\/www.pedagogie.ac-nice.fr\/espagnol\/wp-content\/uploads\/sites\/43\/2021\/11\/Newsletter-n\u00b0-1-724x1024.png 724w, https:\/\/www.pedagogie.ac-nice.fr\/espagnol\/wp-content\/uploads\/sites\/43\/2021\/11\/Newsletter-n\u00b0-1-768x1086.png 768w, https:\/\/www.pedagogie.ac-nice.fr\/espagnol\/wp-content\/uploads\/sites\/43\/2021\/11\/Newsletter-n\u00b0-1-1086x1536.png 1086w, https:\/\/www.pedagogie.ac-nice.fr\/espagnol\/wp-content\/uploads\/sites\/43\/2021\/11\/Newsletter-n\u00b0-1.png 1414w\" sizes=\"auto, (max-width: 212px) 100vw, 212px\" \/><\/a><\/li>\n<\/ul>\n","protected":false},"excerpt":{"rendered":"<p>Newsletter de juillet 2025 D\u00e9couvrez les derni\u00e8res informations utiles. Cliquez ici pour la t\u00e9l\u00e9charger en format PDF. &nbsp; Newletter de<\/p>\n","protected":false},"author":278,"featured_media":0,"parent":0,"menu_order":0,"comment_status":"closed","ping_status":"closed","template":"","meta":{"colormag_page_container_layout":"default_layout","colormag_page_sidebar_layout":"default_layout","ngg_post_thumbnail":0,"footnotes":""},"class_list":["post-1217","page","type-page","status-publish","hentry"],"rttpg_featured_image_url":null,"rttpg_author":{"display_name":"jeromebesse","author_link":"https:\/\/www.pedagogie.ac-nice.fr\/espagnol\/author\/jeromebesse\/"},"rttpg_comment":0,"rttpg_category":null,"rttpg_excerpt":"Newsletter de juillet 2025 D\u00e9couvrez les derni\u00e8res informations utiles. Cliquez ici pour la t\u00e9l\u00e9charger en format PDF. &nbsp; Newletter de","post_mailing_queue_ids":[],"_links":{"self":[{"href":"https:\/\/www.pedagogie.ac-nice.fr\/espagnol\/wp-json\/wp\/v2\/pages\/1217","targetHints":{"allow":["GET"]}}],"collection":[{"href":"https:\/\/www.pedagogie.ac-nice.fr\/espagnol\/wp-json\/wp\/v2\/pages"}],"about":[{"href":"https:\/\/www.pedagogie.ac-nice.fr\/espagnol\/wp-json\/wp\/v2\/types\/page"}],"author":[{"embeddable":true,"href":"https:\/\/www.pedagogie.ac-nice.fr\/espagnol\/wp-json\/wp\/v2\/users\/278"}],"replies":[{"embeddable":true,"href":"https:\/\/www.pedagogie.ac-nice.fr\/espagnol\/wp-json\/wp\/v2\/comments?post=1217"}],"version-history":[{"count":20,"href":"https:\/\/www.pedagogie.ac-nice.fr\/espagnol\/wp-json\/wp\/v2\/pages\/1217\/revisions"}],"predecessor-version":[{"id":2598,"href":"https:\/\/www.pedagogie.ac-nice.fr\/espagnol\/wp-json\/wp\/v2\/pages\/1217\/revisions\/2598"}],"wp:attachment":[{"href":"https:\/\/www.pedagogie.ac-nice.fr\/espagnol\/wp-json\/wp\/v2\/media?parent=1217"}],"curies":[{"name":"wp","href":"https:\/\/api.w.org\/{rel}","templated":true}]}}