{"id":2106,"date":"2025-01-28T15:58:14","date_gmt":"2025-01-28T14:58:14","guid":{"rendered":"https:\/\/www.pedagogie.ac-nice.fr\/espagnol\/?page_id=2106"},"modified":"2025-02-09T17:12:53","modified_gmt":"2025-02-09T16:12:53","slug":"banque-audio","status":"publish","type":"page","link":"https:\/\/www.pedagogie.ac-nice.fr\/espagnol\/ressources-pedagogiques\/banque-audio\/","title":{"rendered":"Banque audio [\u00a1nuevo!]"},"content":{"rendered":"<p><span style=\"font-family: verdana, geneva, sans-serif;\"><img loading=\"lazy\" decoding=\"async\" class=\"alignnone wp-image-2346 size-full\" src=\"https:\/\/www.pedagogie.ac-nice.fr\/espagnol\/wp-content\/uploads\/sites\/43\/2025\/02\/Copie-de-Ensenar-deleitando-54.png\" alt=\"\" width=\"15840\" height=\"4752\" srcset=\"https:\/\/www.pedagogie.ac-nice.fr\/espagnol\/wp-content\/uploads\/sites\/43\/2025\/02\/Copie-de-Ensenar-deleitando-54.png 15840w, https:\/\/www.pedagogie.ac-nice.fr\/espagnol\/wp-content\/uploads\/sites\/43\/2025\/02\/Copie-de-Ensenar-deleitando-54-300x90.png 300w, https:\/\/www.pedagogie.ac-nice.fr\/espagnol\/wp-content\/uploads\/sites\/43\/2025\/02\/Copie-de-Ensenar-deleitando-54-1024x307.png 1024w, https:\/\/www.pedagogie.ac-nice.fr\/espagnol\/wp-content\/uploads\/sites\/43\/2025\/02\/Copie-de-Ensenar-deleitando-54-768x230.png 768w, https:\/\/www.pedagogie.ac-nice.fr\/espagnol\/wp-content\/uploads\/sites\/43\/2025\/02\/Copie-de-Ensenar-deleitando-54-1536x461.png 1536w, https:\/\/www.pedagogie.ac-nice.fr\/espagnol\/wp-content\/uploads\/sites\/43\/2025\/02\/Copie-de-Ensenar-deleitando-54-2048x614.png 2048w\" sizes=\"auto, (max-width: 15840px) 100vw, 15840px\" \/><br \/>\nVous trouverez dans cette nouvelle rubrique de courts enregistrements r\u00e9alis\u00e9s par les assistants d&rsquo;espagnol nomm\u00e9s dans notre acad\u00e9mie, class\u00e9s par th\u00e8mes et niveau du CECRL.<br \/>\nUn grand merci \u00e0 C\u00e9line Meslard pour la compilation. Nous n&rsquo;en sommes qu&rsquo;au d\u00e9but.<\/span><\/p>\n<p><span style=\"font-family: verdana, geneva, sans-serif;\">N&rsquo;h\u00e9sitez pas \u00e0 contribuer : <\/span><span id=\"cloak7366b5a78f4be9a711214169f7aacc77\" style=\"font-family: verdana, geneva, sans-serif;\">celine-virginie.sarda@ac-nice.fr<\/span><\/p>\n<p>&nbsp;<\/p>\n<p>&nbsp;<\/p>\n<ul>\n<li><span style=\"font-family: verdana, geneva, sans-serif;\">Amaia : El deporte (A2 &#8211; las virtudes y los valores del deporte)<\/span><\/li>\n<\/ul>\n<audio class=\"wp-audio-shortcode\" id=\"audio-2106-1\" preload=\"none\" style=\"width: 100%;\" controls=\"controls\"><source type=\"audio\/mpeg\" src=\"https:\/\/www.pedagogie.ac-nice.fr\/espagnol\/wp-content\/uploads\/sites\/43\/2025\/01\/1.Amaia-El-deporte-online-audio-converter.com_.mp3?_=1\" \/><a href=\"https:\/\/www.pedagogie.ac-nice.fr\/espagnol\/wp-content\/uploads\/sites\/43\/2025\/01\/1.Amaia-El-deporte-online-audio-converter.com_.mp3\">https:\/\/www.pedagogie.ac-nice.fr\/espagnol\/wp-content\/uploads\/sites\/43\/2025\/01\/1.Amaia-El-deporte-online-audio-converter.com_.mp3<\/a><\/audio>\n<p>&nbsp;<\/p>\n<ul>\n<li><span style=\"font-family: verdana, geneva, sans-serif;\">Mayte : Los Reyes Magos (A1+\/A2 &#8211; las tradiciones de Navidad, la cabalgata de Reyes)<\/span><\/li>\n<\/ul>\n<audio class=\"wp-audio-shortcode\" id=\"audio-2106-2\" preload=\"none\" style=\"width: 100%;\" controls=\"controls\"><source type=\"audio\/mpeg\" src=\"https:\/\/www.pedagogie.ac-nice.fr\/espagnol\/wp-content\/uploads\/sites\/43\/2025\/01\/4.Mayte-Papa-Noel-o-Reyes-Magos_.m4a?_=2\" \/><a href=\"https:\/\/www.pedagogie.ac-nice.fr\/espagnol\/wp-content\/uploads\/sites\/43\/2025\/01\/4.Mayte-Papa-Noel-o-Reyes-Magos_.m4a\">https:\/\/www.pedagogie.ac-nice.fr\/espagnol\/wp-content\/uploads\/sites\/43\/2025\/01\/4.Mayte-Papa-Noel-o-Reyes-Magos_.m4a<\/a><\/audio>\n<p>&nbsp;<\/p>\n<ul>\n<li><span style=\"font-family: verdana, geneva, sans-serif;\">Pilar : \u00bfPap\u00e1 Noel o Reyes Magos? (A2 &#8211; la cabalgata de Reyes, el d\u00eda de Reyes, la magia navide\u00f1a)<\/span><\/li>\n<\/ul>\n<audio class=\"wp-audio-shortcode\" id=\"audio-2106-3\" preload=\"none\" style=\"width: 100%;\" controls=\"controls\"><source type=\"audio\/mpeg\" src=\"https:\/\/www.pedagogie.ac-nice.fr\/espagnol\/wp-content\/uploads\/sites\/43\/2025\/01\/5.Pilar-Papa-Noel-o-Reyes-Magos.m4a?_=3\" \/><a href=\"https:\/\/www.pedagogie.ac-nice.fr\/espagnol\/wp-content\/uploads\/sites\/43\/2025\/01\/5.Pilar-Papa-Noel-o-Reyes-Magos.m4a\">https:\/\/www.pedagogie.ac-nice.fr\/espagnol\/wp-content\/uploads\/sites\/43\/2025\/01\/5.Pilar-Papa-Noel-o-Reyes-Magos.m4a<\/a><\/audio>\n<p>&nbsp;<\/p>\n<ul>\n<li><span style=\"font-family: verdana, geneva, sans-serif;\">Nadya : Si tuviera poderes m\u00e1gicos (A2 &#8211; para un mundo mejor)<\/span><\/li>\n<\/ul>\n<audio class=\"wp-audio-shortcode\" id=\"audio-2106-4\" preload=\"none\" style=\"width: 100%;\" controls=\"controls\"><source type=\"audio\/mpeg\" src=\"https:\/\/www.pedagogie.ac-nice.fr\/espagnol\/wp-content\/uploads\/sites\/43\/2025\/01\/6.-Nadya-Si-tuviera-poderes-magicos.m4a?_=4\" \/><a href=\"https:\/\/www.pedagogie.ac-nice.fr\/espagnol\/wp-content\/uploads\/sites\/43\/2025\/01\/6.-Nadya-Si-tuviera-poderes-magicos.m4a\">https:\/\/www.pedagogie.ac-nice.fr\/espagnol\/wp-content\/uploads\/sites\/43\/2025\/01\/6.-Nadya-Si-tuviera-poderes-magicos.m4a<\/a><\/audio>\n<p>&nbsp;<\/p>\n<ul>\n<li><span style=\"font-family: verdana, geneva, sans-serif;\">Valentina : Yo dentro de 10 a\u00f1os (A1+\/A2 &#8211; el futuro profesional y personal)<\/span><\/li>\n<\/ul>\n<audio class=\"wp-audio-shortcode\" id=\"audio-2106-5\" preload=\"none\" style=\"width: 100%;\" controls=\"controls\"><source type=\"audio\/mpeg\" src=\"https:\/\/www.pedagogie.ac-nice.fr\/espagnol\/wp-content\/uploads\/sites\/43\/2025\/01\/9.Valentina-Yo-dentro-de-10-anos.mp3?_=5\" \/><a href=\"https:\/\/www.pedagogie.ac-nice.fr\/espagnol\/wp-content\/uploads\/sites\/43\/2025\/01\/9.Valentina-Yo-dentro-de-10-anos.mp3\">https:\/\/www.pedagogie.ac-nice.fr\/espagnol\/wp-content\/uploads\/sites\/43\/2025\/01\/9.Valentina-Yo-dentro-de-10-anos.mp3<\/a><\/audio>\n<p>&nbsp;<\/p>\n<ul>\n<li><span style=\"font-family: verdana, geneva, sans-serif;\">Carmen : Las redes sociales (A2 &#8211; los usos de las RR. SS.)<\/span><\/li>\n<\/ul>\n<audio class=\"wp-audio-shortcode\" id=\"audio-2106-6\" preload=\"none\" style=\"width: 100%;\" controls=\"controls\"><source type=\"audio\/mpeg\" src=\"https:\/\/www.pedagogie.ac-nice.fr\/espagnol\/wp-content\/uploads\/sites\/43\/2025\/02\/3.Carmen-Prieto-Las-redes-sociales.mp3?_=6\" \/><a href=\"https:\/\/www.pedagogie.ac-nice.fr\/espagnol\/wp-content\/uploads\/sites\/43\/2025\/02\/3.Carmen-Prieto-Las-redes-sociales.mp3\">https:\/\/www.pedagogie.ac-nice.fr\/espagnol\/wp-content\/uploads\/sites\/43\/2025\/02\/3.Carmen-Prieto-Las-redes-sociales.mp3<\/a><\/audio>\n<p>&nbsp;<\/p>\n<ul>\n<li><span style=\"font-family: verdana, geneva, sans-serif;\">Patricia : La comida r\u00e1pida (A2 &#8211; la comida r\u00e1pida vs la comida tradicional)<\/span><\/li>\n<\/ul>\n<audio class=\"wp-audio-shortcode\" id=\"audio-2106-7\" preload=\"none\" style=\"width: 100%;\" controls=\"controls\"><source type=\"audio\/mpeg\" src=\"https:\/\/www.pedagogie.ac-nice.fr\/espagnol\/wp-content\/uploads\/sites\/43\/2025\/02\/7.Patricia-Comida-rapidavs-tradicional.mp3?_=7\" \/><a href=\"https:\/\/www.pedagogie.ac-nice.fr\/espagnol\/wp-content\/uploads\/sites\/43\/2025\/02\/7.Patricia-Comida-rapidavs-tradicional.mp3\">https:\/\/www.pedagogie.ac-nice.fr\/espagnol\/wp-content\/uploads\/sites\/43\/2025\/02\/7.Patricia-Comida-rapidavs-tradicional.mp3<\/a><\/audio>\n<p>&nbsp;<\/p>\n<ul>\n<li><span style=\"font-family: verdana, geneva, sans-serif;\">Sarai : Mis vacaciones favoritas (A2 &#8211; las vacaciones a orillas del mar vs otros tipos de vacaciones)<\/span><\/li>\n<\/ul>\n<div style=\"width: 320px;\" class=\"wp-video\"><video class=\"wp-video-shortcode\" id=\"video-2106-1\" width=\"320\" height=\"240\" preload=\"metadata\" controls=\"controls\"><source type=\"video\/mp4\" src=\"https:\/\/www.pedagogie.ac-nice.fr\/espagnol\/wp-content\/uploads\/sites\/43\/2025\/02\/8.Sarai-tus-vacaciones-favoritas-.mp4?_=1\" \/><a href=\"https:\/\/www.pedagogie.ac-nice.fr\/espagnol\/wp-content\/uploads\/sites\/43\/2025\/02\/8.Sarai-tus-vacaciones-favoritas-.mp4\">https:\/\/www.pedagogie.ac-nice.fr\/espagnol\/wp-content\/uploads\/sites\/43\/2025\/02\/8.Sarai-tus-vacaciones-favoritas-.mp4<\/a><\/video><\/div>\n<p>&nbsp;<\/p>\n","protected":false},"excerpt":{"rendered":"<p>Vous trouverez dans cette nouvelle rubrique de courts enregistrements r\u00e9alis\u00e9s par les assistants d&rsquo;espagnol nomm\u00e9s dans notre acad\u00e9mie, class\u00e9s par<\/p>\n","protected":false},"author":278,"featured_media":0,"parent":228,"menu_order":0,"comment_status":"closed","ping_status":"closed","template":"","meta":{"colormag_page_container_layout":"default_layout","colormag_page_sidebar_layout":"default_layout","ngg_post_thumbnail":0,"footnotes":""},"class_list":["post-2106","page","type-page","status-publish","hentry"],"rttpg_featured_image_url":null,"rttpg_author":{"display_name":"jeromebesse","author_link":"https:\/\/www.pedagogie.ac-nice.fr\/espagnol\/author\/jeromebesse\/"},"rttpg_comment":0,"rttpg_category":null,"rttpg_excerpt":"Vous trouverez dans cette nouvelle rubrique de courts enregistrements r\u00e9alis\u00e9s par les assistants d&rsquo;espagnol nomm\u00e9s dans notre acad\u00e9mie, class\u00e9s par","post_mailing_queue_ids":[],"_links":{"self":[{"href":"https:\/\/www.pedagogie.ac-nice.fr\/espagnol\/wp-json\/wp\/v2\/pages\/2106","targetHints":{"allow":["GET"]}}],"collection":[{"href":"https:\/\/www.pedagogie.ac-nice.fr\/espagnol\/wp-json\/wp\/v2\/pages"}],"about":[{"href":"https:\/\/www.pedagogie.ac-nice.fr\/espagnol\/wp-json\/wp\/v2\/types\/page"}],"author":[{"embeddable":true,"href":"https:\/\/www.pedagogie.ac-nice.fr\/espagnol\/wp-json\/wp\/v2\/users\/278"}],"replies":[{"embeddable":true,"href":"https:\/\/www.pedagogie.ac-nice.fr\/espagnol\/wp-json\/wp\/v2\/comments?post=2106"}],"version-history":[{"count":13,"href":"https:\/\/www.pedagogie.ac-nice.fr\/espagnol\/wp-json\/wp\/v2\/pages\/2106\/revisions"}],"predecessor-version":[{"id":2348,"href":"https:\/\/www.pedagogie.ac-nice.fr\/espagnol\/wp-json\/wp\/v2\/pages\/2106\/revisions\/2348"}],"up":[{"embeddable":true,"href":"https:\/\/www.pedagogie.ac-nice.fr\/espagnol\/wp-json\/wp\/v2\/pages\/228"}],"wp:attachment":[{"href":"https:\/\/www.pedagogie.ac-nice.fr\/espagnol\/wp-json\/wp\/v2\/media?parent=2106"}],"curies":[{"name":"wp","href":"https:\/\/api.w.org\/{rel}","templated":true}]}}