{"id":269,"date":"2020-12-28T11:42:58","date_gmt":"2020-12-28T10:42:58","guid":{"rendered":"https:\/\/www.pedagogie.ac-nice.fr\/espagnol\/?page_id=269"},"modified":"2025-02-03T18:16:26","modified_gmt":"2025-02-03T17:16:26","slug":"esterel-le-bureau-virtuel-des-services-academiques","status":"publish","type":"page","link":"https:\/\/www.pedagogie.ac-nice.fr\/espagnol\/carriere-et-formation\/esterel-le-bureau-virtuel-des-services-academiques\/","title":{"rendered":"Est\u00e9rel : le bureau virtuel des services acad\u00e9miques"},"content":{"rendered":"<p><img loading=\"lazy\" decoding=\"async\" class=\"alignnone wp-image-2184 size-full\" src=\"https:\/\/www.pedagogie.ac-nice.fr\/espagnol\/wp-content\/uploads\/sites\/43\/2025\/02\/Copie-de-Ensenar-deleitando-4.png\" alt=\"\" width=\"15840\" height=\"4752\" srcset=\"https:\/\/www.pedagogie.ac-nice.fr\/espagnol\/wp-content\/uploads\/sites\/43\/2025\/02\/Copie-de-Ensenar-deleitando-4.png 15840w, https:\/\/www.pedagogie.ac-nice.fr\/espagnol\/wp-content\/uploads\/sites\/43\/2025\/02\/Copie-de-Ensenar-deleitando-4-300x90.png 300w, https:\/\/www.pedagogie.ac-nice.fr\/espagnol\/wp-content\/uploads\/sites\/43\/2025\/02\/Copie-de-Ensenar-deleitando-4-1024x307.png 1024w, https:\/\/www.pedagogie.ac-nice.fr\/espagnol\/wp-content\/uploads\/sites\/43\/2025\/02\/Copie-de-Ensenar-deleitando-4-768x230.png 768w, https:\/\/www.pedagogie.ac-nice.fr\/espagnol\/wp-content\/uploads\/sites\/43\/2025\/02\/Copie-de-Ensenar-deleitando-4-1536x461.png 1536w, https:\/\/www.pedagogie.ac-nice.fr\/espagnol\/wp-content\/uploads\/sites\/43\/2025\/02\/Copie-de-Ensenar-deleitando-4-2048x614.png 2048w\" sizes=\"auto, (max-width: 15840px) 100vw, 15840px\" \/><span style=\"font-family: verdana, geneva, sans-serif; font-size: 10pt;\">Cet espace regroupe avec une identification unique un ensemble de services en ligne, personnalis\u00e9s et personnalisables, tels que :<\/span><\/p>\n<div><span style=\"font-family: verdana, geneva, sans-serif; font-size: 10pt;\">&#8211;&nbsp;<strong>WebMail<\/strong>&nbsp;: votre&nbsp;<strong>messagerie acad\u00e9mique<\/strong>&nbsp;sur @ac-nice.fr (\u00e0 privil\u00e9gier dans toute correspondance professionnelle)<\/span><\/div>\n<div><span style=\"font-family: verdana, geneva, sans-serif; font-size: 10pt;\">&#8211;<strong>&nbsp;IMAG&rsquo;IN<\/strong>&nbsp;: vos&nbsp;<strong>convocations<\/strong>&nbsp;et \u00e9tats de frais<\/span><\/div>\n<div><span style=\"font-family: verdana, geneva, sans-serif; font-size: 10pt;\">&#8211;&nbsp;<strong>I-Prof<\/strong>&nbsp;: l&rsquo;acc\u00e8s aux services de&nbsp;<strong>demandes de mutation<\/strong>&nbsp;ou&nbsp;<strong>d&rsquo;inscriptions aux concours<\/strong>, la gestion de vos<strong>&nbsp;informations personnelles<\/strong>&nbsp;et de votre&nbsp;<strong>carri\u00e8re.<\/strong><\/span><\/div>\n<div><span style=\"font-family: verdana, geneva, sans-serif; font-size: 10pt;\">(N.B. Il est important de renseigner votre dossier pour toute perspective de promotion)<\/span><\/div>\n<div><span style=\"font-family: verdana, geneva, sans-serif; font-size: 10pt;\">&#8211;&nbsp;<strong>EAFC<\/strong>&nbsp;: pour&nbsp;<strong>l&rsquo;inscription aux formations<\/strong>&nbsp;propos\u00e9es par le PAF<\/span><\/div>\n<div><span style=\"font-family: verdana, geneva, sans-serif; font-size: 10pt;\">&#8211;&nbsp;<strong>M@gist\u00e8re<\/strong>&nbsp;: votre acc\u00e8s \u00e0 la&nbsp;<strong>plateforme de formation continue<\/strong><\/span><\/div>\n<div>&nbsp;<\/div>\n<div><span style=\"font-family: verdana, geneva, sans-serif; font-size: 10pt;\"><strong><span style=\"color: #ff9900;\"><a style=\"color: #ff9900;\" href=\"https:\/\/id.ac-nice.fr\/plog\/public\/login\">Acc\u00e8s \u00e0 Est\u00e9rel <\/a><\/span><\/strong>(avec votre identifiant acad\u00e9mique et mot de passe)<\/span><\/div>\n","protected":false},"excerpt":{"rendered":"<p>Cet espace regroupe avec une identification unique un ensemble de services en ligne, personnalis\u00e9s et personnalisables, tels que : &#8211;&nbsp;WebMail&nbsp;:<\/p>\n","protected":false},"author":278,"featured_media":0,"parent":265,"menu_order":0,"comment_status":"closed","ping_status":"closed","template":"","meta":{"colormag_page_container_layout":"default_layout","colormag_page_sidebar_layout":"default_layout","ngg_post_thumbnail":0,"footnotes":""},"class_list":["post-269","page","type-page","status-publish","hentry"],"rttpg_featured_image_url":null,"rttpg_author":{"display_name":"jeromebesse","author_link":"https:\/\/www.pedagogie.ac-nice.fr\/espagnol\/author\/jeromebesse\/"},"rttpg_comment":0,"rttpg_category":null,"rttpg_excerpt":"Cet espace regroupe avec une identification unique un ensemble de services en ligne, personnalis\u00e9s et personnalisables, tels que : &#8211;&nbsp;WebMail&nbsp;:","post_mailing_queue_ids":[],"_links":{"self":[{"href":"https:\/\/www.pedagogie.ac-nice.fr\/espagnol\/wp-json\/wp\/v2\/pages\/269","targetHints":{"allow":["GET"]}}],"collection":[{"href":"https:\/\/www.pedagogie.ac-nice.fr\/espagnol\/wp-json\/wp\/v2\/pages"}],"about":[{"href":"https:\/\/www.pedagogie.ac-nice.fr\/espagnol\/wp-json\/wp\/v2\/types\/page"}],"author":[{"embeddable":true,"href":"https:\/\/www.pedagogie.ac-nice.fr\/espagnol\/wp-json\/wp\/v2\/users\/278"}],"replies":[{"embeddable":true,"href":"https:\/\/www.pedagogie.ac-nice.fr\/espagnol\/wp-json\/wp\/v2\/comments?post=269"}],"version-history":[{"count":7,"href":"https:\/\/www.pedagogie.ac-nice.fr\/espagnol\/wp-json\/wp\/v2\/pages\/269\/revisions"}],"predecessor-version":[{"id":2186,"href":"https:\/\/www.pedagogie.ac-nice.fr\/espagnol\/wp-json\/wp\/v2\/pages\/269\/revisions\/2186"}],"up":[{"embeddable":true,"href":"https:\/\/www.pedagogie.ac-nice.fr\/espagnol\/wp-json\/wp\/v2\/pages\/265"}],"wp:attachment":[{"href":"https:\/\/www.pedagogie.ac-nice.fr\/espagnol\/wp-json\/wp\/v2\/media?parent=269"}],"curies":[{"name":"wp","href":"https:\/\/api.w.org\/{rel}","templated":true}]}}