{"id":272,"date":"2020-12-28T11:49:22","date_gmt":"2020-12-28T10:49:22","guid":{"rendered":"https:\/\/www.pedagogie.ac-nice.fr\/espagnol\/?page_id=272"},"modified":"2025-02-03T18:32:38","modified_gmt":"2025-02-03T17:32:38","slug":"ppcr","status":"publish","type":"page","link":"https:\/\/www.pedagogie.ac-nice.fr\/espagnol\/carriere-et-formation\/ppcr\/","title":{"rendered":"PPCR"},"content":{"rendered":"<p><span style=\"font-family: verdana, geneva, sans-serif; font-size: 10pt; color: #333333;\"><strong><img loading=\"lazy\" decoding=\"async\" class=\"alignnone wp-image-2199 size-full\" src=\"https:\/\/www.pedagogie.ac-nice.fr\/espagnol\/wp-content\/uploads\/sites\/43\/2025\/02\/Copie-de-Ensenar-deleitando-9.png\" alt=\"\" width=\"15840\" height=\"4752\" srcset=\"https:\/\/www.pedagogie.ac-nice.fr\/espagnol\/wp-content\/uploads\/sites\/43\/2025\/02\/Copie-de-Ensenar-deleitando-9.png 15840w, https:\/\/www.pedagogie.ac-nice.fr\/espagnol\/wp-content\/uploads\/sites\/43\/2025\/02\/Copie-de-Ensenar-deleitando-9-300x90.png 300w, https:\/\/www.pedagogie.ac-nice.fr\/espagnol\/wp-content\/uploads\/sites\/43\/2025\/02\/Copie-de-Ensenar-deleitando-9-1024x307.png 1024w, https:\/\/www.pedagogie.ac-nice.fr\/espagnol\/wp-content\/uploads\/sites\/43\/2025\/02\/Copie-de-Ensenar-deleitando-9-768x230.png 768w, https:\/\/www.pedagogie.ac-nice.fr\/espagnol\/wp-content\/uploads\/sites\/43\/2025\/02\/Copie-de-Ensenar-deleitando-9-1536x461.png 1536w, https:\/\/www.pedagogie.ac-nice.fr\/espagnol\/wp-content\/uploads\/sites\/43\/2025\/02\/Copie-de-Ensenar-deleitando-9-2048x614.png 2048w\" sizes=\"auto, (max-width: 15840px) 100vw, 15840px\" \/><br \/>\nParcours Professionnels, Carri\u00e8res et R\u00e9mun\u00e9rations (PPCR) :<\/strong><\/span><\/p>\n<div><span style=\"font-family: verdana, geneva, sans-serif; font-size: 10pt;\">Consultez le document du Minist\u00e8re de <span style=\"color: #333333;\">l&rsquo;Education<\/span> Nationale pr\u00e9sentant<strong>&nbsp;<a href=\"http:\/\/www.education.gouv.fr\/cid102564\/comprendre-les-nouvelles-carrieres-enseignantes.html\">le principe du PPCR<\/a>&nbsp;:<br \/>\n<\/strong><\/span><\/div>\n<div><span style=\"font-family: verdana, geneva, sans-serif; font-size: 10pt;\"><strong>Rendez-vous de carri\u00e8re<\/strong> :<\/span><\/div>\n<div><span style=\"font-family: verdana, geneva, sans-serif; font-size: 10pt;\">&#8211; consultez le<strong><a href=\"https:\/\/www.education.gouv.fr\/rendez-vous-de-carriere-mode-d-emploi-41627\">&nbsp;mode d&#8217;emploi<\/a><\/strong><\/span><\/div>\n<div><span style=\"font-family: verdana, geneva, sans-serif; font-size: 10pt;\">&#8211; t\u00e9l\u00e9chargez le<strong><a href=\"https:\/\/www.pedagogie.ac-nice.fr\/portail-de-langues\/espagnol\/images\/CECRL\/PPCR\/2017_document_aide_carriere_enseignants_V2_804210.pdf\"> document de r\u00e9f\u00e9rence de l&rsquo;entretien<\/a><\/strong><\/span><\/div>\n","protected":false},"excerpt":{"rendered":"<p>Parcours Professionnels, Carri\u00e8res et R\u00e9mun\u00e9rations (PPCR) : Consultez le document du Minist\u00e8re de l&rsquo;Education Nationale pr\u00e9sentant&nbsp;le principe du PPCR&nbsp;: Rendez-vous<\/p>\n","protected":false},"author":278,"featured_media":0,"parent":265,"menu_order":0,"comment_status":"closed","ping_status":"closed","template":"","meta":{"colormag_page_container_layout":"default_layout","colormag_page_sidebar_layout":"default_layout","ngg_post_thumbnail":0,"footnotes":""},"class_list":["post-272","page","type-page","status-publish","hentry"],"rttpg_featured_image_url":null,"rttpg_author":{"display_name":"jeromebesse","author_link":"https:\/\/www.pedagogie.ac-nice.fr\/espagnol\/author\/jeromebesse\/"},"rttpg_comment":0,"rttpg_category":null,"rttpg_excerpt":"Parcours Professionnels, Carri\u00e8res et R\u00e9mun\u00e9rations (PPCR) : Consultez le document du Minist\u00e8re de l&rsquo;Education Nationale pr\u00e9sentant&nbsp;le principe du PPCR&nbsp;: Rendez-vous","post_mailing_queue_ids":[],"_links":{"self":[{"href":"https:\/\/www.pedagogie.ac-nice.fr\/espagnol\/wp-json\/wp\/v2\/pages\/272","targetHints":{"allow":["GET"]}}],"collection":[{"href":"https:\/\/www.pedagogie.ac-nice.fr\/espagnol\/wp-json\/wp\/v2\/pages"}],"about":[{"href":"https:\/\/www.pedagogie.ac-nice.fr\/espagnol\/wp-json\/wp\/v2\/types\/page"}],"author":[{"embeddable":true,"href":"https:\/\/www.pedagogie.ac-nice.fr\/espagnol\/wp-json\/wp\/v2\/users\/278"}],"replies":[{"embeddable":true,"href":"https:\/\/www.pedagogie.ac-nice.fr\/espagnol\/wp-json\/wp\/v2\/comments?post=272"}],"version-history":[{"count":6,"href":"https:\/\/www.pedagogie.ac-nice.fr\/espagnol\/wp-json\/wp\/v2\/pages\/272\/revisions"}],"predecessor-version":[{"id":2200,"href":"https:\/\/www.pedagogie.ac-nice.fr\/espagnol\/wp-json\/wp\/v2\/pages\/272\/revisions\/2200"}],"up":[{"embeddable":true,"href":"https:\/\/www.pedagogie.ac-nice.fr\/espagnol\/wp-json\/wp\/v2\/pages\/265"}],"wp:attachment":[{"href":"https:\/\/www.pedagogie.ac-nice.fr\/espagnol\/wp-json\/wp\/v2\/media?parent=272"}],"curies":[{"name":"wp","href":"https:\/\/api.w.org\/{rel}","templated":true}]}}