{"id":277,"date":"2020-12-28T12:08:06","date_gmt":"2020-12-28T11:08:06","guid":{"rendered":"https:\/\/www.pedagogie.ac-nice.fr\/espagnol\/?page_id=277"},"modified":"2025-02-03T18:30:33","modified_gmt":"2025-02-03T17:30:33","slug":"mgistere","status":"publish","type":"page","link":"https:\/\/www.pedagogie.ac-nice.fr\/espagnol\/carriere-et-formation\/mgistere\/","title":{"rendered":"M@gist\u00e8re"},"content":{"rendered":"<p><strong style=\"font-family: verdana, geneva, sans-serif; font-size: 10pt;\"><span class=\"contenu_titre_non_image\"><img loading=\"lazy\" decoding=\"async\" class=\"alignnone wp-image-2196 size-full\" src=\"https:\/\/www.pedagogie.ac-nice.fr\/espagnol\/wp-content\/uploads\/sites\/43\/2025\/02\/Copie-de-Ensenar-deleitando-8.png\" alt=\"\" width=\"15840\" height=\"4752\" srcset=\"https:\/\/www.pedagogie.ac-nice.fr\/espagnol\/wp-content\/uploads\/sites\/43\/2025\/02\/Copie-de-Ensenar-deleitando-8.png 15840w, https:\/\/www.pedagogie.ac-nice.fr\/espagnol\/wp-content\/uploads\/sites\/43\/2025\/02\/Copie-de-Ensenar-deleitando-8-300x90.png 300w, https:\/\/www.pedagogie.ac-nice.fr\/espagnol\/wp-content\/uploads\/sites\/43\/2025\/02\/Copie-de-Ensenar-deleitando-8-1024x307.png 1024w, https:\/\/www.pedagogie.ac-nice.fr\/espagnol\/wp-content\/uploads\/sites\/43\/2025\/02\/Copie-de-Ensenar-deleitando-8-768x230.png 768w, https:\/\/www.pedagogie.ac-nice.fr\/espagnol\/wp-content\/uploads\/sites\/43\/2025\/02\/Copie-de-Ensenar-deleitando-8-1536x461.png 1536w, https:\/\/www.pedagogie.ac-nice.fr\/espagnol\/wp-content\/uploads\/sites\/43\/2025\/02\/Copie-de-Ensenar-deleitando-8-2048x614.png 2048w\" sizes=\"auto, (max-width: 15840px) 100vw, 15840px\" \/><br \/>\nLe parcours M@gist\u00e8re :<\/span><\/strong><\/p>\n<div><span class=\"contenu_titre_non_image\" style=\"font-family: verdana, geneva, sans-serif; font-size: 10pt;\">Ce dispositif mis en place par Le Minist\u00e8re de l&rsquo;\u00c9ducation Nationale s&rsquo;inscrit dans le processus de \u00ab\u00a0<strong>formation tout au long de la vie<\/strong>\u00ab\u00a0. Il offre la possibilit\u00e9 de se former en toute&nbsp;<strong>autonomie<\/strong>&nbsp;sur des&nbsp;<strong>parcours didactis\u00e9s<\/strong>.<\/span><\/div>\n<div><span class=\"contenu_titre_non_image\" style=\"font-family: verdana, geneva, sans-serif; font-size: 10pt;\">Pour l&rsquo;espagnol au sein de l&rsquo;acad\u00e9mie de Nice, les formations sur \u00ab\u00a0<strong>les outils du num\u00e9rique en L.V.<\/strong>\u00a0\u00bb ou sur \u00ab\u00a0<strong>l&rsquo;utilisation des tablettes de l&rsquo;Op\u00e9ration l&rsquo;e-C<\/strong>\u00a0\u00bb se sont appuy\u00e9es sur des parcours M@gist\u00e8re<a href=\"mailto:M@gist%C3%A8re,\">,<\/a>&nbsp;permettant \u00e0 chaque participant de revenir \u00e0 tout moment et \u00e0 son rythme sur les contenus de la formation.<\/span><\/div>\n<div><span class=\"contenu_titre_non_image\" style=\"font-family: verdana, geneva, sans-serif; font-size: 10pt;\">Pour ce faire, il suffit de&nbsp;<strong>se connecter \u00e0 la plateforme M@gist\u00e8re via le site Est\u00e9rel<\/strong>. Si vous n&rsquo;avez pas pu assister \u00e0 ces formations ou que vous souhaitez acc\u00e9der \u00e0 ces parcours, faites-en la demande: <strong><span id=\"cloak10cbcf85fdd33d92ce9f761f50858784\">jerome.besse@ac-nice.fr<\/span><\/strong><\/span><\/div>\n<div>&nbsp;<\/div>\n<div><span style=\"font-family: verdana, geneva, sans-serif; font-size: 10pt;\"><a href=\"https:\/\/magistere.education.fr\/\"><span class=\"contenu_titre_non_image\"><strong>Acc\u00e9dez \u00e0 M@gist\u00e8re<\/strong><\/span><\/a><\/span><\/div>\n<div>&nbsp;<\/div>\n<div>&nbsp;<\/div>\n<div>&nbsp;<\/div>\n","protected":false},"excerpt":{"rendered":"<p>Le parcours M@gist\u00e8re : Ce dispositif mis en place par Le Minist\u00e8re de l&rsquo;\u00c9ducation Nationale s&rsquo;inscrit dans le processus de<\/p>\n","protected":false},"author":278,"featured_media":0,"parent":265,"menu_order":0,"comment_status":"closed","ping_status":"closed","template":"","meta":{"colormag_page_container_layout":"default_layout","colormag_page_sidebar_layout":"default_layout","ngg_post_thumbnail":0,"footnotes":""},"class_list":["post-277","page","type-page","status-publish","hentry"],"rttpg_featured_image_url":null,"rttpg_author":{"display_name":"jeromebesse","author_link":"https:\/\/www.pedagogie.ac-nice.fr\/espagnol\/author\/jeromebesse\/"},"rttpg_comment":0,"rttpg_category":null,"rttpg_excerpt":"Le parcours M@gist\u00e8re : Ce dispositif mis en place par Le Minist\u00e8re de l&rsquo;\u00c9ducation Nationale s&rsquo;inscrit dans le processus de","post_mailing_queue_ids":[],"_links":{"self":[{"href":"https:\/\/www.pedagogie.ac-nice.fr\/espagnol\/wp-json\/wp\/v2\/pages\/277","targetHints":{"allow":["GET"]}}],"collection":[{"href":"https:\/\/www.pedagogie.ac-nice.fr\/espagnol\/wp-json\/wp\/v2\/pages"}],"about":[{"href":"https:\/\/www.pedagogie.ac-nice.fr\/espagnol\/wp-json\/wp\/v2\/types\/page"}],"author":[{"embeddable":true,"href":"https:\/\/www.pedagogie.ac-nice.fr\/espagnol\/wp-json\/wp\/v2\/users\/278"}],"replies":[{"embeddable":true,"href":"https:\/\/www.pedagogie.ac-nice.fr\/espagnol\/wp-json\/wp\/v2\/comments?post=277"}],"version-history":[{"count":5,"href":"https:\/\/www.pedagogie.ac-nice.fr\/espagnol\/wp-json\/wp\/v2\/pages\/277\/revisions"}],"predecessor-version":[{"id":2198,"href":"https:\/\/www.pedagogie.ac-nice.fr\/espagnol\/wp-json\/wp\/v2\/pages\/277\/revisions\/2198"}],"up":[{"embeddable":true,"href":"https:\/\/www.pedagogie.ac-nice.fr\/espagnol\/wp-json\/wp\/v2\/pages\/265"}],"wp:attachment":[{"href":"https:\/\/www.pedagogie.ac-nice.fr\/espagnol\/wp-json\/wp\/v2\/media?parent=277"}],"curies":[{"name":"wp","href":"https:\/\/api.w.org\/{rel}","templated":true}]}}