{"id":2862,"date":"2026-03-26T16:00:15","date_gmt":"2026-03-26T15:00:15","guid":{"rendered":"https:\/\/www.pedagogie.ac-nice.fr\/espagnol\/?page_id=2862"},"modified":"2026-03-26T16:01:06","modified_gmt":"2026-03-26T15:01:06","slug":"donnees-personnelles-et-cookies","status":"publish","type":"page","link":"https:\/\/www.pedagogie.ac-nice.fr\/espagnol\/donnees-personnelles-et-cookies\/","title":{"rendered":"Donn\u00e9es personnelles et cookies"},"content":{"rendered":"<p><strong>Le site disciplinaire d&rsquo;Espagnol de l&rsquo;acad\u00e9mie de Nice, Hisp@Nice s&rsquo;engage \u00e0 ce que la collecte et le traitement de vos donn\u00e9es, effectu\u00e9s \u00e0 partir de ce site, soient conformes \u00e0 loi n\u00b0 78-17 du 6 janvier 1978 modifi\u00e9e, relative \u00e0 l&rsquo;informatique, aux fichiers et aux libert\u00e9s et au \u00ab\u00a0R\u00e8glement g\u00e9n\u00e9ral sur la protection des donn\u00e9es\u00a0\u00bb (RGPD).<\/strong><\/p>\n<p><!--more--><\/p>\n<p><strong>Cette page est en cours de mise \u00e0 jour, nous vous prions de bien vouloir nous excuser pour la g\u00eane occasionn\u00e9e.<\/strong><\/p>\n<p>Le site disciplinaire d&rsquo;Espagnol de l&rsquo;acad\u00e9mie de Nice, Hisp@Nice est un service num\u00e9rique destin\u00e9 \u00e0 informer les enseignants de la discipline et des autres disciplines associ\u00e9es.<\/p>\n<p>Ce site propose des informations p\u00e9dagogiques et culturelles.<\/p>\n<p>Le site disciplinaire d&rsquo;Espagnol de l&rsquo;acad\u00e9mie de Nice, Hisp@Nice constitue un traitement de donn\u00e9es \u00e0 caract\u00e8re personnel mis en \u0153uvre par la rectrice de l&rsquo;acad\u00e9mie de Nice pour l\u2019ex\u00e9cution d\u2019une mission d\u2019int\u00e9r\u00eat public au sens de l\u2019article 6 du r\u00e8glement g\u00e9n\u00e9ral (UE) 2016\/679 du Parlement europ\u00e9en et du Conseil du 27 avril 2016 sur la protection des donn\u00e9es (RGPD).<\/p>\n<p>Le site disciplinaire d&rsquo;Espagnol de l&rsquo;acad\u00e9mie de Nice, Hisp@Nice s\u2019engage \u00e0 traiter vos donn\u00e9es \u00e0 caract\u00e8re personnel dans le respect de la loi n\u00b0 78-17 du 6 janvier 1978 modifi\u00e9e, relative \u00e0 l&rsquo;informatique, aux fichiers et aux libert\u00e9s et du \u00ab\u00a0R\u00e8glement g\u00e9n\u00e9ral sur la protection des donn\u00e9es\u00a0\u00bb (RGPD).<\/p>\n<p><em>G\u00e9rer prochainement vos pr\u00e9f\u00e9rences sur les cookies via un mur de consentement&#8230;<\/em><\/p>\n<h2>A propos des cookies<\/h2>\n<p>Le site disciplinaire d&rsquo;Espagnol de l&rsquo;acad\u00e9mie de Nice, Hisp@Nice s\u2019engage \u00e0 suivre<a href=\"https:\/\/www.legifrance.gouv.fr\/jorf\/id\/JORFTEXT000038783337\" target=\"_blank\" rel=\"noopener\"> les lignes directrices de la CNIL concernant les cookies et autres traceurs adopt\u00e9es le 4 juillet 2019<\/a> avec notamment l\u2019obligation, sauf exception, de recueillir le consentement des utilisateurs avant toute op\u00e9ration d\u2019\u00e9criture ou de lecture de cookies et autres traceurs.<\/p>\n<p>Un cookie (ou \u00ab\u00a0traceur\u00a0\u00bb) est un fichier texte d\u00e9pos\u00e9 sur votre ordinateur lors de la visite d&rsquo;un site ou de la consultation d&rsquo;une campagne de communication. Il permet de conserver des donn\u00e9es utilisateur afin de faciliter votre navigation et de vous offrir certaines fonctionnalit\u00e9s. Les cookies et les adresses IP des internautes, collect\u00e9s \u00e0 des fins statistiques, sont conserv\u00e9s pendant treize mois, puis sont supprim\u00e9es.<\/p>\n<h2>Cookies internes n\u00e9cessaires au site pour fonctionner<\/h2>\n<p>Il convient de distinguer les cookies que nous \u00e9mettons sur le site disciplinaire d&rsquo;Espagnol de l&rsquo;acad\u00e9mie de Nice, Hisp@Nice pour le bon fonctionnement du site, des cookies de mesure d\u2019audience et de ceux \u00e9mis par des tiers. En cas de refus des cookies n\u00e9cessaires au bon fonctionnement du site, ou de l&rsquo;effacement de ceux-ci, nous vous informons que vous ne pourrez plus b\u00e9n\u00e9ficier d&rsquo;un certain nombre de fonctionnalit\u00e9s qui sont n\u00e9anmoins n\u00e9cessaires pour naviguer dans certains espaces de ce site web. Vous pouvez vous y opposer ou les supprimer en utilisant les param\u00e8tres de votre navigateur, cependant votre exp\u00e9rience utilisateur risque d\u2019\u00eatre d\u00e9grad\u00e9e.<\/p>\n<h2>Cookies de mesure d&rsquo;audience<\/h2>\n<p>Afin de mieux vous servir et d\u2019am\u00e9liorer l\u2019exp\u00e9rience utilisateur sur notre site, nous mesurons son audience gr\u00e2ce \u00e0 une solution utilisant la technologie des cookies. Ce type de cookie ne permet pas de vous identifier en tant qu&rsquo;individu ; il sert uniquement \u00e0 enregistrer vos informations de navigation.<\/p>\n<p>Les sites disciplinaires utilisent l&rsquo;outil de mesure d\u2019audience XXXXXX.<\/p>\n<p><em>Cet outil est-il&nbsp; dispens\u00e9 du recueil de consentement de l\u2019internaute relatif au d\u00e9p\u00f4t des cookies analytics, la CNIL ayant accord\u00e9 une exemption aux cookies d&rsquo;XXXXX ?<\/em><\/p>\n<p>Ces cookies de mesure d\u2019audience ne sont pas conserv\u00e9s au-del\u00e0 de XXXXX mois.&nbsp;<\/p>\n<table style=\"border-collapse: collapse; width: 100%;\">\n<tbody>\n<tr>\n<td style=\"width: 33.3333%;\">Nom des cookies<\/td>\n<td style=\"width: 33.3333%;\">Finalit\u00e9<\/td>\n<td style=\"width: 33.3333%;\">Dur\u00e9e de conservation&nbsp;<\/td>\n<\/tr>\n<tr>\n<td style=\"width: 33.3333%;\">XXXX<\/td>\n<td style=\"width: 33.3333%;\">Ces cookies sont utilis\u00e9s pour recueillir des informations anonymes sur la fa\u00e7on dont les visiteurs utilisent notre site. XXXX utilise ces informations pour analyser les flux de page Web, personnaliser nos services, notre contenu, la publicit\u00e9 et mesurer l&rsquo;efficacit\u00e9 promotionnelle.<\/td>\n<td style=\"width: 33.3333%;\">XX mois<\/td>\n<\/tr>\n<\/tbody>\n<\/table>\n<h2>Cookies tiers, destin\u00e9s \u00e0 am\u00e9liorer l&rsquo;interactivit\u00e9 du site<\/h2>\n<p>Des cookies peuvent \u00e9galement \u00eatre \u00e9mis sur le site disciplinaire via des applications de tiers. En effet, certaines fonctionnalit\u00e9s propos\u00e9es sur le site (lecteurs vid\u00e9os, cartes et contenus interactifs, affichage de contenus issus de plateformes sociales, etc.) font appel \u00e0 des services de tiers. Ces fonctionnalit\u00e9s d\u00e9posent des cookies permettant aux tiers d\u2019identifier les sites que vous consultez et les contenus auxquels vous vous int\u00e9ressez.<\/p>\n<p>Finalit\u00e9s et modalit\u00e9s de traitement de vos donn\u00e9es par les tiers, vos droits et les modalit\u00e9s d\u2019exercice de ces derniers :<\/p>\n<table style=\"border-collapse: collapse; width: 100%;\">\n<tbody>\n<tr>\n<td class=\"first-item\" style=\"width: 33.2969%;\">Youtube<\/td>\n<td style=\"width: 33.2969%;\">Permettre aux utilisateurs du site de visionner et de partager des vid\u00e9os sur Youtube.<\/td>\n<td style=\"width: 33.2969%;\"><a href=\"https:\/\/policies.google.com\/privacy?hl=fr&amp;gl=fr\" target=\"_blank\" rel=\"noopener\">R\u00e8gles de confidentialit\u00e9 de Youtube<\/a><\/td>\n<\/tr>\n<tr>\n<td class=\"first-item\" style=\"width: 33.2969%;\">Genially<\/td>\n<td style=\"width: 33.2969%;\">Permettre aux utilisateurs du site d\u2019acc\u00e9der \u00e0 des infographies dynamiques<\/td>\n<td style=\"width: 33.2969%;\"><a title=\"nouvelle fen\u00eatre\" href=\"https:\/\/genially.com\/fr\/confidentialite\/\" target=\"_blank\" rel=\"noopener\">Politique de confidentialit\u00e9 de Genially<\/a><\/td>\n<\/tr>\n<tr>\n<td class=\"first-item\" style=\"width: 33.2969%;\">Canva<\/td>\n<td style=\"width: 33.2969%;\">Permettre aux utilisateurs du site d\u2019acc\u00e9der \u00e0 des infographies dynamiques<\/td>\n<td style=\"width: 33.2969%;\"><a title=\"nouvelle fen\u00eatre\" href=\"https:\/\/www.canva.com\/fr_fr\/conditions-generales-utilisation\/privacy-policy\/\" target=\"_blank\" rel=\"noopener\">Politique de confidentialit\u00e9&nbsp;<span class=\"scayt-misspell-word\">de&nbsp;<\/span>Canva<\/a><\/td>\n<\/tr>\n<tr>\n<td class=\"first-item\" style=\"width: 33.2969%;\">PearlTrees<\/td>\n<td style=\"width: 33.2969%;\">Permettre aux utilisateurs du site d\u2019acc\u00e9der \u00e0 des infographies dynamiques<\/td>\n<td style=\"width: 33.2969%;\"><a title=\"nouvelle fen\u00eatre\" href=\"https:\/\/www.pearltrees.com\/s\/info\/privacyFr\" target=\"_blank\" rel=\"noopener\">Politique de confidentialit\u00e9&nbsp;<span class=\"scayt-misspell-word\">de PearlTrees<\/span><\/a><\/td>\n<\/tr>\n<\/tbody>\n<\/table>\n<p>Au niveau de votre navigateur internet, vous avez \u00e9galement la possibilit\u00e9 de choisir \u00e0 tout moment de d\u00e9sactiver tout ou partie des cookies g\u00e9n\u00e9r\u00e9s lors de votre consultation du site disciplinaire, m\u00eame ceux n\u00e9cessaires au fonctionnement du site. Vous ne pourrez plus alors disposer de toutes les fonctionnalit\u00e9s du site. Voici les proc\u00e9dures \u00e0 suivre pour g\u00e9rer les cookies au niveau de votre navigateur :<\/p>\n<ul>\n<li><a href=\"https:\/\/support.mozilla.org\/fr\/kb\/protection-renforcee-contre-pistage-firefox-ordinateur?redirectlocale=fr&amp;redirectslug=activer-desactiver-cookies\" target=\"_blank\" rel=\"noopener\">Firefox<\/a><\/li>\n<li><a href=\"https:\/\/support.google.com\/chrome\/answer\/95647?hl=fr\" target=\"_blank\" rel=\"noopener\">Chrome<\/a><\/li>\n<li><a href=\"https:\/\/support.microsoft.com\/en-us\/help\/17442\/windows-internet-explorer-delete-manage-cookies#ie=ie-9\" target=\"_blank\" rel=\"noopener\">Explorer<\/a><\/li>\n<li><a href=\"https:\/\/support.apple.com\/fr-fr\/guide\/safari\/sfri11471\/mac\" target=\"_blank\" rel=\"noopener\">Safari<\/a><\/li>\n<li><a href=\"https:\/\/help.opera.com\/en\/latest\/web-preferences\/#cookies\" target=\"_blank\" rel=\"noopener\">Opera<\/a><\/li>\n<\/ul>\n<h2 id=\"summary-item-4\" class=\"title\">Photographies et vid\u00e9os<\/h2>\n<p>Les donn\u00e9es \u00e0 caract\u00e8re personnel autres que les cookies, adresses IP et adresses \u00e9lectroniques, qui figurent sur le site internet sont conserv\u00e9es pour la dur\u00e9e n\u00e9cessaire \u00e0 l&rsquo;information du public ; en tout \u00e9tat de cause les photos et vid\u00e9os sont supprim\u00e9es au bout de XXX ans.<\/p>\n<p>Conform\u00e9ment \u00e0 la loi informatique et libert\u00e9s du 6 janvier 1978 modifi\u00e9e relative \u00e0 l&rsquo;informatique, aux fichiers et aux libert\u00e9s, vous disposez d\u2019un droit d\u2018acc\u00e8s, de rectification, de modification et de suppression des donn\u00e9es relatives aux photos et vid\u00e9os qui vous concernent. L\u2019application de ce droit est accord\u00e9e sans aucune exception.<\/p>\n<p>Pour toute r\u00e9clamation, vous pouvez adresser une lettre recommand\u00e9e avec accus\u00e9 de r\u00e9ception contenant les copies des photographies concern\u00e9es (ou de la copie d\u2019\u00e9cran pour une vid\u00e9o) \u00e0 l\u2019adresse suivante :<\/p>\n<p>Rectorat de l\u2019acad\u00e9mie de Nice<br \/>\n53 avenue Cap de Croix<br \/>\n06181 Nice cedex 2<\/p>\n<p>Votre demande doit \u00eatre accompagn\u00e9e de la photocopie d\u2019un titre d\u2019identit\u00e9 comportant votre signature.<\/p>\n<h2 id=\"summary-item-5\" class=\"title\">Qui sont les destinataires des donn\u00e9es recueillies ?<\/h2>\n<p>Les donn\u00e9es recueillies sont utilis\u00e9es pour nous permettre d\u2019enrichir le parcours des internautes, fournir une meilleure information et ainsi participer \u00e0 l&rsquo;am\u00e9lioration de notre mission de service public.<\/p>\n<p><em>Les gestionnaires du site disciplinaire<\/em>, dans le cadre de leurs attributions et dans la limite de leurs besoins, sont destinataires des informations et donn\u00e9es \u00e0 caract\u00e8re personnel contenues dans le traitement.<\/p>\n<p>Les donn\u00e9es collect\u00e9es ne sont en aucun cas communiqu\u00e9es \u00e0 d\u2019autres destinataires que ceux cit\u00e9s ci-dessus.<\/p>\n<h2 id=\"summary-item-6\" class=\"title\">Comment exercer vos droits ?<\/h2>\n<p>Conform\u00e9ment au r\u00e8glement europ\u00e9en sur la protection des donn\u00e9es personnelles (RGPD), vous pouvez exercer vos droits d\u2019acc\u00e8s, de rectification, de limitation et d\u2019opposition en contactant :<\/p>\n<p><a href=\"https:\/\/www.ac-nice.fr\/contacter\/category\/saisir-le-delegue-la-protection-des-donnees-personnelles-dpd\" target=\"_self\">Le d\u00e9l\u00e9gu\u00e9 \u00e0 la protection des donn\u00e9es de l&rsquo;acad\u00e9mie de Nice<\/a>&nbsp;ou par courrier :<\/p>\n<p>Rectorat de l\u2019acad\u00e9mie de Nice<br \/>\nD\u00e9l\u00e9gu\u00e9 \u00e0 la protection des donn\u00e9es<br \/>\n53 avenue Cap de Croix<br \/>\n06181 Nice cedex 2<\/p>\n<p>De la m\u00eame mani\u00e8re, vous pouvez exercer les droits pr\u00e9vus \u00e0 l\u2019article 40-1 de la loi n\u00b0 78-17 du 6 janvier 1978 relative \u00e0 l\u2019informatique, aux fichiers et aux libert\u00e9s.<\/p>\n<p>Pour en savoir plus sur le d\u00e9tail de vos droits en mati\u00e8re de donn\u00e9es personnelles, n\u2019h\u00e9sitez pas \u00e0 consulter le site de la commission nationale de l&rsquo;informatique et des libert\u00e9s (CNIL).<\/p>\n<p>Si vous estimez, apr\u00e8s nous avoir contact\u00e9s, que vos droits ne sont pas respect\u00e9s ou que ce dispositif n\u2019est pas conforme aux r\u00e8gles de protection des donn\u00e9es, vous pouvez adresser une r\u00e9clamation aupr\u00e8s de la Commission nationale de l\u2019informatique et des libert\u00e9s (CNIL) via leur espace de contact.<\/p>\n","protected":false},"excerpt":{"rendered":"<p>Le site disciplinaire d&rsquo;Espagnol de l&rsquo;acad\u00e9mie de Nice, Hisp@Nice s&rsquo;engage \u00e0 ce que la collecte et le traitement de vos<\/p>\n","protected":false},"author":278,"featured_media":0,"parent":0,"menu_order":0,"comment_status":"closed","ping_status":"closed","template":"","meta":{"colormag_page_container_layout":"default_layout","colormag_page_sidebar_layout":"default_layout","ngg_post_thumbnail":0,"footnotes":""},"class_list":["post-2862","page","type-page","status-publish","hentry"],"rttpg_featured_image_url":null,"rttpg_author":{"display_name":"jeromebesse","author_link":"https:\/\/www.pedagogie.ac-nice.fr\/espagnol\/author\/jeromebesse\/"},"rttpg_comment":0,"rttpg_category":null,"rttpg_excerpt":"Le site disciplinaire d&rsquo;Espagnol de l&rsquo;acad\u00e9mie de Nice, Hisp@Nice s&rsquo;engage \u00e0 ce que la collecte et le traitement de vos","post_mailing_queue_ids":[],"_links":{"self":[{"href":"https:\/\/www.pedagogie.ac-nice.fr\/espagnol\/wp-json\/wp\/v2\/pages\/2862","targetHints":{"allow":["GET"]}}],"collection":[{"href":"https:\/\/www.pedagogie.ac-nice.fr\/espagnol\/wp-json\/wp\/v2\/pages"}],"about":[{"href":"https:\/\/www.pedagogie.ac-nice.fr\/espagnol\/wp-json\/wp\/v2\/types\/page"}],"author":[{"embeddable":true,"href":"https:\/\/www.pedagogie.ac-nice.fr\/espagnol\/wp-json\/wp\/v2\/users\/278"}],"replies":[{"embeddable":true,"href":"https:\/\/www.pedagogie.ac-nice.fr\/espagnol\/wp-json\/wp\/v2\/comments?post=2862"}],"version-history":[{"count":3,"href":"https:\/\/www.pedagogie.ac-nice.fr\/espagnol\/wp-json\/wp\/v2\/pages\/2862\/revisions"}],"predecessor-version":[{"id":2867,"href":"https:\/\/www.pedagogie.ac-nice.fr\/espagnol\/wp-json\/wp\/v2\/pages\/2862\/revisions\/2867"}],"wp:attachment":[{"href":"https:\/\/www.pedagogie.ac-nice.fr\/espagnol\/wp-json\/wp\/v2\/media?parent=2862"}],"curies":[{"name":"wp","href":"https:\/\/api.w.org\/{rel}","templated":true}]}}