{"id":333,"date":"2020-12-30T12:55:56","date_gmt":"2020-12-30T11:55:56","guid":{"rendered":"https:\/\/www.pedagogie.ac-nice.fr\/espagnol\/?page_id=333"},"modified":"2026-03-25T17:35:30","modified_gmt":"2026-03-25T16:35:30","slug":"programmes-officiels","status":"publish","type":"page","link":"https:\/\/www.pedagogie.ac-nice.fr\/espagnol\/textes-et-rapports-officiels\/programmes-officiels\/","title":{"rendered":"Programmes officiels"},"content":{"rendered":"<p><span style=\"font-family: verdana, geneva, sans-serif;\"><strong><img loading=\"lazy\" decoding=\"async\" class=\"alignnone wp-image-2315 size-full\" src=\"https:\/\/www.pedagogie.ac-nice.fr\/espagnol\/wp-content\/uploads\/sites\/43\/2025\/02\/Copie-de-Ensenar-deleitando-48.png\" alt=\"\" width=\"15840\" height=\"4752\" srcset=\"https:\/\/www.pedagogie.ac-nice.fr\/espagnol\/wp-content\/uploads\/sites\/43\/2025\/02\/Copie-de-Ensenar-deleitando-48.png 15840w, https:\/\/www.pedagogie.ac-nice.fr\/espagnol\/wp-content\/uploads\/sites\/43\/2025\/02\/Copie-de-Ensenar-deleitando-48-300x90.png 300w, https:\/\/www.pedagogie.ac-nice.fr\/espagnol\/wp-content\/uploads\/sites\/43\/2025\/02\/Copie-de-Ensenar-deleitando-48-1024x307.png 1024w, https:\/\/www.pedagogie.ac-nice.fr\/espagnol\/wp-content\/uploads\/sites\/43\/2025\/02\/Copie-de-Ensenar-deleitando-48-768x230.png 768w, https:\/\/www.pedagogie.ac-nice.fr\/espagnol\/wp-content\/uploads\/sites\/43\/2025\/02\/Copie-de-Ensenar-deleitando-48-1536x461.png 1536w, https:\/\/www.pedagogie.ac-nice.fr\/espagnol\/wp-content\/uploads\/sites\/43\/2025\/02\/Copie-de-Ensenar-deleitando-48-2048x614.png 2048w\" sizes=\"auto, (max-width: 15840px) 100vw, 15840px\" \/><\/strong><\/span><span style=\"font-family: verdana, geneva, sans-serif;\"><strong>Nouveaux programmes :<br \/>\n<\/strong><span style=\"font-size: 10pt;\">Ces textes, \u00e9labor\u00e9s \u00e0 partir du Cadre europ\u00e9en commun de r\u00e9f\u00e9rence pour les langues (CECRL) et de ses volumes compl\u00e9mentaires, renforcent la coh\u00e9rence des parcours d\u2019apprentissage et la continuit\u00e9 entre les cycles.<\/span><\/span><\/p>\n<p><span style=\"color: #000000; font-family: verdana, geneva, sans-serif; font-size: 10pt;\"><b>Les nouveaux programmes de langues vivantes : d\u00e9couvrez les \u00e9missions \u201cRegards sur\u201d sur \u00c9duscol. Cliquez <a href=\"https:\/\/www.pedagogie.ac-nice.fr\/espagnol\/les-nouveaux-programmes-de-langues-vivantes-decouvrez-les-emissions-regards-sur-sur-eduscol\/\">ici<\/a> !<\/b><\/span><\/p>\n<p data-start=\"659\" data-end=\"697\"><span style=\"font-size: 10pt;\"><span style=\"font-family: verdana, geneva, sans-serif;\"><strong data-start=\"666\" data-end=\"697\">Calendrier de mise en place<br \/>\n<\/strong>Les nouveaux programmes entreront en vigueur :<br \/>\n<\/span><span style=\"font-family: verdana, geneva, sans-serif;\"><strong data-start=\"749\" data-end=\"770\">&#8211; \u00e0 la rentr\u00e9e 2025<\/strong> pour les classes de <strong data-start=\"791\" data-end=\"797\">6e<\/strong> et de <strong data-start=\"804\" data-end=\"811\">2de <\/strong>g\u00e9n\u00e9rale et technologique<strong data-start=\"804\" data-end=\"811\"><br \/>\n<\/strong><\/span><span style=\"font-family: verdana, geneva, sans-serif;\"><strong data-start=\"817\" data-end=\"838\">&#8211; \u00e0 la rentr\u00e9e 2026<\/strong> pour les classes de <strong>5e<\/strong> et de <strong>1re<\/strong> et <strong>Tle<\/strong> g\u00e9n\u00e9rales et technologiques<br \/>\n<strong>&#8211;<\/strong> <strong>\u00e0 la rentr\u00e9e 2027<\/strong> pour les classes de <strong>4e<\/strong><br \/>\n<strong>&#8211;<\/strong> <strong>\u00e0 la rentr\u00e9e 2028<\/strong> pour les classes de <strong>3e<br \/>\n<\/strong><\/span><\/span><\/p>\n<p data-start=\"867\" data-end=\"900\"><span style=\"font-family: verdana, geneva, sans-serif; font-size: 10pt;\"><strong data-start=\"874\" data-end=\"900\">Principales nouveaut\u00e9s :<br \/>\n<\/strong><\/span><span style=\"font-family: verdana, geneva, sans-serif; font-size: 10pt;\">&#8211; Des <strong>axes culturels repens\u00e9s<\/strong>, <strong>ancr\u00e9s dans la r\u00e9alit\u00e9 g\u00e9ographique<\/strong>, <strong>historique<\/strong> et <strong>culturelle<\/strong> du monde hispanophone, avec un <strong>axe sp\u00e9cifique \u00e0 une r\u00e9gion ou un pays pour chaque niveau<\/strong> (comme l\u2019Andalousie, le Mexique ou l\u2019espace andin).<\/span><br data-start=\"1138\" data-end=\"1141\"><span style=\"font-family: verdana, geneva, sans-serif; font-size: 10pt;\">&#8211; Un renforcement de la <strong>m\u00e9diation<\/strong> (compr\u00e9hension, communication, coop\u00e9ration) et de la <strong>perspective actionnelle<\/strong> : place centrale donn\u00e9e aux <strong>projets collaboratifs<\/strong>, favorisant <strong>l\u2019autonomie<\/strong> et <strong>l\u2019esprit critique<\/strong>.<\/span><br data-start=\"1351\" data-end=\"1354\"><span style=\"font-family: verdana, geneva, sans-serif; font-size: 10pt;\">&#8211; Une articulation plus claire entre LVA, LVB et LVC, avec des <strong>niveaux de ma\u00eetrise vis\u00e9s pr\u00e9cis\u00e9s pour chaque classe<\/strong>.<\/span><br data-start=\"1475\" data-end=\"1478\"><span style=\"font-family: verdana, geneva, sans-serif; font-size: 10pt;\">&#8211; <strong>L\u2019int\u00e9gration<\/strong> progressive des <strong>outils num\u00e9riques<\/strong> et de <strong>l\u2019IA<\/strong>, accompagn\u00e9e d\u2019une <strong>r\u00e9flexion critique<\/strong> sur leur <strong>usage raisonn\u00e9<\/strong>.<\/span><br data-start=\"1605\" data-end=\"1608\"><span style=\"font-family: verdana, geneva, sans-serif; font-size: 10pt;\">&#8211; Une <strong>\u00e9valuation au service des apprentissages<\/strong>, s\u2019appuyant sur diff\u00e9rents types d\u2019\u00e9preuves (diagnostiques, formatives, sommatives) et des <strong>rep\u00e8res clairs<\/strong>.<\/span><br data-start=\"1765\" data-end=\"1768\"><span style=\"font-family: verdana, geneva, sans-serif; font-size: 10pt;\">&#8211; Des <strong>supports diversifi\u00e9s<\/strong> et <strong>authentiques<\/strong>, favorisant <strong>l\u2019immersion<\/strong> et <strong>l\u2019ancrage culturel<\/strong> (textes litt\u00e9raires, extraits audio-visuels, documents en ligne).<\/span><\/p>\n<p data-start=\"867\" data-end=\"900\"><span style=\"font-family: verdana, geneva, sans-serif; font-size: 10pt;\"><strong>Cliquez ci-dessous pour t\u00e9l\u00e9charger les diaporamas pr\u00e9sentant les principales nouveaut\u00e9s :<\/strong><br \/>\n<strong>&#8211; pour le <a href=\"https:\/\/www.pedagogie.ac-nice.fr\/espagnol\/wp-content\/uploads\/sites\/43\/2025\/09\/diapo-nouveaux-programmes-college-version-PDF.pdf\">coll\u00e8ge<\/a><\/strong><br \/>\n<strong>&#8211; pour le <a href=\"https:\/\/www.pedagogie.ac-nice.fr\/espagnol\/wp-content\/uploads\/sites\/43\/2025\/09\/diapo-nouveaux-programmes-lycee.pdf\">lyc\u00e9e<\/a><\/strong><br \/>\n<\/span><\/p>\n<h3 data-start=\"1928\" data-end=\"1959\"><span style=\"font-family: verdana, geneva, sans-serif; font-size: 10pt;\"><strong data-start=\"1935\" data-end=\"1959\">Pour aller plus loin (Eduscol) :<\/strong><\/span><span style=\"font-weight: 400;\"><br \/>\n<\/span><\/h3>\n<ul>\n<li><span style=\"font-size: 10pt; font-family: verdana, geneva, sans-serif;\"><span style=\"font-weight: 400;\">Programme d&rsquo;espagnol pour les classe de coll\u00e8ge : cliquez <strong><a href=\"https:\/\/www.pedagogie.ac-nice.fr\/espagnol\/wp-content\/uploads\/sites\/43\/2025\/06\/ensel621_annexe9-1.pdf\">ici<\/a><\/strong><\/span><\/span><\/li>\n<li><span style=\"font-family: verdana, geneva, sans-serif;\"><span style=\"font-size: 13.3333px;\">Programme d&rsquo;espagnol pour les classes de lyc\u00e9e g\u00e9n\u00e9ral et technologique : cliquez <strong><a href=\"https:\/\/www.education.gouv.fr\/sites\/default\/files\/ensel621_annexe10.pdf\">ici<\/a><\/strong><\/span><\/span><\/li>\n<li><span style=\"font-family: verdana, geneva, sans-serif; font-size: 10pt;\">Retrouvez \u00e9galement des exemples de mise en \u0153uvre des programmes en coll\u00e8ge : cliquez <strong><a href=\"https:\/\/www.pedagogie.ac-nice.fr\/espagnol\/wp-content\/uploads\/sites\/43\/2025\/06\/exemples_mise_en_oeuvre_espagnol_college.pdf\">ici<\/a><\/strong><\/span><\/li>\n<li><span style=\"font-family: verdana, geneva, sans-serif; font-size: 10pt;\">Retrouvez \u00e9galement des exemples de mise en \u0153uvre des programmes en lyc\u00e9e g\u00e9n\u00e9ral et technologique : cliquez <a href=\"https:\/\/www.pedagogie.ac-nice.fr\/espagnol\/wp-content\/uploads\/sites\/43\/2025\/06\/exemples_mise_en_oeuvre_espagnol_lycee.pdf\"><strong>ici<\/strong><\/a><\/span><\/li>\n<\/ul>\n<p>&nbsp;<\/p>\n<p><span style=\"font-family: verdana, geneva, sans-serif;\"><strong>Anciens Programmes<\/strong><\/span><\/p>\n<ul>\n<li><span style=\"font-family: verdana, geneva, sans-serif; font-size: 12pt;\"><strong>Au<\/strong>&nbsp;<strong>coll\u00e8ge<\/strong> :<\/span><br \/>\n<span style=\"font-family: verdana, geneva, sans-serif; font-size: 10pt;\"><span style=\"font-family: verdana, geneva, sans-serif; font-size: 10pt;\"><span style=\"font-family: verdana, geneva, sans-serif; font-size: 10pt;\"><strong>&#8211; Cycle 3&nbsp;<\/strong>:&nbsp;<strong><a href=\"https:\/\/www.pedagogie.ac-nice.fr\/espagnol\/wp-content\/uploads\/sites\/43\/2020\/12\/Cycle3.pdf\">Programme du Cycle 3<\/a>&nbsp;&#8211;&nbsp;<a href=\"https:\/\/www.pedagogie.ac-nice.fr\/espagnol\/wp-content\/uploads\/sites\/43\/2020\/12\/RA16_C3_LV_repere_progressivite_esp_564997.pdf\">Les rep\u00e8res de progressivit\u00e9<\/a>&nbsp;&#8211;&nbsp;<a href=\"https:\/\/www.pedagogie.ac-nice.fr\/espagnol\/wp-content\/uploads\/sites\/43\/2020\/12\/RA16_C3_LV_esp_declinaison_culturelle_574876.pdf\">Les d\u00e9clinaisons culturelles<\/a><br \/>\n<\/strong><strong>&#8211; Cycle 4<\/strong>&nbsp;:<strong>&nbsp;<a href=\"https:\/\/www.pedagogie.ac-nice.fr\/espagnol\/wp-content\/uploads\/sites\/43\/2020\/12\/Cycle_4_programme_LV_1038204.pdf\">Programme du Cycle 4<\/a>&nbsp;&#8211;&nbsp;<a href=\"https:\/\/www.pedagogie.ac-nice.fr\/espagnol\/wp-content\/uploads\/sites\/43\/2020\/12\/RA16_C4_LV_repere_progressivite_esp_VF_567446.pdf\">Les rep\u00e8res de progressivit\u00e9<\/a>&nbsp;&#8211;&nbsp;<a href=\"https:\/\/www.pedagogie.ac-nice.fr\/espagnol\/wp-content\/uploads\/sites\/43\/2020\/12\/RA16_C4_LV_esp_declinaison_culturelle_585753.pdf\">Les d\u00e9clinaisons culturelles<\/a><br \/>\n<\/strong><\/span><\/span><\/span><br \/>\n<strong><span style=\"font-family: verdana, geneva, sans-serif; font-size: 10pt;\">&#8211; <span style=\"color: #ff6600;\">Mise \u00e0 jour janvier 2024<\/span> :<\/span><\/strong><\/p>\n<ul style=\"list-style-type: disc;\">\n<li><a href=\"https:\/\/www.pedagogie.ac-nice.fr\/espagnol\/wp-content\/uploads\/sites\/43\/2024\/02\/espagnol_5e_attendusv2.pdf\"><strong><span style=\"font-family: verdana, geneva, sans-serif; font-size: 10pt;\">Attendus de fin d&rsquo;ann\u00e9e en 5\u00e8me<\/span><\/strong><\/a><\/li>\n<li><strong><span style=\"font-family: verdana, geneva, sans-serif; font-size: 10pt;\"><a href=\"https:\/\/www.pedagogie.ac-nice.fr\/espagnol\/wp-content\/uploads\/sites\/43\/2024\/02\/espagnol_4e_attendu_v3.pdf\">Attendus en fin d&rsquo;ann\u00e9e de 4\u00e8me<\/a> <\/span><\/strong><\/li>\n<li><strong><span style=\"font-family: verdana, geneva, sans-serif; font-size: 10pt;\"><a href=\"https:\/\/www.pedagogie.ac-nice.fr\/espagnol\/wp-content\/uploads\/sites\/43\/2024\/02\/lv-espagnol_3e_attendusv2.pdf\">Attendus en fin de 3\u00e8me<\/a><\/span><\/strong><\/li>\n<li><strong><span style=\"font-family: verdana, geneva, sans-serif; font-size: 10pt;\"><a href=\"https:\/\/www.pedagogie.ac-nice.fr\/espagnol\/wp-content\/uploads\/sites\/43\/2024\/02\/lv-reperes-annuels-progression-c4.pdf\">Les rep\u00e8res de progression en langues vivantes en cycle 4<\/a><\/span><\/strong><\/li>\n<\/ul>\n<\/li>\n<li><span style=\"font-family: verdana, geneva, sans-serif; font-size: 12pt;\"><strong>Au lyc\u00e9e g\u00e9n\u00e9ral et technologique<\/strong> :<\/span><br \/>\n<span style=\"font-family: verdana, geneva, sans-serif; font-size: 10pt;\"><span style=\"font-family: verdana, geneva, sans-serif; font-size: 10pt;\">&#8211;&nbsp;<strong>Classe de<\/strong>&nbsp;<strong>Seconde<\/strong>&nbsp;:&nbsp;<strong><a href=\"https:\/\/www.pedagogie.ac-nice.fr\/espagnol\/wp-content\/uploads\/sites\/43\/2020\/12\/Programme_seconde.pdf\">Programme de Seconde<\/a><br \/>\n<\/strong>&#8211;&nbsp;<strong>Cycle Terminal<\/strong>&nbsp;:&nbsp;<strong><a href=\"https:\/\/www.pedagogie.ac-nice.fr\/espagnol\/wp-content\/uploads\/sites\/43\/2020\/12\/Programme_cycle_terminal.pdf\">Programme du Cycle Terminal<\/a><br \/>\n<\/strong>&#8211;&nbsp;<strong>Premi\u00e8re LLCER<\/strong>&nbsp;:&nbsp;<strong><a href=\"https:\/\/www.pedagogie.ac-nice.fr\/espagnol\/wp-content\/uploads\/sites\/43\/2020\/12\/spe590_annexe3_22-1_1063852.pdf\">Programme de Premi\u00e8re LLCE<\/a>&nbsp;&#8211;&nbsp;<a href=\"https:\/\/www.education.gouv.fr\/bo\/19\/Hebdo22\/MENE1914263N.htm?cid_bo=142228\">B.O. Programme limitatif Premi\u00e8re G\u00e9n\u00e9rale<\/a><br \/>\n<\/strong>&#8211;&nbsp;<strong>Terminale LLCER<\/strong>&nbsp;:&nbsp;<strong><a href=\"https:\/\/www.pedagogie.ac-nice.fr\/espagnol\/wp-content\/uploads\/sites\/43\/2020\/12\/spe256_annexe3_1159001.pdf\">Programme de Terminale LLCE<\/a>&nbsp;&#8211;&nbsp;<a href=\"https:\/\/www.education.gouv.fr\/bo\/20\/Hebdo32\/MENE20199982N.htm\">B.O. Programme limitatif Terminale G\u00e9n\u00e9rale<\/a>&nbsp;<br \/>\n<\/strong>&#8211;&nbsp;<strong>Ressources d&rsquo;accompagnement<\/strong>&nbsp;:&nbsp;<strong><a href=\"https:\/\/www.pedagogie.ac-nice.fr\/espagnol\/wp-content\/uploads\/sites\/43\/2020\/12\/RA19_Lycee_G_1-T_LLCER_Espagnol_atelier-cinema_1197161.pdf\">Atelier sur le cin\u00e9ma<\/a>&nbsp;&#8211;&nbsp;<a href=\"https:\/\/www.pedagogie.ac-nice.fr\/espagnol\/wp-content\/uploads\/sites\/43\/2020\/12\/RA19_Lycee_G_1reTle_LLCER_gout_de_lire_1197169.pdf\">D\u00e9velopper le go\u00fbt de lire en langue \u00e9trang\u00e8re<\/a><\/strong><\/span><\/span>&nbsp;<\/li>\n<\/ul>\n<p>&nbsp;<\/p>\n<ul>\n<li><span style=\"font-family: verdana, geneva, sans-serif; font-size: 10pt;\"><span style=\"font-size: 12pt;\"><strong>Au lyc\u00e9e professionnel<\/strong> :<\/span><\/span><span style=\"font-family: verdana, geneva, sans-serif; font-size: 10pt;\"><strong><br \/>\n<a href=\"https:\/\/www.pedagogie.ac-nice.fr\/espagnol\/wp-content\/uploads\/sites\/43\/2020\/12\/Programme_cap_bac_pro.pdf\">Programme du CAP au Bac Professionnel<\/a>&nbsp;&#8211;&nbsp;<a href=\"https:\/\/www.education.gouv.fr\/bo\/19\/Hebdo13\/MENE1835123D.htm?cid_bo=140038\">La Classe de Troisi\u00e8me \u00ab\u00a0Pr\u00e9pa M\u00e9tiers\u00a0\u00bb<\/a><\/strong><\/span>&nbsp;<\/li>\n<\/ul>\n<p>&nbsp;<\/p>\n","protected":false},"excerpt":{"rendered":"<p>Nouveaux programmes : Ces textes, \u00e9labor\u00e9s \u00e0 partir du Cadre europ\u00e9en commun de r\u00e9f\u00e9rence pour les langues (CECRL) et de<\/p>\n","protected":false},"author":278,"featured_media":0,"parent":209,"menu_order":0,"comment_status":"closed","ping_status":"closed","template":"","meta":{"colormag_page_container_layout":"default_layout","colormag_page_sidebar_layout":"default_layout","ngg_post_thumbnail":0,"footnotes":""},"class_list":["post-333","page","type-page","status-publish","hentry"],"rttpg_featured_image_url":null,"rttpg_author":{"display_name":"jeromebesse","author_link":"https:\/\/www.pedagogie.ac-nice.fr\/espagnol\/author\/jeromebesse\/"},"rttpg_comment":0,"rttpg_category":null,"rttpg_excerpt":"Nouveaux programmes : Ces textes, \u00e9labor\u00e9s \u00e0 partir du Cadre europ\u00e9en commun de r\u00e9f\u00e9rence pour les langues (CECRL) et de","post_mailing_queue_ids":[],"_links":{"self":[{"href":"https:\/\/www.pedagogie.ac-nice.fr\/espagnol\/wp-json\/wp\/v2\/pages\/333","targetHints":{"allow":["GET"]}}],"collection":[{"href":"https:\/\/www.pedagogie.ac-nice.fr\/espagnol\/wp-json\/wp\/v2\/pages"}],"about":[{"href":"https:\/\/www.pedagogie.ac-nice.fr\/espagnol\/wp-json\/wp\/v2\/types\/page"}],"author":[{"embeddable":true,"href":"https:\/\/www.pedagogie.ac-nice.fr\/espagnol\/wp-json\/wp\/v2\/users\/278"}],"replies":[{"embeddable":true,"href":"https:\/\/www.pedagogie.ac-nice.fr\/espagnol\/wp-json\/wp\/v2\/comments?post=333"}],"version-history":[{"count":27,"href":"https:\/\/www.pedagogie.ac-nice.fr\/espagnol\/wp-json\/wp\/v2\/pages\/333\/revisions"}],"predecessor-version":[{"id":2849,"href":"https:\/\/www.pedagogie.ac-nice.fr\/espagnol\/wp-json\/wp\/v2\/pages\/333\/revisions\/2849"}],"up":[{"embeddable":true,"href":"https:\/\/www.pedagogie.ac-nice.fr\/espagnol\/wp-json\/wp\/v2\/pages\/209"}],"wp:attachment":[{"href":"https:\/\/www.pedagogie.ac-nice.fr\/espagnol\/wp-json\/wp\/v2\/media?parent=333"}],"curies":[{"name":"wp","href":"https:\/\/api.w.org\/{rel}","templated":true}]}}