{"id":360,"date":"2020-12-30T14:09:00","date_gmt":"2020-12-30T13:09:00","guid":{"rendered":"https:\/\/www.pedagogie.ac-nice.fr\/espagnol\/?page_id=360"},"modified":"2025-02-04T15:59:13","modified_gmt":"2025-02-04T14:59:13","slug":"dossier-cnesco","status":"publish","type":"page","link":"https:\/\/www.pedagogie.ac-nice.fr\/espagnol\/textes-et-rapports-officiels\/dossier-cnesco\/","title":{"rendered":"Dossier CNESCO"},"content":{"rendered":"<p><span style=\"font-family: verdana, geneva, sans-serif; font-size: 10pt;\"><strong><img loading=\"lazy\" decoding=\"async\" class=\"alignnone wp-image-2306 size-full\" src=\"https:\/\/www.pedagogie.ac-nice.fr\/espagnol\/wp-content\/uploads\/sites\/43\/2025\/02\/Copie-de-Ensenar-deleitando-45.png\" alt=\"\" width=\"15840\" height=\"4752\" srcset=\"https:\/\/www.pedagogie.ac-nice.fr\/espagnol\/wp-content\/uploads\/sites\/43\/2025\/02\/Copie-de-Ensenar-deleitando-45.png 15840w, https:\/\/www.pedagogie.ac-nice.fr\/espagnol\/wp-content\/uploads\/sites\/43\/2025\/02\/Copie-de-Ensenar-deleitando-45-300x90.png 300w, https:\/\/www.pedagogie.ac-nice.fr\/espagnol\/wp-content\/uploads\/sites\/43\/2025\/02\/Copie-de-Ensenar-deleitando-45-1024x307.png 1024w, https:\/\/www.pedagogie.ac-nice.fr\/espagnol\/wp-content\/uploads\/sites\/43\/2025\/02\/Copie-de-Ensenar-deleitando-45-768x230.png 768w, https:\/\/www.pedagogie.ac-nice.fr\/espagnol\/wp-content\/uploads\/sites\/43\/2025\/02\/Copie-de-Ensenar-deleitando-45-1536x461.png 1536w, https:\/\/www.pedagogie.ac-nice.fr\/espagnol\/wp-content\/uploads\/sites\/43\/2025\/02\/Copie-de-Ensenar-deleitando-45-2048x614.png 2048w\" sizes=\"auto, (max-width: 15840px) 100vw, 15840px\" \/><br \/>\n<\/strong><\/span><span style=\"font-family: verdana, geneva, sans-serif; font-size: 12pt;\">Une conf\u00e9rence de consensus organis\u00e9e par le <strong>Conseil National d\u2019Evaluation du Syst\u00e8me Scolaire (CNESCO)<\/strong> et l\u2019<strong>Institut Francais de l\u2019Education (IFE)<\/strong> dont le th\u00e8me retenu \u00e9tait&nbsp;<em><strong>\u201cDe la d\u00e9couverte \u00e0 l\u2019appropriation des langues vivantes \u00e9trang\u00e8res ou \u00abcomment l\u2019\u00e9cole peut-elle mieux accompagner les \u00e9l\u00e8ves?\u00bb<\/strong>&nbsp;<\/em>s\u2019est tenue le 13 et 14 mars 2019 au lyc\u00e9e Lucie Aubrac de Courbevoie.<\/span><br \/>\n<span style=\"font-family: verdana, geneva, sans-serif; font-size: 12pt;\">Vous pouvez retrouver&nbsp;<strong><a href=\"https:\/\/www.cnesco.fr\/fr\/langues-vivantes\/\">toutes les informations<\/a><\/strong>&nbsp;de cette conf\u00e9rence sur le site du Conseil National d\u2019Evaluation du Syst\u00e8me Scolaire (CNESCO)<b>.<br \/>\n<\/b>Suite \u00e0 cette conf\u00e9rence le CNESCO a publi\u00e9 un&nbsp;<strong><a href=\"https:\/\/www.pedagogie.ac-nice.fr\/espagnol\/wp-content\/uploads\/sites\/43\/2020\/12\/190410_Dossier_synthese_Langues_.pdf\">dossier complet<\/a><\/strong>&nbsp;comprenant les diff\u00e9rentes recommandations du jury pr\u00e9sid\u00e9 par Brigitte Gruson, ma\u00eetre de conf\u00e9rence \u00e9m\u00e9rite en didactique des langues et cultures \u00e0 l\u2019universit\u00e9 de Bretagne Occidentale.<\/span><\/p>\n<p><img decoding=\"async\" class=\"aligncenter\" src=\"https:\/\/www.pedagogie.ac-nice.fr\/portail-de-langues\/espagnol\/images\/cnesco.png\" alt=\"\"><\/p>\n","protected":false},"excerpt":{"rendered":"<p>Une conf\u00e9rence de consensus organis\u00e9e par le Conseil National d\u2019Evaluation du Syst\u00e8me Scolaire (CNESCO) et l\u2019Institut Francais de l\u2019Education (IFE)<\/p>\n","protected":false},"author":278,"featured_media":0,"parent":209,"menu_order":0,"comment_status":"closed","ping_status":"closed","template":"","meta":{"colormag_page_container_layout":"default_layout","colormag_page_sidebar_layout":"default_layout","ngg_post_thumbnail":0,"footnotes":""},"class_list":["post-360","page","type-page","status-publish","hentry"],"rttpg_featured_image_url":null,"rttpg_author":{"display_name":"jeromebesse","author_link":"https:\/\/www.pedagogie.ac-nice.fr\/espagnol\/author\/jeromebesse\/"},"rttpg_comment":0,"rttpg_category":null,"rttpg_excerpt":"Une conf\u00e9rence de consensus organis\u00e9e par le Conseil National d\u2019Evaluation du Syst\u00e8me Scolaire (CNESCO) et l\u2019Institut Francais de l\u2019Education (IFE)","post_mailing_queue_ids":[],"_links":{"self":[{"href":"https:\/\/www.pedagogie.ac-nice.fr\/espagnol\/wp-json\/wp\/v2\/pages\/360","targetHints":{"allow":["GET"]}}],"collection":[{"href":"https:\/\/www.pedagogie.ac-nice.fr\/espagnol\/wp-json\/wp\/v2\/pages"}],"about":[{"href":"https:\/\/www.pedagogie.ac-nice.fr\/espagnol\/wp-json\/wp\/v2\/types\/page"}],"author":[{"embeddable":true,"href":"https:\/\/www.pedagogie.ac-nice.fr\/espagnol\/wp-json\/wp\/v2\/users\/278"}],"replies":[{"embeddable":true,"href":"https:\/\/www.pedagogie.ac-nice.fr\/espagnol\/wp-json\/wp\/v2\/comments?post=360"}],"version-history":[{"count":4,"href":"https:\/\/www.pedagogie.ac-nice.fr\/espagnol\/wp-json\/wp\/v2\/pages\/360\/revisions"}],"predecessor-version":[{"id":2309,"href":"https:\/\/www.pedagogie.ac-nice.fr\/espagnol\/wp-json\/wp\/v2\/pages\/360\/revisions\/2309"}],"up":[{"embeddable":true,"href":"https:\/\/www.pedagogie.ac-nice.fr\/espagnol\/wp-json\/wp\/v2\/pages\/209"}],"wp:attachment":[{"href":"https:\/\/www.pedagogie.ac-nice.fr\/espagnol\/wp-json\/wp\/v2\/media?parent=360"}],"curies":[{"name":"wp","href":"https:\/\/api.w.org\/{rel}","templated":true}]}}