{"id":397,"date":"2020-12-30T15:33:54","date_gmt":"2020-12-30T14:33:54","guid":{"rendered":"https:\/\/www.pedagogie.ac-nice.fr\/espagnol\/?page_id=397"},"modified":"2025-02-03T19:39:07","modified_gmt":"2025-02-03T18:39:07","slug":"international-et-mobilites","status":"publish","type":"page","link":"https:\/\/www.pedagogie.ac-nice.fr\/espagnol\/international-et-mobilites\/","title":{"rendered":"International"},"content":{"rendered":"<p><span style=\"font-family: verdana, geneva, sans-serif; font-size: 10pt;\"><img loading=\"lazy\" decoding=\"async\" class=\"alignnone wp-image-2230 size-full\" src=\"https:\/\/www.pedagogie.ac-nice.fr\/espagnol\/wp-content\/uploads\/sites\/43\/2025\/02\/Copie-de-Ensenar-deleitando-18.png\" alt=\"\" width=\"15840\" height=\"4752\" srcset=\"https:\/\/www.pedagogie.ac-nice.fr\/espagnol\/wp-content\/uploads\/sites\/43\/2025\/02\/Copie-de-Ensenar-deleitando-18.png 15840w, https:\/\/www.pedagogie.ac-nice.fr\/espagnol\/wp-content\/uploads\/sites\/43\/2025\/02\/Copie-de-Ensenar-deleitando-18-300x90.png 300w, https:\/\/www.pedagogie.ac-nice.fr\/espagnol\/wp-content\/uploads\/sites\/43\/2025\/02\/Copie-de-Ensenar-deleitando-18-1024x307.png 1024w, https:\/\/www.pedagogie.ac-nice.fr\/espagnol\/wp-content\/uploads\/sites\/43\/2025\/02\/Copie-de-Ensenar-deleitando-18-768x230.png 768w, https:\/\/www.pedagogie.ac-nice.fr\/espagnol\/wp-content\/uploads\/sites\/43\/2025\/02\/Copie-de-Ensenar-deleitando-18-1536x461.png 1536w, https:\/\/www.pedagogie.ac-nice.fr\/espagnol\/wp-content\/uploads\/sites\/43\/2025\/02\/Copie-de-Ensenar-deleitando-18-2048x614.png 2048w\" sizes=\"auto, (max-width: 15840px) 100vw, 15840px\" \/><br \/>\nVous trouverez dans le menu d\u00e9roulant de cette rubrique <strong>conseils et liens utiles<\/strong>&nbsp;pouvant vous permettre de&nbsp;<strong>r\u00e9aliser \u00e9changes<\/strong>,<strong>&nbsp;appariements et mobilit\u00e9s<\/strong>&nbsp;pour et\/ou avec vos \u00e9l\u00e8ves (pour les mobilit\u00e9s enseignants cf. l&rsquo;onglet \u00ab\u00a0<a href=\"https:\/\/www.pedagogie.ac-nice.fr\/espagnol\/carriere-et-formation\/mobilites-et-echanges-de-poste\/\">carri\u00e8re et formation<\/a>\u00ab\u00a0).<\/span><\/p>\n<p><span style=\"font-family: verdana, geneva, sans-serif; font-size: 10pt;\">Retrouvez aussi l&rsquo;actualit\u00e9 des <strong>\u00e9changes<\/strong> des \u00e9tablissements de l&rsquo;acad\u00e9mie de Nice avec l&rsquo;Espagne et l&rsquo;Am\u00e9rique hispanophone dans \u00ab\u00a0l&rsquo;actualit\u00e9 de l&rsquo;espagnol dans l&rsquo;acad\u00e9mie\u00a0\u00bb (dans le menu \u00ab\u00a0cat\u00e9gories\u00a0\u00bb de la colonne de gauche).<\/span><\/p>\n<div style=\"padding-left: 40px;\">&nbsp;<\/div>\n<p>&nbsp;<\/p>\n<p>&nbsp;<\/p>\n","protected":false},"excerpt":{"rendered":"<p>Vous trouverez dans le menu d\u00e9roulant de cette rubrique conseils et liens utiles&nbsp;pouvant vous permettre de&nbsp;r\u00e9aliser \u00e9changes,&nbsp;appariements et mobilit\u00e9s&nbsp;pour et\/ou<\/p>\n","protected":false},"author":278,"featured_media":0,"parent":0,"menu_order":0,"comment_status":"closed","ping_status":"closed","template":"","meta":{"colormag_page_container_layout":"default_layout","colormag_page_sidebar_layout":"default_layout","ngg_post_thumbnail":0,"footnotes":""},"class_list":["post-397","page","type-page","status-publish","hentry"],"rttpg_featured_image_url":null,"rttpg_author":{"display_name":"jeromebesse","author_link":"https:\/\/www.pedagogie.ac-nice.fr\/espagnol\/author\/jeromebesse\/"},"rttpg_comment":0,"rttpg_category":null,"rttpg_excerpt":"Vous trouverez dans le menu d\u00e9roulant de cette rubrique conseils et liens utiles&nbsp;pouvant vous permettre de&nbsp;r\u00e9aliser \u00e9changes,&nbsp;appariements et mobilit\u00e9s&nbsp;pour et\/ou","post_mailing_queue_ids":[],"_links":{"self":[{"href":"https:\/\/www.pedagogie.ac-nice.fr\/espagnol\/wp-json\/wp\/v2\/pages\/397","targetHints":{"allow":["GET"]}}],"collection":[{"href":"https:\/\/www.pedagogie.ac-nice.fr\/espagnol\/wp-json\/wp\/v2\/pages"}],"about":[{"href":"https:\/\/www.pedagogie.ac-nice.fr\/espagnol\/wp-json\/wp\/v2\/types\/page"}],"author":[{"embeddable":true,"href":"https:\/\/www.pedagogie.ac-nice.fr\/espagnol\/wp-json\/wp\/v2\/users\/278"}],"replies":[{"embeddable":true,"href":"https:\/\/www.pedagogie.ac-nice.fr\/espagnol\/wp-json\/wp\/v2\/comments?post=397"}],"version-history":[{"count":9,"href":"https:\/\/www.pedagogie.ac-nice.fr\/espagnol\/wp-json\/wp\/v2\/pages\/397\/revisions"}],"predecessor-version":[{"id":2231,"href":"https:\/\/www.pedagogie.ac-nice.fr\/espagnol\/wp-json\/wp\/v2\/pages\/397\/revisions\/2231"}],"wp:attachment":[{"href":"https:\/\/www.pedagogie.ac-nice.fr\/espagnol\/wp-json\/wp\/v2\/media?parent=397"}],"curies":[{"name":"wp","href":"https:\/\/api.w.org\/{rel}","templated":true}]}}