{"id":405,"date":"2020-12-30T15:45:48","date_gmt":"2020-12-30T14:45:48","guid":{"rendered":"https:\/\/www.pedagogie.ac-nice.fr\/espagnol\/?page_id=405"},"modified":"2025-02-04T14:00:21","modified_gmt":"2025-02-04T13:00:21","slug":"drareic","status":"publish","type":"page","link":"https:\/\/www.pedagogie.ac-nice.fr\/espagnol\/international-et-mobilites\/drareic\/","title":{"rendered":"DRAREIC"},"content":{"rendered":"<div><span style=\"font-family: verdana, geneva, sans-serif; font-size: 12pt; color: #000000;\"><strong><img loading=\"lazy\" decoding=\"async\" class=\"alignnone wp-image-2232 size-full\" src=\"https:\/\/www.pedagogie.ac-nice.fr\/espagnol\/wp-content\/uploads\/sites\/43\/2025\/02\/Copie-de-Ensenar-deleitando-19.png\" alt=\"\" width=\"15840\" height=\"4752\" srcset=\"https:\/\/www.pedagogie.ac-nice.fr\/espagnol\/wp-content\/uploads\/sites\/43\/2025\/02\/Copie-de-Ensenar-deleitando-19.png 15840w, https:\/\/www.pedagogie.ac-nice.fr\/espagnol\/wp-content\/uploads\/sites\/43\/2025\/02\/Copie-de-Ensenar-deleitando-19-300x90.png 300w, https:\/\/www.pedagogie.ac-nice.fr\/espagnol\/wp-content\/uploads\/sites\/43\/2025\/02\/Copie-de-Ensenar-deleitando-19-1024x307.png 1024w, https:\/\/www.pedagogie.ac-nice.fr\/espagnol\/wp-content\/uploads\/sites\/43\/2025\/02\/Copie-de-Ensenar-deleitando-19-768x230.png 768w, https:\/\/www.pedagogie.ac-nice.fr\/espagnol\/wp-content\/uploads\/sites\/43\/2025\/02\/Copie-de-Ensenar-deleitando-19-1536x461.png 1536w, https:\/\/www.pedagogie.ac-nice.fr\/espagnol\/wp-content\/uploads\/sites\/43\/2025\/02\/Copie-de-Ensenar-deleitando-19-2048x614.png 2048w\" sizes=\"auto, (max-width: 15840px) 100vw, 15840px\" \/><br \/>\nDirection R\u00e9gionale Acad\u00e9mique aux Relations Europ\u00e9ennes, Internationales et \u00e0 la Coop\u00e9ration (DRAREIC)<\/strong><\/span><\/div>\n<div>&nbsp;<\/div>\n<div>\n<p><span style=\"font-family: verdana, geneva, sans-serif; font-size: 10pt; color: #000000;\">L&rsquo;ouverture europ\u00e9enne et internationale des \u00e9tablissements scolaires est devenue une dimension essentielle de la formation et de l&rsquo;\u00e9ducation de nos \u00e9l\u00e8ves. La DRAREIC est au service des \u00e9tablissements scolaires, des \u00e9l\u00e8ves et des personnels de l&rsquo;\u00e9ducation pour les aider \u00e0 pr\u00e9parer et mettre en \u0153uvre leurs projets europ\u00e9ens et &nbsp;internationaux.<\/span><\/p>\n<\/div>\n<p><span style=\"font-family: verdana, geneva, sans-serif; font-size: 10pt;\"><a href=\"https:\/\/www.ac-nice.fr\/europe-et-international\"><strong>Consultez le site de la DAREIC de Nice<\/strong><\/a><\/span><\/p>\n","protected":false},"excerpt":{"rendered":"<p>Direction R\u00e9gionale Acad\u00e9mique aux Relations Europ\u00e9ennes, Internationales et \u00e0 la Coop\u00e9ration (DRAREIC) &nbsp; L&rsquo;ouverture europ\u00e9enne et internationale des \u00e9tablissements scolaires<\/p>\n","protected":false},"author":278,"featured_media":0,"parent":397,"menu_order":0,"comment_status":"closed","ping_status":"closed","template":"","meta":{"colormag_page_container_layout":"default_layout","colormag_page_sidebar_layout":"default_layout","ngg_post_thumbnail":0,"footnotes":""},"class_list":["post-405","page","type-page","status-publish","hentry"],"rttpg_featured_image_url":null,"rttpg_author":{"display_name":"jeromebesse","author_link":"https:\/\/www.pedagogie.ac-nice.fr\/espagnol\/author\/jeromebesse\/"},"rttpg_comment":0,"rttpg_category":null,"rttpg_excerpt":"Direction R\u00e9gionale Acad\u00e9mique aux Relations Europ\u00e9ennes, Internationales et \u00e0 la Coop\u00e9ration (DRAREIC) &nbsp; L&rsquo;ouverture europ\u00e9enne et internationale des \u00e9tablissements scolaires","post_mailing_queue_ids":[],"_links":{"self":[{"href":"https:\/\/www.pedagogie.ac-nice.fr\/espagnol\/wp-json\/wp\/v2\/pages\/405","targetHints":{"allow":["GET"]}}],"collection":[{"href":"https:\/\/www.pedagogie.ac-nice.fr\/espagnol\/wp-json\/wp\/v2\/pages"}],"about":[{"href":"https:\/\/www.pedagogie.ac-nice.fr\/espagnol\/wp-json\/wp\/v2\/types\/page"}],"author":[{"embeddable":true,"href":"https:\/\/www.pedagogie.ac-nice.fr\/espagnol\/wp-json\/wp\/v2\/users\/278"}],"replies":[{"embeddable":true,"href":"https:\/\/www.pedagogie.ac-nice.fr\/espagnol\/wp-json\/wp\/v2\/comments?post=405"}],"version-history":[{"count":8,"href":"https:\/\/www.pedagogie.ac-nice.fr\/espagnol\/wp-json\/wp\/v2\/pages\/405\/revisions"}],"predecessor-version":[{"id":2233,"href":"https:\/\/www.pedagogie.ac-nice.fr\/espagnol\/wp-json\/wp\/v2\/pages\/405\/revisions\/2233"}],"up":[{"embeddable":true,"href":"https:\/\/www.pedagogie.ac-nice.fr\/espagnol\/wp-json\/wp\/v2\/pages\/397"}],"wp:attachment":[{"href":"https:\/\/www.pedagogie.ac-nice.fr\/espagnol\/wp-json\/wp\/v2\/media?parent=405"}],"curies":[{"name":"wp","href":"https:\/\/api.w.org\/{rel}","templated":true}]}}