{"id":409,"date":"2020-12-30T15:52:29","date_gmt":"2020-12-30T14:52:29","guid":{"rendered":"https:\/\/www.pedagogie.ac-nice.fr\/espagnol\/?page_id=409"},"modified":"2025-02-04T14:11:07","modified_gmt":"2025-02-04T13:11:07","slug":"picassomob","status":"publish","type":"page","link":"https:\/\/www.pedagogie.ac-nice.fr\/espagnol\/international-et-mobilites\/picassomob\/","title":{"rendered":"Picasso Mob"},"content":{"rendered":"<div class=\"normal\"><span style=\"font-family: verdana, geneva, sans-serif; font-size: 12pt; color: #000000;\"><strong><img loading=\"lazy\" decoding=\"async\" class=\"alignnone wp-image-2240 size-full\" src=\"https:\/\/www.pedagogie.ac-nice.fr\/espagnol\/wp-content\/uploads\/sites\/43\/2025\/02\/Copie-de-Ensenar-deleitando-22.png\" alt=\"\" width=\"15840\" height=\"4752\" srcset=\"https:\/\/www.pedagogie.ac-nice.fr\/espagnol\/wp-content\/uploads\/sites\/43\/2025\/02\/Copie-de-Ensenar-deleitando-22.png 15840w, https:\/\/www.pedagogie.ac-nice.fr\/espagnol\/wp-content\/uploads\/sites\/43\/2025\/02\/Copie-de-Ensenar-deleitando-22-300x90.png 300w, https:\/\/www.pedagogie.ac-nice.fr\/espagnol\/wp-content\/uploads\/sites\/43\/2025\/02\/Copie-de-Ensenar-deleitando-22-1024x307.png 1024w, https:\/\/www.pedagogie.ac-nice.fr\/espagnol\/wp-content\/uploads\/sites\/43\/2025\/02\/Copie-de-Ensenar-deleitando-22-768x230.png 768w, https:\/\/www.pedagogie.ac-nice.fr\/espagnol\/wp-content\/uploads\/sites\/43\/2025\/02\/Copie-de-Ensenar-deleitando-22-1536x461.png 1536w, https:\/\/www.pedagogie.ac-nice.fr\/espagnol\/wp-content\/uploads\/sites\/43\/2025\/02\/Copie-de-Ensenar-deleitando-22-2048x614.png 2048w\" sizes=\"auto, (max-width: 15840px) 100vw, 15840px\" \/><br \/>\nPicasso Mob : programme de mobilit\u00e9 individuelle d&rsquo;\u00e9l\u00e8ves avec l&rsquo;Andalousie ou les Canaries<\/strong><\/span><\/div>\n<div>&nbsp;<\/div>\n<div>\n<p><span style=\"font-family: verdana, geneva, sans-serif;\"><strong>Campagne 2025 : <\/strong><\/span><br \/>\n<span style=\"font-family: verdana, geneva, sans-serif;\">Dans le cadre de la convention de partenariat sign\u00e9e avec la <em>Consejer\u00eda de Educaci\u00f3n, Universidades, Cultura y Deportes&nbsp;<\/em>des Canaries, la r\u00e9gion acad\u00e9mique Provence-Alpes-C\u00f4te-d&rsquo;Azur propose aux \u00e9l\u00e8ves de seconde (scolaris\u00e9s en classe de premi\u00e8re \u00e0 la rentr\u00e9e 2025) des \u00e9changes individuels de 4 semaines.<\/span><\/p>\n<p><span style=\"font-family: verdana, geneva, sans-serif;\">En raison d&rsquo;une r\u00e9organisation de nos programmes, nous vous encourageons vivement \u00e0 inscrire tous vos \u00e9l\u00e8ves au programme d\u2019\u00e9changes individuels avec les Canaries, dans la limite mentionn\u00e9e pour le programme.<\/span><br \/>\n<span style=\"font-family: verdana, geneva, sans-serif;\"><u><br \/>\nLes \u00e9l\u00e8ves espagnols&nbsp;<\/u><u>seront accueillis par les familles et \u00e9tablissements de la r\u00e9gion acad\u00e9mique PACA<\/u>*&nbsp;:<\/span><br \/>\n<span style=\"font-family: verdana, geneva, sans-serif;\">&#8211; du 20 septembre au 18 octobre 2025 ;<\/span><br \/>\n<span style=\"font-family: verdana, geneva, sans-serif;\"><em><br \/>\n<\/em><u>Les \u00e9l\u00e8ves fran\u00e7ais seront accueillis par les familles et \u00e9tablissements des Canaries<\/u>*&nbsp;:<\/span><br \/>\n<span style=\"font-family: verdana, geneva, sans-serif;\">&#8211; du 25 octobre au 22 novembre 2025.<\/span><\/p>\n<p><span style=\"font-family: verdana, geneva, sans-serif;\">L\u2019organisation et les frais de l\u2019acheminement des \u00e9l\u00e8ves en Espagne sont \u00e0 la charge des familles.<\/span><\/p>\n<p><span style=\"font-family: verdana, geneva, sans-serif;\"><em>*&nbsp;<\/em><em>Ces dates sont susceptibles d&rsquo;\u00eatre modifi\u00e9es par notre partenaire espagnol, nous vous tiendrons inform\u00e9s si des modifications sont effectu\u00e9es.<\/em>&nbsp;<\/span><\/p>\n<p><strong><span style=\"font-family: verdana, geneva, sans-serif;\">Pour plus de d\u00e9tails sur ce programme d&rsquo;\u00e9changes et la proc\u00e9dure de candidature, prenez attache de vos Directions respectives.<\/span><\/strong><\/p>\n<\/div>\n<div>&nbsp;<\/div>\n<div><span style=\"font-family: verdana, geneva, sans-serif; font-size: 12pt; color: #000000;\">Le programme <strong>Picasso Mob<\/strong> permet \u00e0 des \u00e9l\u00e8ves qui sont en classe de 1\u00e8re de <strong>s\u00e9journer dans la famille d&rsquo;un correspondant<\/strong>, d&rsquo;\u00eatre en <strong>immersion<\/strong> dans son \u00e9tablissement et de le <strong>recevoir en r\u00e9ciprocit\u00e9<\/strong> dans sa famille et dans son \u00e9tablissement. Dans un premier temps, les chefs d&rsquo;\u00e9tablissement sont invit\u00e9s \u00e0 d\u00e9signer un professeur d&rsquo;espagnol r\u00e9f\u00e9rent du programme afin de r\u00e9pondre \u00e0 un sondage pour pouvoir estimer le nombre d&rsquo;\u00e9l\u00e8ves int\u00e9ress\u00e9s par ce programme.<\/span><\/div>\n<div><span style=\"font-family: verdana, geneva, sans-serif; font-size: 12pt; color: #000000;\">En 2024, et apr\u00e8s plusieurs reports dus \u00e0 la crise sanitaire, de nombreux \u00e9l\u00e8ves du Var et des Alpes-Maritimes ont particip\u00e9 au programme d&rsquo;\u00e9changes avec des \u00e9tablissements situ\u00e9s en Andalousie ou sur les \u00eeles Canaries :<\/span><\/div>\n<div>&nbsp;<\/div>\n<div><strong style=\"color: #000000; font-family: verdana, geneva, sans-serif;\">Picasso Mob Andalousie :<\/strong><\/div>\n<div>\n<p><span style=\"font-style: inherit; font-weight: inherit; font-family: verdana, geneva, sans-serif; color: #000000;\">LYCEE COSTEBELLE (Hy\u00e8res)<br \/>\nLyc\u00e9e Jean Aicard (Hy\u00e8res)<br \/>\nLYCEE Bristol (Cannes)<br \/>\nLyc\u00e9e Jules Ferry (Cannes)<\/span><br \/>\n<span style=\"font-style: inherit; font-weight: inherit; font-family: verdana, geneva, sans-serif; color: #000000;\">Lyc\u00e9e International de Valbonne<\/span><br \/>\n<span style=\"font-family: verdana, geneva, sans-serif; color: #000000;\">SASSERNO (Nice)<\/span><br \/>\n<span style=\"font-family: verdana, geneva, sans-serif; color: #000000;\">Lyc\u00e9e Audiberti (Antibes)<\/span><br \/>\n<span style=\"font-family: verdana, geneva, sans-serif; color: #000000;\">Lyc\u00e9e Bonaparte (Toulon)<\/span><br \/>\n<span style=\"font-family: verdana, geneva, sans-serif; color: #000000;\">Lyc\u00e9e Maurice Janetti (St Maximin la Ste Baume)<\/span><\/p>\n<p><span style=\"font-style: inherit; font-weight: inherit; font-family: verdana, geneva, sans-serif; color: #000000;\"><strong>Et&nbsp;Picasso Mob Canaries :<\/strong><br \/>\nLyc\u00e9e Polyvalent Maurice Janetti<br \/>\nInstitut Sasserno<br \/>\nLyc\u00e9e Polyvalent Costebelle<br \/>\nLyc\u00e9e International de Valbonne<br \/>\nLyc\u00e9e Beaussier<\/span><\/p>\n<p><strong><span style=\"font-family: verdana, geneva, sans-serif; color: #000000;\">Les \u00e9l\u00e8ves espagnols viennent d&rsquo;arriver et ont \u00e9t\u00e9 accueillis chaleureusement !<br \/>\nBienvenue \u00e0 eux !<\/span><\/strong><\/p>\n<p><img loading=\"lazy\" decoding=\"async\" class=\"alignnone wp-image-1138 size-full\" src=\"https:\/\/www.pedagogie.ac-nice.fr\/espagnol\/wp-content\/uploads\/sites\/43\/2021\/11\/PicassoMob.jpg\" alt=\"\" width=\"673\" height=\"476\" srcset=\"https:\/\/www.pedagogie.ac-nice.fr\/espagnol\/wp-content\/uploads\/sites\/43\/2021\/11\/PicassoMob.jpg 673w, https:\/\/www.pedagogie.ac-nice.fr\/espagnol\/wp-content\/uploads\/sites\/43\/2021\/11\/PicassoMob-300x212.jpg 300w\" sizes=\"auto, (max-width: 673px) 100vw, 673px\" \/><\/p>\n<p><img loading=\"lazy\" decoding=\"async\" class=\"alignnone wp-image-1139 size-full\" src=\"https:\/\/www.pedagogie.ac-nice.fr\/espagnol\/wp-content\/uploads\/sites\/43\/2021\/11\/Picasso-mob.jpeg\" alt=\"\" width=\"680\" height=\"537\" srcset=\"https:\/\/www.pedagogie.ac-nice.fr\/espagnol\/wp-content\/uploads\/sites\/43\/2021\/11\/Picasso-mob.jpeg 680w, https:\/\/www.pedagogie.ac-nice.fr\/espagnol\/wp-content\/uploads\/sites\/43\/2021\/11\/Picasso-mob-300x237.jpeg 300w\" sizes=\"auto, (max-width: 680px) 100vw, 680px\" \/><br \/>\n<span style=\"color: #000000; font-size: 10pt; font-family: verdana, geneva, sans-serif;\">(Ci-dessus : les \u00e9l\u00e8ves espagnols accueillis par les \u00e9l\u00e8ves fran\u00e7ais et les \u00e9quipes du Lyc\u00e9e Audiberti d&rsquo;Antibes)<\/span><\/p>\n<p>&nbsp;<\/p>\n<\/div>\n<p><span style=\"color: #000000; font-family: verdana, geneva, sans-serif;\">Pour vous renseigner sur ce programme d&rsquo;\u00e9changes, <a href=\"https:\/\/www.ac-nice.fr\/europe-et-international\"><strong>consultez le site de la Drareic<\/strong><\/a>.<\/span><\/p>\n<div>&nbsp;<\/div>\n<div>&nbsp;<\/div>\n","protected":false},"excerpt":{"rendered":"<p>Picasso Mob : programme de mobilit\u00e9 individuelle d&rsquo;\u00e9l\u00e8ves avec l&rsquo;Andalousie ou les Canaries &nbsp; Campagne 2025 : Dans le cadre<\/p>\n","protected":false},"author":278,"featured_media":0,"parent":397,"menu_order":0,"comment_status":"closed","ping_status":"closed","template":"","meta":{"colormag_page_container_layout":"default_layout","colormag_page_sidebar_layout":"default_layout","ngg_post_thumbnail":0,"footnotes":""},"class_list":["post-409","page","type-page","status-publish","hentry"],"rttpg_featured_image_url":null,"rttpg_author":{"display_name":"jeromebesse","author_link":"https:\/\/www.pedagogie.ac-nice.fr\/espagnol\/author\/jeromebesse\/"},"rttpg_comment":0,"rttpg_category":null,"rttpg_excerpt":"Picasso Mob : programme de mobilit\u00e9 individuelle d&rsquo;\u00e9l\u00e8ves avec l&rsquo;Andalousie ou les Canaries &nbsp; Campagne 2025 : Dans le cadre","post_mailing_queue_ids":[],"_links":{"self":[{"href":"https:\/\/www.pedagogie.ac-nice.fr\/espagnol\/wp-json\/wp\/v2\/pages\/409","targetHints":{"allow":["GET"]}}],"collection":[{"href":"https:\/\/www.pedagogie.ac-nice.fr\/espagnol\/wp-json\/wp\/v2\/pages"}],"about":[{"href":"https:\/\/www.pedagogie.ac-nice.fr\/espagnol\/wp-json\/wp\/v2\/types\/page"}],"author":[{"embeddable":true,"href":"https:\/\/www.pedagogie.ac-nice.fr\/espagnol\/wp-json\/wp\/v2\/users\/278"}],"replies":[{"embeddable":true,"href":"https:\/\/www.pedagogie.ac-nice.fr\/espagnol\/wp-json\/wp\/v2\/comments?post=409"}],"version-history":[{"count":16,"href":"https:\/\/www.pedagogie.ac-nice.fr\/espagnol\/wp-json\/wp\/v2\/pages\/409\/revisions"}],"predecessor-version":[{"id":2243,"href":"https:\/\/www.pedagogie.ac-nice.fr\/espagnol\/wp-json\/wp\/v2\/pages\/409\/revisions\/2243"}],"up":[{"embeddable":true,"href":"https:\/\/www.pedagogie.ac-nice.fr\/espagnol\/wp-json\/wp\/v2\/pages\/397"}],"wp:attachment":[{"href":"https:\/\/www.pedagogie.ac-nice.fr\/espagnol\/wp-json\/wp\/v2\/media?parent=409"}],"curies":[{"name":"wp","href":"https:\/\/api.w.org\/{rel}","templated":true}]}}