{"id":415,"date":"2020-12-30T16:00:13","date_gmt":"2020-12-30T15:00:13","guid":{"rendered":"https:\/\/www.pedagogie.ac-nice.fr\/espagnol\/?page_id=415"},"modified":"2025-02-04T14:06:48","modified_gmt":"2025-02-04T13:06:48","slug":"euroscol","status":"publish","type":"page","link":"https:\/\/www.pedagogie.ac-nice.fr\/espagnol\/international-et-mobilites\/euroscol\/","title":{"rendered":"Euroscol"},"content":{"rendered":"<p><span style=\"font-family: verdana, geneva, sans-serif; font-size: 10pt;\"><img loading=\"lazy\" decoding=\"async\" class=\"alignnone wp-image-2236 size-full\" src=\"https:\/\/www.pedagogie.ac-nice.fr\/espagnol\/wp-content\/uploads\/sites\/43\/2025\/02\/Copie-de-Ensenar-deleitando-21.png\" alt=\"\" width=\"15840\" height=\"4752\" srcset=\"https:\/\/www.pedagogie.ac-nice.fr\/espagnol\/wp-content\/uploads\/sites\/43\/2025\/02\/Copie-de-Ensenar-deleitando-21.png 15840w, https:\/\/www.pedagogie.ac-nice.fr\/espagnol\/wp-content\/uploads\/sites\/43\/2025\/02\/Copie-de-Ensenar-deleitando-21-300x90.png 300w, https:\/\/www.pedagogie.ac-nice.fr\/espagnol\/wp-content\/uploads\/sites\/43\/2025\/02\/Copie-de-Ensenar-deleitando-21-1024x307.png 1024w, https:\/\/www.pedagogie.ac-nice.fr\/espagnol\/wp-content\/uploads\/sites\/43\/2025\/02\/Copie-de-Ensenar-deleitando-21-768x230.png 768w, https:\/\/www.pedagogie.ac-nice.fr\/espagnol\/wp-content\/uploads\/sites\/43\/2025\/02\/Copie-de-Ensenar-deleitando-21-1536x461.png 1536w, https:\/\/www.pedagogie.ac-nice.fr\/espagnol\/wp-content\/uploads\/sites\/43\/2025\/02\/Copie-de-Ensenar-deleitando-21-2048x614.png 2048w\" sizes=\"auto, (max-width: 15840px) 100vw, 15840px\" \/><br \/>\nLe label \u00ab\u00a0Euroscol\u00a0\u00bb vise \u00e0 reconna\u00eetre la mobilisation des \u00e9coles et des \u00e9tablissements scolaires s&rsquo;inscrivant dans une&nbsp;<strong>dynamique europ\u00e9enne<\/strong> par le portage et la participation \u00e0 des projets et par la construction de parcours europ\u00e9ens dans la perspective de la cr\u00e9ation d&rsquo;un Espace europ\u00e9en de l&rsquo;\u00e9ducation.<\/span><\/p>\n<p><span style=\"font-family: verdana, geneva, sans-serif; font-size: 10pt;\">Pour plus de renseignements :<\/span><\/p>\n<div><span style=\"font-family: verdana, geneva, sans-serif; font-size: 10pt;\"><strong><a href=\"https:\/\/eduscol.education.fr\/cid144760\/euroscol-label-des-ecoles-des-etablissements-scolaires.html\">Lien vers la page \u00c9duscol<\/a><\/strong><\/span><\/div>\n<div><span style=\"font-family: verdana, geneva, sans-serif; font-size: 10pt;\"><strong><a href=\"http:\/\/www2.ac-nice.fr\/cid143666\/label-euroscol-des-ecoles-et-des-etablissements-scolaires.html\">Lien vers la page Ac-Nice.fr<\/a><\/strong><\/span><\/div>\n<div>&nbsp;<\/div>\n<div>&nbsp;<\/div>\n","protected":false},"excerpt":{"rendered":"<p>Le label \u00ab\u00a0Euroscol\u00a0\u00bb vise \u00e0 reconna\u00eetre la mobilisation des \u00e9coles et des \u00e9tablissements scolaires s&rsquo;inscrivant dans une&nbsp;dynamique europ\u00e9enne par le<\/p>\n","protected":false},"author":278,"featured_media":0,"parent":397,"menu_order":0,"comment_status":"closed","ping_status":"closed","template":"","meta":{"colormag_page_container_layout":"default_layout","colormag_page_sidebar_layout":"default_layout","ngg_post_thumbnail":0,"footnotes":""},"class_list":["post-415","page","type-page","status-publish","hentry"],"rttpg_featured_image_url":null,"rttpg_author":{"display_name":"jeromebesse","author_link":"https:\/\/www.pedagogie.ac-nice.fr\/espagnol\/author\/jeromebesse\/"},"rttpg_comment":0,"rttpg_category":null,"rttpg_excerpt":"Le label \u00ab\u00a0Euroscol\u00a0\u00bb vise \u00e0 reconna\u00eetre la mobilisation des \u00e9coles et des \u00e9tablissements scolaires s&rsquo;inscrivant dans une&nbsp;dynamique europ\u00e9enne par le","post_mailing_queue_ids":[],"_links":{"self":[{"href":"https:\/\/www.pedagogie.ac-nice.fr\/espagnol\/wp-json\/wp\/v2\/pages\/415","targetHints":{"allow":["GET"]}}],"collection":[{"href":"https:\/\/www.pedagogie.ac-nice.fr\/espagnol\/wp-json\/wp\/v2\/pages"}],"about":[{"href":"https:\/\/www.pedagogie.ac-nice.fr\/espagnol\/wp-json\/wp\/v2\/types\/page"}],"author":[{"embeddable":true,"href":"https:\/\/www.pedagogie.ac-nice.fr\/espagnol\/wp-json\/wp\/v2\/users\/278"}],"replies":[{"embeddable":true,"href":"https:\/\/www.pedagogie.ac-nice.fr\/espagnol\/wp-json\/wp\/v2\/comments?post=415"}],"version-history":[{"count":5,"href":"https:\/\/www.pedagogie.ac-nice.fr\/espagnol\/wp-json\/wp\/v2\/pages\/415\/revisions"}],"predecessor-version":[{"id":2239,"href":"https:\/\/www.pedagogie.ac-nice.fr\/espagnol\/wp-json\/wp\/v2\/pages\/415\/revisions\/2239"}],"up":[{"embeddable":true,"href":"https:\/\/www.pedagogie.ac-nice.fr\/espagnol\/wp-json\/wp\/v2\/pages\/397"}],"wp:attachment":[{"href":"https:\/\/www.pedagogie.ac-nice.fr\/espagnol\/wp-json\/wp\/v2\/media?parent=415"}],"curies":[{"name":"wp","href":"https:\/\/api.w.org\/{rel}","templated":true}]}}