{"id":421,"date":"2020-12-30T16:12:00","date_gmt":"2020-12-30T15:12:00","guid":{"rendered":"https:\/\/www.pedagogie.ac-nice.fr\/espagnol\/?page_id=421"},"modified":"2025-09-05T17:38:13","modified_gmt":"2025-09-05T15:38:13","slug":"sections-internationales-binationales-et-europeennes","status":"publish","type":"page","link":"https:\/\/www.pedagogie.ac-nice.fr\/espagnol\/international-et-mobilites\/sections-internationales-binationales-et-europeennes\/","title":{"rendered":"Sections internationales, binationales et europ\u00e9ennes"},"content":{"rendered":"<div><span style=\"font-family: verdana, geneva, sans-serif; font-size: 10pt;\"><img loading=\"lazy\" decoding=\"async\" class=\"alignnone wp-image-2244 size-full\" src=\"https:\/\/www.pedagogie.ac-nice.fr\/espagnol\/wp-content\/uploads\/sites\/43\/2025\/02\/Copie-de-Ensenar-deleitando-23.png\" alt=\"\" width=\"15840\" height=\"4752\" srcset=\"https:\/\/www.pedagogie.ac-nice.fr\/espagnol\/wp-content\/uploads\/sites\/43\/2025\/02\/Copie-de-Ensenar-deleitando-23.png 15840w, https:\/\/www.pedagogie.ac-nice.fr\/espagnol\/wp-content\/uploads\/sites\/43\/2025\/02\/Copie-de-Ensenar-deleitando-23-300x90.png 300w, https:\/\/www.pedagogie.ac-nice.fr\/espagnol\/wp-content\/uploads\/sites\/43\/2025\/02\/Copie-de-Ensenar-deleitando-23-1024x307.png 1024w, https:\/\/www.pedagogie.ac-nice.fr\/espagnol\/wp-content\/uploads\/sites\/43\/2025\/02\/Copie-de-Ensenar-deleitando-23-768x230.png 768w, https:\/\/www.pedagogie.ac-nice.fr\/espagnol\/wp-content\/uploads\/sites\/43\/2025\/02\/Copie-de-Ensenar-deleitando-23-1536x461.png 1536w, https:\/\/www.pedagogie.ac-nice.fr\/espagnol\/wp-content\/uploads\/sites\/43\/2025\/02\/Copie-de-Ensenar-deleitando-23-2048x614.png 2048w\" sizes=\"auto, (max-width: 15840px) 100vw, 15840px\" \/><br \/>\n<span style=\"font-size: 12pt;\">Au sein de l&rsquo;acad\u00e9mie de Nice, des<strong>&nbsp;parcours sp\u00e9cifiques<\/strong>&nbsp;existent pour&nbsp;<strong>renforcer l&rsquo;apprentissage des langues et des cultures<\/strong>&nbsp;: les&nbsp;<strong>sections internationales<\/strong>&nbsp;et les&nbsp;<strong>sections binationales<\/strong>.<\/span><\/span><\/div>\n<div>&nbsp;<\/div>\n<ul>\n<li><span style=\"font-family: verdana, geneva, sans-serif; font-size: 12pt;\"><strong>Les sections internationales<\/strong>&nbsp;<\/span><\/li>\n<\/ul>\n<div style=\"padding-left: 40px;\"><span style=\"font-family: verdana, geneva, sans-serif; font-size: 12pt;\">&#8211; Coll\u00e8ge du Centre International de Valbonne.&nbsp;<strong><a href=\"http:\/\/www.civfrance.com\/college\/les-sections\">Consultez le site<\/a><\/strong><\/span><\/div>\n<div style=\"padding-left: 40px;\"><span style=\"font-family: verdana, geneva, sans-serif; font-size: 12pt;\">&#8211; Lyc\u00e9e du Centre International de Valbonne.&nbsp;<strong><a href=\"http:\/\/www.civfrance.com\/lycee\/presentation-du-lycee\">Consultez le site<\/a><\/strong><\/span><\/div>\n<div>&nbsp;<\/div>\n<ul>\n<li><span style=\"font-family: verdana, geneva, sans-serif; font-size: 12pt;\"><strong>Les sections binationales<\/strong> <\/span><\/li>\n<\/ul>\n<p style=\"padding-left: 40px;\"><span style=\"font-family: verdana, geneva, sans-serif; font-size: 10pt;\">Ce sont les sections <strong>BachiBac<\/strong>, avec double d\u00e9livrance du dipl\u00f4me du&nbsp;<strong>Baccalaur\u00e9at<\/strong>&nbsp;et dipl\u00f4me du&nbsp;<strong>Bachillerato<\/strong>.<\/span><\/p>\n<div style=\"padding-left: 40px;\"><span style=\"font-family: verdana, geneva, sans-serif; font-size: 12pt;\">&#8211; Lyc\u00e9e Beaussier &#8211; La Seyne-sur-Mer.&nbsp;<strong><a href=\"https:\/\/www.atrium-sud.fr\/web\/lgt-beaussier-835121\/section-bi-nationale-bachibac\">Consultez le site<\/a><\/strong><\/span><\/div>\n<div style=\"padding-left: 40px;\"><span style=\"font-family: verdana, geneva, sans-serif; font-size: 12pt;\">&#8211; Lyc\u00e9e Jean Aicard &#8211; Hy\u00e8res.&nbsp;<strong><a href=\"https:\/\/www.lyc-jean-aicard.ac-nice.fr\/lycee-aicard\/index.php\/enseignements\/bachibac\/1650-dossier-d-inscription-pour-section-binationale-bachibac-pour-la-rentree-2017\">Consultez le site<\/a><\/strong><\/span><\/div>\n<div style=\"padding-left: 40px;\"><span style=\"font-size: 12pt;\"><span style=\"font-family: verdana, geneva, sans-serif;\"><span style=\"font-family: verdana, geneva, sans-serif;\">&#8211; Lyc\u00e9e Auguste Renoir &#8211; Cagnes-sur-Mer.&nbsp;<strong><a href=\"https:\/\/www.atrium-sud.fr\/web\/lgt-auguste-renoir-068021\/bienvenue\/-\/blogs\/section-binationale\">Consultez le site<\/a><br \/>\n<\/strong>&#8211; Lyc\u00e9e Saint-Exup\u00e9ry &#8211; Saint-Rapha\u00ebl. <a href=\"https:\/\/view.genially.com\/64156200fdee6d001a204413\/guide-copie-presentation-bachibac-saint-exupery\"><strong>Consultez le site<\/strong><\/a><\/span><\/span><span style=\"font-family: verdana, geneva, sans-serif;\"><strong><br \/>\n<\/strong><\/span><span style=\"font-family: verdana, geneva, sans-serif;\">&#8211; Lyc\u00e9e Jacques Audiberti &#8211; Antibes.&nbsp;<\/span><strong style=\"font-family: verdana, geneva, sans-serif;\"><a href=\"http:\/\/www.lyceeaudiberti.fr\/articles.php?lng=fr&amp;pg=903&amp;mnuid=428&amp;tconfig=4\">Consultez le site<\/a><\/p>\n<p><\/strong><\/span><\/div>\n<div style=\"padding-left: 40px;\">\n<p><img loading=\"lazy\" decoding=\"async\" class=\"alignnone wp-image-83\" src=\"https:\/\/www.pedagogie.ac-nice.fr\/espagnol\/wp-content\/uploads\/sites\/43\/2020\/04\/BACHIBAC-300x300.png\" alt=\"\" width=\"150\" height=\"150\" srcset=\"https:\/\/www.pedagogie.ac-nice.fr\/espagnol\/wp-content\/uploads\/sites\/43\/2020\/04\/BACHIBAC-300x300.png 300w, https:\/\/www.pedagogie.ac-nice.fr\/espagnol\/wp-content\/uploads\/sites\/43\/2020\/04\/BACHIBAC-150x150.png 150w, https:\/\/www.pedagogie.ac-nice.fr\/espagnol\/wp-content\/uploads\/sites\/43\/2020\/04\/BACHIBAC.png 500w\" sizes=\"auto, (max-width: 150px) 100vw, 150px\" \/><\/p>\n<\/div>\n<div>&nbsp;<\/div>\n<ul>\n<li><span style=\"font-family: verdana, geneva, sans-serif; font-size: 12pt;\"><strong>Les sections europ\u00e9ennes<\/strong><\/span><\/li>\n<\/ul>\n<p style=\"padding-left: 40px;\"><span style=\"font-family: verdana, geneva, sans-serif; font-size: 12pt;\">L&rsquo;enseignement de l&rsquo;espagnol y est renforc\u00e9 et les \u00e9l\u00e8ves de Seconde de ces sections passent la <strong>Certification Cervantes<\/strong>, au&nbsp;<strong>niveau B1 avec sortie possible au niveau A2<\/strong>.&nbsp;<strong>Certification officielle d\u00e9livr\u00e9e par l&rsquo;Instituto Cervantes au nom du Ministerio de Educaci\u00f3n y Formaci\u00f3n Profesional<\/strong>.<\/span><\/p>\n<div style=\"padding-left: 40px;\"><span style=\"font-family: verdana, geneva, sans-serif; font-size: 12pt;\">&#8211; Lyc\u00e9e J. Audiberti &#8211; Antibes<\/span><\/div>\n<div style=\"padding-left: 40px;\"><span style=\"font-family: verdana, geneva, sans-serif; font-size: 12pt;\">&#8211; Lyc\u00e9e A. de Tocqueville, Grasse<\/span><\/div>\n<div style=\"padding-left: 40px;\"><span style=\"font-family: verdana, geneva, sans-serif; font-size: 12pt;\">&#8211; Lyc\u00e9e T. Maulnier, Nice<\/span><\/div>\n<div style=\"padding-left: 40px;\"><span style=\"font-family: verdana, geneva, sans-serif; font-size: 12pt;\">&#8211; Lyc\u00e9e P. Augier, Nice<\/span><\/div>\n<div style=\"padding-left: 40px;\"><span style=\"font-family: verdana, geneva, sans-serif; font-size: 12pt;\">&#8211; Lyc\u00e9e Calmette, Nice<\/span><\/div>\n<div style=\"padding-left: 40px;\"><span style=\"font-family: verdana, geneva, sans-serif; font-size: 12pt;\">&#8211; Lyc\u00e9e H. d&rsquo;Estienne d&rsquo;Orves, Nice<\/span><\/div>\n<div style=\"padding-left: 40px;\"><span style=\"font-family: verdana, geneva, sans-serif; font-size: 12pt;\">&#8211; Lyc\u00e9e Raynouard, Brignoles<\/span><\/div>\n<div style=\"padding-left: 40px;\"><span style=\"font-family: verdana, geneva, sans-serif; font-size: 12pt;\">&#8211; Lyc\u00e9e M. Janetti, St. Maximin La Ste Baume<\/span><\/div>\n<div style=\"padding-left: 40px;\"><span style=\"font-family: verdana, geneva, sans-serif; font-size: 12pt;\">&#8211; Lyc\u00e9e J. Aicard, Hy\u00e8res<\/span><\/div>\n<div style=\"padding-left: 40px;\"><span style=\"font-family: verdana, geneva, sans-serif; font-size: 12pt;\">&#8211; Lyc\u00e9e Beaussier, La Seyne s\/Mer<\/span><\/div>\n<div style=\"padding-left: 40px;\"><span style=\"font-family: verdana, geneva, sans-serif; font-size: 12pt;\">&#8211; Lyc\u00e9e du Coudon, La Garde<\/span><\/div>\n<div style=\"padding-left: 40px;\"><span style=\"font-family: verdana, geneva, sans-serif; font-size: 12pt;\">&#8211; Lyc\u00e9e A.-S. Pic, Toulon<\/span><\/div>\n<div style=\"padding-left: 40px;\"><span style=\"font-family: verdana, geneva, sans-serif; font-size: 12pt;\">&#8211; Lyc\u00e9e Bonaparte, Toulon<\/span><\/div>\n<div style=\"padding-left: 40px;\"><span style=\"font-family: verdana, geneva, sans-serif; font-size: 12pt;\">&#8211; Lyc\u00e9e Dumont d&rsquo;Urville, Toulon<\/span><\/div>\n<div style=\"padding-left: 40px;\"><span style=\"font-family: verdana, geneva, sans-serif; font-size: 12pt;\">&#8211; Lyc\u00e9e Rouvi\u00e8re, Toulon<\/span><\/div>\n<div style=\"padding-left: 40px;\"><span style=\"font-family: verdana, geneva, sans-serif; font-size: 12pt;\">&#8211; Lyc\u00e9e A. de St Exup\u00e9ry, Toulon<\/span><\/div>\n<div style=\"padding-left: 40px;\">&nbsp;<\/div>\n<div style=\"padding-left: 40px;\">&nbsp;<\/div>\n<div>&nbsp;<\/div>\n","protected":false},"excerpt":{"rendered":"<p>Au sein de l&rsquo;acad\u00e9mie de Nice, des&nbsp;parcours sp\u00e9cifiques&nbsp;existent pour&nbsp;renforcer l&rsquo;apprentissage des langues et des cultures&nbsp;: les&nbsp;sections internationales&nbsp;et les&nbsp;sections binationales. &nbsp;<\/p>\n","protected":false},"author":278,"featured_media":0,"parent":397,"menu_order":0,"comment_status":"closed","ping_status":"closed","template":"","meta":{"colormag_page_container_layout":"default_layout","colormag_page_sidebar_layout":"default_layout","ngg_post_thumbnail":0,"footnotes":""},"class_list":["post-421","page","type-page","status-publish","hentry"],"rttpg_featured_image_url":null,"rttpg_author":{"display_name":"jeromebesse","author_link":"https:\/\/www.pedagogie.ac-nice.fr\/espagnol\/author\/jeromebesse\/"},"rttpg_comment":0,"rttpg_category":null,"rttpg_excerpt":"Au sein de l&rsquo;acad\u00e9mie de Nice, des&nbsp;parcours sp\u00e9cifiques&nbsp;existent pour&nbsp;renforcer l&rsquo;apprentissage des langues et des cultures&nbsp;: les&nbsp;sections internationales&nbsp;et les&nbsp;sections binationales. &nbsp;","post_mailing_queue_ids":[],"_links":{"self":[{"href":"https:\/\/www.pedagogie.ac-nice.fr\/espagnol\/wp-json\/wp\/v2\/pages\/421","targetHints":{"allow":["GET"]}}],"collection":[{"href":"https:\/\/www.pedagogie.ac-nice.fr\/espagnol\/wp-json\/wp\/v2\/pages"}],"about":[{"href":"https:\/\/www.pedagogie.ac-nice.fr\/espagnol\/wp-json\/wp\/v2\/types\/page"}],"author":[{"embeddable":true,"href":"https:\/\/www.pedagogie.ac-nice.fr\/espagnol\/wp-json\/wp\/v2\/users\/278"}],"replies":[{"embeddable":true,"href":"https:\/\/www.pedagogie.ac-nice.fr\/espagnol\/wp-json\/wp\/v2\/comments?post=421"}],"version-history":[{"count":7,"href":"https:\/\/www.pedagogie.ac-nice.fr\/espagnol\/wp-json\/wp\/v2\/pages\/421\/revisions"}],"predecessor-version":[{"id":2631,"href":"https:\/\/www.pedagogie.ac-nice.fr\/espagnol\/wp-json\/wp\/v2\/pages\/421\/revisions\/2631"}],"up":[{"embeddable":true,"href":"https:\/\/www.pedagogie.ac-nice.fr\/espagnol\/wp-json\/wp\/v2\/pages\/397"}],"wp:attachment":[{"href":"https:\/\/www.pedagogie.ac-nice.fr\/espagnol\/wp-json\/wp\/v2\/media?parent=421"}],"curies":[{"name":"wp","href":"https:\/\/api.w.org\/{rel}","templated":true}]}}