{"id":442,"date":"2020-12-30T17:04:09","date_gmt":"2020-12-30T16:04:09","guid":{"rendered":"https:\/\/www.pedagogie.ac-nice.fr\/espagnol\/?page_id=442"},"modified":"2025-02-04T15:19:59","modified_gmt":"2025-02-04T14:19:59","slug":"pourquoi-le-numerique","status":"publish","type":"page","link":"https:\/\/www.pedagogie.ac-nice.fr\/espagnol\/lespagnol-et-le-numerique\/pourquoi-le-numerique\/","title":{"rendered":"Pourquoi le num\u00e9rique ?"},"content":{"rendered":"<div><span style=\"font-family: verdana, geneva, sans-serif; font-size: 10pt;\"><img loading=\"lazy\" decoding=\"async\" class=\"alignnone wp-image-2273 size-full\" src=\"https:\/\/www.pedagogie.ac-nice.fr\/espagnol\/wp-content\/uploads\/sites\/43\/2025\/02\/Copie-de-Ensenar-deleitando-32.png\" alt=\"\" width=\"15840\" height=\"4752\" srcset=\"https:\/\/www.pedagogie.ac-nice.fr\/espagnol\/wp-content\/uploads\/sites\/43\/2025\/02\/Copie-de-Ensenar-deleitando-32.png 15840w, https:\/\/www.pedagogie.ac-nice.fr\/espagnol\/wp-content\/uploads\/sites\/43\/2025\/02\/Copie-de-Ensenar-deleitando-32-300x90.png 300w, https:\/\/www.pedagogie.ac-nice.fr\/espagnol\/wp-content\/uploads\/sites\/43\/2025\/02\/Copie-de-Ensenar-deleitando-32-1024x307.png 1024w, https:\/\/www.pedagogie.ac-nice.fr\/espagnol\/wp-content\/uploads\/sites\/43\/2025\/02\/Copie-de-Ensenar-deleitando-32-768x230.png 768w, https:\/\/www.pedagogie.ac-nice.fr\/espagnol\/wp-content\/uploads\/sites\/43\/2025\/02\/Copie-de-Ensenar-deleitando-32-1536x461.png 1536w, https:\/\/www.pedagogie.ac-nice.fr\/espagnol\/wp-content\/uploads\/sites\/43\/2025\/02\/Copie-de-Ensenar-deleitando-32-2048x614.png 2048w\" sizes=\"auto, (max-width: 15840px) 100vw, 15840px\" \/><br \/>\n\u00ab\u00a0<strong>Les outils num\u00e9riques<\/strong>&nbsp;\u00e9largissent les possibilit\u00e9s de pratiquer la langue et&nbsp;<strong>facilitent le travail collaboratif, tant dans l\u2019\u00e9tablissement qu\u2019en dehors de celui-ci<\/strong>. Ils&nbsp;<strong>contribuent \u00e0 renforcer les comp\u00e9tences des \u00e9l\u00e8ves<\/strong>&nbsp;et repr\u00e9sentent un atout pour la diff\u00e9renciation p\u00e9dagogique [\u2026]<\/span><\/div>\n<div><span style=\"font-family: verdana, geneva, sans-serif; font-size: 10pt;\">Par ailleurs, gr\u00e2ce aux tableaux num\u00e9riques, aux classes mobiles, aux laboratoires multim\u00e9dias, aux espaces num\u00e9riques de travail, aux kits de baladodiffusion et aux nombreuses applications&nbsp;collaboratives,&nbsp;<strong>le num\u00e9rique apporte des r\u00e9ponses p\u00e9dagogiques aux besoins des \u00e9l\u00e8ves<\/strong>.<\/span><\/div>\n<div><span style=\"font-family: verdana, geneva, sans-serif; font-size: 10pt;\">Il importe de veiller \u00e0 ce que&nbsp;<strong>l&rsquo;usage du num\u00e9rique ne repr\u00e9sente pas une fin en soi, mais apporte, un r\u00e9el b\u00e9n\u00e9fice \u00e0 l&rsquo;apprentissage<\/strong>. Il doit \u00eatre raisonn\u00e9 et s&rsquo;accompagner d&rsquo;une \u00e9ducation appropri\u00e9e aux m\u00e9dias avec l\u2019aide \u00e9ventuelle des professeurs documentalistes\u00a0\u00bb.<\/span><\/div>\n<div style=\"text-align: right;\">\n<p><span style=\"font-family: verdana, geneva, sans-serif; font-size: 8pt;\">Bulletin officiel sp\u00e9cial n\u00b01 du 22 janvier 2019<\/span><\/p>\n<div><span style=\"font-family: verdana, geneva, sans-serif; font-size: 8pt;\"><em>L\u2019organisation de l\u2019enseignement, la place du num\u00e9rique<\/em>, p. 11<\/span><\/div>\n<\/div>\n","protected":false},"excerpt":{"rendered":"<p>\u00ab\u00a0Les outils num\u00e9riques&nbsp;\u00e9largissent les possibilit\u00e9s de pratiquer la langue et&nbsp;facilitent le travail collaboratif, tant dans l\u2019\u00e9tablissement qu\u2019en dehors de celui-ci.<\/p>\n","protected":false},"author":278,"featured_media":0,"parent":438,"menu_order":0,"comment_status":"closed","ping_status":"closed","template":"","meta":{"colormag_page_container_layout":"default_layout","colormag_page_sidebar_layout":"default_layout","ngg_post_thumbnail":0,"footnotes":""},"class_list":["post-442","page","type-page","status-publish","hentry"],"rttpg_featured_image_url":null,"rttpg_author":{"display_name":"jeromebesse","author_link":"https:\/\/www.pedagogie.ac-nice.fr\/espagnol\/author\/jeromebesse\/"},"rttpg_comment":0,"rttpg_category":null,"rttpg_excerpt":"\u00ab\u00a0Les outils num\u00e9riques&nbsp;\u00e9largissent les possibilit\u00e9s de pratiquer la langue et&nbsp;facilitent le travail collaboratif, tant dans l\u2019\u00e9tablissement qu\u2019en dehors de celui-ci.","post_mailing_queue_ids":[],"_links":{"self":[{"href":"https:\/\/www.pedagogie.ac-nice.fr\/espagnol\/wp-json\/wp\/v2\/pages\/442","targetHints":{"allow":["GET"]}}],"collection":[{"href":"https:\/\/www.pedagogie.ac-nice.fr\/espagnol\/wp-json\/wp\/v2\/pages"}],"about":[{"href":"https:\/\/www.pedagogie.ac-nice.fr\/espagnol\/wp-json\/wp\/v2\/types\/page"}],"author":[{"embeddable":true,"href":"https:\/\/www.pedagogie.ac-nice.fr\/espagnol\/wp-json\/wp\/v2\/users\/278"}],"replies":[{"embeddable":true,"href":"https:\/\/www.pedagogie.ac-nice.fr\/espagnol\/wp-json\/wp\/v2\/comments?post=442"}],"version-history":[{"count":5,"href":"https:\/\/www.pedagogie.ac-nice.fr\/espagnol\/wp-json\/wp\/v2\/pages\/442\/revisions"}],"predecessor-version":[{"id":2274,"href":"https:\/\/www.pedagogie.ac-nice.fr\/espagnol\/wp-json\/wp\/v2\/pages\/442\/revisions\/2274"}],"up":[{"embeddable":true,"href":"https:\/\/www.pedagogie.ac-nice.fr\/espagnol\/wp-json\/wp\/v2\/pages\/438"}],"wp:attachment":[{"href":"https:\/\/www.pedagogie.ac-nice.fr\/espagnol\/wp-json\/wp\/v2\/media?parent=442"}],"curies":[{"name":"wp","href":"https:\/\/api.w.org\/{rel}","templated":true}]}}