{"id":451,"date":"2020-12-30T17:21:11","date_gmt":"2020-12-30T16:21:11","guid":{"rendered":"https:\/\/www.pedagogie.ac-nice.fr\/espagnol\/?page_id=451"},"modified":"2025-02-04T15:17:55","modified_gmt":"2025-02-04T14:17:55","slug":"outils-plateformes-et-tutoriels","status":"publish","type":"page","link":"https:\/\/www.pedagogie.ac-nice.fr\/espagnol\/lespagnol-et-le-numerique\/outils-plateformes-et-tutoriels\/","title":{"rendered":"Outils, plateformes et tutoriels"},"content":{"rendered":"<p><span style=\"font-family: verdana, geneva, sans-serif; font-size: 12pt; color: #000000;\"><strong><img loading=\"lazy\" decoding=\"async\" class=\"alignnone wp-image-2271 size-full\" src=\"https:\/\/www.pedagogie.ac-nice.fr\/espagnol\/wp-content\/uploads\/sites\/43\/2025\/02\/Copie-de-Ensenar-deleitando-31.png\" alt=\"\" width=\"15840\" height=\"4752\" srcset=\"https:\/\/www.pedagogie.ac-nice.fr\/espagnol\/wp-content\/uploads\/sites\/43\/2025\/02\/Copie-de-Ensenar-deleitando-31.png 15840w, https:\/\/www.pedagogie.ac-nice.fr\/espagnol\/wp-content\/uploads\/sites\/43\/2025\/02\/Copie-de-Ensenar-deleitando-31-300x90.png 300w, https:\/\/www.pedagogie.ac-nice.fr\/espagnol\/wp-content\/uploads\/sites\/43\/2025\/02\/Copie-de-Ensenar-deleitando-31-1024x307.png 1024w, https:\/\/www.pedagogie.ac-nice.fr\/espagnol\/wp-content\/uploads\/sites\/43\/2025\/02\/Copie-de-Ensenar-deleitando-31-768x230.png 768w, https:\/\/www.pedagogie.ac-nice.fr\/espagnol\/wp-content\/uploads\/sites\/43\/2025\/02\/Copie-de-Ensenar-deleitando-31-1536x461.png 1536w, https:\/\/www.pedagogie.ac-nice.fr\/espagnol\/wp-content\/uploads\/sites\/43\/2025\/02\/Copie-de-Ensenar-deleitando-31-2048x614.png 2048w\" sizes=\"auto, (max-width: 15840px) 100vw, 15840px\" \/><br \/>\nSites, applications et tutoriels utiles pour l&rsquo;enseignement de l&rsquo;espagnol<\/strong><\/span><\/p>\n<ul>\n<li><span style=\"font-size: 12pt;\"><strong><span style=\"color: #000000;\"><span style=\"font-family: verdana, geneva, sans-serif;\">LaDigitale : le couteau suisse digital n&rsquo;en finit pas d&rsquo;innover !<\/span><\/span><\/strong><\/span><\/li>\n<\/ul>\n<div>\n<p><span style=\"font-family: verdana, geneva, sans-serif; font-size: 12pt;\"><span style=\"font-weight: 400;\">Depuis plusieurs ann\u00e9es d\u00e9j\u00e0, La Digitale propose une gamme d&rsquo;outils num\u00e9riques libres et responsables pour l&rsquo;\u00e9ducation, tr\u00e8s utiles pour l&rsquo;enseignement des langues vivantes. Parmi ces outils, <\/span><b>Digipad<\/b><span style=\"font-weight: 400;\"> se distingue par sa polyvalence et sa facilit\u00e9 d&rsquo;utilisation.<\/span><\/span><\/p>\n<p><span style=\"font-weight: 400; font-family: verdana, geneva, sans-serif; font-size: 12pt;\">Cette application en ligne permet de cr\u00e9er des murs multim\u00e9dias collaboratifs, offrant aux enseignants et aux \u00e9l\u00e8ves un espace interactif pour partager des ressources vari\u00e9es telles que des textes, des images, des vid\u00e9os ou des liens. Son interface intuitive facilite la collaboration en temps r\u00e9el, rendant les activit\u00e9s p\u00e9dagogiques plus dynamiques et engageantes.<\/span><\/p>\n<p><span style=\"font-weight: 400; font-family: verdana, geneva, sans-serif; font-size: 12pt;\"> <iframe style=\"width: 100%; height: 500px; border: none;\" title=\"Site de La Digitale\" src=\"https:\/\/ladigitale.dev\/\" name=\"Site de La Digitale\" allowfullscreen=\"allowfullscreen\"><\/iframe> <\/span><\/p>\n<p>&nbsp;<\/p>\n<p><span style=\"font-family: verdana, geneva, sans-serif;\">Lien vers le site <strong><a href=\"https:\/\/ladigitale.dev\/\">La Digitale<\/a><\/strong><\/span><\/p>\n<p><span style=\"font-weight: 400; font-family: verdana, geneva, sans-serif; font-size: 12pt;\">La Digitale propose tr\u00e8s r\u00e9guli\u00e8rement des nouveaut\u00e9s, parmi lesquelles nous retenons :&nbsp;<\/span><\/p>\n<ul>\n<li style=\"font-weight: 400;\" aria-level=\"1\"><span style=\"font-family: verdana, geneva, sans-serif; font-size: 12pt;\"><b>Digiview <\/b><span style=\"font-weight: 400;\">: permet de visionner des vid\u00e9os YouTube sans distractions, offrant une interface \u00e9pur\u00e9e qui \u00e9limine les \u00e9l\u00e9ments superflus, am\u00e9liorant ainsi la concentration des \u00e9l\u00e8ves.<\/span><\/span><\/li>\n<li style=\"font-weight: 400;\" aria-level=\"1\"><span style=\"font-family: verdana, geneva, sans-serif; font-size: 12pt;\"><b>Digiread <\/b><span style=\"font-weight: 400;\">: facilite la lecture en ligne en \u00e9purant les pages web et les articles, supprimant les publicit\u00e9s et autres \u00e9l\u00e9ments perturbateurs pour offrir une exp\u00e9rience de lecture plus agr\u00e9able et concentr\u00e9e.<\/span><\/span><\/li>\n<li style=\"font-weight: 400;\" aria-level=\"1\"><span style=\"font-family: verdana, geneva, sans-serif; font-size: 12pt;\"><b>Digiwords ou Digistorm<\/b><span style=\"font-weight: 400;\"> : Un g\u00e9n\u00e9rateur de nuages de mots simple et intuitif, id\u00e9al pour travailler le vocabulaire de mani\u00e8re visuelle et ludique.<\/span><span style=\"font-weight: 400;\"><br \/>\n<\/span><b>Digimindmap<\/b><span style=\"font-weight: 400;\"> : Un outil permettant de cr\u00e9er des cartes mentales, aidant \u00e0 organiser et structurer les id\u00e9es, favorisant ainsi la compr\u00e9hension et la m\u00e9morisation des concepts linguistiques.<\/span><\/span><\/li>\n<li style=\"font-weight: 400;\" aria-level=\"1\"><span style=\"font-family: verdana, geneva, sans-serif; font-size: 12pt;\"><b>Digiquiz<\/b><span style=\"font-weight: 400;\"> : Une application pour concevoir des quiz interactifs, offrant une mani\u00e8re engageante d&rsquo;\u00e9valuer les comp\u00e9tences linguistiques des \u00e9l\u00e8ves.<\/span><\/span><\/li>\n<\/ul>\n<p><span style=\"font-weight: 400; font-family: verdana, geneva, sans-serif; font-size: 12pt;\">La Digitale est une initiative d\u00e9di\u00e9e \u00e0 la conception et au d\u00e9veloppement d&rsquo;outils num\u00e9riques libres pour les enseignants, favorisant l&rsquo;utilisation de logiciels libres dans le domaine \u00e9ducatif. Elle propose une alternative \u00e9thique, non guid\u00e9e par la recherche du profit ou la collecte de donn\u00e9es personnelles (respect du RGPD).<\/span><\/p>\n<p>&nbsp;<\/p>\n<\/div>\n<ul>\n<li><span style=\"font-family: verdana, geneva, sans-serif; color: #000000;\">La <strong>sitographie en espagnol <\/strong><\/span><span style=\"font-family: verdana, geneva, sans-serif; color: #000000;\">r\u00e9alis\u00e9e par le GND espagnol de l&rsquo;acad\u00e9mie de Nice a \u00e9t\u00e9 mise \u00e0 jour (novembre 2023).<\/span><\/li>\n<\/ul>\n<div style=\"padding-left: 40px;\"><span style=\"font-family: verdana, geneva, sans-serif; color: #000000;\"><strong><a href=\"https:\/\/view.genial.ly\/5f8ca4d483a9980d6ce8da09\/presentation-sitographie-en-espagnol-academie-de-nice\">Cliquez ici<\/a><\/strong> pour la consulter.<\/p>\n<p><\/span><\/div>\n<div style=\"padding-left: 40px;\"><img loading=\"lazy\" decoding=\"async\" class=\"alignnone wp-image-1109 size-full\" src=\"https:\/\/www.pedagogie.ac-nice.fr\/espagnol\/wp-content\/uploads\/sites\/43\/2021\/11\/sitographie2021.jpg\" alt=\"\" width=\"978\" height=\"547\" srcset=\"https:\/\/www.pedagogie.ac-nice.fr\/espagnol\/wp-content\/uploads\/sites\/43\/2021\/11\/sitographie2021.jpg 978w, https:\/\/www.pedagogie.ac-nice.fr\/espagnol\/wp-content\/uploads\/sites\/43\/2021\/11\/sitographie2021-300x168.jpg 300w, https:\/\/www.pedagogie.ac-nice.fr\/espagnol\/wp-content\/uploads\/sites\/43\/2021\/11\/sitographie2021-768x430.jpg 768w\" sizes=\"auto, (max-width: 978px) 100vw, 978px\" \/><\/div>\n<div>&nbsp;<\/div>\n<div>&nbsp;<\/div>\n<div>\n<ul>\n<li><strong style=\"font-family: verdana, geneva, sans-serif; font-size: 12pt;\">Apps.education.fr : des outils pour travailler \u00e0 distance<\/strong><\/li>\n<\/ul>\n<p class=\"is-text has-text-primary is-mb-1\" data-v-55d465e2=\"\"><span style=\"font-family: verdana, geneva, sans-serif; font-size: 12pt;\">Pour r\u00e9pondre aux besoins du travail \u00e0 distance, le Minist\u00e8re de l&rsquo;\u00c9ducation Nationale met \u00e0 disposition la version Beta d&rsquo;Apps.education.fr. Pour \u00e9changer, collaborer, se r\u00e9unir, stocker et partager, le tout en respectant le RGPD (protection des donn\u00e9es personnelles) !<\/span><\/p>\n<p class=\"is-text has-text-primary is-mb-1\" data-v-55d465e2=\"\"><span style=\"font-family: verdana, geneva, sans-serif; font-size: 12pt;\"><strong><a href=\"https:\/\/apps.education.fr\/\">Se connecter au site Apps.education.fr<\/a><\/strong><\/span><\/p>\n<p class=\"is-text has-text-primary is-mb-1\" data-v-55d465e2=\"\"><span style=\"font-size: 12pt;\"><strong><img decoding=\"async\" src=\"https:\/\/www.pedagogie.ac-nice.fr\/portail-de-langues\/espagnol\/images\/apps2.png\" alt=\"\"><\/strong><\/span><\/p>\n<\/div>\n<div>&nbsp;<\/div>\n<div><span style=\"font-family: verdana, geneva, sans-serif; font-size: 12pt;\">Pour un panorama sur le num\u00e9rique \u00e9ducatif encore plus complet, vous pouvez consulter le site de la DANE d&rsquo;Aix-Marseille.<\/span><\/div>\n<div>&nbsp;<\/div>\n<div><span style=\"font-family: verdana, geneva, sans-serif; font-size: 12pt;\"><strong><a href=\"https:\/\/www.pedagogie.ac-aix-marseille.fr\/jcms\/c_10637631\/fr\/panorama-des-outils-numeriques-au-service-des-apprentissages\">Consultez la page de la DANE d&rsquo;Aix-Marseille<\/a><\/strong><\/span><\/div>\n","protected":false},"excerpt":{"rendered":"<p>Sites, applications et tutoriels utiles pour l&rsquo;enseignement de l&rsquo;espagnol LaDigitale : le couteau suisse digital n&rsquo;en finit pas d&rsquo;innover !<\/p>\n","protected":false},"author":278,"featured_media":0,"parent":438,"menu_order":0,"comment_status":"closed","ping_status":"closed","template":"","meta":{"colormag_page_container_layout":"default_layout","colormag_page_sidebar_layout":"default_layout","ngg_post_thumbnail":0,"footnotes":""},"class_list":["post-451","page","type-page","status-publish","hentry"],"rttpg_featured_image_url":null,"rttpg_author":{"display_name":"jeromebesse","author_link":"https:\/\/www.pedagogie.ac-nice.fr\/espagnol\/author\/jeromebesse\/"},"rttpg_comment":0,"rttpg_category":null,"rttpg_excerpt":"Sites, applications et tutoriels utiles pour l&rsquo;enseignement de l&rsquo;espagnol LaDigitale : le couteau suisse digital n&rsquo;en finit pas d&rsquo;innover !","post_mailing_queue_ids":[],"_links":{"self":[{"href":"https:\/\/www.pedagogie.ac-nice.fr\/espagnol\/wp-json\/wp\/v2\/pages\/451","targetHints":{"allow":["GET"]}}],"collection":[{"href":"https:\/\/www.pedagogie.ac-nice.fr\/espagnol\/wp-json\/wp\/v2\/pages"}],"about":[{"href":"https:\/\/www.pedagogie.ac-nice.fr\/espagnol\/wp-json\/wp\/v2\/types\/page"}],"author":[{"embeddable":true,"href":"https:\/\/www.pedagogie.ac-nice.fr\/espagnol\/wp-json\/wp\/v2\/users\/278"}],"replies":[{"embeddable":true,"href":"https:\/\/www.pedagogie.ac-nice.fr\/espagnol\/wp-json\/wp\/v2\/comments?post=451"}],"version-history":[{"count":12,"href":"https:\/\/www.pedagogie.ac-nice.fr\/espagnol\/wp-json\/wp\/v2\/pages\/451\/revisions"}],"predecessor-version":[{"id":2272,"href":"https:\/\/www.pedagogie.ac-nice.fr\/espagnol\/wp-json\/wp\/v2\/pages\/451\/revisions\/2272"}],"up":[{"embeddable":true,"href":"https:\/\/www.pedagogie.ac-nice.fr\/espagnol\/wp-json\/wp\/v2\/pages\/438"}],"wp:attachment":[{"href":"https:\/\/www.pedagogie.ac-nice.fr\/espagnol\/wp-json\/wp\/v2\/media?parent=451"}],"curies":[{"name":"wp","href":"https:\/\/api.w.org\/{rel}","templated":true}]}}