{"id":458,"date":"2020-12-30T17:27:53","date_gmt":"2020-12-30T16:27:53","guid":{"rendered":"https:\/\/www.pedagogie.ac-nice.fr\/espagnol\/?page_id=458"},"modified":"2025-02-04T14:48:20","modified_gmt":"2025-02-04T13:48:20","slug":"drane","status":"publish","type":"page","link":"https:\/\/www.pedagogie.ac-nice.fr\/espagnol\/lespagnol-et-le-numerique\/drane\/","title":{"rendered":"DANE"},"content":{"rendered":"<p><span style=\"font-family: verdana, geneva, sans-serif;\"><strong><img loading=\"lazy\" decoding=\"async\" class=\"alignnone wp-image-2254 size-full\" src=\"https:\/\/www.pedagogie.ac-nice.fr\/espagnol\/wp-content\/uploads\/sites\/43\/2025\/02\/Copie-de-Ensenar-deleitando-27.png\" alt=\"\" width=\"15840\" height=\"4752\" srcset=\"https:\/\/www.pedagogie.ac-nice.fr\/espagnol\/wp-content\/uploads\/sites\/43\/2025\/02\/Copie-de-Ensenar-deleitando-27.png 15840w, https:\/\/www.pedagogie.ac-nice.fr\/espagnol\/wp-content\/uploads\/sites\/43\/2025\/02\/Copie-de-Ensenar-deleitando-27-300x90.png 300w, https:\/\/www.pedagogie.ac-nice.fr\/espagnol\/wp-content\/uploads\/sites\/43\/2025\/02\/Copie-de-Ensenar-deleitando-27-1024x307.png 1024w, https:\/\/www.pedagogie.ac-nice.fr\/espagnol\/wp-content\/uploads\/sites\/43\/2025\/02\/Copie-de-Ensenar-deleitando-27-768x230.png 768w, https:\/\/www.pedagogie.ac-nice.fr\/espagnol\/wp-content\/uploads\/sites\/43\/2025\/02\/Copie-de-Ensenar-deleitando-27-1536x461.png 1536w, https:\/\/www.pedagogie.ac-nice.fr\/espagnol\/wp-content\/uploads\/sites\/43\/2025\/02\/Copie-de-Ensenar-deleitando-27-2048x614.png 2048w\" sizes=\"auto, (max-width: 15840px) 100vw, 15840px\" \/><br \/>\nD\u00e9l\u00e9gation Acad\u00e9mique au Num\u00e9rique \u00c9ducatif (DANE) :<\/strong><\/span><\/p>\n<div><span style=\"font-size: 10pt; font-family: verdana, geneva, sans-serif;\">La D\u00e9l\u00e9gation Acad\u00e9mique au Num\u00e9rique \u00c9ducatif (DANE) sert d\u2019appui pour la <strong>mise en \u0153uvre dans l&rsquo;acad\u00e9mie du service public du num\u00e9rique \u00e9ducatif<\/strong>.<\/span><\/div>\n<div><span style=\"font-size: 10pt; font-family: verdana, geneva, sans-serif;\">Elle assiste les diff\u00e9rentes disciplines pour la mise en place de la <strong>p\u00e9dagogie hybride<\/strong>.<\/span><\/div>\n<div>&nbsp;<\/div>\n<div><span style=\"font-size: 10pt; font-family: verdana, geneva, sans-serif;\"><strong><a href=\"https:\/\/www.pedagogie.ac-nice.fr\/dane\/\">Consultez le site la DANE de l&rsquo;acad\u00e9mie de Nice<\/a><\/strong><\/span><\/div>\n<div>&nbsp;<\/div>\n<p>&nbsp;<\/p>\n","protected":false},"excerpt":{"rendered":"<p>D\u00e9l\u00e9gation Acad\u00e9mique au Num\u00e9rique \u00c9ducatif (DANE) : La D\u00e9l\u00e9gation Acad\u00e9mique au Num\u00e9rique \u00c9ducatif (DANE) sert d\u2019appui pour la mise en<\/p>\n","protected":false},"author":278,"featured_media":0,"parent":438,"menu_order":0,"comment_status":"closed","ping_status":"closed","template":"","meta":{"colormag_page_container_layout":"default_layout","colormag_page_sidebar_layout":"default_layout","ngg_post_thumbnail":0,"footnotes":""},"class_list":["post-458","page","type-page","status-publish","hentry"],"rttpg_featured_image_url":null,"rttpg_author":{"display_name":"jeromebesse","author_link":"https:\/\/www.pedagogie.ac-nice.fr\/espagnol\/author\/jeromebesse\/"},"rttpg_comment":0,"rttpg_category":null,"rttpg_excerpt":"D\u00e9l\u00e9gation Acad\u00e9mique au Num\u00e9rique \u00c9ducatif (DANE) : La D\u00e9l\u00e9gation Acad\u00e9mique au Num\u00e9rique \u00c9ducatif (DANE) sert d\u2019appui pour la mise en","post_mailing_queue_ids":[],"_links":{"self":[{"href":"https:\/\/www.pedagogie.ac-nice.fr\/espagnol\/wp-json\/wp\/v2\/pages\/458","targetHints":{"allow":["GET"]}}],"collection":[{"href":"https:\/\/www.pedagogie.ac-nice.fr\/espagnol\/wp-json\/wp\/v2\/pages"}],"about":[{"href":"https:\/\/www.pedagogie.ac-nice.fr\/espagnol\/wp-json\/wp\/v2\/types\/page"}],"author":[{"embeddable":true,"href":"https:\/\/www.pedagogie.ac-nice.fr\/espagnol\/wp-json\/wp\/v2\/users\/278"}],"replies":[{"embeddable":true,"href":"https:\/\/www.pedagogie.ac-nice.fr\/espagnol\/wp-json\/wp\/v2\/comments?post=458"}],"version-history":[{"count":4,"href":"https:\/\/www.pedagogie.ac-nice.fr\/espagnol\/wp-json\/wp\/v2\/pages\/458\/revisions"}],"predecessor-version":[{"id":2255,"href":"https:\/\/www.pedagogie.ac-nice.fr\/espagnol\/wp-json\/wp\/v2\/pages\/458\/revisions\/2255"}],"up":[{"embeddable":true,"href":"https:\/\/www.pedagogie.ac-nice.fr\/espagnol\/wp-json\/wp\/v2\/pages\/438"}],"wp:attachment":[{"href":"https:\/\/www.pedagogie.ac-nice.fr\/espagnol\/wp-json\/wp\/v2\/media?parent=458"}],"curies":[{"name":"wp","href":"https:\/\/api.w.org\/{rel}","templated":true}]}}