{"id":462,"date":"2020-12-30T17:35:36","date_gmt":"2020-12-30T16:35:36","guid":{"rendered":"https:\/\/www.pedagogie.ac-nice.fr\/espagnol\/?page_id=462"},"modified":"2025-02-04T14:50:26","modified_gmt":"2025-02-04T13:50:26","slug":"edu_num-langues-vivantes","status":"publish","type":"page","link":"https:\/\/www.pedagogie.ac-nice.fr\/espagnol\/lespagnol-et-le-numerique\/edu_num-langues-vivantes\/","title":{"rendered":"Lettre \u00c9du_Num Langues Vivantes"},"content":{"rendered":"<div><span style=\"font-size: 10pt; font-family: verdana, geneva, sans-serif;\"><img loading=\"lazy\" decoding=\"async\" class=\"alignnone wp-image-2257 size-full\" src=\"https:\/\/www.pedagogie.ac-nice.fr\/espagnol\/wp-content\/uploads\/sites\/43\/2025\/02\/Copie-de-Ensenar-deleitando-28.png\" alt=\"\" width=\"15840\" height=\"4752\" srcset=\"https:\/\/www.pedagogie.ac-nice.fr\/espagnol\/wp-content\/uploads\/sites\/43\/2025\/02\/Copie-de-Ensenar-deleitando-28.png 15840w, https:\/\/www.pedagogie.ac-nice.fr\/espagnol\/wp-content\/uploads\/sites\/43\/2025\/02\/Copie-de-Ensenar-deleitando-28-300x90.png 300w, https:\/\/www.pedagogie.ac-nice.fr\/espagnol\/wp-content\/uploads\/sites\/43\/2025\/02\/Copie-de-Ensenar-deleitando-28-1024x307.png 1024w, https:\/\/www.pedagogie.ac-nice.fr\/espagnol\/wp-content\/uploads\/sites\/43\/2025\/02\/Copie-de-Ensenar-deleitando-28-768x230.png 768w, https:\/\/www.pedagogie.ac-nice.fr\/espagnol\/wp-content\/uploads\/sites\/43\/2025\/02\/Copie-de-Ensenar-deleitando-28-1536x461.png 1536w, https:\/\/www.pedagogie.ac-nice.fr\/espagnol\/wp-content\/uploads\/sites\/43\/2025\/02\/Copie-de-Ensenar-deleitando-28-2048x614.png 2048w\" sizes=\"auto, (max-width: 15840px) 100vw, 15840px\" \/><br \/>\nLa Lettre \u00ab\u00a0\u00c9du_Num\u00a0\u00bb a pour objectif d&rsquo;accompagner les priorit\u00e9s minist\u00e9rielles de d\u00e9veloppement du num\u00e9rique dans les pratiques p\u00e9dagogiques, et de favoriser une communication professionnelle dans les disciplines.<\/span><\/div>\n<div><span style=\"font-size: 10pt; font-family: verdana, geneva, sans-serif;\">Chaque publication&nbsp;<strong>permet de se tenir inform\u00e9 sur les derni\u00e8res innovations sur le Num\u00e9rique \u00e9ducatif<\/strong>.<\/span><\/div>\n<p><span style=\"font-size: 10pt; font-family: verdana, geneva, sans-serif;\"><strong><a href=\"https:\/\/eduscol.education.fr\/langues-vivantes\/edunum\">Consultez le site<\/a><\/strong><\/span><\/p>\n","protected":false},"excerpt":{"rendered":"<p>La Lettre \u00ab\u00a0\u00c9du_Num\u00a0\u00bb a pour objectif d&rsquo;accompagner les priorit\u00e9s minist\u00e9rielles de d\u00e9veloppement du num\u00e9rique dans les pratiques p\u00e9dagogiques, et de<\/p>\n","protected":false},"author":278,"featured_media":0,"parent":438,"menu_order":0,"comment_status":"closed","ping_status":"closed","template":"","meta":{"colormag_page_container_layout":"default_layout","colormag_page_sidebar_layout":"default_layout","ngg_post_thumbnail":0,"footnotes":""},"class_list":["post-462","page","type-page","status-publish","hentry"],"rttpg_featured_image_url":null,"rttpg_author":{"display_name":"jeromebesse","author_link":"https:\/\/www.pedagogie.ac-nice.fr\/espagnol\/author\/jeromebesse\/"},"rttpg_comment":0,"rttpg_category":null,"rttpg_excerpt":"La Lettre \u00ab\u00a0\u00c9du_Num\u00a0\u00bb a pour objectif d&rsquo;accompagner les priorit\u00e9s minist\u00e9rielles de d\u00e9veloppement du num\u00e9rique dans les pratiques p\u00e9dagogiques, et de","post_mailing_queue_ids":[],"_links":{"self":[{"href":"https:\/\/www.pedagogie.ac-nice.fr\/espagnol\/wp-json\/wp\/v2\/pages\/462","targetHints":{"allow":["GET"]}}],"collection":[{"href":"https:\/\/www.pedagogie.ac-nice.fr\/espagnol\/wp-json\/wp\/v2\/pages"}],"about":[{"href":"https:\/\/www.pedagogie.ac-nice.fr\/espagnol\/wp-json\/wp\/v2\/types\/page"}],"author":[{"embeddable":true,"href":"https:\/\/www.pedagogie.ac-nice.fr\/espagnol\/wp-json\/wp\/v2\/users\/278"}],"replies":[{"embeddable":true,"href":"https:\/\/www.pedagogie.ac-nice.fr\/espagnol\/wp-json\/wp\/v2\/comments?post=462"}],"version-history":[{"count":3,"href":"https:\/\/www.pedagogie.ac-nice.fr\/espagnol\/wp-json\/wp\/v2\/pages\/462\/revisions"}],"predecessor-version":[{"id":2258,"href":"https:\/\/www.pedagogie.ac-nice.fr\/espagnol\/wp-json\/wp\/v2\/pages\/462\/revisions\/2258"}],"up":[{"embeddable":true,"href":"https:\/\/www.pedagogie.ac-nice.fr\/espagnol\/wp-json\/wp\/v2\/pages\/438"}],"wp:attachment":[{"href":"https:\/\/www.pedagogie.ac-nice.fr\/espagnol\/wp-json\/wp\/v2\/media?parent=462"}],"curies":[{"name":"wp","href":"https:\/\/api.w.org\/{rel}","templated":true}]}}