{"id":474,"date":"2020-12-30T17:50:57","date_gmt":"2020-12-30T16:50:57","guid":{"rendered":"https:\/\/www.pedagogie.ac-nice.fr\/espagnol\/?page_id=474"},"modified":"2025-09-06T09:43:35","modified_gmt":"2025-09-06T07:43:35","slug":"groupe-numerique-disciplinaire","status":"publish","type":"page","link":"https:\/\/www.pedagogie.ac-nice.fr\/espagnol\/lespagnol-et-le-numerique\/groupe-numerique-disciplinaire\/","title":{"rendered":"Groupe Num\u00e9rique Disciplinaire (\u00d1iza)"},"content":{"rendered":"<p><span style=\"font-size: 12pt; font-family: verdana, geneva, sans-serif;\"><strong><img loading=\"lazy\" decoding=\"async\" class=\"alignnone wp-image-2259 size-full\" src=\"https:\/\/www.pedagogie.ac-nice.fr\/espagnol\/wp-content\/uploads\/sites\/43\/2025\/02\/Copie-de-Ensenar-deleitando-29.png\" alt=\"\" width=\"15840\" height=\"4752\" srcset=\"https:\/\/www.pedagogie.ac-nice.fr\/espagnol\/wp-content\/uploads\/sites\/43\/2025\/02\/Copie-de-Ensenar-deleitando-29.png 15840w, https:\/\/www.pedagogie.ac-nice.fr\/espagnol\/wp-content\/uploads\/sites\/43\/2025\/02\/Copie-de-Ensenar-deleitando-29-300x90.png 300w, https:\/\/www.pedagogie.ac-nice.fr\/espagnol\/wp-content\/uploads\/sites\/43\/2025\/02\/Copie-de-Ensenar-deleitando-29-1024x307.png 1024w, https:\/\/www.pedagogie.ac-nice.fr\/espagnol\/wp-content\/uploads\/sites\/43\/2025\/02\/Copie-de-Ensenar-deleitando-29-768x230.png 768w, https:\/\/www.pedagogie.ac-nice.fr\/espagnol\/wp-content\/uploads\/sites\/43\/2025\/02\/Copie-de-Ensenar-deleitando-29-1536x461.png 1536w, https:\/\/www.pedagogie.ac-nice.fr\/espagnol\/wp-content\/uploads\/sites\/43\/2025\/02\/Copie-de-Ensenar-deleitando-29-2048x614.png 2048w\" sizes=\"auto, (max-width: 15840px) 100vw, 15840px\" \/><br \/>\nLe Groupe Num\u00e9rique Disciplinaire (GND) en espagnol<\/strong><\/span><\/p>\n<div><span style=\"font-size: 12pt;\"><span style=\"font-family: verdana, geneva, sans-serif;\">Le GND est compos\u00e9 d&rsquo;une petite \u00e9quipe de coll\u00e8gues, pilot\u00e9e par J\u00e9r\u00f4me Besse (Interlocuteur Acad\u00e9mique au Num\u00e9rique en Langues Vivantes) et sous la direction de Mich\u00e8le-Ruth Wendling Turrillo et B\u00e9atrice Mecqinion (IA-IPR en espagnol). Le groupe assure <strong>la veille num\u00e9rique<\/strong> au sein de l&rsquo;acad\u00e9mie de Nice et se r\u00e9unit r\u00e9guli\u00e8rement pour <strong>proposer r\u00e9flexion et supports mettant en \u0153uvre les outils du num\u00e9rique dans l&rsquo;enseignement de l&rsquo;espagnol<\/strong>. Au fil des projets, la composition du groupe \u00e9volue :&nbsp;<\/span><span style=\"font-family: verdana, geneva, sans-serif;\"><strong><a href=\"https:\/\/www.pedagogie.ac-nice.fr\/espagnol\/?p=1760&amp;preview=true&amp;aiEnableCheckShortcode=true\">Pr\u00e9sentation du GND<\/a><\/strong><\/span><\/span><\/div>\n<div>&nbsp;<\/div>\n<div>&nbsp;<\/div>\n<div style=\"padding-left: 40px;\"><strong><span style=\"font-family: verdana, geneva, sans-serif;\">Voici les projets r\u00e9alis\u00e9s au fil des ans :<\/span><\/strong><\/div>\n<div>&nbsp;<\/div>\n<div style=\"padding-left: 40px;\"><span style=\"font-family: verdana, geneva, sans-serif;\">&#8211; <strong>en 2026<\/strong> : (en cours de r\u00e9alisation) <em>Gaud\u00ed 360<\/em>, un projet immersif pluridisciplinaire autour de l&rsquo;\u0153uvre de Gaud\u00ed \u00e0 l&rsquo;occasion de l&rsquo;ach\u00e8vement de la Sagrada Familia et du centenaire de la mort du c\u00e9l\u00e8bre architecte.<\/span><\/div>\n<div style=\"padding-left: 40px;\"><span style=\"font-family: verdana, geneva, sans-serif;\">On vous en dit plus bient\u00f4t&#8230;<\/span><\/div>\n<div style=\"padding-left: 40px;\">&nbsp;<\/div>\n<div style=\"padding-left: 40px;\"><img loading=\"lazy\" decoding=\"async\" class=\"alignnone wp-image-2632 size-full\" src=\"https:\/\/www.pedagogie.ac-nice.fr\/espagnol\/wp-content\/uploads\/sites\/43\/2025\/09\/Copie-de-Ajouter-u-sous-titre.png\" alt=\"\" width=\"500\" height=\"350\" srcset=\"https:\/\/www.pedagogie.ac-nice.fr\/espagnol\/wp-content\/uploads\/sites\/43\/2025\/09\/Copie-de-Ajouter-u-sous-titre.png 500w, https:\/\/www.pedagogie.ac-nice.fr\/espagnol\/wp-content\/uploads\/sites\/43\/2025\/09\/Copie-de-Ajouter-u-sous-titre-300x210.png 300w, https:\/\/www.pedagogie.ac-nice.fr\/espagnol\/wp-content\/uploads\/sites\/43\/2025\/09\/Copie-de-Ajouter-u-sous-titre-130x90.png 130w\" sizes=\"auto, (max-width: 500px) 100vw, 500px\" \/><\/div>\n<div>&nbsp;<\/div>\n<div>&nbsp;<\/div>\n<div style=\"padding-left: 40px;\"><span style=\"font-family: verdana, geneva, sans-serif;\">&#8211; <strong>en 2025<\/strong> : <em>Las Mujeres espa\u00f1olas y la recuperaci\u00f3n de la memoria hist\u00f3rica<\/em> (suite) et autres ressources (Colombia y el exilio).<\/span><br \/>\n<span style=\"font-family: verdana, geneva, sans-serif;\"><span style=\"font-family: verdana, geneva, sans-serif;\"><span style=\"font-family: verdana, geneva, sans-serif;\">Acc\u00e9dez aux ressources <a href=\"https:\/\/digipad.app\/p\/1030185\/896d18c85b2ee\"><strong>ici<\/strong><\/a>.<\/span><\/span><\/span>&nbsp;<\/div>\n<div style=\"padding-left: 40px;\"><a href=\"https:\/\/digipad.app\/p\/1030185\/896d18c85b2ee\"><img loading=\"lazy\" decoding=\"async\" class=\"alignnone wp-image-2626 size-full\" src=\"https:\/\/www.pedagogie.ac-nice.fr\/espagnol\/wp-content\/uploads\/sites\/43\/2025\/09\/Capture-decran-2025-09-05-a-17.16.58-scaled.png\" alt=\"\" width=\"2560\" height=\"1400\" srcset=\"https:\/\/www.pedagogie.ac-nice.fr\/espagnol\/wp-content\/uploads\/sites\/43\/2025\/09\/Capture-decran-2025-09-05-a-17.16.58-scaled.png 2560w, https:\/\/www.pedagogie.ac-nice.fr\/espagnol\/wp-content\/uploads\/sites\/43\/2025\/09\/Capture-decran-2025-09-05-a-17.16.58-300x164.png 300w, https:\/\/www.pedagogie.ac-nice.fr\/espagnol\/wp-content\/uploads\/sites\/43\/2025\/09\/Capture-decran-2025-09-05-a-17.16.58-1024x560.png 1024w, https:\/\/www.pedagogie.ac-nice.fr\/espagnol\/wp-content\/uploads\/sites\/43\/2025\/09\/Capture-decran-2025-09-05-a-17.16.58-768x420.png 768w, https:\/\/www.pedagogie.ac-nice.fr\/espagnol\/wp-content\/uploads\/sites\/43\/2025\/09\/Capture-decran-2025-09-05-a-17.16.58-1536x840.png 1536w, https:\/\/www.pedagogie.ac-nice.fr\/espagnol\/wp-content\/uploads\/sites\/43\/2025\/09\/Capture-decran-2025-09-05-a-17.16.58-2048x1120.png 2048w\" sizes=\"auto, (max-width: 2560px) 100vw, 2560px\" \/><\/a><\/div>\n<div>\n<div>\n<div>\n<div>\n<p>&nbsp;<\/p>\n<p style=\"padding-left: 40px;\"><span style=\"font-family: verdana, geneva, sans-serif;\">&#8211; <strong>en 2024<\/strong> : <em>Las mujeres espa\u00f1olas y la recuperaci\u00f3n de la memoria<\/em> hist\u00f3rica.<br \/>\nAcc\u00e9dez \u00e0 la ressource <strong><a href=\"https:\/\/www.pedagogie.ac-nice.fr\/espagnol\/les-femmes-espagnoles-et-la-restauration-de-la-memoire-historique\/\">ici<\/a><\/strong>.<\/span><\/p>\n<p>&nbsp;<\/p>\n<\/div>\n<div style=\"padding-left: 40px;\"><a href=\"https:\/\/www.pedagogie.ac-nice.fr\/espagnol\/les-femmes-espagnoles-et-la-restauration-de-la-memoire-historique\/\"><img loading=\"lazy\" decoding=\"async\" class=\"alignnone wp-image-2264 size-full\" src=\"https:\/\/www.pedagogie.ac-nice.fr\/espagnol\/wp-content\/uploads\/sites\/43\/2025\/02\/Capture-decran-2025-02-04-a-15.03.41.png\" alt=\"\" width=\"1856\" height=\"1038\" srcset=\"https:\/\/www.pedagogie.ac-nice.fr\/espagnol\/wp-content\/uploads\/sites\/43\/2025\/02\/Capture-decran-2025-02-04-a-15.03.41.png 1856w, https:\/\/www.pedagogie.ac-nice.fr\/espagnol\/wp-content\/uploads\/sites\/43\/2025\/02\/Capture-decran-2025-02-04-a-15.03.41-300x168.png 300w, https:\/\/www.pedagogie.ac-nice.fr\/espagnol\/wp-content\/uploads\/sites\/43\/2025\/02\/Capture-decran-2025-02-04-a-15.03.41-1024x573.png 1024w, https:\/\/www.pedagogie.ac-nice.fr\/espagnol\/wp-content\/uploads\/sites\/43\/2025\/02\/Capture-decran-2025-02-04-a-15.03.41-768x430.png 768w, https:\/\/www.pedagogie.ac-nice.fr\/espagnol\/wp-content\/uploads\/sites\/43\/2025\/02\/Capture-decran-2025-02-04-a-15.03.41-1536x859.png 1536w\" sizes=\"auto, (max-width: 1856px) 100vw, 1856px\" \/><\/a><\/div>\n<p>&nbsp;<\/p>\n<p style=\"padding-left: 40px;\"><span style=\"font-family: verdana, geneva, sans-serif;\">&#8211; <strong>en 2023<\/strong> : <em>Soy la Malinche, la que habla.<br \/>\n<\/em>Acc\u00e9dez \u00e0 la ressource <strong><a href=\"https:\/\/www.pedagogie.ac-nice.fr\/espagnol\/soy-la-malinche-la-que-habla\/\">ici<\/a><\/strong>.<\/span><\/p>\n<p>&nbsp;<\/p>\n<\/div>\n<p style=\"padding-left: 40px;\"><a href=\"https:\/\/www.pedagogie.ac-nice.fr\/espagnol\/soy-la-malinche-la-que-habla\/\"><img loading=\"lazy\" decoding=\"async\" class=\"alignnone wp-image-2266 size-full\" src=\"https:\/\/www.pedagogie.ac-nice.fr\/espagnol\/wp-content\/uploads\/sites\/43\/2025\/02\/Capture-decran-2025-02-04-a-15.06.24.png\" alt=\"\" width=\"2856\" height=\"1608\" srcset=\"https:\/\/www.pedagogie.ac-nice.fr\/espagnol\/wp-content\/uploads\/sites\/43\/2025\/02\/Capture-decran-2025-02-04-a-15.06.24.png 2856w, https:\/\/www.pedagogie.ac-nice.fr\/espagnol\/wp-content\/uploads\/sites\/43\/2025\/02\/Capture-decran-2025-02-04-a-15.06.24-300x169.png 300w, https:\/\/www.pedagogie.ac-nice.fr\/espagnol\/wp-content\/uploads\/sites\/43\/2025\/02\/Capture-decran-2025-02-04-a-15.06.24-1024x577.png 1024w, https:\/\/www.pedagogie.ac-nice.fr\/espagnol\/wp-content\/uploads\/sites\/43\/2025\/02\/Capture-decran-2025-02-04-a-15.06.24-768x432.png 768w, https:\/\/www.pedagogie.ac-nice.fr\/espagnol\/wp-content\/uploads\/sites\/43\/2025\/02\/Capture-decran-2025-02-04-a-15.06.24-1536x865.png 1536w, https:\/\/www.pedagogie.ac-nice.fr\/espagnol\/wp-content\/uploads\/sites\/43\/2025\/02\/Capture-decran-2025-02-04-a-15.06.24-2048x1153.png 2048w\" sizes=\"auto, (max-width: 2856px) 100vw, 2856px\" \/><\/a><\/p>\n<p>&nbsp;<\/p>\n<p style=\"padding-left: 40px;\"><span style=\"font-family: verdana, geneva, sans-serif;\">&#8211; <strong>en 2022<\/strong> : <em>Tras las huellas del Busc\u00f3n en las Indias<\/em> (juego de aventuras).<br \/>\nAcc\u00e9dez \u00e0 la ressource <strong><a href=\"https:\/\/www.pedagogie.ac-nice.fr\/espagnol\/un-jeu-daventures-numerique-partez-sur-les-traces-du-buscon-en-amerique\/\">ici<\/a><\/strong>.<\/span><\/p>\n<p>&nbsp;<\/p>\n<\/div>\n<p style=\"padding-left: 40px;\"><a href=\"https:\/\/www.pedagogie.ac-nice.fr\/espagnol\/un-jeu-daventures-numerique-partez-sur-les-traces-du-buscon-en-amerique\/\"><img loading=\"lazy\" decoding=\"async\" class=\"alignnone wp-image-2263 size-full\" src=\"https:\/\/www.pedagogie.ac-nice.fr\/espagnol\/wp-content\/uploads\/sites\/43\/2025\/02\/Capture-decran-2025-02-04-a-15.01.59.png\" alt=\"\" width=\"1856\" height=\"1038\" srcset=\"https:\/\/www.pedagogie.ac-nice.fr\/espagnol\/wp-content\/uploads\/sites\/43\/2025\/02\/Capture-decran-2025-02-04-a-15.01.59.png 1856w, https:\/\/www.pedagogie.ac-nice.fr\/espagnol\/wp-content\/uploads\/sites\/43\/2025\/02\/Capture-decran-2025-02-04-a-15.01.59-300x168.png 300w, https:\/\/www.pedagogie.ac-nice.fr\/espagnol\/wp-content\/uploads\/sites\/43\/2025\/02\/Capture-decran-2025-02-04-a-15.01.59-1024x573.png 1024w, https:\/\/www.pedagogie.ac-nice.fr\/espagnol\/wp-content\/uploads\/sites\/43\/2025\/02\/Capture-decran-2025-02-04-a-15.01.59-768x430.png 768w, https:\/\/www.pedagogie.ac-nice.fr\/espagnol\/wp-content\/uploads\/sites\/43\/2025\/02\/Capture-decran-2025-02-04-a-15.01.59-1536x859.png 1536w\" sizes=\"auto, (max-width: 1856px) 100vw, 1856px\" \/><\/a><\/p>\n<p>&nbsp;<\/p>\n<p style=\"padding-left: 40px;\"><span style=\"font-family: verdana, geneva, sans-serif;\">&#8211; <strong>en 2021<\/strong> : <em>\u00a1Viva la Frida!<\/em> (juego de inmersi\u00f3n)<br \/>\nAcc\u00e9dez \u00e0 la ressource <strong><a href=\"https:\/\/www.pedagogie.ac-nice.fr\/espagnol\/frida-kahlo-un-jeu-dimmersion-numerique\/\">ici<\/a><\/strong>.<\/span><\/p>\n<p>&nbsp;<\/p>\n<\/div>\n<div>\n<p style=\"padding-left: 40px;\"><a href=\"https:\/\/www.pedagogie.ac-nice.fr\/espagnol\/frida-kahlo-un-jeu-dimmersion-numerique\/\"><img loading=\"lazy\" decoding=\"async\" class=\"alignnone wp-image-2262 size-full\" src=\"https:\/\/www.pedagogie.ac-nice.fr\/espagnol\/wp-content\/uploads\/sites\/43\/2025\/02\/Capture-decran-2025-02-04-a-15.00.26.png\" alt=\"\" width=\"1856\" height=\"1038\" srcset=\"https:\/\/www.pedagogie.ac-nice.fr\/espagnol\/wp-content\/uploads\/sites\/43\/2025\/02\/Capture-decran-2025-02-04-a-15.00.26.png 1856w, https:\/\/www.pedagogie.ac-nice.fr\/espagnol\/wp-content\/uploads\/sites\/43\/2025\/02\/Capture-decran-2025-02-04-a-15.00.26-300x168.png 300w, https:\/\/www.pedagogie.ac-nice.fr\/espagnol\/wp-content\/uploads\/sites\/43\/2025\/02\/Capture-decran-2025-02-04-a-15.00.26-1024x573.png 1024w, https:\/\/www.pedagogie.ac-nice.fr\/espagnol\/wp-content\/uploads\/sites\/43\/2025\/02\/Capture-decran-2025-02-04-a-15.00.26-768x430.png 768w, https:\/\/www.pedagogie.ac-nice.fr\/espagnol\/wp-content\/uploads\/sites\/43\/2025\/02\/Capture-decran-2025-02-04-a-15.00.26-1536x859.png 1536w\" sizes=\"auto, (max-width: 1856px) 100vw, 1856px\" \/><\/a><\/p>\n<\/div>\n","protected":false},"excerpt":{"rendered":"<p>Le Groupe Num\u00e9rique Disciplinaire (GND) en espagnol Le GND est compos\u00e9 d&rsquo;une petite \u00e9quipe de coll\u00e8gues, pilot\u00e9e par J\u00e9r\u00f4me Besse<\/p>\n","protected":false},"author":278,"featured_media":0,"parent":438,"menu_order":0,"comment_status":"closed","ping_status":"closed","template":"","meta":{"colormag_page_container_layout":"default_layout","colormag_page_sidebar_layout":"default_layout","ngg_post_thumbnail":0,"footnotes":""},"class_list":["post-474","page","type-page","status-publish","hentry"],"rttpg_featured_image_url":null,"rttpg_author":{"display_name":"jeromebesse","author_link":"https:\/\/www.pedagogie.ac-nice.fr\/espagnol\/author\/jeromebesse\/"},"rttpg_comment":0,"rttpg_category":null,"rttpg_excerpt":"Le Groupe Num\u00e9rique Disciplinaire (GND) en espagnol Le GND est compos\u00e9 d&rsquo;une petite \u00e9quipe de coll\u00e8gues, pilot\u00e9e par J\u00e9r\u00f4me Besse","post_mailing_queue_ids":[],"_links":{"self":[{"href":"https:\/\/www.pedagogie.ac-nice.fr\/espagnol\/wp-json\/wp\/v2\/pages\/474","targetHints":{"allow":["GET"]}}],"collection":[{"href":"https:\/\/www.pedagogie.ac-nice.fr\/espagnol\/wp-json\/wp\/v2\/pages"}],"about":[{"href":"https:\/\/www.pedagogie.ac-nice.fr\/espagnol\/wp-json\/wp\/v2\/types\/page"}],"author":[{"embeddable":true,"href":"https:\/\/www.pedagogie.ac-nice.fr\/espagnol\/wp-json\/wp\/v2\/users\/278"}],"replies":[{"embeddable":true,"href":"https:\/\/www.pedagogie.ac-nice.fr\/espagnol\/wp-json\/wp\/v2\/comments?post=474"}],"version-history":[{"count":27,"href":"https:\/\/www.pedagogie.ac-nice.fr\/espagnol\/wp-json\/wp\/v2\/pages\/474\/revisions"}],"predecessor-version":[{"id":2644,"href":"https:\/\/www.pedagogie.ac-nice.fr\/espagnol\/wp-json\/wp\/v2\/pages\/474\/revisions\/2644"}],"up":[{"embeddable":true,"href":"https:\/\/www.pedagogie.ac-nice.fr\/espagnol\/wp-json\/wp\/v2\/pages\/438"}],"wp:attachment":[{"href":"https:\/\/www.pedagogie.ac-nice.fr\/espagnol\/wp-json\/wp\/v2\/media?parent=474"}],"curies":[{"name":"wp","href":"https:\/\/api.w.org\/{rel}","templated":true}]}}